{"id":1368,"date":"2020-10-25T10:57:52","date_gmt":"2020-10-25T09:57:52","guid":{"rendered":"http:\/\/aventuresetcocotiers.fr\/?page_id=1368"},"modified":"2020-10-29T16:13:41","modified_gmt":"2020-10-29T15:13:41","slug":"voyage-ile-maurice","status":"publish","type":"page","link":"https:\/\/aventuresetcocotiers.fr\/index.php\/voyages-ocean-indien\/voyage-ile-maurice\/","title":{"rendered":"Ile Maurice"},"content":{"rendered":"\n<p style=\"font-size:15px\">L&rsquo;Ile Maurice, c&rsquo;est l\u2019\u00eele paradisiaque de r\u00eave par excellence. Elle est tr\u00e8s souvent pris\u00e9e des couples en voyage de noces, tr\u00e8s souvent utilis\u00e9e comme carte postale de l&rsquo;Oc\u00e9an Indien,&#8230; et on comprend tr\u00e8s vite pourquoi. Entre v\u00e9g\u00e9tation et lagon, nous sommes bel et bien dans un petit bout de paradis.  <\/p>\n\n\n\n<p style=\"font-size:15px\">\u00ab\u00a0Mais il n&rsquo;y a rien \u00e0 faire \u00e0 l&rsquo;Ile Maurice ! Plage et formule tout inclus\u00a0\u00bb&#8230; si vous aussi vous pensez \u00e7a, vous avez tout faux. L&rsquo;Ile Maurice a beaucoup de d\u00e9couvertes et visites \u00e0 offrir. La destination est tr\u00e8s souvent combin\u00e9e avec la R\u00e9union qui du coup lui donne cette image de destination plage o\u00f9 il n&rsquo;y a rien \u00e0 faire (c&rsquo;est sure que compar\u00e9 \u00e0 la R\u00e9union il y a beaucoup moins de reliefs et moins de rando) mais je vous assure que vous pouvez partir 10 jours \u00e0 l&rsquo;Ile Maurice et tous les jours organiser des visites et excursions !<\/p>\n\n\n\n<p style=\"font-size:15px\">Nous avons voyag\u00e9 \u00e0 l&rsquo;Ile Maurice en <strong>juin 2019<\/strong>. Le mois de juin, c&rsquo;est le d\u00e9but de l&rsquo;hiver austral. Donc c\u00f4t\u00e9 m\u00e9t\u00e9o, il fait beau, plut\u00f4t sec, mais un peu plus frais avec des temp\u00e9ratures autour de 25\u00b0C en journ\u00e9e. Les c\u00f4tes est et sud sont tr\u00e8s vent\u00e9es \u00e0 cette p\u00e9riode. Il peut aussi y avoir des anticyclone qui refroidissent les temp\u00e9ratures de l&rsquo;air mais aussi de l&rsquo;eau (bon \u00e0 savoir si vous aussi vous n&rsquo;arrivez pas \u00e0 vous baigner dans une eau \u00e0 moins de 25\u00b0C !). <\/p>\n\n\n\n<p style=\"font-size:15px\">Nous avons fait le choix de prendre plusieurs points de chute avec une location de voiture pour d\u00e9couvrir l&rsquo;Ile. Cela permet d&rsquo;optimiser les temps de trajet, car m\u00eame si c&rsquo;est une petite \u00eele, on se retrouve vite \u00e0 faire 1h30 de route pour la traverser. Si vous y allez pour la d\u00e9couverte, alors partez sur plusieurs points de chute. Si vous y allez plut\u00f4t pour le repos, les belles plages de sable blanc, alors un seul h\u00f4tel convient tr\u00e8s bien.<\/p>\n\n\n\n<figure class=\"wp-block-image size-full\"><a href=\"https:\/\/aventuresetcocotiers.fr\/index.php\/voyages-afrique-ocean-indien\/voyage-ile-maurice\/ile-maurice-itineraire-10-jours\/\"><img loading=\"lazy\" width=\"2000\" height=\"513\" src=\"https:\/\/aventuresetcocotiers.fr\/wp-content\/uploads\/2020\/10\/Mon-itin\u00e9raire-avec-titre-bas.jpg\" alt=\"Ile Maurice - Mon itin\u00e9raire 10 jours\" class=\"wp-image-1415\" srcset=\"https:\/\/aventuresetcocotiers.fr\/wp-content\/uploads\/2020\/10\/Mon-itin\u00e9raire-avec-titre-bas.jpg 2000w, https:\/\/aventuresetcocotiers.fr\/wp-content\/uploads\/2020\/10\/Mon-itin\u00e9raire-avec-titre-bas-300x77.jpg 300w, https:\/\/aventuresetcocotiers.fr\/wp-content\/uploads\/2020\/10\/Mon-itin\u00e9raire-avec-titre-bas-768x197.jpg 768w, https:\/\/aventuresetcocotiers.fr\/wp-content\/uploads\/2020\/10\/Mon-itin\u00e9raire-avec-titre-bas-1024x263.jpg 1024w\" sizes=\"(max-width: 2000px) 100vw, 2000px\" \/><\/a><\/figure>\n\n\n\n<figure class=\"wp-block-image size-full\"><a href=\"https:\/\/aventuresetcocotiers.fr\/index.php\/voyages-afrique-ocean-indien\/voyage-ile-maurice\/ile-maurice-mon-top-5\/\"><img loading=\"lazy\" width=\"2000\" height=\"517\" src=\"https:\/\/aventuresetcocotiers.fr\/wp-content\/uploads\/2020\/10\/Mon-top-5-avec-titre.jpg\" alt=\"Ile Maurice - Mon top 5\" class=\"wp-image-1411\" srcset=\"https:\/\/aventuresetcocotiers.fr\/wp-content\/uploads\/2020\/10\/Mon-top-5-avec-titre.jpg 2000w, https:\/\/aventuresetcocotiers.fr\/wp-content\/uploads\/2020\/10\/Mon-top-5-avec-titre-300x78.jpg 300w, https:\/\/aventuresetcocotiers.fr\/wp-content\/uploads\/2020\/10\/Mon-top-5-avec-titre-768x199.jpg 768w, https:\/\/aventuresetcocotiers.fr\/wp-content\/uploads\/2020\/10\/Mon-top-5-avec-titre-1024x265.jpg 1024w\" sizes=\"(max-width: 2000px) 100vw, 2000px\" \/><\/a><\/figure>\n\n\n\n<figure class=\"wp-block-image size-full\"><a href=\"https:\/\/aventuresetcocotiers.fr\/index.php\/voyages-afrique-ocean-indien\/voyage-ile-maurice\/ile-maurice-les-bonnes-adresses\/\"><img loading=\"lazy\" width=\"2000\" height=\"519\" src=\"https:\/\/aventuresetcocotiers.fr\/wp-content\/uploads\/2020\/10\/Bonnes-adresses-avec-titre.jpg\" alt=\"Ile Maurice - bonnes adresses\" class=\"wp-image-1412\" srcset=\"https:\/\/aventuresetcocotiers.fr\/wp-content\/uploads\/2020\/10\/Bonnes-adresses-avec-titre.jpg 2000w, https:\/\/aventuresetcocotiers.fr\/wp-content\/uploads\/2020\/10\/Bonnes-adresses-avec-titre-300x78.jpg 300w, https:\/\/aventuresetcocotiers.fr\/wp-content\/uploads\/2020\/10\/Bonnes-adresses-avec-titre-768x199.jpg 768w, https:\/\/aventuresetcocotiers.fr\/wp-content\/uploads\/2020\/10\/Bonnes-adresses-avec-titre-1024x266.jpg 1024w\" sizes=\"(max-width: 2000px) 100vw, 2000px\" \/><\/a><\/figure>\n\n\n\n<figure class=\"wp-block-image size-full\"><a href=\"https:\/\/aventuresetcocotiers.fr\/index.php\/voyages-afrique-ocean-indien\/voyage-ile-maurice\/ile-maurice-budget\/\"><img loading=\"lazy\" width=\"2000\" height=\"503\" src=\"https:\/\/aventuresetcocotiers.fr\/wp-content\/uploads\/2020\/10\/Le-budget-avec-titre.jpg\" alt=\"Ile Maurice - budget\" class=\"wp-image-1413\" srcset=\"https:\/\/aventuresetcocotiers.fr\/wp-content\/uploads\/2020\/10\/Le-budget-avec-titre.jpg 2000w, https:\/\/aventuresetcocotiers.fr\/wp-content\/uploads\/2020\/10\/Le-budget-avec-titre-300x75.jpg 300w, https:\/\/aventuresetcocotiers.fr\/wp-content\/uploads\/2020\/10\/Le-budget-avec-titre-768x193.jpg 768w, https:\/\/aventuresetcocotiers.fr\/wp-content\/uploads\/2020\/10\/Le-budget-avec-titre-1024x258.jpg 1024w\" sizes=\"(max-width: 2000px) 100vw, 2000px\" \/><\/a><\/figure>\n","protected":false},"excerpt":{"rendered":"<p>L&rsquo;Ile Maurice, c&rsquo;est l\u2019\u00eele paradisiaque de r\u00eave par excellence. Elle est tr\u00e8s souvent pris\u00e9e des couples en voyage de noces, tr\u00e8s souvent utilis\u00e9e comme carte postale de l&rsquo;Oc\u00e9an Indien,&#8230; et on comprend tr\u00e8s vite pourquoi. Entre v\u00e9g\u00e9tation et lagon, nous sommes bel et bien dans un petit bout de paradis. \u00ab\u00a0Mais il n&rsquo;y a rien [&hellip;]<\/p>\n","protected":false},"author":1,"featured_media":0,"parent":1217,"menu_order":0,"comment_status":"closed","ping_status":"closed","template":"template-full.php","meta":[],"yoast_head":"<!-- This site is optimized with the Yoast SEO plugin v15.2.1 - https:\/\/yoast.com\/wordpress\/plugins\/seo\/ -->\n<title>Ile Maurice |<\/title>\n<meta name=\"robots\" content=\"index, follow, max-snippet:-1, max-image-preview:large, max-video-preview:-1\" \/>\n<link rel=\"canonical\" href=\"https:\/\/aventuresetcocotiers.fr\/index.php\/voyages-ocean-indien\/voyage-ile-maurice\/\" \/>\n<meta property=\"og:locale\" content=\"fr_FR\" \/>\n<meta property=\"og:type\" content=\"article\" \/>\n<meta property=\"og:title\" content=\"Ile Maurice |\" \/>\n<meta property=\"og:description\" content=\"L&rsquo;Ile Maurice, c&rsquo;est l\u2019\u00eele paradisiaque de r\u00eave par excellence. Elle est tr\u00e8s souvent pris\u00e9e des couples en voyage de noces, tr\u00e8s souvent utilis\u00e9e comme carte postale de l&rsquo;Oc\u00e9an Indien,&#8230; et on comprend tr\u00e8s vite pourquoi. Entre v\u00e9g\u00e9tation et lagon, nous sommes bel et bien dans un petit bout de paradis. \u00ab\u00a0Mais il n&rsquo;y a rien [&hellip;]\" \/>\n<meta property=\"og:url\" content=\"https:\/\/aventuresetcocotiers.fr\/index.php\/voyages-ocean-indien\/voyage-ile-maurice\/\" \/>\n<meta property=\"article:modified_time\" content=\"2020-10-29T15:13:41+00:00\" \/>\n<meta property=\"og:image\" content=\"https:\/\/aventuresetcocotiers.fr\/wp-content\/uploads\/2020\/10\/Mon-itin\u00e9raire-avec-titre-bas.jpg\" \/>\n<meta name=\"twitter:card\" content=\"summary\" \/>\n<meta name=\"twitter:label1\" content=\"\u00c9crit par\">\n\t<meta name=\"twitter:data1\" content=\"admin2603\">\n\t<meta name=\"twitter:label2\" content=\"Dur\u00e9e de lecture est.\">\n\t<meta name=\"twitter:data2\" content=\"1 minute\">\n<script type=\"application\/ld+json\" class=\"yoast-schema-graph\">{\"@context\":\"https:\/\/schema.org\",\"@graph\":[{\"@type\":\"WebSite\",\"@id\":\"https:\/\/aventuresetcocotiers.fr\/#website\",\"url\":\"https:\/\/aventuresetcocotiers.fr\/\",\"name\":\"\",\"description\":\"\",\"potentialAction\":[{\"@type\":\"SearchAction\",\"target\":\"https:\/\/aventuresetcocotiers.fr\/?s={search_term_string}\",\"query-input\":\"required name=search_term_string\"}],\"inLanguage\":\"fr-FR\"},{\"@type\":\"ImageObject\",\"@id\":\"https:\/\/aventuresetcocotiers.fr\/index.php\/voyages-ocean-indien\/voyage-ile-maurice\/#primaryimage\",\"inLanguage\":\"fr-FR\",\"url\":\"https:\/\/aventuresetcocotiers.fr\/wp-content\/uploads\/2020\/10\/Mon-itin\\u00e9raire-avec-titre-bas.jpg\"},{\"@type\":\"WebPage\",\"@id\":\"https:\/\/aventuresetcocotiers.fr\/index.php\/voyages-ocean-indien\/voyage-ile-maurice\/#webpage\",\"url\":\"https:\/\/aventuresetcocotiers.fr\/index.php\/voyages-ocean-indien\/voyage-ile-maurice\/\",\"name\":\"Ile Maurice |\",\"isPartOf\":{\"@id\":\"https:\/\/aventuresetcocotiers.fr\/#website\"},\"primaryImageOfPage\":{\"@id\":\"https:\/\/aventuresetcocotiers.fr\/index.php\/voyages-ocean-indien\/voyage-ile-maurice\/#primaryimage\"},\"datePublished\":\"2020-10-25T09:57:52+00:00\",\"dateModified\":\"2020-10-29T15:13:41+00:00\",\"breadcrumb\":{\"@id\":\"https:\/\/aventuresetcocotiers.fr\/index.php\/voyages-ocean-indien\/voyage-ile-maurice\/#breadcrumb\"},\"inLanguage\":\"fr-FR\",\"potentialAction\":[{\"@type\":\"ReadAction\",\"target\":[\"https:\/\/aventuresetcocotiers.fr\/index.php\/voyages-ocean-indien\/voyage-ile-maurice\/\"]}]},{\"@type\":\"BreadcrumbList\",\"@id\":\"https:\/\/aventuresetcocotiers.fr\/index.php\/voyages-ocean-indien\/voyage-ile-maurice\/#breadcrumb\",\"itemListElement\":[{\"@type\":\"ListItem\",\"position\":1,\"item\":{\"@type\":\"WebPage\",\"@id\":\"http:\/\/aventuresetcocotiers.fr\/\",\"url\":\"http:\/\/aventuresetcocotiers.fr\/\",\"name\":\"Accueil\"}},{\"@type\":\"ListItem\",\"position\":2,\"item\":{\"@type\":\"WebPage\",\"@id\":\"https:\/\/aventuresetcocotiers.fr\/index.php\/voyages-ocean-indien\/\",\"url\":\"https:\/\/aventuresetcocotiers.fr\/index.php\/voyages-ocean-indien\/\",\"name\":\"Oc\\u00e9an Indien\"}},{\"@type\":\"ListItem\",\"position\":3,\"item\":{\"@type\":\"WebPage\",\"@id\":\"https:\/\/aventuresetcocotiers.fr\/index.php\/voyages-ocean-indien\/voyage-ile-maurice\/\",\"url\":\"https:\/\/aventuresetcocotiers.fr\/index.php\/voyages-ocean-indien\/voyage-ile-maurice\/\",\"name\":\"Ile Maurice\"}}]}]}<\/script>\n<!-- \/ Yoast SEO plugin. -->","_links":{"self":[{"href":"https:\/\/aventuresetcocotiers.fr\/index.php\/wp-json\/wp\/v2\/pages\/1368"}],"collection":[{"href":"https:\/\/aventuresetcocotiers.fr\/index.php\/wp-json\/wp\/v2\/pages"}],"about":[{"href":"https:\/\/aventuresetcocotiers.fr\/index.php\/wp-json\/wp\/v2\/types\/page"}],"author":[{"embeddable":true,"href":"https:\/\/aventuresetcocotiers.fr\/index.php\/wp-json\/wp\/v2\/users\/1"}],"replies":[{"embeddable":true,"href":"https:\/\/aventuresetcocotiers.fr\/index.php\/wp-json\/wp\/v2\/comments?post=1368"}],"version-history":[{"count":21,"href":"https:\/\/aventuresetcocotiers.fr\/index.php\/wp-json\/wp\/v2\/pages\/1368\/revisions"}],"predecessor-version":[{"id":1731,"href":"https:\/\/aventuresetcocotiers.fr\/index.php\/wp-json\/wp\/v2\/pages\/1368\/revisions\/1731"}],"up":[{"embeddable":true,"href":"https:\/\/aventuresetcocotiers.fr\/index.php\/wp-json\/wp\/v2\/pages\/1217"}],"wp:attachment":[{"href":"https:\/\/aventuresetcocotiers.fr\/index.php\/wp-json\/wp\/v2\/media?parent=1368"}],"curies":[{"name":"wp","href":"https:\/\/api.w.org\/{rel}","templated":true}]}}