{"id":1376,"date":"2020-10-25T11:13:42","date_gmt":"2020-10-25T10:13:42","guid":{"rendered":"http:\/\/aventuresetcocotiers.fr\/?page_id=1376"},"modified":"2020-11-15T19:17:21","modified_gmt":"2020-11-15T18:17:21","slug":"ile-maurice-budget","status":"publish","type":"page","link":"https:\/\/aventuresetcocotiers.fr\/index.php\/voyages-ocean-indien\/voyage-ile-maurice\/ile-maurice-budget\/","title":{"rendered":"Budget 10 jours \u00e0 l&rsquo;Ile Maurice"},"content":{"rendered":"\n<p style=\"font-size:15px\">Un petit d\u00e9tail&nbsp;de mes d\u00e9penses sur place pour vous donner une id\u00e9e des prix \/ de budget \u00e0 pr\u00e9voir sur place pour l&rsquo;Ile Maurice. Prix 2019.<br>Les prix indiqu\u00e9s sont en Roupie Mauricienne (MUR). En juin 2019, le taux de change \u00e9tait de 1 EUR = 39,38 MUR.<br><\/p>\n\n\n<h4 class=\"fonts-plugin-block\" style=\"font-weight: normal;font-size: 15px;color: #8ad8c2;\"><strong>VOLS<\/strong> (prix par personne)<\/h4>\n\n\n<p style=\"font-size:15px\">Vols Lyon &gt; Maurice (Turkish Airlines) &#8211; prix moyen&nbsp;:  750 \u20ac<br><\/p>\n\n\n<h4 class=\"fonts-plugin-block\" style=\"font-weight: normal;font-size: 15px;color: #8ad8c2;\"><strong>LOCATION DE VOITURE<\/strong> (prix total)<\/h4>\n\n\n<p style=\"font-size:15px\">Location de voiture pour 10 jours&nbsp;cat\u00e9gorie A (petit mod\u00e8le) : 300 \u20ac<br><\/p>\n\n\n<h4 class=\"fonts-plugin-block\" style=\"font-weight: normal;font-size: 15px;color: #8ad8c2;\"><strong>VISITES &amp; ACTIVITES<\/strong> (prix par personne)<\/h4>\n\n\n<p style=\"font-size:15px\">Journ\u00e9e catamaran&nbsp;: 2200 MUR<br>Ile aux Aigrettes&nbsp;: 800 MUR<br>Quad Domaine de l&rsquo;Etoile (1 quad par personne)&nbsp;: 3500 MUR<br>Jardin de Pamplemousse : 200 MUR<br>Snorkeling dauphins : 3000 MUR<br>Chamarel&nbsp;: 250 MUR<br>Randonn\u00e9e Morne Brabant&nbsp;: 1700 MUR<br><\/p>\n\n\n<h4 class=\"fonts-plugin-block\" style=\"font-weight: normal;font-size: 15px;color: #8ad8c2;\"><strong>RESTAURANTS<\/strong> (prix total pour 2 personnes)<\/h4>\n\n\n<p style=\"font-size:15px\">Snack Pyramid (2 Biryani) : 200 MUR<br>Restaurant Green Island Beach \u00e0 Trou d&rsquo;Eau Douce (2 plats curry + 2 boissons) : 885 MUR<br>Restaurant Chez Tino \u00e0 Trou d&rsquo;Eau Douce (2 plats + 2 nan + 2 boissons) : 1440 MUR<br>Restaurant Green Palm \u00e0 Souillac (2 plats + 2 boissons) : 950 MUR<br>Bi\u00e8re : 180-200 MUR<br>Bouteille d&rsquo;eau : 25 &#8211; 30 MUR<br><\/p>\n\n\n\n<p style=\"font-size:15px\">Pour cette destination, je n&rsquo;ai pas de budget global \u00e0 vous donner. De mon c\u00f4t\u00e9 j&rsquo;ai s\u00e9lectionn\u00e9 des h\u00f4tels plut\u00f4t luxueux pour cette d\u00e9couverte. Selon la gamme d&rsquo;h\u00f4tel on peut partir sur un budget aux alentours de 2000 \u20ac\/personne au total en gamme 3* comprenant toutes les d\u00e9penses sur place. <br>C&rsquo;est une destination plut\u00f4t simple mais pour laquelle je vous recommande, si vous partez sur des h\u00e9bergements type h\u00f4tels, de passer par une agence de voyage qui b\u00e9n\u00e9ficie souvent d&rsquo;offres sp\u00e9ciales, cela vous permet de tout r\u00e9server d&rsquo;un seul coup dans une seule agence, pour un tarif identique \u00e0 celui que vous auriez en r\u00e9servant tout s\u00e9par\u00e9ment. <\/p>\n","protected":false},"excerpt":{"rendered":"<p>Un petit d\u00e9tail&nbsp;de mes d\u00e9penses sur place pour vous donner une id\u00e9e des prix \/ de budget \u00e0 pr\u00e9voir sur place pour l&rsquo;Ile Maurice. Prix 2019.Les prix indiqu\u00e9s sont en Roupie Mauricienne (MUR). En juin 2019, le taux de change \u00e9tait de 1 EUR = 39,38 MUR. Vols Lyon &gt; Maurice (Turkish Airlines) &#8211; prix [&hellip;]<\/p>\n","protected":false},"author":1,"featured_media":0,"parent":1368,"menu_order":0,"comment_status":"open","ping_status":"closed","template":"","meta":[],"yoast_head":"<!-- This site is optimized with the Yoast SEO plugin v15.2.1 - https:\/\/yoast.com\/wordpress\/plugins\/seo\/ -->\n<title>Budget 10 jours \u00e0 l&#039;Ile Maurice |<\/title>\n<meta name=\"robots\" content=\"index, follow, max-snippet:-1, max-image-preview:large, max-video-preview:-1\" \/>\n<link rel=\"canonical\" href=\"https:\/\/aventuresetcocotiers.fr\/index.php\/voyages-ocean-indien\/voyage-ile-maurice\/ile-maurice-budget\/\" \/>\n<meta property=\"og:locale\" content=\"fr_FR\" \/>\n<meta property=\"og:type\" content=\"article\" \/>\n<meta property=\"og:title\" content=\"Budget 10 jours \u00e0 l&#039;Ile Maurice |\" \/>\n<meta property=\"og:description\" content=\"Un petit d\u00e9tail&nbsp;de mes d\u00e9penses sur place pour vous donner une id\u00e9e des prix \/ de budget \u00e0 pr\u00e9voir sur place pour l&rsquo;Ile Maurice. Prix 2019.Les prix indiqu\u00e9s sont en Roupie Mauricienne (MUR). En juin 2019, le taux de change \u00e9tait de 1 EUR = 39,38 MUR. Vols Lyon &gt; Maurice (Turkish Airlines) &#8211; prix [&hellip;]\" \/>\n<meta property=\"og:url\" content=\"https:\/\/aventuresetcocotiers.fr\/index.php\/voyages-ocean-indien\/voyage-ile-maurice\/ile-maurice-budget\/\" \/>\n<meta property=\"article:modified_time\" content=\"2020-11-15T18:17:21+00:00\" \/>\n<meta name=\"twitter:card\" content=\"summary\" \/>\n<meta name=\"twitter:label1\" content=\"\u00c9crit par\">\n\t<meta name=\"twitter:data1\" content=\"admin2603\">\n\t<meta name=\"twitter:label2\" content=\"Dur\u00e9e de lecture est.\">\n\t<meta name=\"twitter:data2\" content=\"1 minute\">\n<script type=\"application\/ld+json\" class=\"yoast-schema-graph\">{\"@context\":\"https:\/\/schema.org\",\"@graph\":[{\"@type\":\"WebSite\",\"@id\":\"https:\/\/aventuresetcocotiers.fr\/#website\",\"url\":\"https:\/\/aventuresetcocotiers.fr\/\",\"name\":\"\",\"description\":\"\",\"potentialAction\":[{\"@type\":\"SearchAction\",\"target\":\"https:\/\/aventuresetcocotiers.fr\/?s={search_term_string}\",\"query-input\":\"required name=search_term_string\"}],\"inLanguage\":\"fr-FR\"},{\"@type\":\"WebPage\",\"@id\":\"https:\/\/aventuresetcocotiers.fr\/index.php\/voyages-ocean-indien\/voyage-ile-maurice\/ile-maurice-budget\/#webpage\",\"url\":\"https:\/\/aventuresetcocotiers.fr\/index.php\/voyages-ocean-indien\/voyage-ile-maurice\/ile-maurice-budget\/\",\"name\":\"Budget 10 jours \\u00e0 l'Ile Maurice |\",\"isPartOf\":{\"@id\":\"https:\/\/aventuresetcocotiers.fr\/#website\"},\"datePublished\":\"2020-10-25T10:13:42+00:00\",\"dateModified\":\"2020-11-15T18:17:21+00:00\",\"breadcrumb\":{\"@id\":\"https:\/\/aventuresetcocotiers.fr\/index.php\/voyages-ocean-indien\/voyage-ile-maurice\/ile-maurice-budget\/#breadcrumb\"},\"inLanguage\":\"fr-FR\",\"potentialAction\":[{\"@type\":\"ReadAction\",\"target\":[\"https:\/\/aventuresetcocotiers.fr\/index.php\/voyages-ocean-indien\/voyage-ile-maurice\/ile-maurice-budget\/\"]}]},{\"@type\":\"BreadcrumbList\",\"@id\":\"https:\/\/aventuresetcocotiers.fr\/index.php\/voyages-ocean-indien\/voyage-ile-maurice\/ile-maurice-budget\/#breadcrumb\",\"itemListElement\":[{\"@type\":\"ListItem\",\"position\":1,\"item\":{\"@type\":\"WebPage\",\"@id\":\"http:\/\/aventuresetcocotiers.fr\/\",\"url\":\"http:\/\/aventuresetcocotiers.fr\/\",\"name\":\"Accueil\"}},{\"@type\":\"ListItem\",\"position\":2,\"item\":{\"@type\":\"WebPage\",\"@id\":\"https:\/\/aventuresetcocotiers.fr\/index.php\/voyages-ocean-indien\/\",\"url\":\"https:\/\/aventuresetcocotiers.fr\/index.php\/voyages-ocean-indien\/\",\"name\":\"Oc\\u00e9an Indien\"}},{\"@type\":\"ListItem\",\"position\":3,\"item\":{\"@type\":\"WebPage\",\"@id\":\"https:\/\/aventuresetcocotiers.fr\/index.php\/voyages-ocean-indien\/voyage-ile-maurice\/\",\"url\":\"https:\/\/aventuresetcocotiers.fr\/index.php\/voyages-ocean-indien\/voyage-ile-maurice\/\",\"name\":\"Ile Maurice\"}},{\"@type\":\"ListItem\",\"position\":4,\"item\":{\"@type\":\"WebPage\",\"@id\":\"https:\/\/aventuresetcocotiers.fr\/index.php\/voyages-ocean-indien\/voyage-ile-maurice\/ile-maurice-budget\/\",\"url\":\"https:\/\/aventuresetcocotiers.fr\/index.php\/voyages-ocean-indien\/voyage-ile-maurice\/ile-maurice-budget\/\",\"name\":\"Budget 10 jours \\u00e0 l&rsquo;Ile Maurice\"}}]}]}<\/script>\n<!-- \/ Yoast SEO plugin. -->","_links":{"self":[{"href":"https:\/\/aventuresetcocotiers.fr\/index.php\/wp-json\/wp\/v2\/pages\/1376"}],"collection":[{"href":"https:\/\/aventuresetcocotiers.fr\/index.php\/wp-json\/wp\/v2\/pages"}],"about":[{"href":"https:\/\/aventuresetcocotiers.fr\/index.php\/wp-json\/wp\/v2\/types\/page"}],"author":[{"embeddable":true,"href":"https:\/\/aventuresetcocotiers.fr\/index.php\/wp-json\/wp\/v2\/users\/1"}],"replies":[{"embeddable":true,"href":"https:\/\/aventuresetcocotiers.fr\/index.php\/wp-json\/wp\/v2\/comments?post=1376"}],"version-history":[{"count":12,"href":"https:\/\/aventuresetcocotiers.fr\/index.php\/wp-json\/wp\/v2\/pages\/1376\/revisions"}],"predecessor-version":[{"id":2330,"href":"https:\/\/aventuresetcocotiers.fr\/index.php\/wp-json\/wp\/v2\/pages\/1376\/revisions\/2330"}],"up":[{"embeddable":true,"href":"https:\/\/aventuresetcocotiers.fr\/index.php\/wp-json\/wp\/v2\/pages\/1368"}],"wp:attachment":[{"href":"https:\/\/aventuresetcocotiers.fr\/index.php\/wp-json\/wp\/v2\/media?parent=1376"}],"curies":[{"name":"wp","href":"https:\/\/api.w.org\/{rel}","templated":true}]}}