{"id":1633,"date":"2020-10-27T18:37:56","date_gmt":"2020-10-27T17:37:56","guid":{"rendered":"http:\/\/aventuresetcocotiers.fr\/?page_id=1633"},"modified":"2020-10-29T16:13:01","modified_gmt":"2020-10-29T15:13:01","slug":"maroc-sejour-marrakech-2","status":"publish","type":"page","link":"https:\/\/aventuresetcocotiers.fr\/index.php\/voyage-decouverte-en-afrique\/maroc-sejour-marrakech-2\/","title":{"rendered":"Maroc &#8211; Marrakech"},"content":{"rendered":"\n<p style=\"font-size:15px\">Le Maroc, aux portes de l&rsquo;Europe, nous propose un d\u00e9paysement magique ! Marrakech, c&rsquo;\u00e9tait pour moi The Must Do au Maroc, une premi\u00e8re \u00e9tape qui sera suivie de nombreuses d\u00e9couvertes (encore \u00e0 venir)&#8230; Marrakech, c&rsquo;est la d\u00e9finition m\u00eame de l&rsquo;effervescence : il y a toujours du monde partout, de l&rsquo;animation. On croise dans une m\u00eame rue des voitures, des scooters, des v\u00e9los, des cal\u00e8ches, des \u00e2nes et chevaux et des pi\u00e9tons. Je dirais que finalement c&rsquo;est m\u00eame ce qui m&rsquo;a le plus plu de la ville, ce c\u00f4t\u00e9 compl\u00e8tement d\u00e9sorganis\u00e9. Marrakech est surnomm\u00e9e la ville rouge. Elle doit ce nom a son architecture, a ses maisons et immeuble de couleur ocre \/ rouge.<\/p>\n\n\n\n<p style=\"font-size:15px\">Pour visiter la ville de Marrakech, je conseille au minimum 5 jours. En 5 jours, on d\u00e9couvre les incontournables de la ville tout en prenant son temps, et on peut m\u00eame d\u00e9couvrir quelques endroits moins touristiques tout aussi sympa. Si vous avez plus de 5 jours, je vous recommande alors de sortir de Marrakech et de d\u00e9couvrir la r\u00e9gion qui est tout simplement sublime ! De notre c\u00f4t\u00e9 nous avons pouss\u00e9 jusqu&rsquo;\u00e0 la Vall\u00e9e du Dad\u00e8s (voir l&rsquo;article sp\u00e9cial pour cette r\u00e9gion), mais on aurait aussi pu aller dans le d\u00e9sert vers Zagora ou Merzouga, ou encore sur la c\u00f4te vers Essaouira et Agadir ou pourquoi visiter d&rsquo;autres belles villes comme Casablanca et Rabat. Vous l&rsquo;aurez compris, le choix est tr\u00e8s difficile, je pense qu&rsquo;il faudra tout simplement y revenir !<\/p>\n\n\n\n<p style=\"font-size:15px\">Ce voyage au Maroc \u00e9tait un voyage un peu sp\u00e9cial pour nous, c&rsquo;\u00e9tait un voyage surprise pour les 30 ans de mon homme. Nous \u00e9tions nombreux pour ce voyage, 5 jours \u00e0 9 personnes, 1 jour \u00e0 11 personnes, 2 jours \u00e0 4 personnes. Nous sommes donc partis au total 7 jours \u00e0 Marrakech, tout en red\u00e9couvrant les 2 derniers jours des lieux d\u00e9j\u00e0 visit\u00e9s pour les 2 nouveaux arriv\u00e9s.<\/p>\n\n\n\n<p style=\"font-size:15px\">Se d\u00e9placer \u00e0 Marrakech est plut\u00f4t simple, il vous suffit de prendre un taxi. Il y en a de partout ! Autre solution qui peut s&rsquo;av\u00e9rer plus \u00e9conomique : <a href=\"https:\/\/www.roby.taxi\/\">Roby<\/a> (un \u00e9quivalent d&rsquo;Uber). Petite astuce, si parfois il n&rsquo;y a pas de Roby dans le coin, l&rsquo;application vous permet de conna\u00eetre un bon prix pour faire votre trajet et donc de pouvoir n\u00e9gocier avec un taxi dans le coin. Il n&rsquo;est pas facile de baisser autant le prix que Roby avec un taxi, mais cela vous donne l&rsquo;indication d&rsquo;un \u00ab\u00a0tr\u00e8s bon prix\u00a0\u00bb.<\/p>\n\n\n\n<p style=\"font-size:15px\">Nous avons voyag\u00e9 en <strong>novembre 2018<\/strong>. A cette p\u00e9riode, le climat est top pour visiter, ni trop chaud, ni trop froid. Les temp\u00e9ratures \u00e9taient en moyenne de 20\u00b0C en journ\u00e9e. Oubliez cependant les piscines non chauff\u00e9es&#8230; ce sera beaucoup trop froid !<\/p>\n\n\n\n<p style=\"font-size:15px\"><br>C\u00f4t\u00e9 nourriture, le Maroc nous a fait d\u00e9couvrir de tr\u00e8s tr\u00e8s bonnes saveurs. On mange beaucoup de couscous et de tajines, des plats sublim\u00e9s par les \u00e9pices.<\/p>\n\n\n\n<figure class=\"wp-block-image size-full\"><a href=\"https:\/\/aventuresetcocotiers.fr\/index.php\/voyage-decouverte-en-afrique\/maroc-sejour-marrakech-2\/marrakech-une-semaine\/\"><img loading=\"lazy\" width=\"2000\" height=\"517\" src=\"https:\/\/aventuresetcocotiers.fr\/wp-content\/uploads\/2020\/10\/Maroc-Marrakech-Mon-itineraire.jpg\" alt=\"\" class=\"wp-image-1600\" srcset=\"https:\/\/aventuresetcocotiers.fr\/wp-content\/uploads\/2020\/10\/Maroc-Marrakech-Mon-itineraire.jpg 2000w, https:\/\/aventuresetcocotiers.fr\/wp-content\/uploads\/2020\/10\/Maroc-Marrakech-Mon-itineraire-300x78.jpg 300w, https:\/\/aventuresetcocotiers.fr\/wp-content\/uploads\/2020\/10\/Maroc-Marrakech-Mon-itineraire-1024x265.jpg 1024w, https:\/\/aventuresetcocotiers.fr\/wp-content\/uploads\/2020\/10\/Maroc-Marrakech-Mon-itineraire-768x199.jpg 768w, https:\/\/aventuresetcocotiers.fr\/wp-content\/uploads\/2020\/10\/Maroc-Marrakech-Mon-itineraire-1536x397.jpg 1536w\" sizes=\"(max-width: 2000px) 100vw, 2000px\" \/><\/a><\/figure>\n\n\n\n<figure class=\"wp-block-image size-full\"><a href=\"https:\/\/aventuresetcocotiers.fr\/index.php\/voyage-decouverte-en-afrique\/maroc-sejour-marrakech-2\/marrakech-mon-top-5\/\"><img loading=\"lazy\" width=\"2000\" height=\"521\" src=\"https:\/\/aventuresetcocotiers.fr\/wp-content\/uploads\/2020\/10\/Maroc-Marrakech-Mon-top-5.jpg\" alt=\"\" class=\"wp-image-1601\" srcset=\"https:\/\/aventuresetcocotiers.fr\/wp-content\/uploads\/2020\/10\/Maroc-Marrakech-Mon-top-5.jpg 2000w, https:\/\/aventuresetcocotiers.fr\/wp-content\/uploads\/2020\/10\/Maroc-Marrakech-Mon-top-5-300x78.jpg 300w, https:\/\/aventuresetcocotiers.fr\/wp-content\/uploads\/2020\/10\/Maroc-Marrakech-Mon-top-5-1024x267.jpg 1024w, https:\/\/aventuresetcocotiers.fr\/wp-content\/uploads\/2020\/10\/Maroc-Marrakech-Mon-top-5-768x200.jpg 768w, https:\/\/aventuresetcocotiers.fr\/wp-content\/uploads\/2020\/10\/Maroc-Marrakech-Mon-top-5-1536x400.jpg 1536w\" sizes=\"(max-width: 2000px) 100vw, 2000px\" \/><\/a><\/figure>\n\n\n\n<figure class=\"wp-block-image size-full\"><a href=\"https:\/\/aventuresetcocotiers.fr\/index.php\/voyage-decouverte-en-afrique\/maroc-sejour-marrakech-2\/marrakech-les-bonnes-adresses\/\"><img loading=\"lazy\" width=\"2000\" height=\"531\" src=\"https:\/\/aventuresetcocotiers.fr\/wp-content\/uploads\/2020\/10\/Maroc-Marrakech-Bonnes-adresses.jpg\" alt=\"\" class=\"wp-image-1598\" srcset=\"https:\/\/aventuresetcocotiers.fr\/wp-content\/uploads\/2020\/10\/Maroc-Marrakech-Bonnes-adresses.jpg 2000w, https:\/\/aventuresetcocotiers.fr\/wp-content\/uploads\/2020\/10\/Maroc-Marrakech-Bonnes-adresses-300x80.jpg 300w, https:\/\/aventuresetcocotiers.fr\/wp-content\/uploads\/2020\/10\/Maroc-Marrakech-Bonnes-adresses-1024x272.jpg 1024w, https:\/\/aventuresetcocotiers.fr\/wp-content\/uploads\/2020\/10\/Maroc-Marrakech-Bonnes-adresses-768x204.jpg 768w, https:\/\/aventuresetcocotiers.fr\/wp-content\/uploads\/2020\/10\/Maroc-Marrakech-Bonnes-adresses-1536x408.jpg 1536w\" sizes=\"(max-width: 2000px) 100vw, 2000px\" \/><\/a><\/figure>\n\n\n\n<figure class=\"wp-block-image size-full\"><a href=\"https:\/\/aventuresetcocotiers.fr\/index.php\/voyage-decouverte-en-afrique\/maroc-sejour-marrakech-2\/marrakech-budget-une-semaine\/\"><img loading=\"lazy\" width=\"2000\" height=\"528\" src=\"https:\/\/aventuresetcocotiers.fr\/wp-content\/uploads\/2020\/10\/Maroc-Marrakech-Budget.jpg\" alt=\"\" class=\"wp-image-1599\" srcset=\"https:\/\/aventuresetcocotiers.fr\/wp-content\/uploads\/2020\/10\/Maroc-Marrakech-Budget.jpg 2000w, https:\/\/aventuresetcocotiers.fr\/wp-content\/uploads\/2020\/10\/Maroc-Marrakech-Budget-300x79.jpg 300w, https:\/\/aventuresetcocotiers.fr\/wp-content\/uploads\/2020\/10\/Maroc-Marrakech-Budget-1024x270.jpg 1024w, https:\/\/aventuresetcocotiers.fr\/wp-content\/uploads\/2020\/10\/Maroc-Marrakech-Budget-768x203.jpg 768w, https:\/\/aventuresetcocotiers.fr\/wp-content\/uploads\/2020\/10\/Maroc-Marrakech-Budget-1536x406.jpg 1536w\" sizes=\"(max-width: 2000px) 100vw, 2000px\" \/><\/a><\/figure>\n","protected":false},"excerpt":{"rendered":"<p>Le Maroc, aux portes de l&rsquo;Europe, nous propose un d\u00e9paysement magique ! Marrakech, c&rsquo;\u00e9tait pour moi The Must Do au Maroc, une premi\u00e8re \u00e9tape qui sera suivie de nombreuses d\u00e9couvertes (encore \u00e0 venir)&#8230; Marrakech, c&rsquo;est la d\u00e9finition m\u00eame de l&rsquo;effervescence : il y a toujours du monde partout, de l&rsquo;animation. On croise dans une m\u00eame [&hellip;]<\/p>\n","protected":false},"author":1,"featured_media":0,"parent":1629,"menu_order":0,"comment_status":"closed","ping_status":"closed","template":"template-full.php","meta":[],"yoast_head":"<!-- This site is optimized with the Yoast SEO plugin v15.2.1 - https:\/\/yoast.com\/wordpress\/plugins\/seo\/ -->\n<title>Maroc - Marrakech |<\/title>\n<meta name=\"robots\" content=\"index, follow, max-snippet:-1, max-image-preview:large, max-video-preview:-1\" \/>\n<link rel=\"canonical\" href=\"https:\/\/aventuresetcocotiers.fr\/index.php\/voyage-decouverte-en-afrique\/maroc-sejour-marrakech-2\/\" \/>\n<meta property=\"og:locale\" content=\"fr_FR\" \/>\n<meta property=\"og:type\" content=\"article\" \/>\n<meta property=\"og:title\" content=\"Maroc - Marrakech |\" \/>\n<meta property=\"og:description\" content=\"Le Maroc, aux portes de l&rsquo;Europe, nous propose un d\u00e9paysement magique ! Marrakech, c&rsquo;\u00e9tait pour moi The Must Do au Maroc, une premi\u00e8re \u00e9tape qui sera suivie de nombreuses d\u00e9couvertes (encore \u00e0 venir)&#8230; Marrakech, c&rsquo;est la d\u00e9finition m\u00eame de l&rsquo;effervescence : il y a toujours du monde partout, de l&rsquo;animation. On croise dans une m\u00eame [&hellip;]\" \/>\n<meta property=\"og:url\" content=\"https:\/\/aventuresetcocotiers.fr\/index.php\/voyage-decouverte-en-afrique\/maroc-sejour-marrakech-2\/\" \/>\n<meta property=\"article:modified_time\" content=\"2020-10-29T15:13:01+00:00\" \/>\n<meta property=\"og:image\" content=\"https:\/\/aventuresetcocotiers.fr\/wp-content\/uploads\/2020\/10\/Maroc-Marrakech-Mon-itineraire.jpg\" \/>\n<meta name=\"twitter:card\" content=\"summary\" \/>\n<meta name=\"twitter:label1\" content=\"\u00c9crit par\">\n\t<meta name=\"twitter:data1\" content=\"admin2603\">\n\t<meta name=\"twitter:label2\" content=\"Dur\u00e9e de lecture est.\">\n\t<meta name=\"twitter:data2\" content=\"2 minutes\">\n<script type=\"application\/ld+json\" class=\"yoast-schema-graph\">{\"@context\":\"https:\/\/schema.org\",\"@graph\":[{\"@type\":\"WebSite\",\"@id\":\"https:\/\/aventuresetcocotiers.fr\/#website\",\"url\":\"https:\/\/aventuresetcocotiers.fr\/\",\"name\":\"\",\"description\":\"\",\"potentialAction\":[{\"@type\":\"SearchAction\",\"target\":\"https:\/\/aventuresetcocotiers.fr\/?s={search_term_string}\",\"query-input\":\"required name=search_term_string\"}],\"inLanguage\":\"fr-FR\"},{\"@type\":\"ImageObject\",\"@id\":\"https:\/\/aventuresetcocotiers.fr\/index.php\/voyage-decouverte-en-afrique\/maroc-sejour-marrakech-2\/#primaryimage\",\"inLanguage\":\"fr-FR\",\"url\":\"https:\/\/aventuresetcocotiers.fr\/wp-content\/uploads\/2020\/10\/Maroc-Marrakech-Mon-itineraire.jpg\",\"width\":2000,\"height\":517},{\"@type\":\"WebPage\",\"@id\":\"https:\/\/aventuresetcocotiers.fr\/index.php\/voyage-decouverte-en-afrique\/maroc-sejour-marrakech-2\/#webpage\",\"url\":\"https:\/\/aventuresetcocotiers.fr\/index.php\/voyage-decouverte-en-afrique\/maroc-sejour-marrakech-2\/\",\"name\":\"Maroc - Marrakech |\",\"isPartOf\":{\"@id\":\"https:\/\/aventuresetcocotiers.fr\/#website\"},\"primaryImageOfPage\":{\"@id\":\"https:\/\/aventuresetcocotiers.fr\/index.php\/voyage-decouverte-en-afrique\/maroc-sejour-marrakech-2\/#primaryimage\"},\"datePublished\":\"2020-10-27T17:37:56+00:00\",\"dateModified\":\"2020-10-29T15:13:01+00:00\",\"breadcrumb\":{\"@id\":\"https:\/\/aventuresetcocotiers.fr\/index.php\/voyage-decouverte-en-afrique\/maroc-sejour-marrakech-2\/#breadcrumb\"},\"inLanguage\":\"fr-FR\",\"potentialAction\":[{\"@type\":\"ReadAction\",\"target\":[\"https:\/\/aventuresetcocotiers.fr\/index.php\/voyage-decouverte-en-afrique\/maroc-sejour-marrakech-2\/\"]}]},{\"@type\":\"BreadcrumbList\",\"@id\":\"https:\/\/aventuresetcocotiers.fr\/index.php\/voyage-decouverte-en-afrique\/maroc-sejour-marrakech-2\/#breadcrumb\",\"itemListElement\":[{\"@type\":\"ListItem\",\"position\":1,\"item\":{\"@type\":\"WebPage\",\"@id\":\"http:\/\/aventuresetcocotiers.fr\/\",\"url\":\"http:\/\/aventuresetcocotiers.fr\/\",\"name\":\"Accueil\"}},{\"@type\":\"ListItem\",\"position\":2,\"item\":{\"@type\":\"WebPage\",\"@id\":\"https:\/\/aventuresetcocotiers.fr\/index.php\/voyage-decouverte-en-afrique\/\",\"url\":\"https:\/\/aventuresetcocotiers.fr\/index.php\/voyage-decouverte-en-afrique\/\",\"name\":\"Afrique\"}},{\"@type\":\"ListItem\",\"position\":3,\"item\":{\"@type\":\"WebPage\",\"@id\":\"https:\/\/aventuresetcocotiers.fr\/index.php\/voyage-decouverte-en-afrique\/maroc-sejour-marrakech-2\/\",\"url\":\"https:\/\/aventuresetcocotiers.fr\/index.php\/voyage-decouverte-en-afrique\/maroc-sejour-marrakech-2\/\",\"name\":\"Maroc &#8211; Marrakech\"}}]}]}<\/script>\n<!-- \/ Yoast SEO plugin. -->","_links":{"self":[{"href":"https:\/\/aventuresetcocotiers.fr\/index.php\/wp-json\/wp\/v2\/pages\/1633"}],"collection":[{"href":"https:\/\/aventuresetcocotiers.fr\/index.php\/wp-json\/wp\/v2\/pages"}],"about":[{"href":"https:\/\/aventuresetcocotiers.fr\/index.php\/wp-json\/wp\/v2\/types\/page"}],"author":[{"embeddable":true,"href":"https:\/\/aventuresetcocotiers.fr\/index.php\/wp-json\/wp\/v2\/users\/1"}],"replies":[{"embeddable":true,"href":"https:\/\/aventuresetcocotiers.fr\/index.php\/wp-json\/wp\/v2\/comments?post=1633"}],"version-history":[{"count":6,"href":"https:\/\/aventuresetcocotiers.fr\/index.php\/wp-json\/wp\/v2\/pages\/1633\/revisions"}],"predecessor-version":[{"id":1730,"href":"https:\/\/aventuresetcocotiers.fr\/index.php\/wp-json\/wp\/v2\/pages\/1633\/revisions\/1730"}],"up":[{"embeddable":true,"href":"https:\/\/aventuresetcocotiers.fr\/index.php\/wp-json\/wp\/v2\/pages\/1629"}],"wp:attachment":[{"href":"https:\/\/aventuresetcocotiers.fr\/index.php\/wp-json\/wp\/v2\/media?parent=1633"}],"curies":[{"name":"wp","href":"https:\/\/api.w.org\/{rel}","templated":true}]}}