{"id":1643,"date":"2020-10-27T18:46:05","date_gmt":"2020-10-27T17:46:05","guid":{"rendered":"http:\/\/aventuresetcocotiers.fr\/?page_id=1643"},"modified":"2020-11-15T22:07:42","modified_gmt":"2020-11-15T21:07:42","slug":"marrakech-budget-une-semaine","status":"publish","type":"page","link":"https:\/\/aventuresetcocotiers.fr\/index.php\/voyage-decouverte-en-afrique\/maroc-sejour-marrakech-2\/marrakech-budget-une-semaine\/","title":{"rendered":"Budget pour 1 semaine \u00e0 Marrakech"},"content":{"rendered":"\n<p style=\"font-size:15px\">Exceptionnellement, cette rubrique ne sera pas compl\u00e9t\u00e9e pour ce voyage \u00e0 Marrakech. Etant donn\u00e9 que c&rsquo;\u00e9tait une surprise pour les 30 ans de mon homme, je ne souhaite rien d\u00e9voiler du budget d\u00e9pens\u00e9 pour ce voyage !<\/p>\n","protected":false},"excerpt":{"rendered":"<p>Exceptionnellement, cette rubrique ne sera pas compl\u00e9t\u00e9e pour ce voyage \u00e0 Marrakech. Etant donn\u00e9 que c&rsquo;\u00e9tait une surprise pour les 30 ans de mon homme, je ne souhaite rien d\u00e9voiler du budget d\u00e9pens\u00e9 pour ce voyage !<\/p>\n","protected":false},"author":1,"featured_media":0,"parent":1633,"menu_order":0,"comment_status":"open","ping_status":"closed","template":"","meta":[],"yoast_head":"<!-- This site is optimized with the Yoast SEO plugin v15.2.1 - https:\/\/yoast.com\/wordpress\/plugins\/seo\/ -->\n<title>Budget pour 1 semaine \u00e0 Marrakech |<\/title>\n<meta name=\"robots\" content=\"index, follow, max-snippet:-1, max-image-preview:large, max-video-preview:-1\" \/>\n<link rel=\"canonical\" href=\"https:\/\/aventuresetcocotiers.fr\/index.php\/voyage-decouverte-en-afrique\/maroc-sejour-marrakech-2\/marrakech-budget-une-semaine\/\" \/>\n<meta property=\"og:locale\" content=\"fr_FR\" \/>\n<meta property=\"og:type\" content=\"article\" \/>\n<meta property=\"og:title\" content=\"Budget pour 1 semaine \u00e0 Marrakech |\" \/>\n<meta property=\"og:description\" content=\"Exceptionnellement, cette rubrique ne sera pas compl\u00e9t\u00e9e pour ce voyage \u00e0 Marrakech. Etant donn\u00e9 que c&rsquo;\u00e9tait une surprise pour les 30 ans de mon homme, je ne souhaite rien d\u00e9voiler du budget d\u00e9pens\u00e9 pour ce voyage !\" \/>\n<meta property=\"og:url\" content=\"https:\/\/aventuresetcocotiers.fr\/index.php\/voyage-decouverte-en-afrique\/maroc-sejour-marrakech-2\/marrakech-budget-une-semaine\/\" \/>\n<meta property=\"article:modified_time\" content=\"2020-11-15T21:07:42+00:00\" \/>\n<meta name=\"twitter:card\" content=\"summary\" \/>\n<meta name=\"twitter:label1\" content=\"\u00c9crit par\">\n\t<meta name=\"twitter:data1\" content=\"admin2603\">\n\t<meta name=\"twitter:label2\" content=\"Dur\u00e9e de lecture est.\">\n\t<meta name=\"twitter:data2\" content=\"0 minute\">\n<script type=\"application\/ld+json\" class=\"yoast-schema-graph\">{\"@context\":\"https:\/\/schema.org\",\"@graph\":[{\"@type\":\"WebSite\",\"@id\":\"https:\/\/aventuresetcocotiers.fr\/#website\",\"url\":\"https:\/\/aventuresetcocotiers.fr\/\",\"name\":\"\",\"description\":\"\",\"potentialAction\":[{\"@type\":\"SearchAction\",\"target\":\"https:\/\/aventuresetcocotiers.fr\/?s={search_term_string}\",\"query-input\":\"required name=search_term_string\"}],\"inLanguage\":\"fr-FR\"},{\"@type\":\"WebPage\",\"@id\":\"https:\/\/aventuresetcocotiers.fr\/index.php\/voyage-decouverte-en-afrique\/maroc-sejour-marrakech-2\/marrakech-budget-une-semaine\/#webpage\",\"url\":\"https:\/\/aventuresetcocotiers.fr\/index.php\/voyage-decouverte-en-afrique\/maroc-sejour-marrakech-2\/marrakech-budget-une-semaine\/\",\"name\":\"Budget pour 1 semaine \\u00e0 Marrakech |\",\"isPartOf\":{\"@id\":\"https:\/\/aventuresetcocotiers.fr\/#website\"},\"datePublished\":\"2020-10-27T17:46:05+00:00\",\"dateModified\":\"2020-11-15T21:07:42+00:00\",\"breadcrumb\":{\"@id\":\"https:\/\/aventuresetcocotiers.fr\/index.php\/voyage-decouverte-en-afrique\/maroc-sejour-marrakech-2\/marrakech-budget-une-semaine\/#breadcrumb\"},\"inLanguage\":\"fr-FR\",\"potentialAction\":[{\"@type\":\"ReadAction\",\"target\":[\"https:\/\/aventuresetcocotiers.fr\/index.php\/voyage-decouverte-en-afrique\/maroc-sejour-marrakech-2\/marrakech-budget-une-semaine\/\"]}]},{\"@type\":\"BreadcrumbList\",\"@id\":\"https:\/\/aventuresetcocotiers.fr\/index.php\/voyage-decouverte-en-afrique\/maroc-sejour-marrakech-2\/marrakech-budget-une-semaine\/#breadcrumb\",\"itemListElement\":[{\"@type\":\"ListItem\",\"position\":1,\"item\":{\"@type\":\"WebPage\",\"@id\":\"http:\/\/aventuresetcocotiers.fr\/\",\"url\":\"http:\/\/aventuresetcocotiers.fr\/\",\"name\":\"Accueil\"}},{\"@type\":\"ListItem\",\"position\":2,\"item\":{\"@type\":\"WebPage\",\"@id\":\"https:\/\/aventuresetcocotiers.fr\/index.php\/voyage-decouverte-en-afrique\/\",\"url\":\"https:\/\/aventuresetcocotiers.fr\/index.php\/voyage-decouverte-en-afrique\/\",\"name\":\"Afrique\"}},{\"@type\":\"ListItem\",\"position\":3,\"item\":{\"@type\":\"WebPage\",\"@id\":\"https:\/\/aventuresetcocotiers.fr\/index.php\/voyage-decouverte-en-afrique\/maroc-sejour-marrakech-2\/\",\"url\":\"https:\/\/aventuresetcocotiers.fr\/index.php\/voyage-decouverte-en-afrique\/maroc-sejour-marrakech-2\/\",\"name\":\"Maroc &#8211; Marrakech\"}},{\"@type\":\"ListItem\",\"position\":4,\"item\":{\"@type\":\"WebPage\",\"@id\":\"https:\/\/aventuresetcocotiers.fr\/index.php\/voyage-decouverte-en-afrique\/maroc-sejour-marrakech-2\/marrakech-budget-une-semaine\/\",\"url\":\"https:\/\/aventuresetcocotiers.fr\/index.php\/voyage-decouverte-en-afrique\/maroc-sejour-marrakech-2\/marrakech-budget-une-semaine\/\",\"name\":\"Budget pour 1 semaine \\u00e0 Marrakech\"}}]}]}<\/script>\n<!-- \/ Yoast SEO plugin. -->","_links":{"self":[{"href":"https:\/\/aventuresetcocotiers.fr\/index.php\/wp-json\/wp\/v2\/pages\/1643"}],"collection":[{"href":"https:\/\/aventuresetcocotiers.fr\/index.php\/wp-json\/wp\/v2\/pages"}],"about":[{"href":"https:\/\/aventuresetcocotiers.fr\/index.php\/wp-json\/wp\/v2\/types\/page"}],"author":[{"embeddable":true,"href":"https:\/\/aventuresetcocotiers.fr\/index.php\/wp-json\/wp\/v2\/users\/1"}],"replies":[{"embeddable":true,"href":"https:\/\/aventuresetcocotiers.fr\/index.php\/wp-json\/wp\/v2\/comments?post=1643"}],"version-history":[{"count":3,"href":"https:\/\/aventuresetcocotiers.fr\/index.php\/wp-json\/wp\/v2\/pages\/1643\/revisions"}],"predecessor-version":[{"id":2248,"href":"https:\/\/aventuresetcocotiers.fr\/index.php\/wp-json\/wp\/v2\/pages\/1643\/revisions\/2248"}],"up":[{"embeddable":true,"href":"https:\/\/aventuresetcocotiers.fr\/index.php\/wp-json\/wp\/v2\/pages\/1633"}],"wp:attachment":[{"href":"https:\/\/aventuresetcocotiers.fr\/index.php\/wp-json\/wp\/v2\/media?parent=1643"}],"curies":[{"name":"wp","href":"https:\/\/api.w.org\/{rel}","templated":true}]}}