{"id":1684,"date":"2020-10-29T15:08:11","date_gmt":"2020-10-29T14:08:11","guid":{"rendered":"http:\/\/aventuresetcocotiers.fr\/?page_id=1684"},"modified":"2020-11-16T12:33:06","modified_gmt":"2020-11-16T11:33:06","slug":"vallee-du-dades-budget-2","status":"publish","type":"page","link":"https:\/\/aventuresetcocotiers.fr\/index.php\/voyage-decouverte-en-afrique\/maroc-voyage-vallee-du-dades\/vallee-du-dades-budget-2\/","title":{"rendered":"Budget 4 jours dans la Vall\u00e9e du Dad\u00e8s"},"content":{"rendered":"\n<p style=\"font-size:15px\">Exceptionnellement, cette rubrique ne sera pas compl\u00e9t\u00e9e pour ce voyage \u00e0 Marrakech. Etant donn\u00e9 que c&rsquo;\u00e9tait une surprise pour les 30 ans de mon homme, je ne souhaite rien d\u00e9voiler du budget d\u00e9pens\u00e9 pour ce voyage !<\/p>\n","protected":false},"excerpt":{"rendered":"<p>Exceptionnellement, cette rubrique ne sera pas compl\u00e9t\u00e9e pour ce voyage \u00e0 Marrakech. Etant donn\u00e9 que c&rsquo;\u00e9tait une surprise pour les 30 ans de mon homme, je ne souhaite rien d\u00e9voiler du budget d\u00e9pens\u00e9 pour ce voyage !<\/p>\n","protected":false},"author":1,"featured_media":0,"parent":1658,"menu_order":0,"comment_status":"open","ping_status":"closed","template":"","meta":[],"yoast_head":"<!-- This site is optimized with the Yoast SEO plugin v15.2.1 - https:\/\/yoast.com\/wordpress\/plugins\/seo\/ -->\n<title>Budget 4 jours dans la Vall\u00e9e du Dad\u00e8s |<\/title>\n<meta name=\"robots\" content=\"index, follow, max-snippet:-1, max-image-preview:large, max-video-preview:-1\" \/>\n<link rel=\"canonical\" href=\"https:\/\/aventuresetcocotiers.fr\/index.php\/voyage-decouverte-en-afrique\/maroc-voyage-vallee-du-dades\/vallee-du-dades-budget-2\/\" \/>\n<meta property=\"og:locale\" content=\"fr_FR\" \/>\n<meta property=\"og:type\" content=\"article\" \/>\n<meta property=\"og:title\" content=\"Budget 4 jours dans la Vall\u00e9e du Dad\u00e8s |\" \/>\n<meta property=\"og:description\" content=\"Exceptionnellement, cette rubrique ne sera pas compl\u00e9t\u00e9e pour ce voyage \u00e0 Marrakech. Etant donn\u00e9 que c&rsquo;\u00e9tait une surprise pour les 30 ans de mon homme, je ne souhaite rien d\u00e9voiler du budget d\u00e9pens\u00e9 pour ce voyage !\" \/>\n<meta property=\"og:url\" content=\"https:\/\/aventuresetcocotiers.fr\/index.php\/voyage-decouverte-en-afrique\/maroc-voyage-vallee-du-dades\/vallee-du-dades-budget-2\/\" \/>\n<meta property=\"article:modified_time\" content=\"2020-11-16T11:33:06+00:00\" \/>\n<meta name=\"twitter:card\" content=\"summary\" \/>\n<meta name=\"twitter:label1\" content=\"\u00c9crit par\">\n\t<meta name=\"twitter:data1\" content=\"admin2603\">\n\t<meta name=\"twitter:label2\" content=\"Dur\u00e9e de lecture est.\">\n\t<meta name=\"twitter:data2\" content=\"0 minute\">\n<script type=\"application\/ld+json\" class=\"yoast-schema-graph\">{\"@context\":\"https:\/\/schema.org\",\"@graph\":[{\"@type\":\"WebSite\",\"@id\":\"https:\/\/aventuresetcocotiers.fr\/#website\",\"url\":\"https:\/\/aventuresetcocotiers.fr\/\",\"name\":\"\",\"description\":\"\",\"potentialAction\":[{\"@type\":\"SearchAction\",\"target\":\"https:\/\/aventuresetcocotiers.fr\/?s={search_term_string}\",\"query-input\":\"required name=search_term_string\"}],\"inLanguage\":\"fr-FR\"},{\"@type\":\"WebPage\",\"@id\":\"https:\/\/aventuresetcocotiers.fr\/index.php\/voyage-decouverte-en-afrique\/maroc-voyage-vallee-du-dades\/vallee-du-dades-budget-2\/#webpage\",\"url\":\"https:\/\/aventuresetcocotiers.fr\/index.php\/voyage-decouverte-en-afrique\/maroc-voyage-vallee-du-dades\/vallee-du-dades-budget-2\/\",\"name\":\"Budget 4 jours dans la Vall\\u00e9e du Dad\\u00e8s |\",\"isPartOf\":{\"@id\":\"https:\/\/aventuresetcocotiers.fr\/#website\"},\"datePublished\":\"2020-10-29T14:08:11+00:00\",\"dateModified\":\"2020-11-16T11:33:06+00:00\",\"breadcrumb\":{\"@id\":\"https:\/\/aventuresetcocotiers.fr\/index.php\/voyage-decouverte-en-afrique\/maroc-voyage-vallee-du-dades\/vallee-du-dades-budget-2\/#breadcrumb\"},\"inLanguage\":\"fr-FR\",\"potentialAction\":[{\"@type\":\"ReadAction\",\"target\":[\"https:\/\/aventuresetcocotiers.fr\/index.php\/voyage-decouverte-en-afrique\/maroc-voyage-vallee-du-dades\/vallee-du-dades-budget-2\/\"]}]},{\"@type\":\"BreadcrumbList\",\"@id\":\"https:\/\/aventuresetcocotiers.fr\/index.php\/voyage-decouverte-en-afrique\/maroc-voyage-vallee-du-dades\/vallee-du-dades-budget-2\/#breadcrumb\",\"itemListElement\":[{\"@type\":\"ListItem\",\"position\":1,\"item\":{\"@type\":\"WebPage\",\"@id\":\"http:\/\/aventuresetcocotiers.fr\/\",\"url\":\"http:\/\/aventuresetcocotiers.fr\/\",\"name\":\"Accueil\"}},{\"@type\":\"ListItem\",\"position\":2,\"item\":{\"@type\":\"WebPage\",\"@id\":\"https:\/\/aventuresetcocotiers.fr\/index.php\/voyage-decouverte-en-afrique\/\",\"url\":\"https:\/\/aventuresetcocotiers.fr\/index.php\/voyage-decouverte-en-afrique\/\",\"name\":\"Afrique\"}},{\"@type\":\"ListItem\",\"position\":3,\"item\":{\"@type\":\"WebPage\",\"@id\":\"https:\/\/aventuresetcocotiers.fr\/index.php\/voyage-decouverte-en-afrique\/maroc-voyage-vallee-du-dades\/\",\"url\":\"https:\/\/aventuresetcocotiers.fr\/index.php\/voyage-decouverte-en-afrique\/maroc-voyage-vallee-du-dades\/\",\"name\":\"Maroc &#8211; Vall\\u00e9e du Dad\\u00e8s\"}},{\"@type\":\"ListItem\",\"position\":4,\"item\":{\"@type\":\"WebPage\",\"@id\":\"https:\/\/aventuresetcocotiers.fr\/index.php\/voyage-decouverte-en-afrique\/maroc-voyage-vallee-du-dades\/vallee-du-dades-budget-2\/\",\"url\":\"https:\/\/aventuresetcocotiers.fr\/index.php\/voyage-decouverte-en-afrique\/maroc-voyage-vallee-du-dades\/vallee-du-dades-budget-2\/\",\"name\":\"Budget 4 jours dans la Vall\\u00e9e du Dad\\u00e8s\"}}]}]}<\/script>\n<!-- \/ Yoast SEO plugin. -->","_links":{"self":[{"href":"https:\/\/aventuresetcocotiers.fr\/index.php\/wp-json\/wp\/v2\/pages\/1684"}],"collection":[{"href":"https:\/\/aventuresetcocotiers.fr\/index.php\/wp-json\/wp\/v2\/pages"}],"about":[{"href":"https:\/\/aventuresetcocotiers.fr\/index.php\/wp-json\/wp\/v2\/types\/page"}],"author":[{"embeddable":true,"href":"https:\/\/aventuresetcocotiers.fr\/index.php\/wp-json\/wp\/v2\/users\/1"}],"replies":[{"embeddable":true,"href":"https:\/\/aventuresetcocotiers.fr\/index.php\/wp-json\/wp\/v2\/comments?post=1684"}],"version-history":[{"count":3,"href":"https:\/\/aventuresetcocotiers.fr\/index.php\/wp-json\/wp\/v2\/pages\/1684\/revisions"}],"predecessor-version":[{"id":2252,"href":"https:\/\/aventuresetcocotiers.fr\/index.php\/wp-json\/wp\/v2\/pages\/1684\/revisions\/2252"}],"up":[{"embeddable":true,"href":"https:\/\/aventuresetcocotiers.fr\/index.php\/wp-json\/wp\/v2\/pages\/1658"}],"wp:attachment":[{"href":"https:\/\/aventuresetcocotiers.fr\/index.php\/wp-json\/wp\/v2\/media?parent=1684"}],"curies":[{"name":"wp","href":"https:\/\/api.w.org\/{rel}","templated":true}]}}