{"id":1720,"date":"2020-10-29T16:10:27","date_gmt":"2020-10-29T15:10:27","guid":{"rendered":"http:\/\/aventuresetcocotiers.fr\/?page_id=1720"},"modified":"2023-04-10T12:34:38","modified_gmt":"2023-04-10T11:34:38","slug":"etats-unis-sejour-decouverte-new-york","status":"publish","type":"page","link":"https:\/\/aventuresetcocotiers.fr\/index.php\/voyage-amerique-du-nord\/etats-unis-sejour-decouverte-new-york\/","title":{"rendered":"Etats-Unis &#8211; New York"},"content":{"rendered":"\n<p style=\"font-size:15px\">New York, New York ! La ville qui inspire tant d&rsquo;artistes, la ville de tous les r\u00eaves, la ville de l&rsquo;impossible ! The American Dream !<\/p>\n\n\n\n<p style=\"font-size:15px\">J&rsquo;ai depuis toujours r\u00eav\u00e9 de New York, r\u00eav\u00e9 des Etats-Unis. Ce pays me fascine par ses paysages uniques, par ses villes plus hautes les unes que les autres, par sa culture tellement diff\u00e9rente.<\/p>\n\n\n\n<p style=\"font-size:15px\">Nous avons choisi de partir 8 jours \/ 7 nuits pour d\u00e9couvrir la grande pomme. Une dur\u00e9e que je recommande, il faut bien \u00e7a au minimum pour d\u00e9couvrir le principal de la ville&#8230; je dis bien le principal ! La ville \u00e0 tant \u00e0 offrir : buildings tous plus beaux les uns que les autres, des quartiers haut en couleur, des points de vue magnifiques, des parcs pour se ressourcer, des mus\u00e9es,&#8230;<\/p>\n\n\n\n<p style=\"font-size:15px\">Nous sommes partis en <strong>f\u00e9vrier 2012<\/strong>. Le voyage \u00e9tait initialement pr\u00e9vu pour aout 2011 mais l&rsquo;ouragan Irene en a d\u00e9cid\u00e9 autrement. Tous les vols ont \u00e9t\u00e9 annul\u00e9s le weekend de notre d\u00e9part. Finalement, l&rsquo;ouragan s&rsquo;\u00e9tait transform\u00e9 en temp\u00eate tropicale au-dessus de New York&#8230; mais quoiqu&rsquo;il en soit les conditions n&rsquo;auraient pas \u00e9t\u00e9 id\u00e9ales ! Nous avons donc repouss\u00e9 le voyage au mois de f\u00e9vrier. La p\u00e9riode est tr\u00e8s agr\u00e9able pour d\u00e9couvrir la ville. Nous n&rsquo;avons pas eu de neige, pas eu de vague de grand froid. Il faisait froid, oui, mais quand on marche toute la journ\u00e9e avec un bon \u00e9quipement cela ne pose pas de probl\u00e8me. Nous avons eu un beau ciel bleu tout au long de notre voyage.<\/p>\n\n\n\n<p style=\"font-size:15px\">Ce voyage a \u00e9t\u00e9 une exp\u00e9rience incroyable. Depuis, je ne r\u00eave que d&rsquo;une chose, retourner \u00e0 New York ! Red\u00e9couvrir mes lieux coup de c\u0153ur, et en d\u00e9couvrir de nouveaux (parque oui, en 8 jours, on ne peut pas tout faire !).<\/p>\n\n\n\n<p>\u25cf \u25cf \u25cf<\/p>\n\n\n\n<p style=\"font-size:15px\">Et depuis, j&rsquo;ai r\u00e9alis\u00e9 ce r\u00eave d&rsquo;y retourner, en <strong>mars 2020<\/strong>, cette fois-ci avec mon papa. Lui-m\u00eame ayant \u00e9t\u00e9 plusieurs fois \u00e0 New York, on a voulu red\u00e9couvrir ensemble nos lieux coup de c\u0153ur et d\u00e9couvrir quelques nouveaut\u00e9s. Le voyage a \u00e9t\u00e9 comme la premi\u00e8re fois plut\u00f4t sportif car finalement \u00e0 New York on marche des journ\u00e9es enti\u00e8res ! <br>Le programme \u00e9tait tr\u00e8s similaire mais tout de m\u00eame avec quelques nouveaut\u00e9s \ud83d\ude42 : le mus\u00e9e d&rsquo;histoire naturelle, le mus\u00e9e MET, une croisi\u00e8re tout autour de Manhattan, un premier spectacle \u00e0 Broadway (Aladin), un match de basket \u00e0 Madison Square et des ap\u00e9ros dans plusieurs rooftop !<br>Nous avons eu la chance d&rsquo;\u00eatre \u00e0 New York juste avant le covid, notre vol retour \u00e9tait le jour o\u00f9 Trump annon\u00e7ait pour 48h plus tard la fermeture totale des fronti\u00e8res des USA. Sur place on ne voyait pas de tension ni de craintes particuli\u00e8res \u00e0 cette \u00e9poque. On a pu profiter \u00e0 fond de notre voyage et en prendre plein les yeux pour survivre ensuite au premier confinement en France&#8230;<br>Et comme New York me laisse toujours le c\u0153ur gros quand je la quitte&#8230; \u00e0 quand la prochaine fois ?<\/p>\n\n\n\n<p>\u25cf \u25cf \u25cf<\/p>\n\n\n\n<p style=\"font-size:15px\">La prochaine fois ne se sera pas beaucoup fait attendre&#8230; je suis retourn\u00e9e  \u00e0 New York avec une amie, Virginie, en <strong>septembre 2022<\/strong>. Pour elle c&rsquo;\u00e9tait la premi\u00e8re fois \u00e0 New York, alors on a refait tous les classiques mais on a pu ajouter encore quelques nouveaut\u00e9s : le tour de Central Park \u00e0 v\u00e9lo, une balade en kayak sur l&rsquo;Hudson River, le Roi Lion \u00e0 Broadway, Roosevelt Island, Harlem et encore de nouveaux rooftops test\u00e9s ! Nous n&rsquo;avons fait qu&rsquo;un seul observatoire, le Top of The Rock. C&rsquo;est pour moi un \u00e9norme coup de c\u0153ur avec une vue imprenable sur l&rsquo;Empire State Building et Central Park. Cette fois-ci, il y avait 2 nouveaux observatoires qui s&rsquo;ajoutaient \u00e0 la liste (The Edge et The Summit), ils ont tous l&rsquo;air magnifiques mais vu le prix, on a choisi d&rsquo;en faire un seul.<br>Je n&rsquo;ai pas fait de programme d\u00e9taill\u00e9 pour 2020 et 2022, mais n&rsquo;h\u00e9sitez pas \u00e0 consulter les bonnes adresses et le budget !<\/p>\n\n\n\n<figure class=\"wp-block-image size-full\"><a href=\"https:\/\/aventuresetcocotiers.fr\/index.php\/voyage-amerique-du-nord\/etats-unis-sejour-decouverte-new-york\/new-york-sejour-decouverte-8-jours\/\"><img loading=\"lazy\" width=\"2000\" height=\"512\" src=\"https:\/\/aventuresetcocotiers.fr\/wp-content\/uploads\/2020\/10\/New-York-Mon-itineraire.jpg\" alt=\"\" class=\"wp-image-1723\" srcset=\"https:\/\/aventuresetcocotiers.fr\/wp-content\/uploads\/2020\/10\/New-York-Mon-itineraire.jpg 2000w, https:\/\/aventuresetcocotiers.fr\/wp-content\/uploads\/2020\/10\/New-York-Mon-itineraire-300x77.jpg 300w, https:\/\/aventuresetcocotiers.fr\/wp-content\/uploads\/2020\/10\/New-York-Mon-itineraire-1024x262.jpg 1024w, https:\/\/aventuresetcocotiers.fr\/wp-content\/uploads\/2020\/10\/New-York-Mon-itineraire-768x197.jpg 768w, https:\/\/aventuresetcocotiers.fr\/wp-content\/uploads\/2020\/10\/New-York-Mon-itineraire-1536x393.jpg 1536w\" sizes=\"(max-width: 2000px) 100vw, 2000px\" \/><\/a><\/figure>\n\n\n\n<figure class=\"wp-block-image size-full\"><a href=\"https:\/\/aventuresetcocotiers.fr\/index.php\/voyage-amerique-du-nord\/etats-unis-sejour-decouverte-new-york\/new-york-mon-top-5-2\/\"><img loading=\"lazy\" width=\"2000\" height=\"512\" src=\"https:\/\/aventuresetcocotiers.fr\/wp-content\/uploads\/2020\/10\/New-York-Mon-top-5.jpg\" alt=\"\" class=\"wp-image-1724\" srcset=\"https:\/\/aventuresetcocotiers.fr\/wp-content\/uploads\/2020\/10\/New-York-Mon-top-5.jpg 2000w, https:\/\/aventuresetcocotiers.fr\/wp-content\/uploads\/2020\/10\/New-York-Mon-top-5-300x77.jpg 300w, https:\/\/aventuresetcocotiers.fr\/wp-content\/uploads\/2020\/10\/New-York-Mon-top-5-1024x262.jpg 1024w, https:\/\/aventuresetcocotiers.fr\/wp-content\/uploads\/2020\/10\/New-York-Mon-top-5-768x197.jpg 768w, https:\/\/aventuresetcocotiers.fr\/wp-content\/uploads\/2020\/10\/New-York-Mon-top-5-1536x393.jpg 1536w\" sizes=\"(max-width: 2000px) 100vw, 2000px\" \/><\/a><\/figure>\n\n\n\n<figure class=\"wp-block-image size-full\"><a href=\"https:\/\/aventuresetcocotiers.fr\/index.php\/voyage-amerique-du-nord\/etats-unis-sejour-decouverte-new-york\/new-york-les-bonnes-adresses\/\"><img loading=\"lazy\" width=\"2000\" height=\"505\" src=\"https:\/\/aventuresetcocotiers.fr\/wp-content\/uploads\/2020\/10\/New-York-Bonnes-adresses.jpg\" alt=\"\" class=\"wp-image-1721\" srcset=\"https:\/\/aventuresetcocotiers.fr\/wp-content\/uploads\/2020\/10\/New-York-Bonnes-adresses.jpg 2000w, https:\/\/aventuresetcocotiers.fr\/wp-content\/uploads\/2020\/10\/New-York-Bonnes-adresses-300x76.jpg 300w, https:\/\/aventuresetcocotiers.fr\/wp-content\/uploads\/2020\/10\/New-York-Bonnes-adresses-1024x259.jpg 1024w, https:\/\/aventuresetcocotiers.fr\/wp-content\/uploads\/2020\/10\/New-York-Bonnes-adresses-768x194.jpg 768w, https:\/\/aventuresetcocotiers.fr\/wp-content\/uploads\/2020\/10\/New-York-Bonnes-adresses-1536x388.jpg 1536w\" sizes=\"(max-width: 2000px) 100vw, 2000px\" \/><\/a><\/figure>\n\n\n\n<figure class=\"wp-block-image size-full\"><a href=\"https:\/\/aventuresetcocotiers.fr\/index.php\/voyage-amerique-du-nord\/etats-unis-sejour-decouverte-new-york\/new-york-budget-2\/\"><img loading=\"lazy\" width=\"2000\" height=\"516\" src=\"https:\/\/aventuresetcocotiers.fr\/wp-content\/uploads\/2020\/10\/New-York-Budget.jpg\" alt=\"\" class=\"wp-image-1722\" srcset=\"https:\/\/aventuresetcocotiers.fr\/wp-content\/uploads\/2020\/10\/New-York-Budget.jpg 2000w, https:\/\/aventuresetcocotiers.fr\/wp-content\/uploads\/2020\/10\/New-York-Budget-300x77.jpg 300w, https:\/\/aventuresetcocotiers.fr\/wp-content\/uploads\/2020\/10\/New-York-Budget-1024x264.jpg 1024w, https:\/\/aventuresetcocotiers.fr\/wp-content\/uploads\/2020\/10\/New-York-Budget-768x198.jpg 768w, https:\/\/aventuresetcocotiers.fr\/wp-content\/uploads\/2020\/10\/New-York-Budget-1536x396.jpg 1536w\" sizes=\"(max-width: 2000px) 100vw, 2000px\" \/><\/a><\/figure>\n","protected":false},"excerpt":{"rendered":"<p>New York, New York ! La ville qui inspire tant d&rsquo;artistes, la ville de tous les r\u00eaves, la ville de l&rsquo;impossible ! The American Dream ! J&rsquo;ai depuis toujours r\u00eav\u00e9 de New York, r\u00eav\u00e9 des Etats-Unis. Ce pays me fascine par ses paysages uniques, par ses villes plus hautes les unes que les autres, par [&hellip;]<\/p>\n","protected":false},"author":1,"featured_media":0,"parent":585,"menu_order":0,"comment_status":"closed","ping_status":"closed","template":"template-full.php","meta":[],"yoast_head":"<!-- This site is optimized with the Yoast SEO plugin v15.2.1 - https:\/\/yoast.com\/wordpress\/plugins\/seo\/ -->\n<title>Etats-Unis - New York |<\/title>\n<meta name=\"robots\" content=\"index, follow, max-snippet:-1, max-image-preview:large, max-video-preview:-1\" \/>\n<link rel=\"canonical\" href=\"http:\/\/aventuresetcocotiers.fr\/index.php\/voyage-amerique-du-nord\/etats-unis-sejour-decouverte-new-york\/\" \/>\n<meta property=\"og:locale\" content=\"fr_FR\" \/>\n<meta property=\"og:type\" content=\"article\" \/>\n<meta property=\"og:title\" content=\"Etats-Unis - New York |\" \/>\n<meta property=\"og:description\" content=\"New York, New York ! La ville qui inspire tant d&rsquo;artistes, la ville de tous les r\u00eaves, la ville de l&rsquo;impossible ! The American Dream ! J&rsquo;ai depuis toujours r\u00eav\u00e9 de New York, r\u00eav\u00e9 des Etats-Unis. Ce pays me fascine par ses paysages uniques, par ses villes plus hautes les unes que les autres, par [&hellip;]\" \/>\n<meta property=\"og:url\" content=\"http:\/\/aventuresetcocotiers.fr\/index.php\/voyage-amerique-du-nord\/etats-unis-sejour-decouverte-new-york\/\" \/>\n<meta property=\"article:modified_time\" content=\"2023-04-10T11:34:38+00:00\" \/>\n<meta property=\"og:image\" content=\"https:\/\/aventuresetcocotiers.fr\/wp-content\/uploads\/2020\/10\/New-York-Mon-itineraire.jpg\" \/>\n<meta name=\"twitter:card\" content=\"summary\" \/>\n<meta name=\"twitter:label1\" content=\"\u00c9crit par\">\n\t<meta name=\"twitter:data1\" content=\"admin2603\">\n\t<meta name=\"twitter:label2\" content=\"Dur\u00e9e de lecture est.\">\n\t<meta name=\"twitter:data2\" content=\"3 minutes\">\n<script type=\"application\/ld+json\" class=\"yoast-schema-graph\">{\"@context\":\"https:\/\/schema.org\",\"@graph\":[{\"@type\":\"WebSite\",\"@id\":\"https:\/\/aventuresetcocotiers.fr\/#website\",\"url\":\"https:\/\/aventuresetcocotiers.fr\/\",\"name\":\"\",\"description\":\"\",\"potentialAction\":[{\"@type\":\"SearchAction\",\"target\":\"https:\/\/aventuresetcocotiers.fr\/?s={search_term_string}\",\"query-input\":\"required name=search_term_string\"}],\"inLanguage\":\"fr-FR\"},{\"@type\":\"ImageObject\",\"@id\":\"http:\/\/aventuresetcocotiers.fr\/index.php\/voyage-amerique-du-nord\/etats-unis-sejour-decouverte-new-york\/#primaryimage\",\"inLanguage\":\"fr-FR\",\"url\":\"https:\/\/aventuresetcocotiers.fr\/wp-content\/uploads\/2020\/10\/New-York-Mon-itineraire.jpg\"},{\"@type\":\"WebPage\",\"@id\":\"http:\/\/aventuresetcocotiers.fr\/index.php\/voyage-amerique-du-nord\/etats-unis-sejour-decouverte-new-york\/#webpage\",\"url\":\"http:\/\/aventuresetcocotiers.fr\/index.php\/voyage-amerique-du-nord\/etats-unis-sejour-decouverte-new-york\/\",\"name\":\"Etats-Unis - New York |\",\"isPartOf\":{\"@id\":\"https:\/\/aventuresetcocotiers.fr\/#website\"},\"primaryImageOfPage\":{\"@id\":\"http:\/\/aventuresetcocotiers.fr\/index.php\/voyage-amerique-du-nord\/etats-unis-sejour-decouverte-new-york\/#primaryimage\"},\"datePublished\":\"2020-10-29T15:10:27+00:00\",\"dateModified\":\"2023-04-10T11:34:38+00:00\",\"breadcrumb\":{\"@id\":\"http:\/\/aventuresetcocotiers.fr\/index.php\/voyage-amerique-du-nord\/etats-unis-sejour-decouverte-new-york\/#breadcrumb\"},\"inLanguage\":\"fr-FR\",\"potentialAction\":[{\"@type\":\"ReadAction\",\"target\":[\"http:\/\/aventuresetcocotiers.fr\/index.php\/voyage-amerique-du-nord\/etats-unis-sejour-decouverte-new-york\/\"]}]},{\"@type\":\"BreadcrumbList\",\"@id\":\"http:\/\/aventuresetcocotiers.fr\/index.php\/voyage-amerique-du-nord\/etats-unis-sejour-decouverte-new-york\/#breadcrumb\",\"itemListElement\":[{\"@type\":\"ListItem\",\"position\":1,\"item\":{\"@type\":\"WebPage\",\"@id\":\"http:\/\/aventuresetcocotiers.fr\/\",\"url\":\"http:\/\/aventuresetcocotiers.fr\/\",\"name\":\"Accueil\"}},{\"@type\":\"ListItem\",\"position\":2,\"item\":{\"@type\":\"WebPage\",\"@id\":\"http:\/\/aventuresetcocotiers.fr\/index.php\/voyage-amerique-du-nord\/\",\"url\":\"http:\/\/aventuresetcocotiers.fr\/index.php\/voyage-amerique-du-nord\/\",\"name\":\"Am\\u00e9rique du Nord\"}},{\"@type\":\"ListItem\",\"position\":3,\"item\":{\"@type\":\"WebPage\",\"@id\":\"http:\/\/aventuresetcocotiers.fr\/index.php\/voyage-amerique-du-nord\/etats-unis-sejour-decouverte-new-york\/\",\"url\":\"http:\/\/aventuresetcocotiers.fr\/index.php\/voyage-amerique-du-nord\/etats-unis-sejour-decouverte-new-york\/\",\"name\":\"Etats-Unis &#8211; New York\"}}]}]}<\/script>\n<!-- \/ Yoast SEO plugin. -->","_links":{"self":[{"href":"https:\/\/aventuresetcocotiers.fr\/index.php\/wp-json\/wp\/v2\/pages\/1720"}],"collection":[{"href":"https:\/\/aventuresetcocotiers.fr\/index.php\/wp-json\/wp\/v2\/pages"}],"about":[{"href":"https:\/\/aventuresetcocotiers.fr\/index.php\/wp-json\/wp\/v2\/types\/page"}],"author":[{"embeddable":true,"href":"https:\/\/aventuresetcocotiers.fr\/index.php\/wp-json\/wp\/v2\/users\/1"}],"replies":[{"embeddable":true,"href":"https:\/\/aventuresetcocotiers.fr\/index.php\/wp-json\/wp\/v2\/comments?post=1720"}],"version-history":[{"count":13,"href":"https:\/\/aventuresetcocotiers.fr\/index.php\/wp-json\/wp\/v2\/pages\/1720\/revisions"}],"predecessor-version":[{"id":3038,"href":"https:\/\/aventuresetcocotiers.fr\/index.php\/wp-json\/wp\/v2\/pages\/1720\/revisions\/3038"}],"up":[{"embeddable":true,"href":"https:\/\/aventuresetcocotiers.fr\/index.php\/wp-json\/wp\/v2\/pages\/585"}],"wp:attachment":[{"href":"https:\/\/aventuresetcocotiers.fr\/index.php\/wp-json\/wp\/v2\/media?parent=1720"}],"curies":[{"name":"wp","href":"https:\/\/api.w.org\/{rel}","templated":true}]}}