{"id":1767,"date":"2020-11-03T14:46:03","date_gmt":"2020-11-03T13:46:03","guid":{"rendered":"http:\/\/aventuresetcocotiers.fr\/?page_id=1767"},"modified":"2020-11-03T15:20:45","modified_gmt":"2020-11-03T14:20:45","slug":"voyage-chine-guangxi","status":"publish","type":"page","link":"https:\/\/aventuresetcocotiers.fr\/index.php\/voyage-asie\/voyage-chine-guangxi\/","title":{"rendered":"Chine &#8211; Guangxi"},"content":{"rendered":"\n<p style=\"font-size:15px\">La Chine, un pays surprenant !<\/p>\n\n\n\n<p style=\"font-size:15px\">Je ne sais pas pour vous, mais moi la Chine ne m&rsquo;attirait pas. C&rsquo;est une destination pour laquelle nous avons souvent plein de pr\u00e9jug\u00e9s: destination sale, les chinois ne sont pas agr\u00e9ables, \u00ab\u00a0qu&rsquo;est-ce que je vais bien pouvoir manger, j&rsquo;esp\u00e8re qu&rsquo;ils ne vont pas me servir du chien\u00a0\u00bb, &#8230; Enlevez tout de suite ces pr\u00e9jug\u00e9s de votre t\u00eate, et laissez-vous tenter par un petit voyage en Chine !<\/p>\n\n\n\n<p style=\"font-size:15px\">Pour ma part, c&rsquo;est d&rsquo;avoir des amis vivant sur place qui m&rsquo;a motiv\u00e9. Un ami lyonnais qui habite \u00e0 Shenzhen et un couple d&rsquo;amis (franco-chinois) \u00e0 Guilin. Des destinations assez proches l&rsquo;une de l&rsquo;autre et plein de choses \u00e0 d\u00e9couvrir dans cette r\u00e9gion. Ce n&rsquo;est finalement qu&rsquo;un petit bout de Chine, mais le pays est tellement grand qu&rsquo;en 15 jours on ne peut pas tout faire!<\/p>\n\n\n\n<p style=\"font-size:15px\">Ces trois amis parlant chinois, je dois avouer que c&rsquo;\u00e9tait un gros plus pour voyager en Chine ! Tr\u00e8s peu d&rsquo;habitants parlent anglais, la communication est assez difficile. Je vous recommande une super application mobile pour vous accompagner lors de votre voyage en Chine : Pleco. Elle vous donne l&rsquo;orthographe en signe chinois, et surtout, la prononciation avec le son ! Mon amie chinoise nous a \u00e9galement bien&nbsp;n\u00e9goci\u00e9 les h\u00f4tels. Et le dernier gros plus: nous n&rsquo;avions aucun transport \u00e0 r\u00e9server, nous \u00e9tions v\u00e9hicul\u00e9s.<\/p>\n\n\n\n<p style=\"font-size:15px\">Nos aventures ne vous permettront peut-\u00eatre pas d&rsquo;organiser votre propre voyage pour le c\u00f4t\u00e9 logistique : r\u00e9servation d&rsquo;h\u00f4tels, de transports, temps de trajet&#8230; mais il vous donnera une id\u00e9e de ce qu&rsquo;il y a&nbsp;\u00e0 voir dans cette r\u00e9gion du Guangxi.<\/p>\n\n\n\n<p style=\"font-size:15px\">Nous avons voyag\u00e9 en Chine en <strong>juin 2016<\/strong>, un voyage combin\u00e9 avec notre s\u00e9jour \u00e0 Hong Kong. La p\u00e9riode estivale n&rsquo;est pas conseill\u00e9e : risque de forte pluie, et forte chaleur. Comme pour Hong Kong, nous avons eu beaucoup de chance du c\u00f4t\u00e9 de la m\u00e9t\u00e9o, de belles journ\u00e9es ensoleill\u00e9es et une journ\u00e9e de grisaille. Les temp\u00e9ratures en revanche&#8230; un bon 36\u00b0C \u00e0 l&rsquo;ombre avec un fort taux d&rsquo;humidit\u00e9&#8230; de quoi en baver !<\/p>\n\n\n\n<figure class=\"wp-block-image size-full\"><a href=\"https:\/\/aventuresetcocotiers.fr\/index.php\/voyage-asie\/voyage-chine-guangxi\/chine-guangxi-itineraire-10-jours\/\"><img loading=\"lazy\" width=\"2000\" height=\"509\" src=\"https:\/\/aventuresetcocotiers.fr\/wp-content\/uploads\/2020\/11\/Mon-itineraire-Chine.jpg\" alt=\"\" class=\"wp-image-1768\" srcset=\"https:\/\/aventuresetcocotiers.fr\/wp-content\/uploads\/2020\/11\/Mon-itineraire-Chine.jpg 2000w, https:\/\/aventuresetcocotiers.fr\/wp-content\/uploads\/2020\/11\/Mon-itineraire-Chine-300x76.jpg 300w, https:\/\/aventuresetcocotiers.fr\/wp-content\/uploads\/2020\/11\/Mon-itineraire-Chine-1024x261.jpg 1024w, https:\/\/aventuresetcocotiers.fr\/wp-content\/uploads\/2020\/11\/Mon-itineraire-Chine-768x195.jpg 768w, https:\/\/aventuresetcocotiers.fr\/wp-content\/uploads\/2020\/11\/Mon-itineraire-Chine-1536x391.jpg 1536w\" sizes=\"(max-width: 2000px) 100vw, 2000px\" \/><\/a><\/figure>\n\n\n\n<figure class=\"wp-block-image size-full\"><a href=\"https:\/\/aventuresetcocotiers.fr\/index.php\/voyage-asie\/voyage-chine-guangxi\/chine-guangxi-mon-top-5\/\"><img loading=\"lazy\" width=\"2000\" height=\"499\" src=\"https:\/\/aventuresetcocotiers.fr\/wp-content\/uploads\/2020\/11\/Mon-top-5-Chine.jpg\" alt=\"\" class=\"wp-image-1769\" srcset=\"https:\/\/aventuresetcocotiers.fr\/wp-content\/uploads\/2020\/11\/Mon-top-5-Chine.jpg 2000w, https:\/\/aventuresetcocotiers.fr\/wp-content\/uploads\/2020\/11\/Mon-top-5-Chine-300x75.jpg 300w, https:\/\/aventuresetcocotiers.fr\/wp-content\/uploads\/2020\/11\/Mon-top-5-Chine-1024x255.jpg 1024w, https:\/\/aventuresetcocotiers.fr\/wp-content\/uploads\/2020\/11\/Mon-top-5-Chine-768x192.jpg 768w, https:\/\/aventuresetcocotiers.fr\/wp-content\/uploads\/2020\/11\/Mon-top-5-Chine-1536x383.jpg 1536w\" sizes=\"(max-width: 2000px) 100vw, 2000px\" \/><\/a><\/figure>\n\n\n\n<figure class=\"wp-block-image size-full\"><a href=\"https:\/\/aventuresetcocotiers.fr\/index.php\/voyage-asie\/voyage-chine-guangxi\/chine-guangxi-les-bonnes-adresses\/\"><img loading=\"lazy\" width=\"2000\" height=\"517\" src=\"https:\/\/aventuresetcocotiers.fr\/wp-content\/uploads\/2020\/11\/Bonnes-adresses-chine.jpg\" alt=\"\" class=\"wp-image-1770\" srcset=\"https:\/\/aventuresetcocotiers.fr\/wp-content\/uploads\/2020\/11\/Bonnes-adresses-chine.jpg 2000w, https:\/\/aventuresetcocotiers.fr\/wp-content\/uploads\/2020\/11\/Bonnes-adresses-chine-300x78.jpg 300w, https:\/\/aventuresetcocotiers.fr\/wp-content\/uploads\/2020\/11\/Bonnes-adresses-chine-1024x265.jpg 1024w, https:\/\/aventuresetcocotiers.fr\/wp-content\/uploads\/2020\/11\/Bonnes-adresses-chine-768x199.jpg 768w, https:\/\/aventuresetcocotiers.fr\/wp-content\/uploads\/2020\/11\/Bonnes-adresses-chine-1536x397.jpg 1536w\" sizes=\"(max-width: 2000px) 100vw, 2000px\" \/><\/a><\/figure>\n\n\n\n<figure class=\"wp-block-image size-full\"><a href=\"https:\/\/aventuresetcocotiers.fr\/index.php\/voyage-asie\/voyage-chine-guangxi\/chine-guangxi-budget\/\"><img loading=\"lazy\" width=\"2000\" height=\"519\" src=\"https:\/\/aventuresetcocotiers.fr\/wp-content\/uploads\/2020\/11\/Budget-chine.jpg\" alt=\"\" class=\"wp-image-1771\" srcset=\"https:\/\/aventuresetcocotiers.fr\/wp-content\/uploads\/2020\/11\/Budget-chine.jpg 2000w, https:\/\/aventuresetcocotiers.fr\/wp-content\/uploads\/2020\/11\/Budget-chine-300x78.jpg 300w, https:\/\/aventuresetcocotiers.fr\/wp-content\/uploads\/2020\/11\/Budget-chine-1024x266.jpg 1024w, https:\/\/aventuresetcocotiers.fr\/wp-content\/uploads\/2020\/11\/Budget-chine-768x199.jpg 768w, https:\/\/aventuresetcocotiers.fr\/wp-content\/uploads\/2020\/11\/Budget-chine-1536x399.jpg 1536w\" sizes=\"(max-width: 2000px) 100vw, 2000px\" \/><\/a><\/figure>\n","protected":false},"excerpt":{"rendered":"<p>La Chine, un pays surprenant ! Je ne sais pas pour vous, mais moi la Chine ne m&rsquo;attirait pas. C&rsquo;est une destination pour laquelle nous avons souvent plein de pr\u00e9jug\u00e9s: destination sale, les chinois ne sont pas agr\u00e9ables, \u00ab\u00a0qu&rsquo;est-ce que je vais bien pouvoir manger, j&rsquo;esp\u00e8re qu&rsquo;ils ne vont pas me servir du chien\u00a0\u00bb, &#8230; [&hellip;]<\/p>\n","protected":false},"author":1,"featured_media":0,"parent":89,"menu_order":0,"comment_status":"closed","ping_status":"closed","template":"template-full.php","meta":[],"yoast_head":"<!-- This site is optimized with the Yoast SEO plugin v15.2.1 - https:\/\/yoast.com\/wordpress\/plugins\/seo\/ -->\n<title>Chine - Guangxi |<\/title>\n<meta name=\"robots\" content=\"index, follow, max-snippet:-1, max-image-preview:large, max-video-preview:-1\" \/>\n<link rel=\"canonical\" href=\"http:\/\/aventuresetcocotiers.fr\/index.php\/voyage-asie\/voyage-chine-guangxi\/\" \/>\n<meta property=\"og:locale\" content=\"fr_FR\" \/>\n<meta property=\"og:type\" content=\"article\" \/>\n<meta property=\"og:title\" content=\"Chine - Guangxi |\" \/>\n<meta property=\"og:description\" content=\"La Chine, un pays surprenant ! Je ne sais pas pour vous, mais moi la Chine ne m&rsquo;attirait pas. C&rsquo;est une destination pour laquelle nous avons souvent plein de pr\u00e9jug\u00e9s: destination sale, les chinois ne sont pas agr\u00e9ables, \u00ab\u00a0qu&rsquo;est-ce que je vais bien pouvoir manger, j&rsquo;esp\u00e8re qu&rsquo;ils ne vont pas me servir du chien\u00a0\u00bb, &#8230; [&hellip;]\" \/>\n<meta property=\"og:url\" content=\"http:\/\/aventuresetcocotiers.fr\/index.php\/voyage-asie\/voyage-chine-guangxi\/\" \/>\n<meta property=\"article:modified_time\" content=\"2020-11-03T14:20:45+00:00\" \/>\n<meta property=\"og:image\" content=\"https:\/\/aventuresetcocotiers.fr\/wp-content\/uploads\/2020\/11\/Mon-itineraire-Chine.jpg\" \/>\n<meta name=\"twitter:card\" content=\"summary\" \/>\n<meta name=\"twitter:label1\" content=\"\u00c9crit par\">\n\t<meta name=\"twitter:data1\" content=\"admin2603\">\n\t<meta name=\"twitter:label2\" content=\"Dur\u00e9e de lecture est.\">\n\t<meta name=\"twitter:data2\" content=\"1 minute\">\n<script type=\"application\/ld+json\" class=\"yoast-schema-graph\">{\"@context\":\"https:\/\/schema.org\",\"@graph\":[{\"@type\":\"WebSite\",\"@id\":\"https:\/\/aventuresetcocotiers.fr\/#website\",\"url\":\"https:\/\/aventuresetcocotiers.fr\/\",\"name\":\"\",\"description\":\"\",\"potentialAction\":[{\"@type\":\"SearchAction\",\"target\":\"https:\/\/aventuresetcocotiers.fr\/?s={search_term_string}\",\"query-input\":\"required name=search_term_string\"}],\"inLanguage\":\"fr-FR\"},{\"@type\":\"ImageObject\",\"@id\":\"http:\/\/aventuresetcocotiers.fr\/index.php\/voyage-asie\/voyage-chine-guangxi\/#primaryimage\",\"inLanguage\":\"fr-FR\",\"url\":\"https:\/\/aventuresetcocotiers.fr\/wp-content\/uploads\/2020\/11\/Mon-itineraire-Chine.jpg\"},{\"@type\":\"WebPage\",\"@id\":\"http:\/\/aventuresetcocotiers.fr\/index.php\/voyage-asie\/voyage-chine-guangxi\/#webpage\",\"url\":\"http:\/\/aventuresetcocotiers.fr\/index.php\/voyage-asie\/voyage-chine-guangxi\/\",\"name\":\"Chine - Guangxi |\",\"isPartOf\":{\"@id\":\"https:\/\/aventuresetcocotiers.fr\/#website\"},\"primaryImageOfPage\":{\"@id\":\"http:\/\/aventuresetcocotiers.fr\/index.php\/voyage-asie\/voyage-chine-guangxi\/#primaryimage\"},\"datePublished\":\"2020-11-03T13:46:03+00:00\",\"dateModified\":\"2020-11-03T14:20:45+00:00\",\"breadcrumb\":{\"@id\":\"http:\/\/aventuresetcocotiers.fr\/index.php\/voyage-asie\/voyage-chine-guangxi\/#breadcrumb\"},\"inLanguage\":\"fr-FR\",\"potentialAction\":[{\"@type\":\"ReadAction\",\"target\":[\"http:\/\/aventuresetcocotiers.fr\/index.php\/voyage-asie\/voyage-chine-guangxi\/\"]}]},{\"@type\":\"BreadcrumbList\",\"@id\":\"http:\/\/aventuresetcocotiers.fr\/index.php\/voyage-asie\/voyage-chine-guangxi\/#breadcrumb\",\"itemListElement\":[{\"@type\":\"ListItem\",\"position\":1,\"item\":{\"@type\":\"WebPage\",\"@id\":\"http:\/\/aventuresetcocotiers.fr\/\",\"url\":\"http:\/\/aventuresetcocotiers.fr\/\",\"name\":\"Accueil\"}},{\"@type\":\"ListItem\",\"position\":2,\"item\":{\"@type\":\"WebPage\",\"@id\":\"http:\/\/aventuresetcocotiers.fr\/index.php\/voyage-asie\/\",\"url\":\"http:\/\/aventuresetcocotiers.fr\/index.php\/voyage-asie\/\",\"name\":\"Asie\"}},{\"@type\":\"ListItem\",\"position\":3,\"item\":{\"@type\":\"WebPage\",\"@id\":\"http:\/\/aventuresetcocotiers.fr\/index.php\/voyage-asie\/voyage-chine-guangxi\/\",\"url\":\"http:\/\/aventuresetcocotiers.fr\/index.php\/voyage-asie\/voyage-chine-guangxi\/\",\"name\":\"Chine &#8211; Guangxi\"}}]}]}<\/script>\n<!-- \/ Yoast SEO plugin. -->","_links":{"self":[{"href":"https:\/\/aventuresetcocotiers.fr\/index.php\/wp-json\/wp\/v2\/pages\/1767"}],"collection":[{"href":"https:\/\/aventuresetcocotiers.fr\/index.php\/wp-json\/wp\/v2\/pages"}],"about":[{"href":"https:\/\/aventuresetcocotiers.fr\/index.php\/wp-json\/wp\/v2\/types\/page"}],"author":[{"embeddable":true,"href":"https:\/\/aventuresetcocotiers.fr\/index.php\/wp-json\/wp\/v2\/users\/1"}],"replies":[{"embeddable":true,"href":"https:\/\/aventuresetcocotiers.fr\/index.php\/wp-json\/wp\/v2\/comments?post=1767"}],"version-history":[{"count":5,"href":"https:\/\/aventuresetcocotiers.fr\/index.php\/wp-json\/wp\/v2\/pages\/1767\/revisions"}],"predecessor-version":[{"id":1787,"href":"https:\/\/aventuresetcocotiers.fr\/index.php\/wp-json\/wp\/v2\/pages\/1767\/revisions\/1787"}],"up":[{"embeddable":true,"href":"https:\/\/aventuresetcocotiers.fr\/index.php\/wp-json\/wp\/v2\/pages\/89"}],"wp:attachment":[{"href":"https:\/\/aventuresetcocotiers.fr\/index.php\/wp-json\/wp\/v2\/media?parent=1767"}],"curies":[{"name":"wp","href":"https:\/\/api.w.org\/{rel}","templated":true}]}}