{"id":1785,"date":"2020-11-03T15:20:21","date_gmt":"2020-11-03T14:20:21","guid":{"rendered":"http:\/\/aventuresetcocotiers.fr\/?page_id=1785"},"modified":"2022-01-09T21:03:28","modified_gmt":"2022-01-09T20:03:28","slug":"chine-guangxi-budget","status":"publish","type":"page","link":"https:\/\/aventuresetcocotiers.fr\/index.php\/voyage-asie\/voyage-chine-guangxi\/chine-guangxi-budget\/","title":{"rendered":"Budget 10 jours en Chine dans le Guangxi"},"content":{"rendered":"\n<div class=\"wp-block-image\"><figure class=\"alignleft size-full\"><img loading=\"lazy\" width=\"1280\" height=\"720\" src=\"http:\/\/aventuresetcocotiers.fr\/wp-content\/uploads\/2022\/01\/Bilan-budget-Chine-10-jours.jpg\" alt=\"\" class=\"wp-image-2869\" srcset=\"https:\/\/aventuresetcocotiers.fr\/wp-content\/uploads\/2022\/01\/Bilan-budget-Chine-10-jours.jpg 1280w, https:\/\/aventuresetcocotiers.fr\/wp-content\/uploads\/2022\/01\/Bilan-budget-Chine-10-jours-300x169.jpg 300w, https:\/\/aventuresetcocotiers.fr\/wp-content\/uploads\/2022\/01\/Bilan-budget-Chine-10-jours-1024x576.jpg 1024w, https:\/\/aventuresetcocotiers.fr\/wp-content\/uploads\/2022\/01\/Bilan-budget-Chine-10-jours-768x432.jpg 768w\" sizes=\"(max-width: 1280px) 100vw, 1280px\" \/><\/figure><\/div>\n\n\n\n<p style=\"font-size:15px\">Voici en d\u00e9tail\u00a0mes d\u00e9penses pour vous donner une id\u00e9e des prix \/ de budget \u00e0 pr\u00e9voir pour la Chine. Prix 2016<br>Les prix indiqu\u00e9s sont en Yuan (CNY). En juin 2016, le taux de change \u00e9tait de 1CNY : 0,13 \u20ac soit 1\u20ac : 7,33 CNY.<br>Nous avons pu voyager tr\u00e8s \u00e9conomique en Chine gr\u00e2ce \u00e0 nos amis : nous avons \u00e9t\u00e9 h\u00e9berg\u00e9s plusieurs nuits, les h\u00f4tels ont \u00e9t\u00e9 tr\u00e8s bien n\u00e9goci\u00e9s tout comme les visites et nous avons voyag\u00e9 avec leur voiture perso (participation au co\u00fbt du trajet).<br><\/p>\n\n\n\n<h4 class=\"has-text-color\" style=\"font-size:15px;color:#8ad8c2\">VOLS ( prix par personne)<\/h4>\n\n\n\n<p style=\"font-size:15px\">Vols Lyon &gt; Hong Kong aller-retour (Emirates)&nbsp;: 504 \u20ac<br><\/p>\n\n\n\n<h4 class=\"has-text-color\" style=\"font-size:15px;color:#8ad8c2\">HOTELS (prix par chambre et par nuit)<\/h4>\n\n\n\n<p style=\"font-size:15px\">Ping An Hotel : 220 CNY<br>H\u00f4tel \u00e0 Sanjiang : 270 CNY<br>H\u00f4tel \u00e0 Yanghsuo : 100 CNY<br><\/p>\n\n\n\n<h4 class=\"has-text-color\" style=\"font-size:15px;color:#8ad8c2\">VISITES \/ ACTIVITES (prix par personne)<\/h4>\n\n\n\n<p style=\"font-size:15px\">Entr\u00e9e rizi\u00e8res Longji :80 CNY<br>Entr\u00e9e Chengyang :60 CNY<br>Grotte de la fl\u00fbte de roseau \u00e0 Guilin : 85 CNY<br>Zoo de Guilin : 25 CNY<br>Excursion croisi\u00e8re rivi\u00e8re Li de Guilin vers Yangshuo : 300 CNY<br>Spectacle Yangshuo : 178 CNY<br>Excursion p\u00eache au cormoran \u00e0 Yangshuo: 30 CNY<br>Massage des pieds 1h \u00e0 Guilin : 50 CNY<br><\/p>\n\n\n\n<h4 class=\"has-text-color\" style=\"font-size:15px;color:#8ad8c2\">TRANSPORTS (prix total)<\/h4>\n\n\n\n<p style=\"font-size:15px\">Train Shenzhen &gt; Guilin : 212 CNY<br>Taxi retour randonn\u00e9e Dazhai vers h\u00f4tel Ping An : 80 CNY<br>Location scooter Yangshuo : 80-90 CNY&nbsp;<br>Taxi de Yangshuo centre vers le spectacle : 20 CNY<br><\/p>\n\n\n\n<h4 class=\"has-text-color\" style=\"font-size:15px;color:#8ad8c2\">RESTAURANT (prix par personne)<\/h4>\n\n\n\n<p style=\"font-size:15px\">Restaurant Baia Burger Shenzhen (1 burger + 1 mojito) : 210 CNY<br>Restaurant plusieurs plats sp\u00e9cialit\u00e9s chinoises \u00e0 partager : 40-90 CNY<br>Plat de nouilles : 8 CNY<br>Jus de fruit Yangshuo ou Guilin: 10-14 CNY<br>Eau (50cl) : 3 &#8211; 5 CNY<br><\/p>\n\n\n\n<h4 class=\"has-text-color\" style=\"font-size:15px;color:#8ad8c2\">SOUVENIRS<\/h4>\n\n\n\n<p style=\"font-size:15px\">Lunettes de soleil : 30 CNY<br>Petit sachet de th\u00e9 noir \u00e0 Chengyang : 10 CNY<br>5 timbres : 15 CNY<\/p>\n","protected":false},"excerpt":{"rendered":"<p>Voici en d\u00e9tail\u00a0mes d\u00e9penses pour vous donner une id\u00e9e des prix \/ de budget \u00e0 pr\u00e9voir pour la Chine. Prix 2016Les prix indiqu\u00e9s sont en Yuan (CNY). En juin 2016, le taux de change \u00e9tait de 1CNY : 0,13 \u20ac soit 1\u20ac : 7,33 CNY.Nous avons pu voyager tr\u00e8s \u00e9conomique en Chine gr\u00e2ce \u00e0 nos [&hellip;]<\/p>\n","protected":false},"author":1,"featured_media":0,"parent":1767,"menu_order":0,"comment_status":"open","ping_status":"closed","template":"","meta":[],"yoast_head":"<!-- This site is optimized with the Yoast SEO plugin v15.2.1 - https:\/\/yoast.com\/wordpress\/plugins\/seo\/ -->\n<title>Budget 10 jours en Chine dans le Guangxi |<\/title>\n<meta name=\"robots\" content=\"index, follow, max-snippet:-1, max-image-preview:large, max-video-preview:-1\" \/>\n<link rel=\"canonical\" href=\"http:\/\/aventuresetcocotiers.fr\/index.php\/voyage-asie\/voyage-chine-guangxi\/chine-guangxi-budget\/\" \/>\n<meta property=\"og:locale\" content=\"fr_FR\" \/>\n<meta property=\"og:type\" content=\"article\" \/>\n<meta property=\"og:title\" content=\"Budget 10 jours en Chine dans le Guangxi |\" \/>\n<meta property=\"og:description\" content=\"Voici en d\u00e9tail\u00a0mes d\u00e9penses pour vous donner une id\u00e9e des prix \/ de budget \u00e0 pr\u00e9voir pour la Chine. Prix 2016Les prix indiqu\u00e9s sont en Yuan (CNY). En juin 2016, le taux de change \u00e9tait de 1CNY : 0,13 \u20ac soit 1\u20ac : 7,33 CNY.Nous avons pu voyager tr\u00e8s \u00e9conomique en Chine gr\u00e2ce \u00e0 nos [&hellip;]\" \/>\n<meta property=\"og:url\" content=\"http:\/\/aventuresetcocotiers.fr\/index.php\/voyage-asie\/voyage-chine-guangxi\/chine-guangxi-budget\/\" \/>\n<meta property=\"article:modified_time\" content=\"2022-01-09T20:03:28+00:00\" \/>\n<meta property=\"og:image\" content=\"http:\/\/aventuresetcocotiers.fr\/wp-content\/uploads\/2022\/01\/Bilan-budget-Chine-10-jours.jpg\" \/>\n<meta name=\"twitter:card\" content=\"summary\" \/>\n<meta name=\"twitter:label1\" content=\"\u00c9crit par\">\n\t<meta name=\"twitter:data1\" content=\"admin2603\">\n\t<meta name=\"twitter:label2\" content=\"Dur\u00e9e de lecture est.\">\n\t<meta name=\"twitter:data2\" content=\"1 minute\">\n<script type=\"application\/ld+json\" class=\"yoast-schema-graph\">{\"@context\":\"https:\/\/schema.org\",\"@graph\":[{\"@type\":\"WebSite\",\"@id\":\"https:\/\/aventuresetcocotiers.fr\/#website\",\"url\":\"https:\/\/aventuresetcocotiers.fr\/\",\"name\":\"\",\"description\":\"\",\"potentialAction\":[{\"@type\":\"SearchAction\",\"target\":\"https:\/\/aventuresetcocotiers.fr\/?s={search_term_string}\",\"query-input\":\"required name=search_term_string\"}],\"inLanguage\":\"fr-FR\"},{\"@type\":\"ImageObject\",\"@id\":\"http:\/\/aventuresetcocotiers.fr\/index.php\/voyage-asie\/voyage-chine-guangxi\/chine-guangxi-budget\/#primaryimage\",\"inLanguage\":\"fr-FR\",\"url\":\"http:\/\/aventuresetcocotiers.fr\/wp-content\/uploads\/2022\/01\/Bilan-budget-Chine-10-jours.jpg\"},{\"@type\":\"WebPage\",\"@id\":\"http:\/\/aventuresetcocotiers.fr\/index.php\/voyage-asie\/voyage-chine-guangxi\/chine-guangxi-budget\/#webpage\",\"url\":\"http:\/\/aventuresetcocotiers.fr\/index.php\/voyage-asie\/voyage-chine-guangxi\/chine-guangxi-budget\/\",\"name\":\"Budget 10 jours en Chine dans le Guangxi |\",\"isPartOf\":{\"@id\":\"https:\/\/aventuresetcocotiers.fr\/#website\"},\"primaryImageOfPage\":{\"@id\":\"http:\/\/aventuresetcocotiers.fr\/index.php\/voyage-asie\/voyage-chine-guangxi\/chine-guangxi-budget\/#primaryimage\"},\"datePublished\":\"2020-11-03T14:20:21+00:00\",\"dateModified\":\"2022-01-09T20:03:28+00:00\",\"breadcrumb\":{\"@id\":\"http:\/\/aventuresetcocotiers.fr\/index.php\/voyage-asie\/voyage-chine-guangxi\/chine-guangxi-budget\/#breadcrumb\"},\"inLanguage\":\"fr-FR\",\"potentialAction\":[{\"@type\":\"ReadAction\",\"target\":[\"http:\/\/aventuresetcocotiers.fr\/index.php\/voyage-asie\/voyage-chine-guangxi\/chine-guangxi-budget\/\"]}]},{\"@type\":\"BreadcrumbList\",\"@id\":\"http:\/\/aventuresetcocotiers.fr\/index.php\/voyage-asie\/voyage-chine-guangxi\/chine-guangxi-budget\/#breadcrumb\",\"itemListElement\":[{\"@type\":\"ListItem\",\"position\":1,\"item\":{\"@type\":\"WebPage\",\"@id\":\"http:\/\/aventuresetcocotiers.fr\/\",\"url\":\"http:\/\/aventuresetcocotiers.fr\/\",\"name\":\"Accueil\"}},{\"@type\":\"ListItem\",\"position\":2,\"item\":{\"@type\":\"WebPage\",\"@id\":\"http:\/\/aventuresetcocotiers.fr\/index.php\/voyage-asie\/\",\"url\":\"http:\/\/aventuresetcocotiers.fr\/index.php\/voyage-asie\/\",\"name\":\"Asie\"}},{\"@type\":\"ListItem\",\"position\":3,\"item\":{\"@type\":\"WebPage\",\"@id\":\"http:\/\/aventuresetcocotiers.fr\/index.php\/voyage-asie\/voyage-chine-guangxi\/\",\"url\":\"http:\/\/aventuresetcocotiers.fr\/index.php\/voyage-asie\/voyage-chine-guangxi\/\",\"name\":\"Chine &#8211; Guangxi\"}},{\"@type\":\"ListItem\",\"position\":4,\"item\":{\"@type\":\"WebPage\",\"@id\":\"http:\/\/aventuresetcocotiers.fr\/index.php\/voyage-asie\/voyage-chine-guangxi\/chine-guangxi-budget\/\",\"url\":\"http:\/\/aventuresetcocotiers.fr\/index.php\/voyage-asie\/voyage-chine-guangxi\/chine-guangxi-budget\/\",\"name\":\"Budget 10 jours en Chine dans le Guangxi\"}}]}]}<\/script>\n<!-- \/ Yoast SEO plugin. -->","_links":{"self":[{"href":"https:\/\/aventuresetcocotiers.fr\/index.php\/wp-json\/wp\/v2\/pages\/1785"}],"collection":[{"href":"https:\/\/aventuresetcocotiers.fr\/index.php\/wp-json\/wp\/v2\/pages"}],"about":[{"href":"https:\/\/aventuresetcocotiers.fr\/index.php\/wp-json\/wp\/v2\/types\/page"}],"author":[{"embeddable":true,"href":"https:\/\/aventuresetcocotiers.fr\/index.php\/wp-json\/wp\/v2\/users\/1"}],"replies":[{"embeddable":true,"href":"https:\/\/aventuresetcocotiers.fr\/index.php\/wp-json\/wp\/v2\/comments?post=1785"}],"version-history":[{"count":5,"href":"https:\/\/aventuresetcocotiers.fr\/index.php\/wp-json\/wp\/v2\/pages\/1785\/revisions"}],"predecessor-version":[{"id":2871,"href":"https:\/\/aventuresetcocotiers.fr\/index.php\/wp-json\/wp\/v2\/pages\/1785\/revisions\/2871"}],"up":[{"embeddable":true,"href":"https:\/\/aventuresetcocotiers.fr\/index.php\/wp-json\/wp\/v2\/pages\/1767"}],"wp:attachment":[{"href":"https:\/\/aventuresetcocotiers.fr\/index.php\/wp-json\/wp\/v2\/media?parent=1785"}],"curies":[{"name":"wp","href":"https:\/\/api.w.org\/{rel}","templated":true}]}}