{"id":1845,"date":"2020-11-05T20:42:48","date_gmt":"2020-11-05T19:42:48","guid":{"rendered":"http:\/\/aventuresetcocotiers.fr\/?page_id=1845"},"modified":"2022-01-12T20:29:23","modified_gmt":"2022-01-12T19:29:23","slug":"indonesie-bali-budget","status":"publish","type":"page","link":"https:\/\/aventuresetcocotiers.fr\/index.php\/voyage-asie\/voyage-indonesie-bali\/indonesie-bali-budget\/","title":{"rendered":"Budget 14 jours \u00e0 Bali"},"content":{"rendered":"\n<div class=\"wp-block-image\"><figure class=\"alignleft size-full\"><img loading=\"lazy\" width=\"1280\" height=\"720\" src=\"http:\/\/aventuresetcocotiers.fr\/wp-content\/uploads\/2022\/01\/Bilan-budget-Bali-14-jours.jpg\" alt=\"\" class=\"wp-image-2876\" srcset=\"https:\/\/aventuresetcocotiers.fr\/wp-content\/uploads\/2022\/01\/Bilan-budget-Bali-14-jours.jpg 1280w, https:\/\/aventuresetcocotiers.fr\/wp-content\/uploads\/2022\/01\/Bilan-budget-Bali-14-jours-300x169.jpg 300w, https:\/\/aventuresetcocotiers.fr\/wp-content\/uploads\/2022\/01\/Bilan-budget-Bali-14-jours-1024x576.jpg 1024w, https:\/\/aventuresetcocotiers.fr\/wp-content\/uploads\/2022\/01\/Bilan-budget-Bali-14-jours-768x432.jpg 768w\" sizes=\"(max-width: 1280px) 100vw, 1280px\" \/><\/figure><\/div>\n\n\n\n<p style=\"font-size:15px\"><br>Voici en d\u00e9tail mes d\u00e9penses pour vous donner une id\u00e9e des prix \/ de budget \u00e0 pr\u00e9voir pour Bali. Prix 2018<br>Les prix indiqu\u00e9s sont en Roupie Indon\u00e9sienne (IDR). En juin 2018, le taux de change \u00e9tait de 1\u20ac = 16118 IDR.<br><\/p>\n\n\n\n<h4 class=\"has-text-color\" style=\"font-size:15px;color:#8ad8c2\">VOLS ( prix par personne)<\/h4>\n\n\n\n<p style=\"font-size:15px\">Vols Lyon &gt; Denpasar (Emirates)&nbsp;: 812 \u20ac<\/p>\n\n\n\n<h4 class=\"has-text-color\" style=\"font-size:15px;color:#8ad8c2\">HOTELS (prix par chambre et par nuit)<\/h4>\n\n\n\n<p style=\"font-size:15px\">Sawah Indah Villa Sidemen : 450 000 IDR<br>Bije Sari Suite Bisma Ubud : 257 400 IDR<br>Amartya Puri Green Cottages Munduk : 540 000 IDR<br>Dewi Sinta Hotel Tanah Lot : 270 000 IDR<br>Semarandana Bedrooms and Pool Sanur : 350 000 IDR<br>Krisna Home Stay Nusa Lembongan : 315 000 IDR<br>Ananta Bungalow Nusa Penida : 450 000 IDR<br>Hotel La Costa Central Legian : 174 182 IDR<\/p>\n\n\n\n<h4 class=\"has-text-color\" style=\"font-size:15px;color:#8ad8c2\">VISITES \/ ACTIVITES (prix par personne)<\/h4>\n\n\n\n<p style=\"font-size:15px\">Tekad Cepung&nbsp;: 15 000 IDR<br>Monkey Forest Ubud&nbsp;: 50 000 IDR<br>Pura Gunung Kawi : 15 000 IDR<br>Tibumana waterfall : 10 000 IDR<br>Goa Gajah&nbsp;: 15 000 IDR<br>Cours de cuisine Periuk Bali&nbsp;: 350 000 IDR<br>Sangeh Monkey Forest&nbsp;: 15 000 IDR<br>Jatiluwih&nbsp;: 40 000 IDR<br>Pura Ulun Danu Beraran &nbsp;: 50 000 IDR<br>Banyumala waterfall (scooter aller-retour + entr\u00e9e) &nbsp;: 100 000 IDR<br>Cascades de Munduk (3 cascades) &nbsp;: 40 000 IDR<br>Plage Padang Padang &nbsp;: 10 000 IDR<br>Cano\u00eb mangrove Nusa Lembongan &nbsp;: 100 000 IDR<br>Sortie snorkeling 1\/2 journ\u00e9e avec D&amp;B&nbsp;: 200 000 IDR<br>Goa Giri &nbsp;: 20 000 IDR<br>Snorkeling bateau priv\u00e9 Gamat Bay &nbsp;: 200 000 IDR<\/p>\n\n\n\n<h4 class=\"has-text-color\" style=\"font-size:15px;color:#8ad8c2\">TRANSPORTS (prix total)<\/h4>\n\n\n\n<p style=\"font-size:15px\">Transfert priv\u00e9 a\u00e9roport &gt; Sidemen &nbsp;: 450 000 IDR<br>Journ\u00e9e avec chauffeur entre Sidemen et Ubud&nbsp;: 380 000 IDR<br>Location de scooter \u00e0 Ubud : 70 000 IDR<br>Journ\u00e9e avec chauffeur entre Ubud et Munduk : 520 000 IDR<br>Journ\u00e9e avec chauffeur de Munduk \u00e0 Tanah Lot&nbsp;: 500 000 IDR<br>Transfert de Tanah Lot \u00e0 Sanur&nbsp;: 200 000 IDR<br>Chauffeur Go Jek de Sanur vers Panang Panang&nbsp;: 140 000 IDR<br>Taxi Uluwatu vers Sanur&nbsp;: 250 000 IDR<br>Bateau Sanur &gt; Nusa Lembongan Rocky aller simple&nbsp;: 600 000 IDR<br>Location scooter Nusa Lembongan 2 jours&nbsp;: 140 000 IDR<br>Bateau priv\u00e9 Nusa Lembongan &gt; Nusa Penida&nbsp;: 250 000 IDR<br>Transfert 2 scooters Nusa Penida port &gt; h\u00f4tel&nbsp;: 100 000 IDR<br>Location scooter 2 jours&nbsp;: 150 000 IDR<br>Bateau Nusa Penida &gt; Sanur&nbsp;: 350 000 IDR<br>Grab chauffeur Sanur &gt; Seminyak&nbsp;: 74 000 IDR<br>Grab chauffeur Seminyak &gt; a\u00e9roport&nbsp;: 36 000 IDR<\/p>\n\n\n\n<h4 class=\"has-text-color\" style=\"font-size:15px;color:#8ad8c2\">RESTAURANT (prix par personne)<\/h4>\n\n\n\n<p style=\"font-size:15px\">Restaurant Darmada (1 noix de coco + 1 riz poulet sat\u00e9) : 75 000 IDR<br>Restaurant Warung Garasi (1 jus ananas + 1 nasi goreng) : 30 500 IDR<br>Restaurant Warung Gauri (1 jus fruit + 1 plat) : 58 000 IDR<br>Restaurant Warung Panorama Munduk (1 jus fruit + 1 plat) : 90 000 IDR<br>Resto warung pudak 250 000 (1 jus ananas + 1 plat) : 125 000 IDR<br>Restaurant Cempeka caf\u00e9 (1 smoothie + 1 plat) : 80 000 IDR<br>Restaurant Warung Bu Candra (1 plat) : 30 000 IDR<br>Restaurant Maria&rsquo;s Boemboe : 62 000 IDR<br>Jus de fruits : 25 000 &#8211; 35 000 IDR<\/p>\n","protected":false},"excerpt":{"rendered":"<p>Voici en d\u00e9tail mes d\u00e9penses pour vous donner une id\u00e9e des prix \/ de budget \u00e0 pr\u00e9voir pour Bali. Prix 2018Les prix indiqu\u00e9s sont en Roupie Indon\u00e9sienne (IDR). En juin 2018, le taux de change \u00e9tait de 1\u20ac = 16118 IDR. VOLS ( prix par personne) Vols Lyon &gt; Denpasar (Emirates)&nbsp;: 812 \u20ac HOTELS (prix [&hellip;]<\/p>\n","protected":false},"author":1,"featured_media":0,"parent":1827,"menu_order":0,"comment_status":"open","ping_status":"closed","template":"","meta":[],"yoast_head":"<!-- This site is optimized with the Yoast SEO plugin v15.2.1 - https:\/\/yoast.com\/wordpress\/plugins\/seo\/ -->\n<title>Budget 14 jours \u00e0 Bali |<\/title>\n<meta name=\"robots\" content=\"index, follow, max-snippet:-1, max-image-preview:large, max-video-preview:-1\" \/>\n<link rel=\"canonical\" href=\"http:\/\/aventuresetcocotiers.fr\/index.php\/voyage-asie\/voyage-indonesie-bali\/indonesie-bali-budget\/\" \/>\n<meta property=\"og:locale\" content=\"fr_FR\" \/>\n<meta property=\"og:type\" content=\"article\" \/>\n<meta property=\"og:title\" content=\"Budget 14 jours \u00e0 Bali |\" \/>\n<meta property=\"og:description\" content=\"Voici en d\u00e9tail mes d\u00e9penses pour vous donner une id\u00e9e des prix \/ de budget \u00e0 pr\u00e9voir pour Bali. Prix 2018Les prix indiqu\u00e9s sont en Roupie Indon\u00e9sienne (IDR). En juin 2018, le taux de change \u00e9tait de 1\u20ac = 16118 IDR. VOLS ( prix par personne) Vols Lyon &gt; Denpasar (Emirates)&nbsp;: 812 \u20ac HOTELS (prix [&hellip;]\" \/>\n<meta property=\"og:url\" content=\"http:\/\/aventuresetcocotiers.fr\/index.php\/voyage-asie\/voyage-indonesie-bali\/indonesie-bali-budget\/\" \/>\n<meta property=\"article:modified_time\" content=\"2022-01-12T19:29:23+00:00\" \/>\n<meta property=\"og:image\" content=\"http:\/\/aventuresetcocotiers.fr\/wp-content\/uploads\/2022\/01\/Bilan-budget-Bali-14-jours.jpg\" \/>\n<meta name=\"twitter:card\" content=\"summary\" \/>\n<meta name=\"twitter:label1\" content=\"\u00c9crit par\">\n\t<meta name=\"twitter:data1\" content=\"admin2603\">\n\t<meta name=\"twitter:label2\" content=\"Dur\u00e9e de lecture est.\">\n\t<meta name=\"twitter:data2\" content=\"1 minute\">\n<script type=\"application\/ld+json\" class=\"yoast-schema-graph\">{\"@context\":\"https:\/\/schema.org\",\"@graph\":[{\"@type\":\"WebSite\",\"@id\":\"https:\/\/aventuresetcocotiers.fr\/#website\",\"url\":\"https:\/\/aventuresetcocotiers.fr\/\",\"name\":\"\",\"description\":\"\",\"potentialAction\":[{\"@type\":\"SearchAction\",\"target\":\"https:\/\/aventuresetcocotiers.fr\/?s={search_term_string}\",\"query-input\":\"required name=search_term_string\"}],\"inLanguage\":\"fr-FR\"},{\"@type\":\"ImageObject\",\"@id\":\"http:\/\/aventuresetcocotiers.fr\/index.php\/voyage-asie\/voyage-indonesie-bali\/indonesie-bali-budget\/#primaryimage\",\"inLanguage\":\"fr-FR\",\"url\":\"http:\/\/aventuresetcocotiers.fr\/wp-content\/uploads\/2022\/01\/Bilan-budget-Bali-14-jours.jpg\"},{\"@type\":\"WebPage\",\"@id\":\"http:\/\/aventuresetcocotiers.fr\/index.php\/voyage-asie\/voyage-indonesie-bali\/indonesie-bali-budget\/#webpage\",\"url\":\"http:\/\/aventuresetcocotiers.fr\/index.php\/voyage-asie\/voyage-indonesie-bali\/indonesie-bali-budget\/\",\"name\":\"Budget 14 jours \\u00e0 Bali |\",\"isPartOf\":{\"@id\":\"https:\/\/aventuresetcocotiers.fr\/#website\"},\"primaryImageOfPage\":{\"@id\":\"http:\/\/aventuresetcocotiers.fr\/index.php\/voyage-asie\/voyage-indonesie-bali\/indonesie-bali-budget\/#primaryimage\"},\"datePublished\":\"2020-11-05T19:42:48+00:00\",\"dateModified\":\"2022-01-12T19:29:23+00:00\",\"breadcrumb\":{\"@id\":\"http:\/\/aventuresetcocotiers.fr\/index.php\/voyage-asie\/voyage-indonesie-bali\/indonesie-bali-budget\/#breadcrumb\"},\"inLanguage\":\"fr-FR\",\"potentialAction\":[{\"@type\":\"ReadAction\",\"target\":[\"http:\/\/aventuresetcocotiers.fr\/index.php\/voyage-asie\/voyage-indonesie-bali\/indonesie-bali-budget\/\"]}]},{\"@type\":\"BreadcrumbList\",\"@id\":\"http:\/\/aventuresetcocotiers.fr\/index.php\/voyage-asie\/voyage-indonesie-bali\/indonesie-bali-budget\/#breadcrumb\",\"itemListElement\":[{\"@type\":\"ListItem\",\"position\":1,\"item\":{\"@type\":\"WebPage\",\"@id\":\"http:\/\/aventuresetcocotiers.fr\/\",\"url\":\"http:\/\/aventuresetcocotiers.fr\/\",\"name\":\"Accueil\"}},{\"@type\":\"ListItem\",\"position\":2,\"item\":{\"@type\":\"WebPage\",\"@id\":\"http:\/\/aventuresetcocotiers.fr\/index.php\/voyage-asie\/\",\"url\":\"http:\/\/aventuresetcocotiers.fr\/index.php\/voyage-asie\/\",\"name\":\"Asie\"}},{\"@type\":\"ListItem\",\"position\":3,\"item\":{\"@type\":\"WebPage\",\"@id\":\"http:\/\/aventuresetcocotiers.fr\/index.php\/voyage-asie\/voyage-indonesie-bali\/\",\"url\":\"http:\/\/aventuresetcocotiers.fr\/index.php\/voyage-asie\/voyage-indonesie-bali\/\",\"name\":\"Indon\\u00e9sie &#8211; Bali\"}},{\"@type\":\"ListItem\",\"position\":4,\"item\":{\"@type\":\"WebPage\",\"@id\":\"http:\/\/aventuresetcocotiers.fr\/index.php\/voyage-asie\/voyage-indonesie-bali\/indonesie-bali-budget\/\",\"url\":\"http:\/\/aventuresetcocotiers.fr\/index.php\/voyage-asie\/voyage-indonesie-bali\/indonesie-bali-budget\/\",\"name\":\"Budget 14 jours \\u00e0 Bali\"}}]}]}<\/script>\n<!-- \/ Yoast SEO plugin. -->","_links":{"self":[{"href":"https:\/\/aventuresetcocotiers.fr\/index.php\/wp-json\/wp\/v2\/pages\/1845"}],"collection":[{"href":"https:\/\/aventuresetcocotiers.fr\/index.php\/wp-json\/wp\/v2\/pages"}],"about":[{"href":"https:\/\/aventuresetcocotiers.fr\/index.php\/wp-json\/wp\/v2\/types\/page"}],"author":[{"embeddable":true,"href":"https:\/\/aventuresetcocotiers.fr\/index.php\/wp-json\/wp\/v2\/users\/1"}],"replies":[{"embeddable":true,"href":"https:\/\/aventuresetcocotiers.fr\/index.php\/wp-json\/wp\/v2\/comments?post=1845"}],"version-history":[{"count":8,"href":"https:\/\/aventuresetcocotiers.fr\/index.php\/wp-json\/wp\/v2\/pages\/1845\/revisions"}],"predecessor-version":[{"id":2878,"href":"https:\/\/aventuresetcocotiers.fr\/index.php\/wp-json\/wp\/v2\/pages\/1845\/revisions\/2878"}],"up":[{"embeddable":true,"href":"https:\/\/aventuresetcocotiers.fr\/index.php\/wp-json\/wp\/v2\/pages\/1827"}],"wp:attachment":[{"href":"https:\/\/aventuresetcocotiers.fr\/index.php\/wp-json\/wp\/v2\/media?parent=1845"}],"curies":[{"name":"wp","href":"https:\/\/api.w.org\/{rel}","templated":true}]}}