{"id":1911,"date":"2020-11-07T12:23:18","date_gmt":"2020-11-07T11:23:18","guid":{"rendered":"http:\/\/aventuresetcocotiers.fr\/?page_id=1911"},"modified":"2022-01-12T21:18:34","modified_gmt":"2022-01-12T20:18:34","slug":"berlin-budget","status":"publish","type":"page","link":"https:\/\/aventuresetcocotiers.fr\/index.php\/voyage-europe\/voyage-allemagne-berlin\/berlin-budget\/","title":{"rendered":"Budget 3 jours \u00e0 Berlin"},"content":{"rendered":"\n<div class=\"wp-block-image\"><figure class=\"alignleft size-full\"><img loading=\"lazy\" width=\"1280\" height=\"720\" src=\"http:\/\/aventuresetcocotiers.fr\/wp-content\/uploads\/2022\/01\/Budget-bilan-Berlin-3-jours.jpg\" alt=\"\" class=\"wp-image-2882\" srcset=\"https:\/\/aventuresetcocotiers.fr\/wp-content\/uploads\/2022\/01\/Budget-bilan-Berlin-3-jours.jpg 1280w, https:\/\/aventuresetcocotiers.fr\/wp-content\/uploads\/2022\/01\/Budget-bilan-Berlin-3-jours-300x169.jpg 300w, https:\/\/aventuresetcocotiers.fr\/wp-content\/uploads\/2022\/01\/Budget-bilan-Berlin-3-jours-1024x576.jpg 1024w, https:\/\/aventuresetcocotiers.fr\/wp-content\/uploads\/2022\/01\/Budget-bilan-Berlin-3-jours-768x432.jpg 768w\" sizes=\"(max-width: 1280px) 100vw, 1280px\" \/><\/figure><\/div>\n\n\n\n<p style=\"font-size:15px\">Voici en d\u00e9tail mes d\u00e9penses pour vous donner une id\u00e9e des prix \/ de budget \u00e0 pr\u00e9voir pour Berlin. Prix 2017<br><\/p>\n\n\n\n<h4 class=\"has-text-color\" style=\"font-size:15px;color:#8ad8c2\">VOLS ( prix par personne)<\/h4>\n\n\n\n<p style=\"font-size:15px\">Vols Lyon &gt; Berlin (Easyjet) sans bagage en soute&nbsp;: 80 \u20ac<\/p>\n\n\n\n<h4 class=\"has-text-color\" style=\"font-size:15px;color:#8ad8c2\">HOTELS (prix par chambre et par nuit)<\/h4>\n\n\n\n<p style=\"font-size:15px\">Airbnb : 70 \u20ac<\/p>\n\n\n\n<h4 class=\"has-text-color\" style=\"font-size:15px;color:#8ad8c2\">VISITES \/ ACTIVITES (prix par personne)<\/h4>\n\n\n\n<p style=\"font-size:15px\">Panorama Punkt : 7,50 \u20ac<br>Reichstag : gratuit<br>DDR Museum : 9,50 \u20ac<br>Fernsehturm : 14 \u20ac<\/p>\n\n\n\n<h4 class=\"has-text-color\" style=\"font-size:15px;color:#8ad8c2\">TRANSPORTS (prix total)<\/h4>\n\n\n\n<p style=\"font-size:15px\">M\u00e9tro\/Bus (ticket 3 zones) : 3,40 \u20ac<br>M\u00e9tro\/Bus (ticket courte distance) : 1,70 \u20ac<br>M\u00e9tro\/Bus (ticket) : 2,80 \u20ac<br>M\u00e9tro\/Bus (ticket journ\u00e9e zone A et B) : 7 \u20ac<\/p>\n\n\n\n<h4 class=\"has-text-color\" style=\"font-size:15px;color:#8ad8c2\">RESTAURANT (prix par personne)<\/h4>\n\n\n\n<p style=\"font-size:15px\">CurryWurst : 10 \u20ac<br>Kebab : 4 \u20ac<br>Restaurant cuisine locale (1 bi\u00e8re + 1 plat) : 15-20 \u20ac<br>Cocktail : 6-10 \u20ac<\/p>\n","protected":false},"excerpt":{"rendered":"<p>Voici en d\u00e9tail mes d\u00e9penses pour vous donner une id\u00e9e des prix \/ de budget \u00e0 pr\u00e9voir pour Berlin. Prix 2017 VOLS ( prix par personne) Vols Lyon &gt; Berlin (Easyjet) sans bagage en soute&nbsp;: 80 \u20ac HOTELS (prix par chambre et par nuit) Airbnb : 70 \u20ac VISITES \/ ACTIVITES (prix par personne) Panorama [&hellip;]<\/p>\n","protected":false},"author":1,"featured_media":0,"parent":1893,"menu_order":0,"comment_status":"open","ping_status":"closed","template":"","meta":[],"yoast_head":"<!-- This site is optimized with the Yoast SEO plugin v15.2.1 - https:\/\/yoast.com\/wordpress\/plugins\/seo\/ -->\n<title>Budget 3 jours \u00e0 Berlin |<\/title>\n<meta name=\"robots\" content=\"index, follow, max-snippet:-1, max-image-preview:large, max-video-preview:-1\" \/>\n<link rel=\"canonical\" href=\"https:\/\/aventuresetcocotiers.fr\/index.php\/voyage-europe\/voyage-allemagne-berlin\/berlin-budget\/\" \/>\n<meta property=\"og:locale\" content=\"fr_FR\" \/>\n<meta property=\"og:type\" content=\"article\" \/>\n<meta property=\"og:title\" content=\"Budget 3 jours \u00e0 Berlin |\" \/>\n<meta property=\"og:description\" content=\"Voici en d\u00e9tail mes d\u00e9penses pour vous donner une id\u00e9e des prix \/ de budget \u00e0 pr\u00e9voir pour Berlin. Prix 2017 VOLS ( prix par personne) Vols Lyon &gt; Berlin (Easyjet) sans bagage en soute&nbsp;: 80 \u20ac HOTELS (prix par chambre et par nuit) Airbnb : 70 \u20ac VISITES \/ ACTIVITES (prix par personne) Panorama [&hellip;]\" \/>\n<meta property=\"og:url\" content=\"https:\/\/aventuresetcocotiers.fr\/index.php\/voyage-europe\/voyage-allemagne-berlin\/berlin-budget\/\" \/>\n<meta property=\"article:modified_time\" content=\"2022-01-12T20:18:34+00:00\" \/>\n<meta property=\"og:image\" content=\"http:\/\/aventuresetcocotiers.fr\/wp-content\/uploads\/2022\/01\/Budget-bilan-Berlin-3-jours.jpg\" \/>\n<meta name=\"twitter:card\" content=\"summary\" \/>\n<meta name=\"twitter:label1\" content=\"\u00c9crit par\">\n\t<meta name=\"twitter:data1\" content=\"admin2603\">\n\t<meta name=\"twitter:label2\" content=\"Dur\u00e9e de lecture est.\">\n\t<meta name=\"twitter:data2\" content=\"0 minute\">\n<script type=\"application\/ld+json\" class=\"yoast-schema-graph\">{\"@context\":\"https:\/\/schema.org\",\"@graph\":[{\"@type\":\"WebSite\",\"@id\":\"https:\/\/aventuresetcocotiers.fr\/#website\",\"url\":\"https:\/\/aventuresetcocotiers.fr\/\",\"name\":\"\",\"description\":\"\",\"potentialAction\":[{\"@type\":\"SearchAction\",\"target\":\"https:\/\/aventuresetcocotiers.fr\/?s={search_term_string}\",\"query-input\":\"required name=search_term_string\"}],\"inLanguage\":\"fr-FR\"},{\"@type\":\"ImageObject\",\"@id\":\"https:\/\/aventuresetcocotiers.fr\/index.php\/voyage-europe\/voyage-allemagne-berlin\/berlin-budget\/#primaryimage\",\"inLanguage\":\"fr-FR\",\"url\":\"http:\/\/aventuresetcocotiers.fr\/wp-content\/uploads\/2022\/01\/Budget-bilan-Berlin-3-jours.jpg\"},{\"@type\":\"WebPage\",\"@id\":\"https:\/\/aventuresetcocotiers.fr\/index.php\/voyage-europe\/voyage-allemagne-berlin\/berlin-budget\/#webpage\",\"url\":\"https:\/\/aventuresetcocotiers.fr\/index.php\/voyage-europe\/voyage-allemagne-berlin\/berlin-budget\/\",\"name\":\"Budget 3 jours \\u00e0 Berlin |\",\"isPartOf\":{\"@id\":\"https:\/\/aventuresetcocotiers.fr\/#website\"},\"primaryImageOfPage\":{\"@id\":\"https:\/\/aventuresetcocotiers.fr\/index.php\/voyage-europe\/voyage-allemagne-berlin\/berlin-budget\/#primaryimage\"},\"datePublished\":\"2020-11-07T11:23:18+00:00\",\"dateModified\":\"2022-01-12T20:18:34+00:00\",\"breadcrumb\":{\"@id\":\"https:\/\/aventuresetcocotiers.fr\/index.php\/voyage-europe\/voyage-allemagne-berlin\/berlin-budget\/#breadcrumb\"},\"inLanguage\":\"fr-FR\",\"potentialAction\":[{\"@type\":\"ReadAction\",\"target\":[\"https:\/\/aventuresetcocotiers.fr\/index.php\/voyage-europe\/voyage-allemagne-berlin\/berlin-budget\/\"]}]},{\"@type\":\"BreadcrumbList\",\"@id\":\"https:\/\/aventuresetcocotiers.fr\/index.php\/voyage-europe\/voyage-allemagne-berlin\/berlin-budget\/#breadcrumb\",\"itemListElement\":[{\"@type\":\"ListItem\",\"position\":1,\"item\":{\"@type\":\"WebPage\",\"@id\":\"http:\/\/aventuresetcocotiers.fr\/\",\"url\":\"http:\/\/aventuresetcocotiers.fr\/\",\"name\":\"Accueil\"}},{\"@type\":\"ListItem\",\"position\":2,\"item\":{\"@type\":\"WebPage\",\"@id\":\"https:\/\/aventuresetcocotiers.fr\/index.php\/voyage-europe\/\",\"url\":\"https:\/\/aventuresetcocotiers.fr\/index.php\/voyage-europe\/\",\"name\":\"Europe\"}},{\"@type\":\"ListItem\",\"position\":3,\"item\":{\"@type\":\"WebPage\",\"@id\":\"https:\/\/aventuresetcocotiers.fr\/index.php\/voyage-europe\/voyage-allemagne-berlin\/\",\"url\":\"https:\/\/aventuresetcocotiers.fr\/index.php\/voyage-europe\/voyage-allemagne-berlin\/\",\"name\":\"Allemagne &#8211; Berlin\"}},{\"@type\":\"ListItem\",\"position\":4,\"item\":{\"@type\":\"WebPage\",\"@id\":\"https:\/\/aventuresetcocotiers.fr\/index.php\/voyage-europe\/voyage-allemagne-berlin\/berlin-budget\/\",\"url\":\"https:\/\/aventuresetcocotiers.fr\/index.php\/voyage-europe\/voyage-allemagne-berlin\/berlin-budget\/\",\"name\":\"Budget 3 jours \\u00e0 Berlin\"}}]}]}<\/script>\n<!-- \/ Yoast SEO plugin. -->","_links":{"self":[{"href":"https:\/\/aventuresetcocotiers.fr\/index.php\/wp-json\/wp\/v2\/pages\/1911"}],"collection":[{"href":"https:\/\/aventuresetcocotiers.fr\/index.php\/wp-json\/wp\/v2\/pages"}],"about":[{"href":"https:\/\/aventuresetcocotiers.fr\/index.php\/wp-json\/wp\/v2\/types\/page"}],"author":[{"embeddable":true,"href":"https:\/\/aventuresetcocotiers.fr\/index.php\/wp-json\/wp\/v2\/users\/1"}],"replies":[{"embeddable":true,"href":"https:\/\/aventuresetcocotiers.fr\/index.php\/wp-json\/wp\/v2\/comments?post=1911"}],"version-history":[{"count":5,"href":"https:\/\/aventuresetcocotiers.fr\/index.php\/wp-json\/wp\/v2\/pages\/1911\/revisions"}],"predecessor-version":[{"id":2887,"href":"https:\/\/aventuresetcocotiers.fr\/index.php\/wp-json\/wp\/v2\/pages\/1911\/revisions\/2887"}],"up":[{"embeddable":true,"href":"https:\/\/aventuresetcocotiers.fr\/index.php\/wp-json\/wp\/v2\/pages\/1893"}],"wp:attachment":[{"href":"https:\/\/aventuresetcocotiers.fr\/index.php\/wp-json\/wp\/v2\/media?parent=1911"}],"curies":[{"name":"wp","href":"https:\/\/api.w.org\/{rel}","templated":true}]}}