{"id":1915,"date":"2020-11-07T12:54:24","date_gmt":"2020-11-07T11:54:24","guid":{"rendered":"http:\/\/aventuresetcocotiers.fr\/?page_id=1915"},"modified":"2020-11-07T13:36:16","modified_gmt":"2020-11-07T12:36:16","slug":"espagne-barcelone-et-alentours","status":"publish","type":"page","link":"https:\/\/aventuresetcocotiers.fr\/index.php\/voyage-europe\/espagne-barcelone-et-alentours\/","title":{"rendered":"Espagne &#8211; Barcelone &#038; Alentours"},"content":{"rendered":"\n<p style=\"font-size:15px\">Barcelone est une ville incontournable \u00e0 visiter en Europe !<\/p>\n\n\n\n<p style=\"font-size:15px\">Barcelone c&rsquo;est les monuments uniques de Gaudi, les tapas, le soleil,&#8230; Bon pour le soleil nous y sommes all\u00e9s deux fois, et \u00e0 chaque fois en hiver, alors je ne pourrais pas trop vous parler plage et chaleur !<\/p>\n\n\n\n<p style=\"font-size:15px\">La ville se visite tr\u00e8s facilement le temps d&rsquo;un weekend, 2 ou 3 jours sur place. On peut rester plus longtemps pour profiter de ses journ\u00e9es et fl\u00e2ner dans la ville tranquillement.<\/p>\n\n\n\n<p style=\"font-size:15px\">Les vols et l&rsquo;h\u00e9bergement sont plut\u00f4t bon march\u00e9, mais les visites sur place ne sont pas donn\u00e9es !<\/p>\n\n\n\n<p style=\"font-size:15px\">Nous sommes partis en <strong>janvier 2013<\/strong> en couple et en <strong>novembre 2016<\/strong> en groupe d&rsquo;amis pour des weekend prolong\u00e9s. Nous y retournons r\u00e9guli\u00e8rement retrouver nos amis qui vivent juste \u00e0 c\u00f4t\u00e9 de la ville. Cette page est donc mise \u00e0 jour r\u00e9guli\u00e8rement avec de nouvelles adresses et des id\u00e9es journ\u00e9es d\u00e9couverte autour de Barcelone.<\/p>\n\n\n\n<p style=\"font-size:15px\">La ville est id\u00e9ale pour un s\u00e9jour romantique ou un weekend festif entre amis. En hiver, les temp\u00e9ratures restent plut\u00f4t douce. En janvier nous avions eu par exemple un weekend ensoleill\u00e9 o\u00f9 la veste n&rsquo;\u00e9tait pas n\u00e9cessaire. En novembre nous avons eu un temps plut\u00f4t humide, mais des temp\u00e9ratures autour de 10-15\u00b0 donc assez douces.<\/p>\n\n\n\n<figure class=\"wp-block-image size-full\"><a href=\"https:\/\/aventuresetcocotiers.fr\/index.php\/voyage-europe\/espagne-barcelone-et-alentours\/barcelone-sejour-de-5-jours\/\"><img loading=\"lazy\" width=\"2000\" height=\"504\" src=\"https:\/\/aventuresetcocotiers.fr\/wp-content\/uploads\/2020\/11\/Mon-itineraire-Barcelone.jpg\" alt=\"\" class=\"wp-image-1918\" srcset=\"https:\/\/aventuresetcocotiers.fr\/wp-content\/uploads\/2020\/11\/Mon-itineraire-Barcelone.jpg 2000w, https:\/\/aventuresetcocotiers.fr\/wp-content\/uploads\/2020\/11\/Mon-itineraire-Barcelone-300x76.jpg 300w, https:\/\/aventuresetcocotiers.fr\/wp-content\/uploads\/2020\/11\/Mon-itineraire-Barcelone-1024x258.jpg 1024w, https:\/\/aventuresetcocotiers.fr\/wp-content\/uploads\/2020\/11\/Mon-itineraire-Barcelone-768x194.jpg 768w, https:\/\/aventuresetcocotiers.fr\/wp-content\/uploads\/2020\/11\/Mon-itineraire-Barcelone-1536x387.jpg 1536w\" sizes=\"(max-width: 2000px) 100vw, 2000px\" \/><\/a><\/figure>\n\n\n\n<figure class=\"wp-block-image size-full\"><a href=\"https:\/\/aventuresetcocotiers.fr\/index.php\/voyage-europe\/espagne-barcelone-et-alentours\/barcelone-mon-top-5\/\"><img loading=\"lazy\" width=\"2000\" height=\"513\" src=\"https:\/\/aventuresetcocotiers.fr\/wp-content\/uploads\/2020\/11\/Mon-top-5-Barcelone.jpg\" alt=\"\" class=\"wp-image-1919\" srcset=\"https:\/\/aventuresetcocotiers.fr\/wp-content\/uploads\/2020\/11\/Mon-top-5-Barcelone.jpg 2000w, https:\/\/aventuresetcocotiers.fr\/wp-content\/uploads\/2020\/11\/Mon-top-5-Barcelone-300x77.jpg 300w, https:\/\/aventuresetcocotiers.fr\/wp-content\/uploads\/2020\/11\/Mon-top-5-Barcelone-1024x263.jpg 1024w, https:\/\/aventuresetcocotiers.fr\/wp-content\/uploads\/2020\/11\/Mon-top-5-Barcelone-768x197.jpg 768w, https:\/\/aventuresetcocotiers.fr\/wp-content\/uploads\/2020\/11\/Mon-top-5-Barcelone-1536x394.jpg 1536w\" sizes=\"(max-width: 2000px) 100vw, 2000px\" \/><\/a><\/figure>\n\n\n\n<figure class=\"wp-block-image size-full\"><a href=\"https:\/\/aventuresetcocotiers.fr\/index.php\/voyage-europe\/espagne-barcelone-et-alentours\/barcelone-les-bonnes-adresses\/\"><img loading=\"lazy\" width=\"2000\" height=\"512\" src=\"https:\/\/aventuresetcocotiers.fr\/wp-content\/uploads\/2020\/11\/Bonnes-adresses-Barcelone.jpg\" alt=\"\" class=\"wp-image-1916\" srcset=\"https:\/\/aventuresetcocotiers.fr\/wp-content\/uploads\/2020\/11\/Bonnes-adresses-Barcelone.jpg 2000w, https:\/\/aventuresetcocotiers.fr\/wp-content\/uploads\/2020\/11\/Bonnes-adresses-Barcelone-300x77.jpg 300w, https:\/\/aventuresetcocotiers.fr\/wp-content\/uploads\/2020\/11\/Bonnes-adresses-Barcelone-1024x262.jpg 1024w, https:\/\/aventuresetcocotiers.fr\/wp-content\/uploads\/2020\/11\/Bonnes-adresses-Barcelone-768x197.jpg 768w, https:\/\/aventuresetcocotiers.fr\/wp-content\/uploads\/2020\/11\/Bonnes-adresses-Barcelone-1536x393.jpg 1536w\" sizes=\"(max-width: 2000px) 100vw, 2000px\" \/><\/a><\/figure>\n\n\n\n<figure class=\"wp-block-image size-full\"><a href=\"https:\/\/aventuresetcocotiers.fr\/index.php\/voyage-europe\/espagne-barcelone-et-alentours\/barcelone-budget\/\"><img loading=\"lazy\" width=\"2000\" height=\"516\" src=\"https:\/\/aventuresetcocotiers.fr\/wp-content\/uploads\/2020\/11\/Budget-Barcelone.jpg\" alt=\"\" class=\"wp-image-1917\" srcset=\"https:\/\/aventuresetcocotiers.fr\/wp-content\/uploads\/2020\/11\/Budget-Barcelone.jpg 2000w, https:\/\/aventuresetcocotiers.fr\/wp-content\/uploads\/2020\/11\/Budget-Barcelone-300x77.jpg 300w, https:\/\/aventuresetcocotiers.fr\/wp-content\/uploads\/2020\/11\/Budget-Barcelone-1024x264.jpg 1024w, https:\/\/aventuresetcocotiers.fr\/wp-content\/uploads\/2020\/11\/Budget-Barcelone-768x198.jpg 768w, https:\/\/aventuresetcocotiers.fr\/wp-content\/uploads\/2020\/11\/Budget-Barcelone-1536x396.jpg 1536w\" sizes=\"(max-width: 2000px) 100vw, 2000px\" \/><\/a><\/figure>\n\n\n\n<p><\/p>\n\n\n\n<figure class=\"wp-block-image size-full\"><img loading=\"lazy\" width=\"2000\" height=\"514\" src=\"https:\/\/aventuresetcocotiers.fr\/wp-content\/uploads\/2020\/11\/Journees-decouverte-autour-barcelone.jpg\" alt=\"\" class=\"wp-image-1920\" srcset=\"https:\/\/aventuresetcocotiers.fr\/wp-content\/uploads\/2020\/11\/Journees-decouverte-autour-barcelone.jpg 2000w, https:\/\/aventuresetcocotiers.fr\/wp-content\/uploads\/2020\/11\/Journees-decouverte-autour-barcelone-300x77.jpg 300w, https:\/\/aventuresetcocotiers.fr\/wp-content\/uploads\/2020\/11\/Journees-decouverte-autour-barcelone-1024x263.jpg 1024w, https:\/\/aventuresetcocotiers.fr\/wp-content\/uploads\/2020\/11\/Journees-decouverte-autour-barcelone-768x197.jpg 768w, https:\/\/aventuresetcocotiers.fr\/wp-content\/uploads\/2020\/11\/Journees-decouverte-autour-barcelone-1536x395.jpg 1536w\" sizes=\"(max-width: 2000px) 100vw, 2000px\" \/><\/figure>\n\n\n\n<figure class=\"wp-block-image size-full\"><img loading=\"lazy\" width=\"2000\" height=\"516\" src=\"https:\/\/aventuresetcocotiers.fr\/wp-content\/uploads\/2020\/11\/Bonnes-adresses-autour-de-barcelone.jpg\" alt=\"\" class=\"wp-image-1921\" srcset=\"https:\/\/aventuresetcocotiers.fr\/wp-content\/uploads\/2020\/11\/Bonnes-adresses-autour-de-barcelone.jpg 2000w, https:\/\/aventuresetcocotiers.fr\/wp-content\/uploads\/2020\/11\/Bonnes-adresses-autour-de-barcelone-300x77.jpg 300w, https:\/\/aventuresetcocotiers.fr\/wp-content\/uploads\/2020\/11\/Bonnes-adresses-autour-de-barcelone-1024x264.jpg 1024w, https:\/\/aventuresetcocotiers.fr\/wp-content\/uploads\/2020\/11\/Bonnes-adresses-autour-de-barcelone-768x198.jpg 768w, https:\/\/aventuresetcocotiers.fr\/wp-content\/uploads\/2020\/11\/Bonnes-adresses-autour-de-barcelone-1536x396.jpg 1536w\" sizes=\"(max-width: 2000px) 100vw, 2000px\" \/><\/figure>\n","protected":false},"excerpt":{"rendered":"<p>Barcelone est une ville incontournable \u00e0 visiter en Europe ! Barcelone c&rsquo;est les monuments uniques de Gaudi, les tapas, le soleil,&#8230; Bon pour le soleil nous y sommes all\u00e9s deux fois, et \u00e0 chaque fois en hiver, alors je ne pourrais pas trop vous parler plage et chaleur ! La ville se visite tr\u00e8s facilement [&hellip;]<\/p>\n","protected":false},"author":1,"featured_media":0,"parent":1881,"menu_order":0,"comment_status":"closed","ping_status":"closed","template":"template-full.php","meta":[],"yoast_head":"<!-- This site is optimized with the Yoast SEO plugin v15.2.1 - https:\/\/yoast.com\/wordpress\/plugins\/seo\/ -->\n<title>Espagne - Barcelone &amp; Alentours |<\/title>\n<meta name=\"robots\" content=\"index, follow, max-snippet:-1, max-image-preview:large, max-video-preview:-1\" \/>\n<link rel=\"canonical\" href=\"https:\/\/aventuresetcocotiers.fr\/index.php\/voyage-europe\/espagne-barcelone-et-alentours\/\" \/>\n<meta property=\"og:locale\" content=\"fr_FR\" \/>\n<meta property=\"og:type\" content=\"article\" \/>\n<meta property=\"og:title\" content=\"Espagne - Barcelone &amp; Alentours |\" \/>\n<meta property=\"og:description\" content=\"Barcelone est une ville incontournable \u00e0 visiter en Europe ! Barcelone c&rsquo;est les monuments uniques de Gaudi, les tapas, le soleil,&#8230; Bon pour le soleil nous y sommes all\u00e9s deux fois, et \u00e0 chaque fois en hiver, alors je ne pourrais pas trop vous parler plage et chaleur ! La ville se visite tr\u00e8s facilement [&hellip;]\" \/>\n<meta property=\"og:url\" content=\"https:\/\/aventuresetcocotiers.fr\/index.php\/voyage-europe\/espagne-barcelone-et-alentours\/\" \/>\n<meta property=\"article:modified_time\" content=\"2020-11-07T12:36:16+00:00\" \/>\n<meta property=\"og:image\" content=\"https:\/\/aventuresetcocotiers.fr\/wp-content\/uploads\/2020\/11\/Mon-itineraire-Barcelone.jpg\" \/>\n<meta name=\"twitter:card\" content=\"summary\" \/>\n<meta name=\"twitter:label1\" content=\"\u00c9crit par\">\n\t<meta name=\"twitter:data1\" content=\"admin2603\">\n\t<meta name=\"twitter:label2\" content=\"Dur\u00e9e de lecture est.\">\n\t<meta name=\"twitter:data2\" content=\"1 minute\">\n<script type=\"application\/ld+json\" class=\"yoast-schema-graph\">{\"@context\":\"https:\/\/schema.org\",\"@graph\":[{\"@type\":\"WebSite\",\"@id\":\"https:\/\/aventuresetcocotiers.fr\/#website\",\"url\":\"https:\/\/aventuresetcocotiers.fr\/\",\"name\":\"\",\"description\":\"\",\"potentialAction\":[{\"@type\":\"SearchAction\",\"target\":\"https:\/\/aventuresetcocotiers.fr\/?s={search_term_string}\",\"query-input\":\"required name=search_term_string\"}],\"inLanguage\":\"fr-FR\"},{\"@type\":\"ImageObject\",\"@id\":\"https:\/\/aventuresetcocotiers.fr\/index.php\/voyage-europe\/espagne-barcelone-et-alentours\/#primaryimage\",\"inLanguage\":\"fr-FR\",\"url\":\"https:\/\/aventuresetcocotiers.fr\/wp-content\/uploads\/2020\/11\/Mon-itineraire-Barcelone.jpg\"},{\"@type\":\"WebPage\",\"@id\":\"https:\/\/aventuresetcocotiers.fr\/index.php\/voyage-europe\/espagne-barcelone-et-alentours\/#webpage\",\"url\":\"https:\/\/aventuresetcocotiers.fr\/index.php\/voyage-europe\/espagne-barcelone-et-alentours\/\",\"name\":\"Espagne - Barcelone & Alentours |\",\"isPartOf\":{\"@id\":\"https:\/\/aventuresetcocotiers.fr\/#website\"},\"primaryImageOfPage\":{\"@id\":\"https:\/\/aventuresetcocotiers.fr\/index.php\/voyage-europe\/espagne-barcelone-et-alentours\/#primaryimage\"},\"datePublished\":\"2020-11-07T11:54:24+00:00\",\"dateModified\":\"2020-11-07T12:36:16+00:00\",\"breadcrumb\":{\"@id\":\"https:\/\/aventuresetcocotiers.fr\/index.php\/voyage-europe\/espagne-barcelone-et-alentours\/#breadcrumb\"},\"inLanguage\":\"fr-FR\",\"potentialAction\":[{\"@type\":\"ReadAction\",\"target\":[\"https:\/\/aventuresetcocotiers.fr\/index.php\/voyage-europe\/espagne-barcelone-et-alentours\/\"]}]},{\"@type\":\"BreadcrumbList\",\"@id\":\"https:\/\/aventuresetcocotiers.fr\/index.php\/voyage-europe\/espagne-barcelone-et-alentours\/#breadcrumb\",\"itemListElement\":[{\"@type\":\"ListItem\",\"position\":1,\"item\":{\"@type\":\"WebPage\",\"@id\":\"http:\/\/aventuresetcocotiers.fr\/\",\"url\":\"http:\/\/aventuresetcocotiers.fr\/\",\"name\":\"Accueil\"}},{\"@type\":\"ListItem\",\"position\":2,\"item\":{\"@type\":\"WebPage\",\"@id\":\"https:\/\/aventuresetcocotiers.fr\/index.php\/voyage-europe\/\",\"url\":\"https:\/\/aventuresetcocotiers.fr\/index.php\/voyage-europe\/\",\"name\":\"Europe\"}},{\"@type\":\"ListItem\",\"position\":3,\"item\":{\"@type\":\"WebPage\",\"@id\":\"https:\/\/aventuresetcocotiers.fr\/index.php\/voyage-europe\/espagne-barcelone-et-alentours\/\",\"url\":\"https:\/\/aventuresetcocotiers.fr\/index.php\/voyage-europe\/espagne-barcelone-et-alentours\/\",\"name\":\"Espagne &#8211; Barcelone &#038; Alentours\"}}]}]}<\/script>\n<!-- \/ Yoast SEO plugin. -->","_links":{"self":[{"href":"https:\/\/aventuresetcocotiers.fr\/index.php\/wp-json\/wp\/v2\/pages\/1915"}],"collection":[{"href":"https:\/\/aventuresetcocotiers.fr\/index.php\/wp-json\/wp\/v2\/pages"}],"about":[{"href":"https:\/\/aventuresetcocotiers.fr\/index.php\/wp-json\/wp\/v2\/types\/page"}],"author":[{"embeddable":true,"href":"https:\/\/aventuresetcocotiers.fr\/index.php\/wp-json\/wp\/v2\/users\/1"}],"replies":[{"embeddable":true,"href":"https:\/\/aventuresetcocotiers.fr\/index.php\/wp-json\/wp\/v2\/comments?post=1915"}],"version-history":[{"count":5,"href":"https:\/\/aventuresetcocotiers.fr\/index.php\/wp-json\/wp\/v2\/pages\/1915\/revisions"}],"predecessor-version":[{"id":1941,"href":"https:\/\/aventuresetcocotiers.fr\/index.php\/wp-json\/wp\/v2\/pages\/1915\/revisions\/1941"}],"up":[{"embeddable":true,"href":"https:\/\/aventuresetcocotiers.fr\/index.php\/wp-json\/wp\/v2\/pages\/1881"}],"wp:attachment":[{"href":"https:\/\/aventuresetcocotiers.fr\/index.php\/wp-json\/wp\/v2\/media?parent=1915"}],"curies":[{"name":"wp","href":"https:\/\/api.w.org\/{rel}","templated":true}]}}