{"id":1937,"date":"2020-11-07T13:33:38","date_gmt":"2020-11-07T12:33:38","guid":{"rendered":"http:\/\/aventuresetcocotiers.fr\/?page_id=1937"},"modified":"2022-01-12T20:52:41","modified_gmt":"2022-01-12T19:52:41","slug":"barcelone-budget","status":"publish","type":"page","link":"https:\/\/aventuresetcocotiers.fr\/index.php\/voyage-europe\/espagne-barcelone-et-alentours\/barcelone-budget\/","title":{"rendered":"Budget 5 jours \u00e0 Barcelone"},"content":{"rendered":"\n<p style=\"font-size:15px\"><br>Un petit d\u00e9tail&nbsp;de mes d\u00e9penses pour vous donner une id\u00e9e des prix \/ de budget \u00e0 pr\u00e9voir pour Barcelone. Prix 2013<\/p>\n\n\n\n<h4 class=\"has-text-color\" style=\"font-size:15px;color:#8ad8c2\">VOLS (prix par personne)<\/h4>\n\n\n\n<p style=\"font-size:15px\">Vols Lyon &gt; Barcelone (Easyjet) sans bagage en soute&nbsp;: 60 \u20ac<\/p>\n\n\n\n<h4 class=\"has-text-color\" style=\"font-size:15px;color:#8ad8c2\">HOTEL (prix par chambre et par nuit)<\/h4>\n\n\n\n<p style=\"font-size:15px\">H\u00f4tel Hesperia Metropol : 50 \u20ac<\/p>\n\n\n\n<h4 class=\"has-text-color\" style=\"font-size:15px;color:#8ad8c2\"><strong>VISITES &amp; ACTIVITES<\/strong> (prix par personne)<\/h4>\n\n\n\n<p style=\"font-size:15px\">Sagrada Familia : 18 \u20ac (visite + tour)<br>Cath\u00e9drale de Barcelone &#8211; rooftop : 2,50 \u20ac<br>Park Guell : 10 \u20ac<br>Casa Batll\u00f3 : 20,35 \u20ac<br>Casa Mil\u00e0&nbsp;: 16,50 \u20ac<br>Labyrinthe d&rsquo;Horta : 2 \u20ac<\/p>\n\n\n\n<h4 class=\"has-text-color\" style=\"font-size:15px;color:#8ad8c2\">TRANSPORTS (prix total)<\/h4>\n\n\n\n<p style=\"font-size:15px\">Bus a\u00e9roport &gt; Plaza Catalunya (aller simple) : 9,95 \u20ac <br>Taxi a\u00e9roport vers h\u00f4tel quartier El Born : 35 \u20ac<br>Taxi Sagrada Familia vers a\u00e9roport : 35 \u20ac<br>Ticket de m\u00e9tro : 2,15 \u20ac<\/p>\n\n\n\n<h4 class=\"has-text-color\" style=\"font-size:15px;color:#8ad8c2\">RESTAURANT (prix par personne)<\/h4>\n\n\n\n<p style=\"font-size:15px\">Restaurant tapas : 20-30 \u20ac<br>Cocktail : 7-8 \u20ac (mais aussi \u00e0 partir de 4\u20ac dans certains bar)<\/p>\n","protected":false},"excerpt":{"rendered":"<p>Un petit d\u00e9tail&nbsp;de mes d\u00e9penses pour vous donner une id\u00e9e des prix \/ de budget \u00e0 pr\u00e9voir pour Barcelone. Prix 2013 VOLS (prix par personne) Vols Lyon &gt; Barcelone (Easyjet) sans bagage en soute&nbsp;: 60 \u20ac HOTEL (prix par chambre et par nuit) H\u00f4tel Hesperia Metropol : 50 \u20ac VISITES &amp; ACTIVITES (prix par personne) [&hellip;]<\/p>\n","protected":false},"author":1,"featured_media":0,"parent":1915,"menu_order":0,"comment_status":"open","ping_status":"closed","template":"","meta":[],"yoast_head":"<!-- This site is optimized with the Yoast SEO plugin v15.2.1 - https:\/\/yoast.com\/wordpress\/plugins\/seo\/ -->\n<title>Budget 5 jours \u00e0 Barcelone |<\/title>\n<meta name=\"robots\" content=\"index, follow, max-snippet:-1, max-image-preview:large, max-video-preview:-1\" \/>\n<link rel=\"canonical\" href=\"https:\/\/aventuresetcocotiers.fr\/index.php\/voyage-europe\/espagne-barcelone-et-alentours\/barcelone-budget\/\" \/>\n<meta property=\"og:locale\" content=\"fr_FR\" \/>\n<meta property=\"og:type\" content=\"article\" \/>\n<meta property=\"og:title\" content=\"Budget 5 jours \u00e0 Barcelone |\" \/>\n<meta property=\"og:description\" content=\"Un petit d\u00e9tail&nbsp;de mes d\u00e9penses pour vous donner une id\u00e9e des prix \/ de budget \u00e0 pr\u00e9voir pour Barcelone. Prix 2013 VOLS (prix par personne) Vols Lyon &gt; Barcelone (Easyjet) sans bagage en soute&nbsp;: 60 \u20ac HOTEL (prix par chambre et par nuit) H\u00f4tel Hesperia Metropol : 50 \u20ac VISITES &amp; ACTIVITES (prix par personne) [&hellip;]\" \/>\n<meta property=\"og:url\" content=\"https:\/\/aventuresetcocotiers.fr\/index.php\/voyage-europe\/espagne-barcelone-et-alentours\/barcelone-budget\/\" \/>\n<meta property=\"article:modified_time\" content=\"2022-01-12T19:52:41+00:00\" \/>\n<meta name=\"twitter:card\" content=\"summary\" \/>\n<meta name=\"twitter:label1\" content=\"\u00c9crit par\">\n\t<meta name=\"twitter:data1\" content=\"admin2603\">\n\t<meta name=\"twitter:label2\" content=\"Dur\u00e9e de lecture est.\">\n\t<meta name=\"twitter:data2\" content=\"0 minute\">\n<script type=\"application\/ld+json\" class=\"yoast-schema-graph\">{\"@context\":\"https:\/\/schema.org\",\"@graph\":[{\"@type\":\"WebSite\",\"@id\":\"https:\/\/aventuresetcocotiers.fr\/#website\",\"url\":\"https:\/\/aventuresetcocotiers.fr\/\",\"name\":\"\",\"description\":\"\",\"potentialAction\":[{\"@type\":\"SearchAction\",\"target\":\"https:\/\/aventuresetcocotiers.fr\/?s={search_term_string}\",\"query-input\":\"required name=search_term_string\"}],\"inLanguage\":\"fr-FR\"},{\"@type\":\"WebPage\",\"@id\":\"https:\/\/aventuresetcocotiers.fr\/index.php\/voyage-europe\/espagne-barcelone-et-alentours\/barcelone-budget\/#webpage\",\"url\":\"https:\/\/aventuresetcocotiers.fr\/index.php\/voyage-europe\/espagne-barcelone-et-alentours\/barcelone-budget\/\",\"name\":\"Budget 5 jours \\u00e0 Barcelone |\",\"isPartOf\":{\"@id\":\"https:\/\/aventuresetcocotiers.fr\/#website\"},\"datePublished\":\"2020-11-07T12:33:38+00:00\",\"dateModified\":\"2022-01-12T19:52:41+00:00\",\"breadcrumb\":{\"@id\":\"https:\/\/aventuresetcocotiers.fr\/index.php\/voyage-europe\/espagne-barcelone-et-alentours\/barcelone-budget\/#breadcrumb\"},\"inLanguage\":\"fr-FR\",\"potentialAction\":[{\"@type\":\"ReadAction\",\"target\":[\"https:\/\/aventuresetcocotiers.fr\/index.php\/voyage-europe\/espagne-barcelone-et-alentours\/barcelone-budget\/\"]}]},{\"@type\":\"BreadcrumbList\",\"@id\":\"https:\/\/aventuresetcocotiers.fr\/index.php\/voyage-europe\/espagne-barcelone-et-alentours\/barcelone-budget\/#breadcrumb\",\"itemListElement\":[{\"@type\":\"ListItem\",\"position\":1,\"item\":{\"@type\":\"WebPage\",\"@id\":\"http:\/\/aventuresetcocotiers.fr\/\",\"url\":\"http:\/\/aventuresetcocotiers.fr\/\",\"name\":\"Accueil\"}},{\"@type\":\"ListItem\",\"position\":2,\"item\":{\"@type\":\"WebPage\",\"@id\":\"https:\/\/aventuresetcocotiers.fr\/index.php\/voyage-europe\/\",\"url\":\"https:\/\/aventuresetcocotiers.fr\/index.php\/voyage-europe\/\",\"name\":\"Europe\"}},{\"@type\":\"ListItem\",\"position\":3,\"item\":{\"@type\":\"WebPage\",\"@id\":\"https:\/\/aventuresetcocotiers.fr\/index.php\/voyage-europe\/espagne-barcelone-et-alentours\/\",\"url\":\"https:\/\/aventuresetcocotiers.fr\/index.php\/voyage-europe\/espagne-barcelone-et-alentours\/\",\"name\":\"Espagne &#8211; Barcelone &#038; Alentours\"}},{\"@type\":\"ListItem\",\"position\":4,\"item\":{\"@type\":\"WebPage\",\"@id\":\"https:\/\/aventuresetcocotiers.fr\/index.php\/voyage-europe\/espagne-barcelone-et-alentours\/barcelone-budget\/\",\"url\":\"https:\/\/aventuresetcocotiers.fr\/index.php\/voyage-europe\/espagne-barcelone-et-alentours\/barcelone-budget\/\",\"name\":\"Budget 5 jours \\u00e0 Barcelone\"}}]}]}<\/script>\n<!-- \/ Yoast SEO plugin. -->","_links":{"self":[{"href":"https:\/\/aventuresetcocotiers.fr\/index.php\/wp-json\/wp\/v2\/pages\/1937"}],"collection":[{"href":"https:\/\/aventuresetcocotiers.fr\/index.php\/wp-json\/wp\/v2\/pages"}],"about":[{"href":"https:\/\/aventuresetcocotiers.fr\/index.php\/wp-json\/wp\/v2\/types\/page"}],"author":[{"embeddable":true,"href":"https:\/\/aventuresetcocotiers.fr\/index.php\/wp-json\/wp\/v2\/users\/1"}],"replies":[{"embeddable":true,"href":"https:\/\/aventuresetcocotiers.fr\/index.php\/wp-json\/wp\/v2\/comments?post=1937"}],"version-history":[{"count":4,"href":"https:\/\/aventuresetcocotiers.fr\/index.php\/wp-json\/wp\/v2\/pages\/1937\/revisions"}],"predecessor-version":[{"id":2881,"href":"https:\/\/aventuresetcocotiers.fr\/index.php\/wp-json\/wp\/v2\/pages\/1937\/revisions\/2881"}],"up":[{"embeddable":true,"href":"https:\/\/aventuresetcocotiers.fr\/index.php\/wp-json\/wp\/v2\/pages\/1915"}],"wp:attachment":[{"href":"https:\/\/aventuresetcocotiers.fr\/index.php\/wp-json\/wp\/v2\/media?parent=1937"}],"curies":[{"name":"wp","href":"https:\/\/api.w.org\/{rel}","templated":true}]}}