{"id":1946,"date":"2020-11-10T16:07:27","date_gmt":"2020-11-10T15:07:27","guid":{"rendered":"http:\/\/aventuresetcocotiers.fr\/?page_id=1946"},"modified":"2020-11-10T16:33:45","modified_gmt":"2020-11-10T15:33:45","slug":"espagne-sejour-madrid","status":"publish","type":"page","link":"https:\/\/aventuresetcocotiers.fr\/index.php\/voyage-europe\/espagne-sejour-madrid\/","title":{"rendered":"Espagne &#8211; Madrid"},"content":{"rendered":"\n<p style=\"font-size:15px\">Madrid fait partie des grandes villes \u00e0 visiter en Europe. On entend souvent parler de sa joie de vivre et de sa bonne ambiance.<\/p>\n\n\n\n<p style=\"font-size:15px\">Alors oui, c&rsquo;est vrai, il n&rsquo;y a pas grand chose \u00e0 visiter en soit, pas de monuments majeurs en ville. Madrid, c&rsquo;est des plazas, le Palais Royal, les petites rues pi\u00e9tonnes, le Parc du Retiro, des mus\u00e9es,&#8230; En fait, Madrid, c&rsquo;est la d\u00e9couverte de la culture espagnole \u00e0 travers sa gastronomie et son ambiance conviviale. On a d&rsquo;ailleurs beaucoup aim\u00e9 nous promener au hasard dans ses rues.<\/p>\n\n\n\n<p style=\"font-size:15px\">La ville se visite tr\u00e8s facilement le temps d&rsquo;un weekend, 2 ou 3 jours sur place. On peut y rester plus longtemps si l&rsquo;on veut visiter les mus\u00e9es de la ville (ce serait cependant un tr\u00e8s gros risque pour votre ligne !).<\/p>\n\n\n\n<p style=\"font-size:15px\">Les vols et l&rsquo;h\u00e9bergement sont plut\u00f4t bon march\u00e9, tout comme les restaurants et les visites.<\/p>\n\n\n\n<p style=\"font-size:15px\">Nous sommes partis en <strong>janvier 2018<\/strong> en groupe d&rsquo;amis. La ville est id\u00e9ale pour un weekend festif entre amis. En hiver, les temp\u00e9ratures restent plut\u00f4t douce. En janvier nous avons eu un weekend ensoleill\u00e9 un peu frais mais bien moins qu&rsquo;\u00e0 Lyon.<\/p>\n\n\n\n<figure class=\"wp-block-image size-full\"><a href=\"https:\/\/aventuresetcocotiers.fr\/index.php\/voyage-europe\/espagne-sejour-madrid\/madrid-weekend-3-jours\/\"><img loading=\"lazy\" width=\"2000\" height=\"515\" src=\"https:\/\/aventuresetcocotiers.fr\/wp-content\/uploads\/2020\/11\/Mon-itineraire-Madrid.jpg\" alt=\"\" class=\"wp-image-1949\" srcset=\"https:\/\/aventuresetcocotiers.fr\/wp-content\/uploads\/2020\/11\/Mon-itineraire-Madrid.jpg 2000w, https:\/\/aventuresetcocotiers.fr\/wp-content\/uploads\/2020\/11\/Mon-itineraire-Madrid-300x77.jpg 300w, https:\/\/aventuresetcocotiers.fr\/wp-content\/uploads\/2020\/11\/Mon-itineraire-Madrid-1024x264.jpg 1024w, https:\/\/aventuresetcocotiers.fr\/wp-content\/uploads\/2020\/11\/Mon-itineraire-Madrid-768x198.jpg 768w, https:\/\/aventuresetcocotiers.fr\/wp-content\/uploads\/2020\/11\/Mon-itineraire-Madrid-1536x396.jpg 1536w\" sizes=\"(max-width: 2000px) 100vw, 2000px\" \/><\/a><\/figure>\n\n\n\n<figure class=\"wp-block-image size-full\"><a href=\"http:\/\/aventuresetcocotiers.fr\/index.php\/voyage-europe\/espagne-sejour-madrid\/madrid-mon-top-5\/\"><img loading=\"lazy\" width=\"2000\" height=\"515\" src=\"https:\/\/aventuresetcocotiers.fr\/wp-content\/uploads\/2020\/11\/Mon-top-5-Madrid.jpg\" alt=\"\" class=\"wp-image-1950\" srcset=\"https:\/\/aventuresetcocotiers.fr\/wp-content\/uploads\/2020\/11\/Mon-top-5-Madrid.jpg 2000w, https:\/\/aventuresetcocotiers.fr\/wp-content\/uploads\/2020\/11\/Mon-top-5-Madrid-300x77.jpg 300w, https:\/\/aventuresetcocotiers.fr\/wp-content\/uploads\/2020\/11\/Mon-top-5-Madrid-1024x264.jpg 1024w, https:\/\/aventuresetcocotiers.fr\/wp-content\/uploads\/2020\/11\/Mon-top-5-Madrid-768x198.jpg 768w, https:\/\/aventuresetcocotiers.fr\/wp-content\/uploads\/2020\/11\/Mon-top-5-Madrid-1536x396.jpg 1536w\" sizes=\"(max-width: 2000px) 100vw, 2000px\" \/><\/a><\/figure>\n\n\n\n<figure class=\"wp-block-image size-full\"><a href=\"https:\/\/aventuresetcocotiers.fr\/index.php\/voyage-europe\/espagne-sejour-madrid\/madrid-les-bonnes-adresses\/\"><img loading=\"lazy\" width=\"2000\" height=\"516\" src=\"https:\/\/aventuresetcocotiers.fr\/wp-content\/uploads\/2020\/11\/Bonnes-adresses-Madrid.jpg\" alt=\"\" class=\"wp-image-1947\" srcset=\"https:\/\/aventuresetcocotiers.fr\/wp-content\/uploads\/2020\/11\/Bonnes-adresses-Madrid.jpg 2000w, https:\/\/aventuresetcocotiers.fr\/wp-content\/uploads\/2020\/11\/Bonnes-adresses-Madrid-300x77.jpg 300w, https:\/\/aventuresetcocotiers.fr\/wp-content\/uploads\/2020\/11\/Bonnes-adresses-Madrid-1024x264.jpg 1024w, https:\/\/aventuresetcocotiers.fr\/wp-content\/uploads\/2020\/11\/Bonnes-adresses-Madrid-768x198.jpg 768w, https:\/\/aventuresetcocotiers.fr\/wp-content\/uploads\/2020\/11\/Bonnes-adresses-Madrid-1536x396.jpg 1536w\" sizes=\"(max-width: 2000px) 100vw, 2000px\" \/><\/a><\/figure>\n\n\n\n<figure class=\"wp-block-image size-full\"><a href=\"http:\/\/aventuresetcocotiers.fr\/index.php\/voyage-europe\/espagne-sejour-madrid\/madrid-budget-weekend\/\"><img loading=\"lazy\" width=\"2000\" height=\"514\" src=\"https:\/\/aventuresetcocotiers.fr\/wp-content\/uploads\/2020\/11\/Budget-Madrid.jpg\" alt=\"\" class=\"wp-image-1948\" srcset=\"https:\/\/aventuresetcocotiers.fr\/wp-content\/uploads\/2020\/11\/Budget-Madrid.jpg 2000w, https:\/\/aventuresetcocotiers.fr\/wp-content\/uploads\/2020\/11\/Budget-Madrid-300x77.jpg 300w, https:\/\/aventuresetcocotiers.fr\/wp-content\/uploads\/2020\/11\/Budget-Madrid-1024x263.jpg 1024w, https:\/\/aventuresetcocotiers.fr\/wp-content\/uploads\/2020\/11\/Budget-Madrid-768x197.jpg 768w, https:\/\/aventuresetcocotiers.fr\/wp-content\/uploads\/2020\/11\/Budget-Madrid-1536x395.jpg 1536w\" sizes=\"(max-width: 2000px) 100vw, 2000px\" \/><\/a><\/figure>\n","protected":false},"excerpt":{"rendered":"<p>Madrid fait partie des grandes villes \u00e0 visiter en Europe. On entend souvent parler de sa joie de vivre et de sa bonne ambiance. Alors oui, c&rsquo;est vrai, il n&rsquo;y a pas grand chose \u00e0 visiter en soit, pas de monuments majeurs en ville. Madrid, c&rsquo;est des plazas, le Palais Royal, les petites rues pi\u00e9tonnes, [&hellip;]<\/p>\n","protected":false},"author":1,"featured_media":0,"parent":1881,"menu_order":0,"comment_status":"closed","ping_status":"closed","template":"template-full.php","meta":[],"yoast_head":"<!-- This site is optimized with the Yoast SEO plugin v15.2.1 - https:\/\/yoast.com\/wordpress\/plugins\/seo\/ -->\n<title>Espagne - Madrid |<\/title>\n<meta name=\"robots\" content=\"index, follow, max-snippet:-1, max-image-preview:large, max-video-preview:-1\" \/>\n<link rel=\"canonical\" href=\"https:\/\/aventuresetcocotiers.fr\/index.php\/voyage-europe\/espagne-sejour-madrid\/\" \/>\n<meta property=\"og:locale\" content=\"fr_FR\" \/>\n<meta property=\"og:type\" content=\"article\" \/>\n<meta property=\"og:title\" content=\"Espagne - Madrid |\" \/>\n<meta property=\"og:description\" content=\"Madrid fait partie des grandes villes \u00e0 visiter en Europe. On entend souvent parler de sa joie de vivre et de sa bonne ambiance. Alors oui, c&rsquo;est vrai, il n&rsquo;y a pas grand chose \u00e0 visiter en soit, pas de monuments majeurs en ville. Madrid, c&rsquo;est des plazas, le Palais Royal, les petites rues pi\u00e9tonnes, [&hellip;]\" \/>\n<meta property=\"og:url\" content=\"https:\/\/aventuresetcocotiers.fr\/index.php\/voyage-europe\/espagne-sejour-madrid\/\" \/>\n<meta property=\"article:modified_time\" content=\"2020-11-10T15:33:45+00:00\" \/>\n<meta property=\"og:image\" content=\"https:\/\/aventuresetcocotiers.fr\/wp-content\/uploads\/2020\/11\/Mon-itineraire-Madrid.jpg\" \/>\n<meta name=\"twitter:card\" content=\"summary\" \/>\n<meta name=\"twitter:label1\" content=\"\u00c9crit par\">\n\t<meta name=\"twitter:data1\" content=\"admin2603\">\n\t<meta name=\"twitter:label2\" content=\"Dur\u00e9e de lecture est.\">\n\t<meta name=\"twitter:data2\" content=\"1 minute\">\n<script type=\"application\/ld+json\" class=\"yoast-schema-graph\">{\"@context\":\"https:\/\/schema.org\",\"@graph\":[{\"@type\":\"WebSite\",\"@id\":\"https:\/\/aventuresetcocotiers.fr\/#website\",\"url\":\"https:\/\/aventuresetcocotiers.fr\/\",\"name\":\"\",\"description\":\"\",\"potentialAction\":[{\"@type\":\"SearchAction\",\"target\":\"https:\/\/aventuresetcocotiers.fr\/?s={search_term_string}\",\"query-input\":\"required name=search_term_string\"}],\"inLanguage\":\"fr-FR\"},{\"@type\":\"ImageObject\",\"@id\":\"https:\/\/aventuresetcocotiers.fr\/index.php\/voyage-europe\/espagne-sejour-madrid\/#primaryimage\",\"inLanguage\":\"fr-FR\",\"url\":\"https:\/\/aventuresetcocotiers.fr\/wp-content\/uploads\/2020\/11\/Mon-itineraire-Madrid.jpg\",\"width\":2000,\"height\":515},{\"@type\":\"WebPage\",\"@id\":\"https:\/\/aventuresetcocotiers.fr\/index.php\/voyage-europe\/espagne-sejour-madrid\/#webpage\",\"url\":\"https:\/\/aventuresetcocotiers.fr\/index.php\/voyage-europe\/espagne-sejour-madrid\/\",\"name\":\"Espagne - Madrid |\",\"isPartOf\":{\"@id\":\"https:\/\/aventuresetcocotiers.fr\/#website\"},\"primaryImageOfPage\":{\"@id\":\"https:\/\/aventuresetcocotiers.fr\/index.php\/voyage-europe\/espagne-sejour-madrid\/#primaryimage\"},\"datePublished\":\"2020-11-10T15:07:27+00:00\",\"dateModified\":\"2020-11-10T15:33:45+00:00\",\"breadcrumb\":{\"@id\":\"https:\/\/aventuresetcocotiers.fr\/index.php\/voyage-europe\/espagne-sejour-madrid\/#breadcrumb\"},\"inLanguage\":\"fr-FR\",\"potentialAction\":[{\"@type\":\"ReadAction\",\"target\":[\"https:\/\/aventuresetcocotiers.fr\/index.php\/voyage-europe\/espagne-sejour-madrid\/\"]}]},{\"@type\":\"BreadcrumbList\",\"@id\":\"https:\/\/aventuresetcocotiers.fr\/index.php\/voyage-europe\/espagne-sejour-madrid\/#breadcrumb\",\"itemListElement\":[{\"@type\":\"ListItem\",\"position\":1,\"item\":{\"@type\":\"WebPage\",\"@id\":\"http:\/\/aventuresetcocotiers.fr\/\",\"url\":\"http:\/\/aventuresetcocotiers.fr\/\",\"name\":\"Accueil\"}},{\"@type\":\"ListItem\",\"position\":2,\"item\":{\"@type\":\"WebPage\",\"@id\":\"https:\/\/aventuresetcocotiers.fr\/index.php\/voyage-europe\/\",\"url\":\"https:\/\/aventuresetcocotiers.fr\/index.php\/voyage-europe\/\",\"name\":\"Europe\"}},{\"@type\":\"ListItem\",\"position\":3,\"item\":{\"@type\":\"WebPage\",\"@id\":\"https:\/\/aventuresetcocotiers.fr\/index.php\/voyage-europe\/espagne-sejour-madrid\/\",\"url\":\"https:\/\/aventuresetcocotiers.fr\/index.php\/voyage-europe\/espagne-sejour-madrid\/\",\"name\":\"Espagne &#8211; Madrid\"}}]}]}<\/script>\n<!-- \/ Yoast SEO plugin. -->","_links":{"self":[{"href":"https:\/\/aventuresetcocotiers.fr\/index.php\/wp-json\/wp\/v2\/pages\/1946"}],"collection":[{"href":"https:\/\/aventuresetcocotiers.fr\/index.php\/wp-json\/wp\/v2\/pages"}],"about":[{"href":"https:\/\/aventuresetcocotiers.fr\/index.php\/wp-json\/wp\/v2\/types\/page"}],"author":[{"embeddable":true,"href":"https:\/\/aventuresetcocotiers.fr\/index.php\/wp-json\/wp\/v2\/users\/1"}],"replies":[{"embeddable":true,"href":"https:\/\/aventuresetcocotiers.fr\/index.php\/wp-json\/wp\/v2\/comments?post=1946"}],"version-history":[{"count":4,"href":"https:\/\/aventuresetcocotiers.fr\/index.php\/wp-json\/wp\/v2\/pages\/1946\/revisions"}],"predecessor-version":[{"id":1964,"href":"https:\/\/aventuresetcocotiers.fr\/index.php\/wp-json\/wp\/v2\/pages\/1946\/revisions\/1964"}],"up":[{"embeddable":true,"href":"https:\/\/aventuresetcocotiers.fr\/index.php\/wp-json\/wp\/v2\/pages\/1881"}],"wp:attachment":[{"href":"https:\/\/aventuresetcocotiers.fr\/index.php\/wp-json\/wp\/v2\/media?parent=1946"}],"curies":[{"name":"wp","href":"https:\/\/api.w.org\/{rel}","templated":true}]}}