{"id":1962,"date":"2020-11-10T16:30:51","date_gmt":"2020-11-10T15:30:51","guid":{"rendered":"http:\/\/aventuresetcocotiers.fr\/?page_id=1962"},"modified":"2020-11-17T11:26:23","modified_gmt":"2020-11-17T10:26:23","slug":"madrid-budget-weekend","status":"publish","type":"page","link":"https:\/\/aventuresetcocotiers.fr\/index.php\/voyage-europe\/espagne-sejour-madrid\/madrid-budget-weekend\/","title":{"rendered":"Budget 3 jours \u00e0 Madrid"},"content":{"rendered":"\n<p style=\"font-size:15px\"><br>Un petit d\u00e9tail&nbsp;de mes d\u00e9penses pour vous donner une id\u00e9e des prix \/ de budget \u00e0 pr\u00e9voir pour Madrid. Prix 2018<br><\/p>\n\n\n\n<h4 class=\"has-text-color\" style=\"font-size:15px;color:#8ad8c2\"><strong>VOLS<\/strong> (prix par personne)<\/h4>\n\n\n\n<p style=\"font-size:15px\">Vols Lyon &gt; Madrid (aller Iberia, retour Easyjet &#8211; sans bagage en soute)&nbsp;: 80 \u20ac<br><\/p>\n\n\n\n<h4 class=\"has-text-color\" style=\"font-size:15px;color:#8ad8c2\">HOTELS (prix par chambre et par nuit)<\/h4>\n\n\n\n<p style=\"font-size:15px\">Airbnb (appartement pour 6 personnes)&nbsp;: 155 \u20ac<br><\/p>\n\n\n\n<h4 class=\"has-text-color\" style=\"font-size:15px;color:#8ad8c2\">VISITES \/ ACTIVITES (prix par personne)<\/h4>\n\n\n\n<p style=\"font-size:15px\">Palacio Real : 10 \u20ac<br>Circulo De Bellas Artes : 4 \u20ac<br><\/p>\n\n\n\n<h4 class=\"has-text-color\" style=\"font-size:15px;color:#8ad8c2\">TRANSPORTS (prix total)<\/h4>\n\n\n\n<p style=\"font-size:15px\">M\u00e9tro\/Bus (a\u00e9roport &gt; centre) : 5,45 \u20ac<br><\/p>\n\n\n\n<h4 class=\"has-text-color\" style=\"font-size:15px;color:#8ad8c2\">RESTAURANT (prix par personne)<\/h4>\n\n\n\n<p style=\"font-size:15px\">Resto Tapas : 12 \u20ac (en moyenne &#8211; plusieurs portions vari\u00e9es \u00e0 partager)<br>Sandwich : 3 \u20ac (en moyenne)<br>Cocktail : 5 \u20ac (en moyenne)<br>Churros con Chocolate \/ San Gines : 3-4 \u20ac<\/p>\n","protected":false},"excerpt":{"rendered":"<p>Un petit d\u00e9tail&nbsp;de mes d\u00e9penses pour vous donner une id\u00e9e des prix \/ de budget \u00e0 pr\u00e9voir pour Madrid. Prix 2018 VOLS (prix par personne) Vols Lyon &gt; Madrid (aller Iberia, retour Easyjet &#8211; sans bagage en soute)&nbsp;: 80 \u20ac HOTELS (prix par chambre et par nuit) Airbnb (appartement pour 6 personnes)&nbsp;: 155 \u20ac VISITES [&hellip;]<\/p>\n","protected":false},"author":1,"featured_media":0,"parent":1946,"menu_order":0,"comment_status":"open","ping_status":"closed","template":"","meta":[],"yoast_head":"<!-- This site is optimized with the Yoast SEO plugin v15.2.1 - https:\/\/yoast.com\/wordpress\/plugins\/seo\/ -->\n<title>Budget 3 jours \u00e0 Madrid |<\/title>\n<meta name=\"robots\" content=\"index, follow, max-snippet:-1, max-image-preview:large, max-video-preview:-1\" \/>\n<link rel=\"canonical\" href=\"https:\/\/aventuresetcocotiers.fr\/index.php\/voyage-europe\/espagne-sejour-madrid\/madrid-budget-weekend\/\" \/>\n<meta property=\"og:locale\" content=\"fr_FR\" \/>\n<meta property=\"og:type\" content=\"article\" \/>\n<meta property=\"og:title\" content=\"Budget 3 jours \u00e0 Madrid |\" \/>\n<meta property=\"og:description\" content=\"Un petit d\u00e9tail&nbsp;de mes d\u00e9penses pour vous donner une id\u00e9e des prix \/ de budget \u00e0 pr\u00e9voir pour Madrid. Prix 2018 VOLS (prix par personne) Vols Lyon &gt; Madrid (aller Iberia, retour Easyjet &#8211; sans bagage en soute)&nbsp;: 80 \u20ac HOTELS (prix par chambre et par nuit) Airbnb (appartement pour 6 personnes)&nbsp;: 155 \u20ac VISITES [&hellip;]\" \/>\n<meta property=\"og:url\" content=\"https:\/\/aventuresetcocotiers.fr\/index.php\/voyage-europe\/espagne-sejour-madrid\/madrid-budget-weekend\/\" \/>\n<meta property=\"article:modified_time\" content=\"2020-11-17T10:26:23+00:00\" \/>\n<meta name=\"twitter:card\" content=\"summary\" \/>\n<meta name=\"twitter:label1\" content=\"\u00c9crit par\">\n\t<meta name=\"twitter:data1\" content=\"admin2603\">\n\t<meta name=\"twitter:label2\" content=\"Dur\u00e9e de lecture est.\">\n\t<meta name=\"twitter:data2\" content=\"0 minute\">\n<script type=\"application\/ld+json\" class=\"yoast-schema-graph\">{\"@context\":\"https:\/\/schema.org\",\"@graph\":[{\"@type\":\"WebSite\",\"@id\":\"https:\/\/aventuresetcocotiers.fr\/#website\",\"url\":\"https:\/\/aventuresetcocotiers.fr\/\",\"name\":\"\",\"description\":\"\",\"potentialAction\":[{\"@type\":\"SearchAction\",\"target\":\"https:\/\/aventuresetcocotiers.fr\/?s={search_term_string}\",\"query-input\":\"required name=search_term_string\"}],\"inLanguage\":\"fr-FR\"},{\"@type\":\"WebPage\",\"@id\":\"https:\/\/aventuresetcocotiers.fr\/index.php\/voyage-europe\/espagne-sejour-madrid\/madrid-budget-weekend\/#webpage\",\"url\":\"https:\/\/aventuresetcocotiers.fr\/index.php\/voyage-europe\/espagne-sejour-madrid\/madrid-budget-weekend\/\",\"name\":\"Budget 3 jours \\u00e0 Madrid |\",\"isPartOf\":{\"@id\":\"https:\/\/aventuresetcocotiers.fr\/#website\"},\"datePublished\":\"2020-11-10T15:30:51+00:00\",\"dateModified\":\"2020-11-17T10:26:23+00:00\",\"breadcrumb\":{\"@id\":\"https:\/\/aventuresetcocotiers.fr\/index.php\/voyage-europe\/espagne-sejour-madrid\/madrid-budget-weekend\/#breadcrumb\"},\"inLanguage\":\"fr-FR\",\"potentialAction\":[{\"@type\":\"ReadAction\",\"target\":[\"https:\/\/aventuresetcocotiers.fr\/index.php\/voyage-europe\/espagne-sejour-madrid\/madrid-budget-weekend\/\"]}]},{\"@type\":\"BreadcrumbList\",\"@id\":\"https:\/\/aventuresetcocotiers.fr\/index.php\/voyage-europe\/espagne-sejour-madrid\/madrid-budget-weekend\/#breadcrumb\",\"itemListElement\":[{\"@type\":\"ListItem\",\"position\":1,\"item\":{\"@type\":\"WebPage\",\"@id\":\"http:\/\/aventuresetcocotiers.fr\/\",\"url\":\"http:\/\/aventuresetcocotiers.fr\/\",\"name\":\"Accueil\"}},{\"@type\":\"ListItem\",\"position\":2,\"item\":{\"@type\":\"WebPage\",\"@id\":\"https:\/\/aventuresetcocotiers.fr\/index.php\/voyage-europe\/\",\"url\":\"https:\/\/aventuresetcocotiers.fr\/index.php\/voyage-europe\/\",\"name\":\"Europe\"}},{\"@type\":\"ListItem\",\"position\":3,\"item\":{\"@type\":\"WebPage\",\"@id\":\"https:\/\/aventuresetcocotiers.fr\/index.php\/voyage-europe\/espagne-sejour-madrid\/\",\"url\":\"https:\/\/aventuresetcocotiers.fr\/index.php\/voyage-europe\/espagne-sejour-madrid\/\",\"name\":\"Espagne &#8211; Madrid\"}},{\"@type\":\"ListItem\",\"position\":4,\"item\":{\"@type\":\"WebPage\",\"@id\":\"https:\/\/aventuresetcocotiers.fr\/index.php\/voyage-europe\/espagne-sejour-madrid\/madrid-budget-weekend\/\",\"url\":\"https:\/\/aventuresetcocotiers.fr\/index.php\/voyage-europe\/espagne-sejour-madrid\/madrid-budget-weekend\/\",\"name\":\"Budget 3 jours \\u00e0 Madrid\"}}]}]}<\/script>\n<!-- \/ Yoast SEO plugin. -->","_links":{"self":[{"href":"https:\/\/aventuresetcocotiers.fr\/index.php\/wp-json\/wp\/v2\/pages\/1962"}],"collection":[{"href":"https:\/\/aventuresetcocotiers.fr\/index.php\/wp-json\/wp\/v2\/pages"}],"about":[{"href":"https:\/\/aventuresetcocotiers.fr\/index.php\/wp-json\/wp\/v2\/types\/page"}],"author":[{"embeddable":true,"href":"https:\/\/aventuresetcocotiers.fr\/index.php\/wp-json\/wp\/v2\/users\/1"}],"replies":[{"embeddable":true,"href":"https:\/\/aventuresetcocotiers.fr\/index.php\/wp-json\/wp\/v2\/comments?post=1962"}],"version-history":[{"count":2,"href":"https:\/\/aventuresetcocotiers.fr\/index.php\/wp-json\/wp\/v2\/pages\/1962\/revisions"}],"predecessor-version":[{"id":2289,"href":"https:\/\/aventuresetcocotiers.fr\/index.php\/wp-json\/wp\/v2\/pages\/1962\/revisions\/2289"}],"up":[{"embeddable":true,"href":"https:\/\/aventuresetcocotiers.fr\/index.php\/wp-json\/wp\/v2\/pages\/1946"}],"wp:attachment":[{"href":"https:\/\/aventuresetcocotiers.fr\/index.php\/wp-json\/wp\/v2\/media?parent=1962"}],"curies":[{"name":"wp","href":"https:\/\/api.w.org\/{rel}","templated":true}]}}