{"id":1980,"date":"2020-11-10T19:08:14","date_gmt":"2020-11-10T18:08:14","guid":{"rendered":"http:\/\/aventuresetcocotiers.fr\/?page_id=1980"},"modified":"2022-01-12T21:19:06","modified_gmt":"2022-01-12T20:19:06","slug":"islande-budget","status":"publish","type":"page","link":"https:\/\/aventuresetcocotiers.fr\/index.php\/voyage-europe\/voyage-islande\/islande-budget\/","title":{"rendered":"Budget 10 jours en Islande"},"content":{"rendered":"\n<div class=\"wp-block-image\"><figure class=\"alignleft size-full\"><img loading=\"lazy\" width=\"1280\" height=\"720\" src=\"http:\/\/aventuresetcocotiers.fr\/wp-content\/uploads\/2022\/01\/Bilan-budget-Islande-10-jours.jpg\" alt=\"\" class=\"wp-image-2884\" srcset=\"https:\/\/aventuresetcocotiers.fr\/wp-content\/uploads\/2022\/01\/Bilan-budget-Islande-10-jours.jpg 1280w, https:\/\/aventuresetcocotiers.fr\/wp-content\/uploads\/2022\/01\/Bilan-budget-Islande-10-jours-300x169.jpg 300w, https:\/\/aventuresetcocotiers.fr\/wp-content\/uploads\/2022\/01\/Bilan-budget-Islande-10-jours-1024x576.jpg 1024w, https:\/\/aventuresetcocotiers.fr\/wp-content\/uploads\/2022\/01\/Bilan-budget-Islande-10-jours-768x432.jpg 768w\" sizes=\"(max-width: 1280px) 100vw, 1280px\" \/><\/figure><\/div>\n\n\n\n<p style=\"font-size:15px\">Voici un petit d\u00e9tail&nbsp;de mes d\u00e9penses pour vous donner une id\u00e9e des prix \/ de budget \u00e0 pr\u00e9voir pour l&rsquo;Islande. Prix 2016<br>Les prix indiqu\u00e9s sont en couronne islandaise (ISK). En octobre 2016, le taux de change \u00e9tait de 1 ISK = 0,0078\u20ac soit 1\u20ac = 127 ISK.<br>Nous avons mang\u00e9 tr\u00e8s \u00e9conomique (sandwichs fait par nos soins le midi), 1 seul restaurant et 2 fast food. Nous avons s\u00e9lectionn\u00e9 des h\u00e9bergements de bon rapport qualit\u00e9\/prix. C\u00f4t\u00e9 activit\u00e9s, nous nous sommes fait plaisir avec le snorkeling \u00e0 Silfra.<br><\/p>\n\n\n<h4 class=\"fonts-plugin-block\" style=\"font-weight: normal;font-size: 15px;color: #8ad8c2;\"><strong>VOLS (prix par personne)<\/strong><\/h4>\n\n\n<p style=\"font-size:15px\">Vols Lyon &gt; Reykjavik aller-retour (Wow Air avec 1 bagage en soute pour 2 personnes)&nbsp;: 153 \u20ac<\/p>\n\n\n<h4 class=\"fonts-plugin-block\" style=\"font-weight: normal;font-size: 15px;color: #8ad8c2;\"><strong>HOTELS (prix par chambre et par nuit)<\/strong><\/h4>\n\n\n<p style=\"font-size:15px\">Airbnb Reykjavik : 64 \u20ac<br>Selfoss Hostel&nbsp;: 8040 ISK<br>Klausturhof Guesthouse : 80 \u20ac<br>H\u00f6rgsland Guesthouse : 90 \u20ac<br>Aska Hostel : 65 \u20ac<br>Eldsto guesthouse : 8300 ISK<br>Teigur guesthouse : 7600 ISK<br>Guesthouse Hof : 8500 ISK<\/p>\n\n\n<h4 class=\"fonts-plugin-block\" style=\"font-weight: normal;font-size: 15px;color: #8ad8c2;\"><strong>VISITES \/ ACTIVITES (prix par personne)<\/strong><\/h4>\n\n\n<p style=\"font-size:15px\">Snorkeling Silfra : 135 \u20ac<br>Blue Lagoon : 50 \u20ac<br>Eglise Hallgr\u00edmskirkja \u00e0 Reykjavik : 900 ISK<\/p>\n\n\n<h4 class=\"fonts-plugin-block\" style=\"font-weight: normal;font-size: 15px;color: #8ad8c2;\"><strong>TRANSPORTS (prix total)<\/strong><\/h4>\n\n\n<p style=\"font-size:15px\">Location de voiture 11 jours avec Geysir (prix total incluant assurance gravier, sable, cendre) : 483 \u20ac<br>Ferry Iles Vestmaan (travers\u00e9e aller-retour pi\u00e9ton): 2890 ISK&nbsp;<br>Parking journ\u00e9e \u00deingvellir : 500 ISK<br>Essence (au total) : 210 \u20ac<\/p>\n\n\n<h4 class=\"fonts-plugin-block\" style=\"font-weight: normal;font-size: 15px;color: #8ad8c2;\"><strong>RESTAURANT (prix par personne)<\/strong><\/h4>\n\n\n<p style=\"font-size:15px\">Restaurant indien Hradlestin \u00e0 Reykjavik : 3268 ISK<br>Pylsuvagninn (2 hot dog) \u00e0 Selfoss : 910 ISK<br>Subway (1 sandwich 15cm) : 779 ISK<br>Bouteille d&rsquo;eau 1,5l : 119-139 ISK<br>Cookies : 98 ISK<br>Baguette : 198-299 ISK<br>Paquet de p\u00e2tes Penne : 279&nbsp;ISK<br>Nouilles chinoises instantan\u00e9es (1 portion individuelle) : 37&nbsp;ISK<br>Charcuterie : 198-629 ISK<br>Fromage : 287-729 ISK<\/p>\n","protected":false},"excerpt":{"rendered":"<p>Voici un petit d\u00e9tail&nbsp;de mes d\u00e9penses pour vous donner une id\u00e9e des prix \/ de budget \u00e0 pr\u00e9voir pour l&rsquo;Islande. Prix 2016Les prix indiqu\u00e9s sont en couronne islandaise (ISK). En octobre 2016, le taux de change \u00e9tait de 1 ISK = 0,0078\u20ac soit 1\u20ac = 127 ISK.Nous avons mang\u00e9 tr\u00e8s \u00e9conomique (sandwichs fait par nos [&hellip;]<\/p>\n","protected":false},"author":1,"featured_media":0,"parent":1965,"menu_order":0,"comment_status":"open","ping_status":"closed","template":"","meta":[],"yoast_head":"<!-- This site is optimized with the Yoast SEO plugin v15.2.1 - https:\/\/yoast.com\/wordpress\/plugins\/seo\/ -->\n<title>Budget 10 jours en Islande |<\/title>\n<meta name=\"robots\" content=\"index, follow, max-snippet:-1, max-image-preview:large, max-video-preview:-1\" \/>\n<link rel=\"canonical\" href=\"https:\/\/aventuresetcocotiers.fr\/index.php\/voyage-europe\/voyage-islande\/islande-budget\/\" \/>\n<meta property=\"og:locale\" content=\"fr_FR\" \/>\n<meta property=\"og:type\" content=\"article\" \/>\n<meta property=\"og:title\" content=\"Budget 10 jours en Islande |\" \/>\n<meta property=\"og:description\" content=\"Voici un petit d\u00e9tail&nbsp;de mes d\u00e9penses pour vous donner une id\u00e9e des prix \/ de budget \u00e0 pr\u00e9voir pour l&rsquo;Islande. Prix 2016Les prix indiqu\u00e9s sont en couronne islandaise (ISK). En octobre 2016, le taux de change \u00e9tait de 1 ISK = 0,0078\u20ac soit 1\u20ac = 127 ISK.Nous avons mang\u00e9 tr\u00e8s \u00e9conomique (sandwichs fait par nos [&hellip;]\" \/>\n<meta property=\"og:url\" content=\"https:\/\/aventuresetcocotiers.fr\/index.php\/voyage-europe\/voyage-islande\/islande-budget\/\" \/>\n<meta property=\"article:modified_time\" content=\"2022-01-12T20:19:06+00:00\" \/>\n<meta property=\"og:image\" content=\"http:\/\/aventuresetcocotiers.fr\/wp-content\/uploads\/2022\/01\/Bilan-budget-Islande-10-jours.jpg\" \/>\n<meta name=\"twitter:card\" content=\"summary\" \/>\n<meta name=\"twitter:label1\" content=\"\u00c9crit par\">\n\t<meta name=\"twitter:data1\" content=\"admin2603\">\n\t<meta name=\"twitter:label2\" content=\"Dur\u00e9e de lecture est.\">\n\t<meta name=\"twitter:data2\" content=\"1 minute\">\n<script type=\"application\/ld+json\" class=\"yoast-schema-graph\">{\"@context\":\"https:\/\/schema.org\",\"@graph\":[{\"@type\":\"WebSite\",\"@id\":\"https:\/\/aventuresetcocotiers.fr\/#website\",\"url\":\"https:\/\/aventuresetcocotiers.fr\/\",\"name\":\"\",\"description\":\"\",\"potentialAction\":[{\"@type\":\"SearchAction\",\"target\":\"https:\/\/aventuresetcocotiers.fr\/?s={search_term_string}\",\"query-input\":\"required name=search_term_string\"}],\"inLanguage\":\"fr-FR\"},{\"@type\":\"ImageObject\",\"@id\":\"https:\/\/aventuresetcocotiers.fr\/index.php\/voyage-europe\/voyage-islande\/islande-budget\/#primaryimage\",\"inLanguage\":\"fr-FR\",\"url\":\"http:\/\/aventuresetcocotiers.fr\/wp-content\/uploads\/2022\/01\/Bilan-budget-Islande-10-jours.jpg\"},{\"@type\":\"WebPage\",\"@id\":\"https:\/\/aventuresetcocotiers.fr\/index.php\/voyage-europe\/voyage-islande\/islande-budget\/#webpage\",\"url\":\"https:\/\/aventuresetcocotiers.fr\/index.php\/voyage-europe\/voyage-islande\/islande-budget\/\",\"name\":\"Budget 10 jours en Islande |\",\"isPartOf\":{\"@id\":\"https:\/\/aventuresetcocotiers.fr\/#website\"},\"primaryImageOfPage\":{\"@id\":\"https:\/\/aventuresetcocotiers.fr\/index.php\/voyage-europe\/voyage-islande\/islande-budget\/#primaryimage\"},\"datePublished\":\"2020-11-10T18:08:14+00:00\",\"dateModified\":\"2022-01-12T20:19:06+00:00\",\"breadcrumb\":{\"@id\":\"https:\/\/aventuresetcocotiers.fr\/index.php\/voyage-europe\/voyage-islande\/islande-budget\/#breadcrumb\"},\"inLanguage\":\"fr-FR\",\"potentialAction\":[{\"@type\":\"ReadAction\",\"target\":[\"https:\/\/aventuresetcocotiers.fr\/index.php\/voyage-europe\/voyage-islande\/islande-budget\/\"]}]},{\"@type\":\"BreadcrumbList\",\"@id\":\"https:\/\/aventuresetcocotiers.fr\/index.php\/voyage-europe\/voyage-islande\/islande-budget\/#breadcrumb\",\"itemListElement\":[{\"@type\":\"ListItem\",\"position\":1,\"item\":{\"@type\":\"WebPage\",\"@id\":\"http:\/\/aventuresetcocotiers.fr\/\",\"url\":\"http:\/\/aventuresetcocotiers.fr\/\",\"name\":\"Accueil\"}},{\"@type\":\"ListItem\",\"position\":2,\"item\":{\"@type\":\"WebPage\",\"@id\":\"https:\/\/aventuresetcocotiers.fr\/index.php\/voyage-europe\/\",\"url\":\"https:\/\/aventuresetcocotiers.fr\/index.php\/voyage-europe\/\",\"name\":\"Europe\"}},{\"@type\":\"ListItem\",\"position\":3,\"item\":{\"@type\":\"WebPage\",\"@id\":\"https:\/\/aventuresetcocotiers.fr\/index.php\/voyage-europe\/voyage-islande\/\",\"url\":\"https:\/\/aventuresetcocotiers.fr\/index.php\/voyage-europe\/voyage-islande\/\",\"name\":\"Islande\"}},{\"@type\":\"ListItem\",\"position\":4,\"item\":{\"@type\":\"WebPage\",\"@id\":\"https:\/\/aventuresetcocotiers.fr\/index.php\/voyage-europe\/voyage-islande\/islande-budget\/\",\"url\":\"https:\/\/aventuresetcocotiers.fr\/index.php\/voyage-europe\/voyage-islande\/islande-budget\/\",\"name\":\"Budget 10 jours en Islande\"}}]}]}<\/script>\n<!-- \/ Yoast SEO plugin. -->","_links":{"self":[{"href":"https:\/\/aventuresetcocotiers.fr\/index.php\/wp-json\/wp\/v2\/pages\/1980"}],"collection":[{"href":"https:\/\/aventuresetcocotiers.fr\/index.php\/wp-json\/wp\/v2\/pages"}],"about":[{"href":"https:\/\/aventuresetcocotiers.fr\/index.php\/wp-json\/wp\/v2\/types\/page"}],"author":[{"embeddable":true,"href":"https:\/\/aventuresetcocotiers.fr\/index.php\/wp-json\/wp\/v2\/users\/1"}],"replies":[{"embeddable":true,"href":"https:\/\/aventuresetcocotiers.fr\/index.php\/wp-json\/wp\/v2\/comments?post=1980"}],"version-history":[{"count":5,"href":"https:\/\/aventuresetcocotiers.fr\/index.php\/wp-json\/wp\/v2\/pages\/1980\/revisions"}],"predecessor-version":[{"id":2888,"href":"https:\/\/aventuresetcocotiers.fr\/index.php\/wp-json\/wp\/v2\/pages\/1980\/revisions\/2888"}],"up":[{"embeddable":true,"href":"https:\/\/aventuresetcocotiers.fr\/index.php\/wp-json\/wp\/v2\/pages\/1965"}],"wp:attachment":[{"href":"https:\/\/aventuresetcocotiers.fr\/index.php\/wp-json\/wp\/v2\/media?parent=1980"}],"curies":[{"name":"wp","href":"https:\/\/api.w.org\/{rel}","templated":true}]}}