{"id":2,"date":"2016-08-24T10:38:01","date_gmt":"2016-08-24T09:38:01","guid":{"rendered":"http:\/\/aventuresetcocotiers.fr\/?page_id=2"},"modified":"2026-01-11T18:49:20","modified_gmt":"2026-01-11T17:49:20","slug":"page-d-exemple","status":"publish","type":"page","link":"https:\/\/aventuresetcocotiers.fr\/","title":{"rendered":"Accueil"},"content":{"rendered":"\n<div class=\"wp-block-columns\">\n<div class=\"wp-block-column\">\n<figure class=\"wp-block-image size-large is-style-default\"><img loading=\"lazy\" width=\"1024\" height=\"756\" src=\"http:\/\/aventuresetcocotiers.fr\/wp-content\/uploads\/2020\/10\/IMG_20200309_2028582-1024x756.jpg\" alt=\"\" class=\"wp-image-1563\" srcset=\"https:\/\/aventuresetcocotiers.fr\/wp-content\/uploads\/2020\/10\/IMG_20200309_2028582-1024x756.jpg 1024w, https:\/\/aventuresetcocotiers.fr\/wp-content\/uploads\/2020\/10\/IMG_20200309_2028582-300x222.jpg 300w, https:\/\/aventuresetcocotiers.fr\/wp-content\/uploads\/2020\/10\/IMG_20200309_2028582-768x567.jpg 768w, https:\/\/aventuresetcocotiers.fr\/wp-content\/uploads\/2020\/10\/IMG_20200309_2028582-1536x1134.jpg 1536w, https:\/\/aventuresetcocotiers.fr\/wp-content\/uploads\/2020\/10\/IMG_20200309_2028582-2048x1513.jpg 2048w\" sizes=\"(max-width: 1024px) 100vw, 1024px\" \/><\/figure>\n<\/div>\n\n\n\n<div class=\"wp-block-column is-vertically-aligned-center\">\n<p class=\"has-text-align-center\">Hello ! Moi c&rsquo;est M\u00e9lodie&#8230;<\/p>\n\n\n\n<p class=\"has-text-align-center\">Voyageuse, r\u00eaveuse, et conseill\u00e8re voyages, je vous partage sur mon blog mes itin\u00e9raires, mes bonnes adresses et le budget pour chacune des destinations que j&rsquo;ai pu d\u00e9couvrir.<\/p>\n\n\n\n<p class=\"has-text-align-center\">Lisez, commentez et partagez autour de vous, sans mod\u00e9ration !<\/p>\n<\/div>\n<\/div>\n\n\n\n<figure class=\"wp-block-image size-large\"><img loading=\"lazy\" width=\"1024\" height=\"466\" src=\"http:\/\/aventuresetcocotiers.fr\/wp-content\/uploads\/2026\/01\/world_map-color-2024-1024x466.jpg\" alt=\"\" class=\"wp-image-3310\" srcset=\"https:\/\/aventuresetcocotiers.fr\/wp-content\/uploads\/2026\/01\/world_map-color-2024-1024x466.jpg 1024w, https:\/\/aventuresetcocotiers.fr\/wp-content\/uploads\/2026\/01\/world_map-color-2024-300x136.jpg 300w, https:\/\/aventuresetcocotiers.fr\/wp-content\/uploads\/2026\/01\/world_map-color-2024-768x349.jpg 768w, https:\/\/aventuresetcocotiers.fr\/wp-content\/uploads\/2026\/01\/world_map-color-2024.jpg 1357w\" sizes=\"(max-width: 1024px) 100vw, 1024px\" \/><\/figure>\n\n\n\n<div class=\"wp-block-columns\">\n<div class=\"wp-block-column\">\n<figure class=\"wp-block-image size-large is-resized\"><a href=\"https:\/\/aventuresetcocotiers.fr\/index.php\/voyage-decouverte-en-afrique\/\"><img loading=\"lazy\" src=\"http:\/\/aventuresetcocotiers.fr\/wp-content\/uploads\/2020\/10\/Afrique-1-1024x977.jpg\" alt=\"\" class=\"wp-image-1572\" width=\"300\" height=\"300\" srcset=\"https:\/\/aventuresetcocotiers.fr\/wp-content\/uploads\/2020\/10\/Afrique-1-150x150.jpg 150w, https:\/\/aventuresetcocotiers.fr\/wp-content\/uploads\/2020\/10\/Afrique-1-365x365.jpg 365w, https:\/\/aventuresetcocotiers.fr\/wp-content\/uploads\/2020\/10\/Afrique-1-500x500.jpg 500w\" sizes=\"(max-width: 300px) 100vw, 300px\" \/><\/a><\/figure>\n<\/div>\n\n\n\n<div class=\"wp-block-column\">\n<figure class=\"wp-block-image size-large is-resized\"><a href=\"https:\/\/aventuresetcocotiers.fr\/index.php\/voyage-amerique-du-nord\/\"><img loading=\"lazy\" src=\"http:\/\/aventuresetcocotiers.fr\/wp-content\/uploads\/2020\/10\/Amerique-du-nord-1-1024x967.jpg\" alt=\"\" class=\"wp-image-1573\" width=\"300\" height=\"300\" srcset=\"https:\/\/aventuresetcocotiers.fr\/wp-content\/uploads\/2020\/10\/Amerique-du-nord-1-150x150.jpg 150w, https:\/\/aventuresetcocotiers.fr\/wp-content\/uploads\/2020\/10\/Amerique-du-nord-1-365x365.jpg 365w, https:\/\/aventuresetcocotiers.fr\/wp-content\/uploads\/2020\/10\/Amerique-du-nord-1-500x500.jpg 500w\" sizes=\"(max-width: 300px) 100vw, 300px\" \/><\/a><\/figure>\n<\/div>\n\n\n\n<div class=\"wp-block-column\">\n<figure class=\"wp-block-image size-large is-resized\"><a href=\"https:\/\/aventuresetcocotiers.fr\/index.php\/voyage-asie\/\"><img loading=\"lazy\" src=\"http:\/\/aventuresetcocotiers.fr\/wp-content\/uploads\/2020\/10\/Asie-1-1024x967.jpg\" alt=\"\" class=\"wp-image-1574\" width=\"300\" height=\"300\" srcset=\"https:\/\/aventuresetcocotiers.fr\/wp-content\/uploads\/2020\/10\/Asie-1-150x150.jpg 150w, https:\/\/aventuresetcocotiers.fr\/wp-content\/uploads\/2020\/10\/Asie-1-365x365.jpg 365w, https:\/\/aventuresetcocotiers.fr\/wp-content\/uploads\/2020\/10\/Asie-1-500x500.jpg 500w\" sizes=\"(max-width: 300px) 100vw, 300px\" \/><\/a><\/figure>\n<\/div>\n<\/div>\n\n\n\n<div class=\"wp-block-columns\">\n<div class=\"wp-block-column\">\n<figure class=\"wp-block-image size-large is-resized\"><a href=\"https:\/\/aventuresetcocotiers.fr\/index.php\/voyage-europe\/\"><img loading=\"lazy\" src=\"http:\/\/aventuresetcocotiers.fr\/wp-content\/uploads\/2020\/10\/Europe-1-1024x971.jpg\" alt=\"\" class=\"wp-image-1575\" width=\"300\" height=\"300\" srcset=\"https:\/\/aventuresetcocotiers.fr\/wp-content\/uploads\/2020\/10\/Europe-1-150x150.jpg 150w, https:\/\/aventuresetcocotiers.fr\/wp-content\/uploads\/2020\/10\/Europe-1-365x365.jpg 365w, https:\/\/aventuresetcocotiers.fr\/wp-content\/uploads\/2020\/10\/Europe-1-500x500.jpg 500w\" sizes=\"(max-width: 300px) 100vw, 300px\" \/><\/a><\/figure>\n<\/div>\n\n\n\n<div class=\"wp-block-column\">\n<figure class=\"wp-block-image size-large is-resized\"><a href=\"https:\/\/aventuresetcocotiers.fr\/index.php\/voyage-moyen-orient\/\"><img loading=\"lazy\" src=\"http:\/\/aventuresetcocotiers.fr\/wp-content\/uploads\/2020\/10\/Moyen-Orient-1-1024x973.jpg\" alt=\"\" class=\"wp-image-1576\" width=\"300\" height=\"300\" srcset=\"https:\/\/aventuresetcocotiers.fr\/wp-content\/uploads\/2020\/10\/Moyen-Orient-1-150x150.jpg 150w, https:\/\/aventuresetcocotiers.fr\/wp-content\/uploads\/2020\/10\/Moyen-Orient-1-365x365.jpg 365w, https:\/\/aventuresetcocotiers.fr\/wp-content\/uploads\/2020\/10\/Moyen-Orient-1-500x500.jpg 500w\" sizes=\"(max-width: 300px) 100vw, 300px\" \/><\/a><\/figure>\n<\/div>\n\n\n\n<div class=\"wp-block-column\">\n<figure class=\"wp-block-image size-large is-resized\"><a href=\"https:\/\/aventuresetcocotiers.fr\/index.php\/voyages-ocean-indien\/\"><img loading=\"lazy\" src=\"http:\/\/aventuresetcocotiers.fr\/wp-content\/uploads\/2020\/10\/Ocean-Indien-1-1024x975.jpg\" alt=\"\" class=\"wp-image-1577\" width=\"300\" height=\"300\" srcset=\"https:\/\/aventuresetcocotiers.fr\/wp-content\/uploads\/2020\/10\/Ocean-Indien-1-150x150.jpg 150w, https:\/\/aventuresetcocotiers.fr\/wp-content\/uploads\/2020\/10\/Ocean-Indien-1-365x365.jpg 365w, https:\/\/aventuresetcocotiers.fr\/wp-content\/uploads\/2020\/10\/Ocean-Indien-1-500x500.jpg 500w\" sizes=\"(max-width: 300px) 100vw, 300px\" \/><\/a><\/figure>\n<\/div>\n<\/div>\n\n\n\n<p><\/p>\n","protected":false},"excerpt":{"rendered":"<p>Hello ! Moi c&rsquo;est M\u00e9lodie&#8230; Voyageuse, r\u00eaveuse, et conseill\u00e8re voyages, je vous partage sur mon blog mes itin\u00e9raires, mes bonnes adresses et le budget pour chacune des destinations que j&rsquo;ai pu d\u00e9couvrir. Lisez, commentez et partagez autour de vous, sans mod\u00e9ration !<\/p>\n","protected":false},"author":1,"featured_media":0,"parent":0,"menu_order":0,"comment_status":"closed","ping_status":"open","template":"template-full.php","meta":[],"yoast_head":"<!-- This site is optimized with the Yoast SEO plugin v15.2.1 - https:\/\/yoast.com\/wordpress\/plugins\/seo\/ -->\n<title>Accueil |<\/title>\n<meta name=\"robots\" content=\"index, follow, max-snippet:-1, max-image-preview:large, max-video-preview:-1\" \/>\n<link rel=\"canonical\" href=\"http:\/\/aventuresetcocotiers.fr\/\" \/>\n<meta property=\"og:locale\" content=\"fr_FR\" \/>\n<meta property=\"og:type\" content=\"article\" \/>\n<meta property=\"og:title\" content=\"Accueil |\" \/>\n<meta property=\"og:description\" content=\"Hello ! Moi c&rsquo;est M\u00e9lodie&#8230; Voyageuse, r\u00eaveuse, et conseill\u00e8re voyages, je vous partage sur mon blog mes itin\u00e9raires, mes bonnes adresses et le budget pour chacune des destinations que j&rsquo;ai pu d\u00e9couvrir. Lisez, commentez et partagez autour de vous, sans mod\u00e9ration !\" \/>\n<meta property=\"og:url\" content=\"http:\/\/aventuresetcocotiers.fr\/\" \/>\n<meta property=\"article:modified_time\" content=\"2026-01-11T17:49:20+00:00\" \/>\n<meta property=\"og:image\" content=\"http:\/\/aventuresetcocotiers.fr\/wp-content\/uploads\/2020\/10\/IMG_20200309_2028582-1024x756.jpg\" \/>\n<meta name=\"twitter:card\" content=\"summary\" \/>\n<meta name=\"twitter:label1\" content=\"\u00c9crit par\">\n\t<meta name=\"twitter:data1\" content=\"admin2603\">\n\t<meta name=\"twitter:label2\" content=\"Dur\u00e9e de lecture est.\">\n\t<meta name=\"twitter:data2\" content=\"0 minute\">\n<script type=\"application\/ld+json\" class=\"yoast-schema-graph\">{\"@context\":\"https:\/\/schema.org\",\"@graph\":[{\"@type\":\"WebSite\",\"@id\":\"https:\/\/aventuresetcocotiers.fr\/#website\",\"url\":\"https:\/\/aventuresetcocotiers.fr\/\",\"name\":\"\",\"description\":\"\",\"potentialAction\":[{\"@type\":\"SearchAction\",\"target\":\"https:\/\/aventuresetcocotiers.fr\/?s={search_term_string}\",\"query-input\":\"required name=search_term_string\"}],\"inLanguage\":\"fr-FR\"},{\"@type\":\"ImageObject\",\"@id\":\"http:\/\/aventuresetcocotiers.fr\/#primaryimage\",\"inLanguage\":\"fr-FR\",\"url\":\"http:\/\/aventuresetcocotiers.fr\/wp-content\/uploads\/2020\/10\/IMG_20200309_2028582-1024x756.jpg\"},{\"@type\":\"WebPage\",\"@id\":\"http:\/\/aventuresetcocotiers.fr\/#webpage\",\"url\":\"http:\/\/aventuresetcocotiers.fr\/\",\"name\":\"Accueil |\",\"isPartOf\":{\"@id\":\"https:\/\/aventuresetcocotiers.fr\/#website\"},\"primaryImageOfPage\":{\"@id\":\"http:\/\/aventuresetcocotiers.fr\/#primaryimage\"},\"datePublished\":\"2016-08-24T09:38:01+00:00\",\"dateModified\":\"2026-01-11T17:49:20+00:00\",\"breadcrumb\":{\"@id\":\"http:\/\/aventuresetcocotiers.fr\/#breadcrumb\"},\"inLanguage\":\"fr-FR\",\"potentialAction\":[{\"@type\":\"ReadAction\",\"target\":[\"http:\/\/aventuresetcocotiers.fr\/\"]}]},{\"@type\":\"BreadcrumbList\",\"@id\":\"http:\/\/aventuresetcocotiers.fr\/#breadcrumb\",\"itemListElement\":[{\"@type\":\"ListItem\",\"position\":1,\"item\":{\"@type\":\"WebPage\",\"@id\":\"http:\/\/aventuresetcocotiers.fr\/\",\"url\":\"http:\/\/aventuresetcocotiers.fr\/\",\"name\":\"Accueil\"}},{\"@type\":\"ListItem\",\"position\":2,\"item\":{\"@type\":\"WebPage\",\"@id\":\"http:\/\/aventuresetcocotiers.fr\/\",\"url\":\"http:\/\/aventuresetcocotiers.fr\/\",\"name\":\"Accueil\"}}]}]}<\/script>\n<!-- \/ Yoast SEO plugin. -->","_links":{"self":[{"href":"https:\/\/aventuresetcocotiers.fr\/index.php\/wp-json\/wp\/v2\/pages\/2"}],"collection":[{"href":"https:\/\/aventuresetcocotiers.fr\/index.php\/wp-json\/wp\/v2\/pages"}],"about":[{"href":"https:\/\/aventuresetcocotiers.fr\/index.php\/wp-json\/wp\/v2\/types\/page"}],"author":[{"embeddable":true,"href":"https:\/\/aventuresetcocotiers.fr\/index.php\/wp-json\/wp\/v2\/users\/1"}],"replies":[{"embeddable":true,"href":"https:\/\/aventuresetcocotiers.fr\/index.php\/wp-json\/wp\/v2\/comments?post=2"}],"version-history":[{"count":77,"href":"https:\/\/aventuresetcocotiers.fr\/index.php\/wp-json\/wp\/v2\/pages\/2\/revisions"}],"predecessor-version":[{"id":3311,"href":"https:\/\/aventuresetcocotiers.fr\/index.php\/wp-json\/wp\/v2\/pages\/2\/revisions\/3311"}],"wp:attachment":[{"href":"https:\/\/aventuresetcocotiers.fr\/index.php\/wp-json\/wp\/v2\/media?parent=2"}],"curies":[{"name":"wp","href":"https:\/\/api.w.org\/{rel}","templated":true}]}}