{"id":2002,"date":"2020-11-10T19:29:04","date_gmt":"2020-11-10T18:29:04","guid":{"rendered":"http:\/\/aventuresetcocotiers.fr\/?page_id=2002"},"modified":"2020-11-17T19:56:45","modified_gmt":"2020-11-17T18:56:45","slug":"rome-budget","status":"publish","type":"page","link":"https:\/\/aventuresetcocotiers.fr\/index.php\/voyage-europe\/italie-sejour-rome\/rome-budget\/","title":{"rendered":"Budget 4 jours \u00e0 Rome"},"content":{"rendered":"\n<p style=\"font-size:15px\"><br>Un petit d\u00e9tail&nbsp;de mes d\u00e9penses pour vous donner une id\u00e9e des prix \/ de budget \u00e0 pr\u00e9voir pour Rome. Prix 2013<br><\/p>\n\n\n\n<h4 class=\"has-text-color\" style=\"font-size:15px;color:#8ad8c2\"><strong>VOLS<\/strong> (prix par personne)<\/h4>\n\n\n\n<p style=\"font-size:15px\">Vols Lyon &gt; Rome aller-retour (Easyjet sans bagage en soute)&nbsp;: 70\u20ac<\/p>\n\n\n\n<h4 class=\"has-text-color\" style=\"font-size:15px;color:#8ad8c2\">HOTELS (prix par chambre et par nuit)<\/h4>\n\n\n\n<p style=\"font-size:15px\">H\u00f4tel Louisiana : 51 \u20ac<\/p>\n\n\n\n<h4 class=\"has-text-color\" style=\"font-size:15px;color:#8ad8c2\">VISITES \/ ACTIVITES (prix par personne)<\/h4>\n\n\n\n<p style=\"font-size:15px\">Le Colis\u00e9e + forum romain et Palatin : 12 \u20ac<br>Terme di Caracalla : 6\u20ac, audioguide 4\u20ac<br>Mus\u00e9e du Vatican et Chapelle Sixtine : 16\u20ac<br>Basilica San Pietro &#8211; terrasse (acc\u00e8s \u00e0 pied par 551 marches) : 5\u20ac<br>Castel Sant&rsquo;Angelo : 8,50\u20ac<\/p>\n\n\n\n<h4 class=\"has-text-color\" style=\"font-size:15px;color:#8ad8c2\">TRANSPORTS (prix total)<\/h4>\n\n\n\n<p style=\"font-size:15px\">Transfert a\u00e9roport-Termini &#8211; bus terravision aller retour : 11\u20ac Ticket m\u00e9tro\/bus : 1,50\u20ac<br><br><\/p>\n","protected":false},"excerpt":{"rendered":"<p>Un petit d\u00e9tail&nbsp;de mes d\u00e9penses pour vous donner une id\u00e9e des prix \/ de budget \u00e0 pr\u00e9voir pour Rome. Prix 2013 VOLS (prix par personne) Vols Lyon &gt; Rome aller-retour (Easyjet sans bagage en soute)&nbsp;: 70\u20ac HOTELS (prix par chambre et par nuit) H\u00f4tel Louisiana : 51 \u20ac VISITES \/ ACTIVITES (prix par personne) Le [&hellip;]<\/p>\n","protected":false},"author":1,"featured_media":0,"parent":1985,"menu_order":0,"comment_status":"open","ping_status":"closed","template":"","meta":[],"yoast_head":"<!-- This site is optimized with the Yoast SEO plugin v15.2.1 - https:\/\/yoast.com\/wordpress\/plugins\/seo\/ -->\n<title>Budget 4 jours \u00e0 Rome |<\/title>\n<meta name=\"robots\" content=\"index, follow, max-snippet:-1, max-image-preview:large, max-video-preview:-1\" \/>\n<link rel=\"canonical\" href=\"https:\/\/aventuresetcocotiers.fr\/index.php\/voyage-europe\/italie-sejour-rome\/rome-budget\/\" \/>\n<meta property=\"og:locale\" content=\"fr_FR\" \/>\n<meta property=\"og:type\" content=\"article\" \/>\n<meta property=\"og:title\" content=\"Budget 4 jours \u00e0 Rome |\" \/>\n<meta property=\"og:description\" content=\"Un petit d\u00e9tail&nbsp;de mes d\u00e9penses pour vous donner une id\u00e9e des prix \/ de budget \u00e0 pr\u00e9voir pour Rome. Prix 2013 VOLS (prix par personne) Vols Lyon &gt; Rome aller-retour (Easyjet sans bagage en soute)&nbsp;: 70\u20ac HOTELS (prix par chambre et par nuit) H\u00f4tel Louisiana : 51 \u20ac VISITES \/ ACTIVITES (prix par personne) Le [&hellip;]\" \/>\n<meta property=\"og:url\" content=\"https:\/\/aventuresetcocotiers.fr\/index.php\/voyage-europe\/italie-sejour-rome\/rome-budget\/\" \/>\n<meta property=\"article:modified_time\" content=\"2020-11-17T18:56:45+00:00\" \/>\n<meta name=\"twitter:card\" content=\"summary\" \/>\n<meta name=\"twitter:label1\" content=\"\u00c9crit par\">\n\t<meta name=\"twitter:data1\" content=\"admin2603\">\n\t<meta name=\"twitter:label2\" content=\"Dur\u00e9e de lecture est.\">\n\t<meta name=\"twitter:data2\" content=\"0 minute\">\n<script type=\"application\/ld+json\" class=\"yoast-schema-graph\">{\"@context\":\"https:\/\/schema.org\",\"@graph\":[{\"@type\":\"WebSite\",\"@id\":\"https:\/\/aventuresetcocotiers.fr\/#website\",\"url\":\"https:\/\/aventuresetcocotiers.fr\/\",\"name\":\"\",\"description\":\"\",\"potentialAction\":[{\"@type\":\"SearchAction\",\"target\":\"https:\/\/aventuresetcocotiers.fr\/?s={search_term_string}\",\"query-input\":\"required name=search_term_string\"}],\"inLanguage\":\"fr-FR\"},{\"@type\":\"WebPage\",\"@id\":\"https:\/\/aventuresetcocotiers.fr\/index.php\/voyage-europe\/italie-sejour-rome\/rome-budget\/#webpage\",\"url\":\"https:\/\/aventuresetcocotiers.fr\/index.php\/voyage-europe\/italie-sejour-rome\/rome-budget\/\",\"name\":\"Budget 4 jours \\u00e0 Rome |\",\"isPartOf\":{\"@id\":\"https:\/\/aventuresetcocotiers.fr\/#website\"},\"datePublished\":\"2020-11-10T18:29:04+00:00\",\"dateModified\":\"2020-11-17T18:56:45+00:00\",\"breadcrumb\":{\"@id\":\"https:\/\/aventuresetcocotiers.fr\/index.php\/voyage-europe\/italie-sejour-rome\/rome-budget\/#breadcrumb\"},\"inLanguage\":\"fr-FR\",\"potentialAction\":[{\"@type\":\"ReadAction\",\"target\":[\"https:\/\/aventuresetcocotiers.fr\/index.php\/voyage-europe\/italie-sejour-rome\/rome-budget\/\"]}]},{\"@type\":\"BreadcrumbList\",\"@id\":\"https:\/\/aventuresetcocotiers.fr\/index.php\/voyage-europe\/italie-sejour-rome\/rome-budget\/#breadcrumb\",\"itemListElement\":[{\"@type\":\"ListItem\",\"position\":1,\"item\":{\"@type\":\"WebPage\",\"@id\":\"http:\/\/aventuresetcocotiers.fr\/\",\"url\":\"http:\/\/aventuresetcocotiers.fr\/\",\"name\":\"Accueil\"}},{\"@type\":\"ListItem\",\"position\":2,\"item\":{\"@type\":\"WebPage\",\"@id\":\"https:\/\/aventuresetcocotiers.fr\/index.php\/voyage-europe\/\",\"url\":\"https:\/\/aventuresetcocotiers.fr\/index.php\/voyage-europe\/\",\"name\":\"Europe\"}},{\"@type\":\"ListItem\",\"position\":3,\"item\":{\"@type\":\"WebPage\",\"@id\":\"https:\/\/aventuresetcocotiers.fr\/index.php\/voyage-europe\/italie-sejour-rome\/\",\"url\":\"https:\/\/aventuresetcocotiers.fr\/index.php\/voyage-europe\/italie-sejour-rome\/\",\"name\":\"Italie &#8211; Rome\"}},{\"@type\":\"ListItem\",\"position\":4,\"item\":{\"@type\":\"WebPage\",\"@id\":\"https:\/\/aventuresetcocotiers.fr\/index.php\/voyage-europe\/italie-sejour-rome\/rome-budget\/\",\"url\":\"https:\/\/aventuresetcocotiers.fr\/index.php\/voyage-europe\/italie-sejour-rome\/rome-budget\/\",\"name\":\"Budget 4 jours \\u00e0 Rome\"}}]}]}<\/script>\n<!-- \/ Yoast SEO plugin. -->","_links":{"self":[{"href":"https:\/\/aventuresetcocotiers.fr\/index.php\/wp-json\/wp\/v2\/pages\/2002"}],"collection":[{"href":"https:\/\/aventuresetcocotiers.fr\/index.php\/wp-json\/wp\/v2\/pages"}],"about":[{"href":"https:\/\/aventuresetcocotiers.fr\/index.php\/wp-json\/wp\/v2\/types\/page"}],"author":[{"embeddable":true,"href":"https:\/\/aventuresetcocotiers.fr\/index.php\/wp-json\/wp\/v2\/users\/1"}],"replies":[{"embeddable":true,"href":"https:\/\/aventuresetcocotiers.fr\/index.php\/wp-json\/wp\/v2\/comments?post=2002"}],"version-history":[{"count":4,"href":"https:\/\/aventuresetcocotiers.fr\/index.php\/wp-json\/wp\/v2\/pages\/2002\/revisions"}],"predecessor-version":[{"id":2297,"href":"https:\/\/aventuresetcocotiers.fr\/index.php\/wp-json\/wp\/v2\/pages\/2002\/revisions\/2297"}],"up":[{"embeddable":true,"href":"https:\/\/aventuresetcocotiers.fr\/index.php\/wp-json\/wp\/v2\/pages\/1985"}],"wp:attachment":[{"href":"https:\/\/aventuresetcocotiers.fr\/index.php\/wp-json\/wp\/v2\/media?parent=2002"}],"curies":[{"name":"wp","href":"https:\/\/api.w.org\/{rel}","templated":true}]}}