{"id":2006,"date":"2020-11-10T19:33:55","date_gmt":"2020-11-10T18:33:55","guid":{"rendered":"http:\/\/aventuresetcocotiers.fr\/?page_id=2006"},"modified":"2020-11-10T19:55:44","modified_gmt":"2020-11-10T18:55:44","slug":"pays-bas-sejour-amsterdam","status":"publish","type":"page","link":"https:\/\/aventuresetcocotiers.fr\/index.php\/voyage-europe\/pays-bas-sejour-amsterdam\/","title":{"rendered":"Pays-Bas &#8211; Amsterdam"},"content":{"rendered":"\n<p style=\"font-size:15px\">Amsterdam est une ville calme et romantique o\u00f9 il fait bon vivre.<\/p>\n\n\n\n<p style=\"font-size:15px\">La ville vous offre une multitude de choses \u00e0 faire : mus\u00e9es, d\u00e9couverte de ses diff\u00e9rents quartiers, balade en v\u00e9lo,&#8230; L\u2019architecture de la ville est assez unique, on ne se lasse pas de regarder les b\u00e2timents et de se promener le long des canaux.<\/p>\n\n\n\n<p style=\"font-size:15px\">J&rsquo;ai eu la chance de d\u00e9couvrir Amsterdam gr\u00e2ce \u00e0 mon homme et mes amis qui m&rsquo;ont offert un super cadeau pour mes 25 ans, les vols KLM de Lyon ! Encore merci \u00e0 tous !<\/p>\n\n\n\n<p style=\"font-size:15px\">Durant notre weekend de 3 jours en <strong>mai 2015<\/strong>, nous avons privil\u00e9gi\u00e9 une d\u00e9couverte ext\u00e9rieure de la ville. Nous n&rsquo;avons pas pris le temps de faire les mus\u00e9es, ce sera pour une prochaine fois ! Le mois de mai est une bonne p\u00e9riode pour aller \u00e0 Amsterdam, encore un peu frais au d\u00e9but du mois mais du coup tr\u00e8s agr\u00e9able pour se promener.<\/p>\n\n\n\n<p style=\"font-size:15px\">La magie de la ville a bien op\u00e9r\u00e9 sur nous&#8230; on irait bien vivre \u00e0 Amsterdam !<\/p>\n\n\n\n<figure class=\"wp-block-image size-full\"><a href=\"https:\/\/aventuresetcocotiers.fr\/index.php\/voyage-europe\/pays-bas-sejour-amsterdam\/amsterdam-weekend-3-jours\/\"><img loading=\"lazy\" width=\"2000\" height=\"514\" src=\"https:\/\/aventuresetcocotiers.fr\/wp-content\/uploads\/2020\/11\/Mon-itineraire-amsterdam.jpg\" alt=\"\" class=\"wp-image-2010\" srcset=\"https:\/\/aventuresetcocotiers.fr\/wp-content\/uploads\/2020\/11\/Mon-itineraire-amsterdam.jpg 2000w, https:\/\/aventuresetcocotiers.fr\/wp-content\/uploads\/2020\/11\/Mon-itineraire-amsterdam-300x77.jpg 300w, https:\/\/aventuresetcocotiers.fr\/wp-content\/uploads\/2020\/11\/Mon-itineraire-amsterdam-1024x263.jpg 1024w, https:\/\/aventuresetcocotiers.fr\/wp-content\/uploads\/2020\/11\/Mon-itineraire-amsterdam-768x197.jpg 768w, https:\/\/aventuresetcocotiers.fr\/wp-content\/uploads\/2020\/11\/Mon-itineraire-amsterdam-1536x395.jpg 1536w\" sizes=\"(max-width: 2000px) 100vw, 2000px\" \/><\/a><\/figure>\n\n\n\n<figure class=\"wp-block-image size-full\"><a href=\"https:\/\/aventuresetcocotiers.fr\/index.php\/voyage-europe\/pays-bas-sejour-amsterdam\/amsterdam-mon-top-5\/\"><img loading=\"lazy\" width=\"2000\" height=\"507\" src=\"https:\/\/aventuresetcocotiers.fr\/wp-content\/uploads\/2020\/11\/Mon-top-5-amsterdam.jpg\" alt=\"\" class=\"wp-image-2011\" srcset=\"https:\/\/aventuresetcocotiers.fr\/wp-content\/uploads\/2020\/11\/Mon-top-5-amsterdam.jpg 2000w, https:\/\/aventuresetcocotiers.fr\/wp-content\/uploads\/2020\/11\/Mon-top-5-amsterdam-300x76.jpg 300w, https:\/\/aventuresetcocotiers.fr\/wp-content\/uploads\/2020\/11\/Mon-top-5-amsterdam-1024x260.jpg 1024w, https:\/\/aventuresetcocotiers.fr\/wp-content\/uploads\/2020\/11\/Mon-top-5-amsterdam-768x195.jpg 768w, https:\/\/aventuresetcocotiers.fr\/wp-content\/uploads\/2020\/11\/Mon-top-5-amsterdam-1536x389.jpg 1536w\" sizes=\"(max-width: 2000px) 100vw, 2000px\" \/><\/a><\/figure>\n\n\n\n<figure class=\"wp-block-image size-full\"><a href=\"https:\/\/aventuresetcocotiers.fr\/index.php\/voyage-europe\/pays-bas-sejour-amsterdam\/amsterdam-les-bonnes-adresses\/\"><img loading=\"lazy\" width=\"2000\" height=\"510\" src=\"https:\/\/aventuresetcocotiers.fr\/wp-content\/uploads\/2020\/11\/bonnes-adresse-amsterdam.jpg\" alt=\"\" class=\"wp-image-2008\" srcset=\"https:\/\/aventuresetcocotiers.fr\/wp-content\/uploads\/2020\/11\/bonnes-adresse-amsterdam.jpg 2000w, https:\/\/aventuresetcocotiers.fr\/wp-content\/uploads\/2020\/11\/bonnes-adresse-amsterdam-300x77.jpg 300w, https:\/\/aventuresetcocotiers.fr\/wp-content\/uploads\/2020\/11\/bonnes-adresse-amsterdam-1024x261.jpg 1024w, https:\/\/aventuresetcocotiers.fr\/wp-content\/uploads\/2020\/11\/bonnes-adresse-amsterdam-768x196.jpg 768w, https:\/\/aventuresetcocotiers.fr\/wp-content\/uploads\/2020\/11\/bonnes-adresse-amsterdam-1536x392.jpg 1536w\" sizes=\"(max-width: 2000px) 100vw, 2000px\" \/><\/a><\/figure>\n\n\n\n<figure class=\"wp-block-image size-full\"><a href=\"https:\/\/aventuresetcocotiers.fr\/index.php\/voyage-europe\/italie-sejour-rome\/amsterdam-budget\/\"><img loading=\"lazy\" width=\"2000\" height=\"513\" src=\"https:\/\/aventuresetcocotiers.fr\/wp-content\/uploads\/2020\/11\/Budget-amsterdam.jpg\" alt=\"\" class=\"wp-image-2009\" srcset=\"https:\/\/aventuresetcocotiers.fr\/wp-content\/uploads\/2020\/11\/Budget-amsterdam.jpg 2000w, https:\/\/aventuresetcocotiers.fr\/wp-content\/uploads\/2020\/11\/Budget-amsterdam-300x77.jpg 300w, https:\/\/aventuresetcocotiers.fr\/wp-content\/uploads\/2020\/11\/Budget-amsterdam-1024x263.jpg 1024w, https:\/\/aventuresetcocotiers.fr\/wp-content\/uploads\/2020\/11\/Budget-amsterdam-768x197.jpg 768w, https:\/\/aventuresetcocotiers.fr\/wp-content\/uploads\/2020\/11\/Budget-amsterdam-1536x394.jpg 1536w\" sizes=\"(max-width: 2000px) 100vw, 2000px\" \/><\/a><\/figure>\n","protected":false},"excerpt":{"rendered":"<p>Amsterdam est une ville calme et romantique o\u00f9 il fait bon vivre. La ville vous offre une multitude de choses \u00e0 faire : mus\u00e9es, d\u00e9couverte de ses diff\u00e9rents quartiers, balade en v\u00e9lo,&#8230; L\u2019architecture de la ville est assez unique, on ne se lasse pas de regarder les b\u00e2timents et de se promener le long des [&hellip;]<\/p>\n","protected":false},"author":1,"featured_media":0,"parent":1881,"menu_order":0,"comment_status":"closed","ping_status":"closed","template":"template-full.php","meta":[],"yoast_head":"<!-- This site is optimized with the Yoast SEO plugin v15.2.1 - https:\/\/yoast.com\/wordpress\/plugins\/seo\/ -->\n<title>Pays-Bas - Amsterdam |<\/title>\n<meta name=\"robots\" content=\"index, follow, max-snippet:-1, max-image-preview:large, max-video-preview:-1\" \/>\n<link rel=\"canonical\" href=\"https:\/\/aventuresetcocotiers.fr\/index.php\/voyage-europe\/pays-bas-sejour-amsterdam\/\" \/>\n<meta property=\"og:locale\" content=\"fr_FR\" \/>\n<meta property=\"og:type\" content=\"article\" \/>\n<meta property=\"og:title\" content=\"Pays-Bas - Amsterdam |\" \/>\n<meta property=\"og:description\" content=\"Amsterdam est une ville calme et romantique o\u00f9 il fait bon vivre. La ville vous offre une multitude de choses \u00e0 faire : mus\u00e9es, d\u00e9couverte de ses diff\u00e9rents quartiers, balade en v\u00e9lo,&#8230; L\u2019architecture de la ville est assez unique, on ne se lasse pas de regarder les b\u00e2timents et de se promener le long des [&hellip;]\" \/>\n<meta property=\"og:url\" content=\"https:\/\/aventuresetcocotiers.fr\/index.php\/voyage-europe\/pays-bas-sejour-amsterdam\/\" \/>\n<meta property=\"article:modified_time\" content=\"2020-11-10T18:55:44+00:00\" \/>\n<meta property=\"og:image\" content=\"https:\/\/aventuresetcocotiers.fr\/wp-content\/uploads\/2020\/11\/Mon-itineraire-amsterdam.jpg\" \/>\n<meta name=\"twitter:card\" content=\"summary\" \/>\n<meta name=\"twitter:label1\" content=\"\u00c9crit par\">\n\t<meta name=\"twitter:data1\" content=\"admin2603\">\n\t<meta name=\"twitter:label2\" content=\"Dur\u00e9e de lecture est.\">\n\t<meta name=\"twitter:data2\" content=\"1 minute\">\n<script type=\"application\/ld+json\" class=\"yoast-schema-graph\">{\"@context\":\"https:\/\/schema.org\",\"@graph\":[{\"@type\":\"WebSite\",\"@id\":\"https:\/\/aventuresetcocotiers.fr\/#website\",\"url\":\"https:\/\/aventuresetcocotiers.fr\/\",\"name\":\"\",\"description\":\"\",\"potentialAction\":[{\"@type\":\"SearchAction\",\"target\":\"https:\/\/aventuresetcocotiers.fr\/?s={search_term_string}\",\"query-input\":\"required name=search_term_string\"}],\"inLanguage\":\"fr-FR\"},{\"@type\":\"ImageObject\",\"@id\":\"https:\/\/aventuresetcocotiers.fr\/index.php\/voyage-europe\/pays-bas-sejour-amsterdam\/#primaryimage\",\"inLanguage\":\"fr-FR\",\"url\":\"https:\/\/aventuresetcocotiers.fr\/wp-content\/uploads\/2020\/11\/Mon-itineraire-amsterdam.jpg\",\"width\":2000,\"height\":514},{\"@type\":\"WebPage\",\"@id\":\"https:\/\/aventuresetcocotiers.fr\/index.php\/voyage-europe\/pays-bas-sejour-amsterdam\/#webpage\",\"url\":\"https:\/\/aventuresetcocotiers.fr\/index.php\/voyage-europe\/pays-bas-sejour-amsterdam\/\",\"name\":\"Pays-Bas - Amsterdam |\",\"isPartOf\":{\"@id\":\"https:\/\/aventuresetcocotiers.fr\/#website\"},\"primaryImageOfPage\":{\"@id\":\"https:\/\/aventuresetcocotiers.fr\/index.php\/voyage-europe\/pays-bas-sejour-amsterdam\/#primaryimage\"},\"datePublished\":\"2020-11-10T18:33:55+00:00\",\"dateModified\":\"2020-11-10T18:55:44+00:00\",\"breadcrumb\":{\"@id\":\"https:\/\/aventuresetcocotiers.fr\/index.php\/voyage-europe\/pays-bas-sejour-amsterdam\/#breadcrumb\"},\"inLanguage\":\"fr-FR\",\"potentialAction\":[{\"@type\":\"ReadAction\",\"target\":[\"https:\/\/aventuresetcocotiers.fr\/index.php\/voyage-europe\/pays-bas-sejour-amsterdam\/\"]}]},{\"@type\":\"BreadcrumbList\",\"@id\":\"https:\/\/aventuresetcocotiers.fr\/index.php\/voyage-europe\/pays-bas-sejour-amsterdam\/#breadcrumb\",\"itemListElement\":[{\"@type\":\"ListItem\",\"position\":1,\"item\":{\"@type\":\"WebPage\",\"@id\":\"http:\/\/aventuresetcocotiers.fr\/\",\"url\":\"http:\/\/aventuresetcocotiers.fr\/\",\"name\":\"Accueil\"}},{\"@type\":\"ListItem\",\"position\":2,\"item\":{\"@type\":\"WebPage\",\"@id\":\"https:\/\/aventuresetcocotiers.fr\/index.php\/voyage-europe\/\",\"url\":\"https:\/\/aventuresetcocotiers.fr\/index.php\/voyage-europe\/\",\"name\":\"Europe\"}},{\"@type\":\"ListItem\",\"position\":3,\"item\":{\"@type\":\"WebPage\",\"@id\":\"https:\/\/aventuresetcocotiers.fr\/index.php\/voyage-europe\/pays-bas-sejour-amsterdam\/\",\"url\":\"https:\/\/aventuresetcocotiers.fr\/index.php\/voyage-europe\/pays-bas-sejour-amsterdam\/\",\"name\":\"Pays-Bas &#8211; Amsterdam\"}}]}]}<\/script>\n<!-- \/ Yoast SEO plugin. -->","_links":{"self":[{"href":"https:\/\/aventuresetcocotiers.fr\/index.php\/wp-json\/wp\/v2\/pages\/2006"}],"collection":[{"href":"https:\/\/aventuresetcocotiers.fr\/index.php\/wp-json\/wp\/v2\/pages"}],"about":[{"href":"https:\/\/aventuresetcocotiers.fr\/index.php\/wp-json\/wp\/v2\/types\/page"}],"author":[{"embeddable":true,"href":"https:\/\/aventuresetcocotiers.fr\/index.php\/wp-json\/wp\/v2\/users\/1"}],"replies":[{"embeddable":true,"href":"https:\/\/aventuresetcocotiers.fr\/index.php\/wp-json\/wp\/v2\/comments?post=2006"}],"version-history":[{"count":5,"href":"https:\/\/aventuresetcocotiers.fr\/index.php\/wp-json\/wp\/v2\/pages\/2006\/revisions"}],"predecessor-version":[{"id":2027,"href":"https:\/\/aventuresetcocotiers.fr\/index.php\/wp-json\/wp\/v2\/pages\/2006\/revisions\/2027"}],"up":[{"embeddable":true,"href":"https:\/\/aventuresetcocotiers.fr\/index.php\/wp-json\/wp\/v2\/pages\/1881"}],"wp:attachment":[{"href":"https:\/\/aventuresetcocotiers.fr\/index.php\/wp-json\/wp\/v2\/media?parent=2006"}],"curies":[{"name":"wp","href":"https:\/\/api.w.org\/{rel}","templated":true}]}}