{"id":2046,"date":"2020-11-11T11:26:35","date_gmt":"2020-11-11T10:26:35","guid":{"rendered":"http:\/\/aventuresetcocotiers.fr\/?page_id=2046"},"modified":"2020-11-18T18:05:44","modified_gmt":"2020-11-18T17:05:44","slug":"portugal-budget","status":"publish","type":"page","link":"https:\/\/aventuresetcocotiers.fr\/index.php\/voyage-europe\/voyage-portugal\/portugal-budget\/","title":{"rendered":"Budget 10 jours au Portugal"},"content":{"rendered":"\n<p style=\"font-size:15px\"><br>Un petit d\u00e9tail&nbsp;de mes d\u00e9penses pour vous donner une id\u00e9e des prix \/ de budget \u00e0 pr\u00e9voir pour le Portugal. Prix 2014<br><\/p>\n\n\n\n<h4 class=\"has-text-color\" style=\"font-size:15px;color:#8ad8c2\"><strong>VOLS (prix par personne)<\/strong><\/h4>\n\n\n\n<p style=\"font-size:15px\">Vols Lyon &gt; Lisbonne et Porto &gt; Lyon (Easyjet sans bagage en soute)&nbsp;: 214 \u20ac<\/p>\n\n\n\n<h4 class=\"has-text-color\" style=\"font-size:15px;color:#8ad8c2\"><strong>HOTELS (prix par chambre et par nuit)<\/strong><\/h4>\n\n\n\n<p style=\"font-size:15px\">H\u00f4tel Campanile Setubal : 27\u20ac<br>H\u00f4tel Vilabranca \u00e0 Lagos : 33\u20ac<br>Airbnb Lisbonne : 46 \u20ac<br>H\u00f4tel Soleil \u00e0 Peniche&nbsp;: 47 \u20ac<br>H\u00f4tel Almedina \u00e0 Coimbra : 33 \u20ac<br>Airbnb \u00e0 Porto : 52 \u20ac<\/p>\n\n\n\n<h4 class=\"has-text-color\" style=\"font-size:15px;color:#8ad8c2\"><strong>VISITES \/ ACTIVITES (prix par personne)<\/strong><\/h4>\n\n\n\n<p style=\"font-size:15px\">Museu de Marinha \u00e0 Lisbonne : 5 \u20ac<br>Torre de Belem : 6 \u20ac<br>Cristo Rei : 5 \u20ac<br>Eglise do Carmo : 3,5 \u20ac<br>Palais de Sintra : 9,5 \u20ac<br>Palais de Pena : 14 \u20ac<br>Monast\u00e8re de Batalha : 6 \u20ac<br>Universit\u00e9 de Coimbra : 9 \u20ac<\/p>\n\n\n\n<h4 class=\"has-text-color\" style=\"font-size:15px;color:#8ad8c2\"><strong>TRANSPORTS (prix total)<\/strong><\/h4>\n\n\n\n<p style=\"font-size:15px\">Location de voiture (type Seat Ibiza) de Lisbonne a\u00e9roport \u00e0 Porto ville : 115 \u20ac<br>Eletronic Toll Pass et p\u00e9ages : 60\u20ac<\/p>\n\n\n\n<h4 class=\"has-text-color\" style=\"font-size:15px;color:#8ad8c2\"><strong>RESTAURANT (prix par personne)<\/strong><\/h4>\n\n\n\n<p style=\"font-size:15px\">Petit restaurant (1 plat): 7-13\u20ac<br>Bi\u00e8re (Sagres) : 1,80\u20ac<br>Pasteils de Belem (2 pasteis + 1 boisson Ucal) : 4\u20ac<\/p>\n\n\n\n<p style=\"font-size:15px\"><br>Au total, pour 2 personnes, pour un s\u00e9jour de 10 jours \/ 9 nuits notre budget a \u00e9t\u00e9 de : 214\u20ac de vols + 382\u20ac d&rsquo;h\u00e9bergements + 310\u20ac de location de voiture avec p\u00e9ages et essence + 148\u20ac de transport et visites + 225\u20ac de repas et boissons + 42\u20ac de souvenirs et autres petits plaisirs. Soit environ <strong>660\u20ac\/personne.<\/strong><br>Nous nous sommes d\u00e9plac\u00e9s en voiture essentiellement, et \u00e0 pieds \/ tramway \/ m\u00e9tro en ville. Nous avons s\u00e9lectionn\u00e9 uniquement des petits restaurants \u00e9conomiques et avons mang\u00e9 r\u00e9guli\u00e8rement des sandwichs pr\u00e9par\u00e9s par nos soins.<\/p>\n","protected":false},"excerpt":{"rendered":"<p>Un petit d\u00e9tail&nbsp;de mes d\u00e9penses pour vous donner une id\u00e9e des prix \/ de budget \u00e0 pr\u00e9voir pour le Portugal. Prix 2014 VOLS (prix par personne) Vols Lyon &gt; Lisbonne et Porto &gt; Lyon (Easyjet sans bagage en soute)&nbsp;: 214 \u20ac HOTELS (prix par chambre et par nuit) H\u00f4tel Campanile Setubal : 27\u20acH\u00f4tel Vilabranca \u00e0 [&hellip;]<\/p>\n","protected":false},"author":1,"featured_media":0,"parent":2029,"menu_order":0,"comment_status":"open","ping_status":"closed","template":"","meta":[],"yoast_head":"<!-- This site is optimized with the Yoast SEO plugin v15.2.1 - https:\/\/yoast.com\/wordpress\/plugins\/seo\/ -->\n<title>Budget 10 jours au Portugal |<\/title>\n<meta name=\"robots\" content=\"index, follow, max-snippet:-1, max-image-preview:large, max-video-preview:-1\" \/>\n<link rel=\"canonical\" href=\"https:\/\/aventuresetcocotiers.fr\/index.php\/voyage-europe\/voyage-portugal\/portugal-budget\/\" \/>\n<meta property=\"og:locale\" content=\"fr_FR\" \/>\n<meta property=\"og:type\" content=\"article\" \/>\n<meta property=\"og:title\" content=\"Budget 10 jours au Portugal |\" \/>\n<meta property=\"og:description\" content=\"Un petit d\u00e9tail&nbsp;de mes d\u00e9penses pour vous donner une id\u00e9e des prix \/ de budget \u00e0 pr\u00e9voir pour le Portugal. Prix 2014 VOLS (prix par personne) Vols Lyon &gt; Lisbonne et Porto &gt; Lyon (Easyjet sans bagage en soute)&nbsp;: 214 \u20ac HOTELS (prix par chambre et par nuit) H\u00f4tel Campanile Setubal : 27\u20acH\u00f4tel Vilabranca \u00e0 [&hellip;]\" \/>\n<meta property=\"og:url\" content=\"https:\/\/aventuresetcocotiers.fr\/index.php\/voyage-europe\/voyage-portugal\/portugal-budget\/\" \/>\n<meta property=\"article:modified_time\" content=\"2020-11-18T17:05:44+00:00\" \/>\n<meta name=\"twitter:card\" content=\"summary\" \/>\n<meta name=\"twitter:label1\" content=\"\u00c9crit par\">\n\t<meta name=\"twitter:data1\" content=\"admin2603\">\n\t<meta name=\"twitter:label2\" content=\"Dur\u00e9e de lecture est.\">\n\t<meta name=\"twitter:data2\" content=\"1 minute\">\n<script type=\"application\/ld+json\" class=\"yoast-schema-graph\">{\"@context\":\"https:\/\/schema.org\",\"@graph\":[{\"@type\":\"WebSite\",\"@id\":\"https:\/\/aventuresetcocotiers.fr\/#website\",\"url\":\"https:\/\/aventuresetcocotiers.fr\/\",\"name\":\"\",\"description\":\"\",\"potentialAction\":[{\"@type\":\"SearchAction\",\"target\":\"https:\/\/aventuresetcocotiers.fr\/?s={search_term_string}\",\"query-input\":\"required name=search_term_string\"}],\"inLanguage\":\"fr-FR\"},{\"@type\":\"WebPage\",\"@id\":\"https:\/\/aventuresetcocotiers.fr\/index.php\/voyage-europe\/voyage-portugal\/portugal-budget\/#webpage\",\"url\":\"https:\/\/aventuresetcocotiers.fr\/index.php\/voyage-europe\/voyage-portugal\/portugal-budget\/\",\"name\":\"Budget 10 jours au Portugal |\",\"isPartOf\":{\"@id\":\"https:\/\/aventuresetcocotiers.fr\/#website\"},\"datePublished\":\"2020-11-11T10:26:35+00:00\",\"dateModified\":\"2020-11-18T17:05:44+00:00\",\"breadcrumb\":{\"@id\":\"https:\/\/aventuresetcocotiers.fr\/index.php\/voyage-europe\/voyage-portugal\/portugal-budget\/#breadcrumb\"},\"inLanguage\":\"fr-FR\",\"potentialAction\":[{\"@type\":\"ReadAction\",\"target\":[\"https:\/\/aventuresetcocotiers.fr\/index.php\/voyage-europe\/voyage-portugal\/portugal-budget\/\"]}]},{\"@type\":\"BreadcrumbList\",\"@id\":\"https:\/\/aventuresetcocotiers.fr\/index.php\/voyage-europe\/voyage-portugal\/portugal-budget\/#breadcrumb\",\"itemListElement\":[{\"@type\":\"ListItem\",\"position\":1,\"item\":{\"@type\":\"WebPage\",\"@id\":\"http:\/\/aventuresetcocotiers.fr\/\",\"url\":\"http:\/\/aventuresetcocotiers.fr\/\",\"name\":\"Accueil\"}},{\"@type\":\"ListItem\",\"position\":2,\"item\":{\"@type\":\"WebPage\",\"@id\":\"https:\/\/aventuresetcocotiers.fr\/index.php\/voyage-europe\/\",\"url\":\"https:\/\/aventuresetcocotiers.fr\/index.php\/voyage-europe\/\",\"name\":\"Europe\"}},{\"@type\":\"ListItem\",\"position\":3,\"item\":{\"@type\":\"WebPage\",\"@id\":\"https:\/\/aventuresetcocotiers.fr\/index.php\/voyage-europe\/voyage-portugal\/\",\"url\":\"https:\/\/aventuresetcocotiers.fr\/index.php\/voyage-europe\/voyage-portugal\/\",\"name\":\"Portugal\"}},{\"@type\":\"ListItem\",\"position\":4,\"item\":{\"@type\":\"WebPage\",\"@id\":\"https:\/\/aventuresetcocotiers.fr\/index.php\/voyage-europe\/voyage-portugal\/portugal-budget\/\",\"url\":\"https:\/\/aventuresetcocotiers.fr\/index.php\/voyage-europe\/voyage-portugal\/portugal-budget\/\",\"name\":\"Budget 10 jours au Portugal\"}}]}]}<\/script>\n<!-- \/ Yoast SEO plugin. -->","_links":{"self":[{"href":"https:\/\/aventuresetcocotiers.fr\/index.php\/wp-json\/wp\/v2\/pages\/2046"}],"collection":[{"href":"https:\/\/aventuresetcocotiers.fr\/index.php\/wp-json\/wp\/v2\/pages"}],"about":[{"href":"https:\/\/aventuresetcocotiers.fr\/index.php\/wp-json\/wp\/v2\/types\/page"}],"author":[{"embeddable":true,"href":"https:\/\/aventuresetcocotiers.fr\/index.php\/wp-json\/wp\/v2\/users\/1"}],"replies":[{"embeddable":true,"href":"https:\/\/aventuresetcocotiers.fr\/index.php\/wp-json\/wp\/v2\/comments?post=2046"}],"version-history":[{"count":2,"href":"https:\/\/aventuresetcocotiers.fr\/index.php\/wp-json\/wp\/v2\/pages\/2046\/revisions"}],"predecessor-version":[{"id":2305,"href":"https:\/\/aventuresetcocotiers.fr\/index.php\/wp-json\/wp\/v2\/pages\/2046\/revisions\/2305"}],"up":[{"embeddable":true,"href":"https:\/\/aventuresetcocotiers.fr\/index.php\/wp-json\/wp\/v2\/pages\/2029"}],"wp:attachment":[{"href":"https:\/\/aventuresetcocotiers.fr\/index.php\/wp-json\/wp\/v2\/media?parent=2046"}],"curies":[{"name":"wp","href":"https:\/\/api.w.org\/{rel}","templated":true}]}}