{"id":2049,"date":"2020-11-11T11:32:59","date_gmt":"2020-11-11T10:32:59","guid":{"rendered":"http:\/\/aventuresetcocotiers.fr\/?page_id=2049"},"modified":"2020-11-11T12:04:32","modified_gmt":"2020-11-11T11:04:32","slug":"russie-voyage-moscou-saint-petersbourg","status":"publish","type":"page","link":"https:\/\/aventuresetcocotiers.fr\/index.php\/voyage-europe\/russie-voyage-moscou-saint-petersbourg\/","title":{"rendered":"Russie &#8211; Moscou &#038; Saint-P\u00e9tersbourg"},"content":{"rendered":"\n<p style=\"font-size:15px\">La Russie, pays du grand froid, des poup\u00e9es russes et de la vodka. C&rsquo;est un peu l&rsquo;image qu&rsquo;on en a mais la Russie c&rsquo;est tellement plus que \u00e7a ! C&rsquo;est un pays chaleureux, les russes sont incroyablement gentils et souriants. C&rsquo;est un pays color\u00e9, les b\u00e2timents et \u00e9glises sont magnifiques. C&rsquo;est toute une culture \u00e0 d\u00e9couvrir et une super gastronomie \u00e0 go\u00fbter.<\/p>\n\n\n\n<p style=\"font-size:15px\">Depuis quelques ann\u00e9es mon homme r\u00eave d&rsquo;y aller, cette ann\u00e9e, on a donc d\u00e9cid\u00e9 de se lancer et de r\u00e9server nos billets.<\/p>\n\n\n\n<p style=\"font-size:15px\">Nous sommes all\u00e9s \u00e0 Moscou et Saint-P\u00e9tersbourg en <strong>juillet 2017<\/strong>. C&rsquo;est l&rsquo;un des meilleur moment pour d\u00e9couvrir la Russie. C&rsquo;est la fin des nuits blanches (mi-juillet le soleil se couchait vers 22h30 et se levait vers 4h), et le climat est doux et chaud (bon nous on aura pas trop connu le c\u00f4t\u00e9 chaud, il faisait en moyenne 17-23\u00b0C).<\/p>\n\n\n\n<p style=\"font-size:15px\">Moscou et Saint-P\u00e9tersbourg sont deux villes magnifiques, tr\u00e8s diff\u00e9rentes l&rsquo;une de l&rsquo;autre et qui se compl\u00e8tent bien. On a trouv\u00e9 que le d\u00e9paysement \u00e0 Moscou est plus marqu\u00e9, les russes ne parlent pas du tout ou tr\u00e8s tr\u00e8s peu l&rsquo;anglais. A Moscou, pas tr\u00e8s facile de trouver des \u00e9piceries et beaucoup moins de commerces dans les rues qu&rsquo;\u00e0 Saint-P\u00e9tersbourg. Un peu plus difficile aussi de se rep\u00e9rer dans le m\u00e9tro o\u00f9 tout est \u00e9crit en cyrillique. Saint-P\u00e9tersbourg est une ville beaucoup plus touristique. Les russes parlent bien mieux anglais ici. Beaucoup de commerces dans les rues. S&rsquo;orienter dans le m\u00e9tro est aussi beaucoup plus facile. Du c\u00f4t\u00e9 architecture, c&rsquo;est s\u00fbr que Saint-P\u00e9tersbourg est bien plus belle que Moscou.<\/p>\n\n\n\n<p style=\"font-size:15px\">Un voyage en Russie demande beaucoup d&rsquo;organisation. Apr\u00e8s avoir r\u00e9serv\u00e9 vos vols, il faut se lancer dans la demande de visa russe. Pour vous aider dans votre demande de visa, voici un super article du blog <a href=\"https:\/\/russiable.fr\/obtenir-visa-russie\/\" target=\"_blank\" rel=\"noreferrer noopener\">Russiable<\/a>. Pour les lyonnais, il est bon de savoir que le Consulat honoraire de Russie \u00e0 Lyon n&rsquo;est pas du tout int\u00e9ressant niveau tarif, il vaut mieux passer par un organisme comme Lyon Visa (230\u20ac environ pour 2 visas au consulat honoraire contre 190 \u20ac environ \u00e0 Lyonvisa). Vous pouvez aussi r\u00e9server comme nous votre billet de train entre Moscou et Saint-P\u00e9tersbourg \u00e0 l&rsquo;avance. A nouveau un article de <a href=\"https:\/\/russiable.fr\/trains-russie-acheter-billets-online\/\" target=\"_blank\" rel=\"noreferrer noopener\">Russiable<\/a> pour vous aider \u00e0 faire cet achat de billet de train sur internet. Il est \u00e9galement possible de r\u00e9server certains mus\u00e9es en avance (peut \u00eatre int\u00e9ressant pour gagner du temps sur place de r\u00e9server sur internet vos billets pour le Kremlin, l&rsquo;Ermitage, le Palais Catherine,&#8230;).<\/p>\n\n\n\n<p style=\"font-size:15px\">ASTUCE : application <a rel=\"noreferrer noopener\" href=\"https:\/\/play.google.com\/store\/apps\/details?id=com.google.android.apps.translate&amp;hl=fr\" target=\"_blank\">Google Traduction<\/a>. T\u00e9l\u00e9chargez les langues fran\u00e7ais, anglais et russe pour qu&rsquo;elles soient disponibles en hors ligne. Cette application peut vous servir pour traduire tout ce que vous voulez en tapant sur votre clavier. Tr\u00e8s pratique par exemple pour demander quelque chose dans un restaurant, h\u00f4tel,\u2026<br>Et le gros plus : vous pouvez traduire du texte cyrillique en anglais via l&rsquo;appareil photo. Dans l&rsquo;application, s\u00e9lectionnez russe vers anglais (le fran\u00e7ais ne marche pas top avec cette fonctionnalit\u00e9). Cliquer ensuite sur le petit appareil photo sur la droite. Un message comme quoi vous \u00eates hors connexion va s&rsquo;afficher, pas de probl\u00e8me pour \u00e7a, vous pouvez quand m\u00eame traduire. Passez votre appareil photo sur le texte \u00e0 traduire, et l\u00e0, magie, le texte se traduit en direct ! Cette fonction nous a \u00e9t\u00e9 tr\u00e8s utile dans les mus\u00e9es ou encore au supermarch\u00e9.<\/p>\n\n\n\n<figure class=\"wp-block-image size-full\"><a href=\"https:\/\/aventuresetcocotiers.fr\/index.php\/voyage-europe\/russie-voyage-moscou-saint-petersbourg\/moscou-saint-petersbourg-itineraire-8-jours\/\"><img loading=\"lazy\" width=\"2000\" height=\"515\" src=\"https:\/\/aventuresetcocotiers.fr\/wp-content\/uploads\/2020\/11\/mon-itineraire-russie.jpg\" alt=\"\" class=\"wp-image-2053\" srcset=\"https:\/\/aventuresetcocotiers.fr\/wp-content\/uploads\/2020\/11\/mon-itineraire-russie.jpg 2000w, https:\/\/aventuresetcocotiers.fr\/wp-content\/uploads\/2020\/11\/mon-itineraire-russie-300x77.jpg 300w, https:\/\/aventuresetcocotiers.fr\/wp-content\/uploads\/2020\/11\/mon-itineraire-russie-1024x264.jpg 1024w, https:\/\/aventuresetcocotiers.fr\/wp-content\/uploads\/2020\/11\/mon-itineraire-russie-768x198.jpg 768w, https:\/\/aventuresetcocotiers.fr\/wp-content\/uploads\/2020\/11\/mon-itineraire-russie-1536x396.jpg 1536w\" sizes=\"(max-width: 2000px) 100vw, 2000px\" \/><\/a><\/figure>\n\n\n\n<figure class=\"wp-block-image size-full\"><a href=\"https:\/\/aventuresetcocotiers.fr\/index.php\/voyage-europe\/russie-voyage-moscou-saint-petersbourg\/moscou-saint-petersbourg-mon-top-5\/\"><img loading=\"lazy\" width=\"2000\" height=\"515\" src=\"https:\/\/aventuresetcocotiers.fr\/wp-content\/uploads\/2020\/11\/mon-top-5-russie.jpg\" alt=\"\" class=\"wp-image-2050\" srcset=\"https:\/\/aventuresetcocotiers.fr\/wp-content\/uploads\/2020\/11\/mon-top-5-russie.jpg 2000w, https:\/\/aventuresetcocotiers.fr\/wp-content\/uploads\/2020\/11\/mon-top-5-russie-300x77.jpg 300w, https:\/\/aventuresetcocotiers.fr\/wp-content\/uploads\/2020\/11\/mon-top-5-russie-1024x264.jpg 1024w, https:\/\/aventuresetcocotiers.fr\/wp-content\/uploads\/2020\/11\/mon-top-5-russie-768x198.jpg 768w, https:\/\/aventuresetcocotiers.fr\/wp-content\/uploads\/2020\/11\/mon-top-5-russie-1536x396.jpg 1536w\" sizes=\"(max-width: 2000px) 100vw, 2000px\" \/><\/a><\/figure>\n\n\n\n<figure class=\"wp-block-image size-full\"><a href=\"https:\/\/aventuresetcocotiers.fr\/index.php\/voyage-europe\/russie-voyage-moscou-saint-petersbourg\/moscou-saint-petersbourg-bonnes-adresses\/\"><img loading=\"lazy\" width=\"2000\" height=\"515\" src=\"https:\/\/aventuresetcocotiers.fr\/wp-content\/uploads\/2020\/11\/bonnes-adresses-russie.jpg\" alt=\"\" class=\"wp-image-2051\" srcset=\"https:\/\/aventuresetcocotiers.fr\/wp-content\/uploads\/2020\/11\/bonnes-adresses-russie.jpg 2000w, https:\/\/aventuresetcocotiers.fr\/wp-content\/uploads\/2020\/11\/bonnes-adresses-russie-300x77.jpg 300w, https:\/\/aventuresetcocotiers.fr\/wp-content\/uploads\/2020\/11\/bonnes-adresses-russie-1024x264.jpg 1024w, https:\/\/aventuresetcocotiers.fr\/wp-content\/uploads\/2020\/11\/bonnes-adresses-russie-768x198.jpg 768w, https:\/\/aventuresetcocotiers.fr\/wp-content\/uploads\/2020\/11\/bonnes-adresses-russie-1536x396.jpg 1536w\" sizes=\"(max-width: 2000px) 100vw, 2000px\" \/><\/a><\/figure>\n\n\n\n<figure class=\"wp-block-image size-full\"><a href=\"https:\/\/aventuresetcocotiers.fr\/index.php\/voyage-europe\/russie-voyage-moscou-saint-petersbourg\/moscou-saint-petersbourg-budget\/\"><img loading=\"lazy\" width=\"2000\" height=\"515\" src=\"https:\/\/aventuresetcocotiers.fr\/wp-content\/uploads\/2020\/11\/budget-russie.jpg\" alt=\"\" class=\"wp-image-2052\" srcset=\"https:\/\/aventuresetcocotiers.fr\/wp-content\/uploads\/2020\/11\/budget-russie.jpg 2000w, https:\/\/aventuresetcocotiers.fr\/wp-content\/uploads\/2020\/11\/budget-russie-300x77.jpg 300w, https:\/\/aventuresetcocotiers.fr\/wp-content\/uploads\/2020\/11\/budget-russie-1024x264.jpg 1024w, https:\/\/aventuresetcocotiers.fr\/wp-content\/uploads\/2020\/11\/budget-russie-768x198.jpg 768w, https:\/\/aventuresetcocotiers.fr\/wp-content\/uploads\/2020\/11\/budget-russie-1536x396.jpg 1536w\" sizes=\"(max-width: 2000px) 100vw, 2000px\" \/><\/a><\/figure>\n","protected":false},"excerpt":{"rendered":"<p>La Russie, pays du grand froid, des poup\u00e9es russes et de la vodka. C&rsquo;est un peu l&rsquo;image qu&rsquo;on en a mais la Russie c&rsquo;est tellement plus que \u00e7a ! C&rsquo;est un pays chaleureux, les russes sont incroyablement gentils et souriants. C&rsquo;est un pays color\u00e9, les b\u00e2timents et \u00e9glises sont magnifiques. C&rsquo;est toute une culture \u00e0 [&hellip;]<\/p>\n","protected":false},"author":1,"featured_media":0,"parent":1881,"menu_order":0,"comment_status":"closed","ping_status":"closed","template":"template-full.php","meta":[],"yoast_head":"<!-- This site is optimized with the Yoast SEO plugin v15.2.1 - https:\/\/yoast.com\/wordpress\/plugins\/seo\/ -->\n<title>Russie - Moscou &amp; Saint-P\u00e9tersbourg |<\/title>\n<meta name=\"robots\" content=\"index, follow, max-snippet:-1, max-image-preview:large, max-video-preview:-1\" \/>\n<link rel=\"canonical\" href=\"https:\/\/aventuresetcocotiers.fr\/index.php\/voyage-europe\/russie-voyage-moscou-saint-petersbourg\/\" \/>\n<meta property=\"og:locale\" content=\"fr_FR\" \/>\n<meta property=\"og:type\" content=\"article\" \/>\n<meta property=\"og:title\" content=\"Russie - Moscou &amp; Saint-P\u00e9tersbourg |\" \/>\n<meta property=\"og:description\" content=\"La Russie, pays du grand froid, des poup\u00e9es russes et de la vodka. C&rsquo;est un peu l&rsquo;image qu&rsquo;on en a mais la Russie c&rsquo;est tellement plus que \u00e7a ! C&rsquo;est un pays chaleureux, les russes sont incroyablement gentils et souriants. C&rsquo;est un pays color\u00e9, les b\u00e2timents et \u00e9glises sont magnifiques. C&rsquo;est toute une culture \u00e0 [&hellip;]\" \/>\n<meta property=\"og:url\" content=\"https:\/\/aventuresetcocotiers.fr\/index.php\/voyage-europe\/russie-voyage-moscou-saint-petersbourg\/\" \/>\n<meta property=\"article:modified_time\" content=\"2020-11-11T11:04:32+00:00\" \/>\n<meta property=\"og:image\" content=\"https:\/\/aventuresetcocotiers.fr\/wp-content\/uploads\/2020\/11\/mon-itineraire-russie.jpg\" \/>\n<meta name=\"twitter:card\" content=\"summary\" \/>\n<meta name=\"twitter:label1\" content=\"\u00c9crit par\">\n\t<meta name=\"twitter:data1\" content=\"admin2603\">\n\t<meta name=\"twitter:label2\" content=\"Dur\u00e9e de lecture est.\">\n\t<meta name=\"twitter:data2\" content=\"2 minutes\">\n<script type=\"application\/ld+json\" class=\"yoast-schema-graph\">{\"@context\":\"https:\/\/schema.org\",\"@graph\":[{\"@type\":\"WebSite\",\"@id\":\"https:\/\/aventuresetcocotiers.fr\/#website\",\"url\":\"https:\/\/aventuresetcocotiers.fr\/\",\"name\":\"\",\"description\":\"\",\"potentialAction\":[{\"@type\":\"SearchAction\",\"target\":\"https:\/\/aventuresetcocotiers.fr\/?s={search_term_string}\",\"query-input\":\"required name=search_term_string\"}],\"inLanguage\":\"fr-FR\"},{\"@type\":\"ImageObject\",\"@id\":\"https:\/\/aventuresetcocotiers.fr\/index.php\/voyage-europe\/russie-voyage-moscou-saint-petersbourg\/#primaryimage\",\"inLanguage\":\"fr-FR\",\"url\":\"https:\/\/aventuresetcocotiers.fr\/wp-content\/uploads\/2020\/11\/mon-itineraire-russie.jpg\"},{\"@type\":\"WebPage\",\"@id\":\"https:\/\/aventuresetcocotiers.fr\/index.php\/voyage-europe\/russie-voyage-moscou-saint-petersbourg\/#webpage\",\"url\":\"https:\/\/aventuresetcocotiers.fr\/index.php\/voyage-europe\/russie-voyage-moscou-saint-petersbourg\/\",\"name\":\"Russie - Moscou & Saint-P\\u00e9tersbourg |\",\"isPartOf\":{\"@id\":\"https:\/\/aventuresetcocotiers.fr\/#website\"},\"primaryImageOfPage\":{\"@id\":\"https:\/\/aventuresetcocotiers.fr\/index.php\/voyage-europe\/russie-voyage-moscou-saint-petersbourg\/#primaryimage\"},\"datePublished\":\"2020-11-11T10:32:59+00:00\",\"dateModified\":\"2020-11-11T11:04:32+00:00\",\"breadcrumb\":{\"@id\":\"https:\/\/aventuresetcocotiers.fr\/index.php\/voyage-europe\/russie-voyage-moscou-saint-petersbourg\/#breadcrumb\"},\"inLanguage\":\"fr-FR\",\"potentialAction\":[{\"@type\":\"ReadAction\",\"target\":[\"https:\/\/aventuresetcocotiers.fr\/index.php\/voyage-europe\/russie-voyage-moscou-saint-petersbourg\/\"]}]},{\"@type\":\"BreadcrumbList\",\"@id\":\"https:\/\/aventuresetcocotiers.fr\/index.php\/voyage-europe\/russie-voyage-moscou-saint-petersbourg\/#breadcrumb\",\"itemListElement\":[{\"@type\":\"ListItem\",\"position\":1,\"item\":{\"@type\":\"WebPage\",\"@id\":\"http:\/\/aventuresetcocotiers.fr\/\",\"url\":\"http:\/\/aventuresetcocotiers.fr\/\",\"name\":\"Accueil\"}},{\"@type\":\"ListItem\",\"position\":2,\"item\":{\"@type\":\"WebPage\",\"@id\":\"https:\/\/aventuresetcocotiers.fr\/index.php\/voyage-europe\/\",\"url\":\"https:\/\/aventuresetcocotiers.fr\/index.php\/voyage-europe\/\",\"name\":\"Europe\"}},{\"@type\":\"ListItem\",\"position\":3,\"item\":{\"@type\":\"WebPage\",\"@id\":\"https:\/\/aventuresetcocotiers.fr\/index.php\/voyage-europe\/russie-voyage-moscou-saint-petersbourg\/\",\"url\":\"https:\/\/aventuresetcocotiers.fr\/index.php\/voyage-europe\/russie-voyage-moscou-saint-petersbourg\/\",\"name\":\"Russie &#8211; Moscou &#038; Saint-P\\u00e9tersbourg\"}}]}]}<\/script>\n<!-- \/ Yoast SEO plugin. -->","_links":{"self":[{"href":"https:\/\/aventuresetcocotiers.fr\/index.php\/wp-json\/wp\/v2\/pages\/2049"}],"collection":[{"href":"https:\/\/aventuresetcocotiers.fr\/index.php\/wp-json\/wp\/v2\/pages"}],"about":[{"href":"https:\/\/aventuresetcocotiers.fr\/index.php\/wp-json\/wp\/v2\/types\/page"}],"author":[{"embeddable":true,"href":"https:\/\/aventuresetcocotiers.fr\/index.php\/wp-json\/wp\/v2\/users\/1"}],"replies":[{"embeddable":true,"href":"https:\/\/aventuresetcocotiers.fr\/index.php\/wp-json\/wp\/v2\/comments?post=2049"}],"version-history":[{"count":5,"href":"https:\/\/aventuresetcocotiers.fr\/index.php\/wp-json\/wp\/v2\/pages\/2049\/revisions"}],"predecessor-version":[{"id":2067,"href":"https:\/\/aventuresetcocotiers.fr\/index.php\/wp-json\/wp\/v2\/pages\/2049\/revisions\/2067"}],"up":[{"embeddable":true,"href":"https:\/\/aventuresetcocotiers.fr\/index.php\/wp-json\/wp\/v2\/pages\/1881"}],"wp:attachment":[{"href":"https:\/\/aventuresetcocotiers.fr\/index.php\/wp-json\/wp\/v2\/media?parent=2049"}],"curies":[{"name":"wp","href":"https:\/\/api.w.org\/{rel}","templated":true}]}}