{"id":2140,"date":"2020-11-11T18:43:46","date_gmt":"2020-11-11T17:43:46","guid":{"rendered":"http:\/\/aventuresetcocotiers.fr\/?page_id=2140"},"modified":"2021-11-21T12:47:02","modified_gmt":"2021-11-21T11:47:02","slug":"dubai-mon-top-5","status":"publish","type":"page","link":"https:\/\/aventuresetcocotiers.fr\/index.php\/voyage-moyen-orient\/emirats-arabes-unis-sejour-dubai\/dubai-mon-top-5\/","title":{"rendered":"Mon top 5 \u00e0 d\u00e9couvrir \u00e0 Duba\u00ef"},"content":{"rendered":"\n<p style=\"font-size:15px\">Voici mon TOP 5 des choses \u00e0 faire \/ \u00e0 voir \u00e0 Duba\u00ef :<br><br><br>1 &#8211; <strong>Fontaines de Duba\u00ef<\/strong> : un spectacle son et lumi\u00e8re au pied de Burj Khalifa, toutes les 30 minutes avec \u00e0 chaque fois une nouvelle musique.<br><br>2 &#8211; <strong>Burj Khalifa 124\u00e8me \u00e9tage<\/strong> : une super vue depuis la plus haute tour du monde !<br><br>3 &#8211; <strong>Duba\u00ef Marina<\/strong> : une petite promenade bien sympa dans la Marina, au milieu des buildings.<br><br>4 &#8211; <strong>Le d\u00e9sert<\/strong> : une petite excursion dans le d\u00e9sert de Duba\u00ef \u00e0 moins d\u2019une heure de route. Des dunes \u00e0 perte de vue !<br><br>5 &#8211; <strong>Aquarium &amp; Underwater zoo<\/strong> : le tunnel sous l\u2019aquarium est tr\u00e8s impressionnant !<br><br><br>Et vous, c&rsquo;est quoi votre TOP 5 ?<\/p>\n\n\n<style type=\"text\/css\" id=\"umsMapStyles_22_14822\">\r\n\t#ultimate_maps_22_14822 {\r\n        width: 100%;\r\n        height: 500px;\r\n\t        border: 0px solid ;\r\n        margin: 0px;\r\n    }\r\n\t#mapsControlsNum_22_14822 {\r\n\t\twidth:100%\t}\r\n\t.umsMapDetailsContainer#umsMapDetailsContainer_22_14822 {\r\n\t\theight:500px;\r\n\t}\r\n\t.ums_MapPreview#ultimate_maps_22_14822 {\r\n\t\t\/*position:absolute;*\/\r\n\t\twidth:100%;\r\n\t}\r\n\t#mapConElem_22_14822{\r\n\t\twidth:100%\t}\r\n\t<\/style>\r\n<div class=\"ums_map_opts\" id=\"mapConElem_22_14822\" data-id=\"22\" data-view-id=\"22_14822\" > <div class=\"umsMapDetailsContainer\" id=\"umsMapDetailsContainer_22_14822\"> <i class=\"umsKMLLayersPreloader fa fa-spinner fa-spin\" aria-hidden=\"true\" style=\"display: none;\"><\/i> <div class=\"ums_MapPreview \" id=\"ultimate_maps_22_14822\"><\/div> <\/div> <div class=\"umsMapMarkerFilters\" id=\"umsMapMarkerFilters_22_14822\"> <\/div> <div class=\"umsMapProControlsCon\" id=\"umsMapProControlsCon_22_14822\"> <\/div> <div class=\"umsMapProDirectionsCon\" id=\"umsMapProDirectionsCon_22_14822\" > <\/div> <div class=\"umsMapProKmlFilterCon\" id=\"umsMapProKmlFilterCon_22_14822\" > <\/div> <div class=\"umsSocialSharingShell umsSocialSharingShell_22_14822\"> <\/div> <div style=\"clear: both;\"><\/div> <\/div> \n\n\n\n<div class=\"wp-block-group\"><div class=\"wp-block-group__inner-container\">\n<figure class=\"wp-block-gallery columns-4 is-cropped\"><ul class=\"blocks-gallery-grid\"><li class=\"blocks-gallery-item\"><figure><a href=\"http:\/\/aventuresetcocotiers.fr\/wp-content\/uploads\/2016\/09\/DSC06003.jpg\"><img loading=\"lazy\" width=\"1024\" height=\"682\" src=\"http:\/\/aventuresetcocotiers.fr\/wp-content\/uploads\/2016\/09\/DSC06003-1024x682.jpg\" alt=\" \" data-id=\"179\" data-full-url=\"http:\/\/aventuresetcocotiers.fr\/wp-content\/uploads\/2016\/09\/DSC06003.jpg\" data-link=\"http:\/\/aventuresetcocotiers.fr\/dsc06003\/\" class=\"wp-image-179\" srcset=\"https:\/\/aventuresetcocotiers.fr\/wp-content\/uploads\/2016\/09\/DSC06003-1024x682.jpg 1024w, https:\/\/aventuresetcocotiers.fr\/wp-content\/uploads\/2016\/09\/DSC06003-300x200.jpg 300w, https:\/\/aventuresetcocotiers.fr\/wp-content\/uploads\/2016\/09\/DSC06003-768x512.jpg 768w, https:\/\/aventuresetcocotiers.fr\/wp-content\/uploads\/2016\/09\/DSC06003.jpg 2000w\" sizes=\"(max-width: 1024px) 100vw, 1024px\" \/><\/a><figcaption class=\"blocks-gallery-item__caption\">Vue depuis Burj Khalifa<\/figcaption><\/figure><\/li><li class=\"blocks-gallery-item\"><figure><a href=\"http:\/\/aventuresetcocotiers.fr\/wp-content\/uploads\/2016\/09\/DSC06025.jpg\"><img loading=\"lazy\" width=\"1024\" height=\"682\" src=\"http:\/\/aventuresetcocotiers.fr\/wp-content\/uploads\/2016\/09\/DSC06025-1024x682.jpg\" alt=\" \" data-id=\"180\" data-full-url=\"http:\/\/aventuresetcocotiers.fr\/wp-content\/uploads\/2016\/09\/DSC06025.jpg\" data-link=\"http:\/\/aventuresetcocotiers.fr\/dsc06025\/\" class=\"wp-image-180\" srcset=\"https:\/\/aventuresetcocotiers.fr\/wp-content\/uploads\/2016\/09\/DSC06025-1024x682.jpg 1024w, https:\/\/aventuresetcocotiers.fr\/wp-content\/uploads\/2016\/09\/DSC06025-300x200.jpg 300w, https:\/\/aventuresetcocotiers.fr\/wp-content\/uploads\/2016\/09\/DSC06025-768x512.jpg 768w, https:\/\/aventuresetcocotiers.fr\/wp-content\/uploads\/2016\/09\/DSC06025.jpg 2000w\" sizes=\"(max-width: 1024px) 100vw, 1024px\" \/><\/a><figcaption class=\"blocks-gallery-item__caption\">Vue depuis Burj Khalifa<\/figcaption><\/figure><\/li><li class=\"blocks-gallery-item\"><figure><a href=\"http:\/\/aventuresetcocotiers.fr\/wp-content\/uploads\/2016\/09\/DSC06127.jpg\"><img loading=\"lazy\" width=\"1024\" height=\"682\" src=\"http:\/\/aventuresetcocotiers.fr\/wp-content\/uploads\/2016\/09\/DSC06127-1024x682.jpg\" alt=\" \" data-id=\"181\" data-full-url=\"http:\/\/aventuresetcocotiers.fr\/wp-content\/uploads\/2016\/09\/DSC06127.jpg\" data-link=\"http:\/\/aventuresetcocotiers.fr\/dsc06127\/\" class=\"wp-image-181\" srcset=\"https:\/\/aventuresetcocotiers.fr\/wp-content\/uploads\/2016\/09\/DSC06127-1024x682.jpg 1024w, https:\/\/aventuresetcocotiers.fr\/wp-content\/uploads\/2016\/09\/DSC06127-300x200.jpg 300w, https:\/\/aventuresetcocotiers.fr\/wp-content\/uploads\/2016\/09\/DSC06127-768x512.jpg 768w, https:\/\/aventuresetcocotiers.fr\/wp-content\/uploads\/2016\/09\/DSC06127.jpg 2000w\" sizes=\"(max-width: 1024px) 100vw, 1024px\" \/><\/a><figcaption class=\"blocks-gallery-item__caption\">Aquarium<\/figcaption><\/figure><\/li><li class=\"blocks-gallery-item\"><figure><a href=\"http:\/\/aventuresetcocotiers.fr\/wp-content\/uploads\/2016\/09\/DSC06217.jpg\"><img loading=\"lazy\" width=\"1024\" height=\"682\" src=\"http:\/\/aventuresetcocotiers.fr\/wp-content\/uploads\/2016\/09\/DSC06217-1024x682.jpg\" alt=\" \" data-id=\"182\" data-full-url=\"http:\/\/aventuresetcocotiers.fr\/wp-content\/uploads\/2016\/09\/DSC06217.jpg\" data-link=\"http:\/\/aventuresetcocotiers.fr\/dsc06217\/\" class=\"wp-image-182\" srcset=\"https:\/\/aventuresetcocotiers.fr\/wp-content\/uploads\/2016\/09\/DSC06217-1024x682.jpg 1024w, https:\/\/aventuresetcocotiers.fr\/wp-content\/uploads\/2016\/09\/DSC06217-300x200.jpg 300w, https:\/\/aventuresetcocotiers.fr\/wp-content\/uploads\/2016\/09\/DSC06217-768x512.jpg 768w, https:\/\/aventuresetcocotiers.fr\/wp-content\/uploads\/2016\/09\/DSC06217.jpg 2000w\" sizes=\"(max-width: 1024px) 100vw, 1024px\" \/><\/a><figcaption class=\"blocks-gallery-item__caption\">Aquarium<\/figcaption><\/figure><\/li><li class=\"blocks-gallery-item\"><figure><a href=\"http:\/\/aventuresetcocotiers.fr\/wp-content\/uploads\/2016\/09\/DSC06340.jpg\"><img loading=\"lazy\" width=\"1024\" height=\"682\" src=\"http:\/\/aventuresetcocotiers.fr\/wp-content\/uploads\/2016\/09\/DSC06340-1024x682.jpg\" alt=\" \" data-id=\"183\" data-full-url=\"http:\/\/aventuresetcocotiers.fr\/wp-content\/uploads\/2016\/09\/DSC06340.jpg\" data-link=\"http:\/\/aventuresetcocotiers.fr\/dsc06340\/\" class=\"wp-image-183\" srcset=\"https:\/\/aventuresetcocotiers.fr\/wp-content\/uploads\/2016\/09\/DSC06340-1024x682.jpg 1024w, https:\/\/aventuresetcocotiers.fr\/wp-content\/uploads\/2016\/09\/DSC06340-300x200.jpg 300w, https:\/\/aventuresetcocotiers.fr\/wp-content\/uploads\/2016\/09\/DSC06340-768x512.jpg 768w, https:\/\/aventuresetcocotiers.fr\/wp-content\/uploads\/2016\/09\/DSC06340.jpg 2000w\" sizes=\"(max-width: 1024px) 100vw, 1024px\" \/><\/a><figcaption class=\"blocks-gallery-item__caption\">Marina<\/figcaption><\/figure><\/li><li class=\"blocks-gallery-item\"><figure><a href=\"http:\/\/aventuresetcocotiers.fr\/wp-content\/uploads\/2016\/09\/DSC06363.jpg\"><img loading=\"lazy\" width=\"1024\" height=\"682\" src=\"http:\/\/aventuresetcocotiers.fr\/wp-content\/uploads\/2016\/09\/DSC06363-1024x682.jpg\" alt=\" \" data-id=\"184\" data-full-url=\"http:\/\/aventuresetcocotiers.fr\/wp-content\/uploads\/2016\/09\/DSC06363.jpg\" data-link=\"http:\/\/aventuresetcocotiers.fr\/dsc06363\/\" class=\"wp-image-184\" srcset=\"https:\/\/aventuresetcocotiers.fr\/wp-content\/uploads\/2016\/09\/DSC06363-1024x682.jpg 1024w, https:\/\/aventuresetcocotiers.fr\/wp-content\/uploads\/2016\/09\/DSC06363-300x200.jpg 300w, https:\/\/aventuresetcocotiers.fr\/wp-content\/uploads\/2016\/09\/DSC06363-768x512.jpg 768w, https:\/\/aventuresetcocotiers.fr\/wp-content\/uploads\/2016\/09\/DSC06363.jpg 2000w\" sizes=\"(max-width: 1024px) 100vw, 1024px\" \/><\/a><figcaption class=\"blocks-gallery-item__caption\">Plage vers la Marina<\/figcaption><\/figure><\/li><li class=\"blocks-gallery-item\"><figure><a href=\"http:\/\/aventuresetcocotiers.fr\/wp-content\/uploads\/2016\/09\/DSC06364.jpg\"><img loading=\"lazy\" width=\"1024\" height=\"682\" src=\"http:\/\/aventuresetcocotiers.fr\/wp-content\/uploads\/2016\/09\/DSC06364-1024x682.jpg\" alt=\" \" data-id=\"185\" data-full-url=\"http:\/\/aventuresetcocotiers.fr\/wp-content\/uploads\/2016\/09\/DSC06364.jpg\" data-link=\"http:\/\/aventuresetcocotiers.fr\/dsc06364\/\" class=\"wp-image-185\" srcset=\"https:\/\/aventuresetcocotiers.fr\/wp-content\/uploads\/2016\/09\/DSC06364-1024x682.jpg 1024w, https:\/\/aventuresetcocotiers.fr\/wp-content\/uploads\/2016\/09\/DSC06364-300x200.jpg 300w, https:\/\/aventuresetcocotiers.fr\/wp-content\/uploads\/2016\/09\/DSC06364-768x512.jpg 768w, https:\/\/aventuresetcocotiers.fr\/wp-content\/uploads\/2016\/09\/DSC06364.jpg 2000w\" sizes=\"(max-width: 1024px) 100vw, 1024px\" \/><\/a><figcaption class=\"blocks-gallery-item__caption\">Plage vers la Marina<\/figcaption><\/figure><\/li><li class=\"blocks-gallery-item\"><figure><a href=\"http:\/\/aventuresetcocotiers.fr\/wp-content\/uploads\/2016\/09\/DSC06369.jpg\"><img loading=\"lazy\" width=\"682\" height=\"1024\" src=\"http:\/\/aventuresetcocotiers.fr\/wp-content\/uploads\/2016\/09\/DSC06369-682x1024.jpg\" alt=\" \" data-id=\"186\" data-full-url=\"http:\/\/aventuresetcocotiers.fr\/wp-content\/uploads\/2016\/09\/DSC06369.jpg\" data-link=\"http:\/\/aventuresetcocotiers.fr\/dsc06369\/\" class=\"wp-image-186\" srcset=\"https:\/\/aventuresetcocotiers.fr\/wp-content\/uploads\/2016\/09\/DSC06369-682x1024.jpg 682w, https:\/\/aventuresetcocotiers.fr\/wp-content\/uploads\/2016\/09\/DSC06369-200x300.jpg 200w, https:\/\/aventuresetcocotiers.fr\/wp-content\/uploads\/2016\/09\/DSC06369-768x1152.jpg 768w, https:\/\/aventuresetcocotiers.fr\/wp-content\/uploads\/2016\/09\/DSC06369.jpg 1333w\" sizes=\"(max-width: 682px) 100vw, 682px\" \/><\/a><figcaption class=\"blocks-gallery-item__caption\">Burj Khalifa<\/figcaption><\/figure><\/li><li class=\"blocks-gallery-item\"><figure><a href=\"http:\/\/aventuresetcocotiers.fr\/wp-content\/uploads\/2016\/09\/DSC06428.jpg\"><img loading=\"lazy\" width=\"1024\" height=\"682\" src=\"http:\/\/aventuresetcocotiers.fr\/wp-content\/uploads\/2016\/09\/DSC06428-1024x682.jpg\" alt=\" \" data-id=\"187\" data-full-url=\"http:\/\/aventuresetcocotiers.fr\/wp-content\/uploads\/2016\/09\/DSC06428.jpg\" data-link=\"http:\/\/aventuresetcocotiers.fr\/dsc06428\/\" class=\"wp-image-187\" srcset=\"https:\/\/aventuresetcocotiers.fr\/wp-content\/uploads\/2016\/09\/DSC06428-1024x682.jpg 1024w, https:\/\/aventuresetcocotiers.fr\/wp-content\/uploads\/2016\/09\/DSC06428-300x200.jpg 300w, https:\/\/aventuresetcocotiers.fr\/wp-content\/uploads\/2016\/09\/DSC06428-768x512.jpg 768w, https:\/\/aventuresetcocotiers.fr\/wp-content\/uploads\/2016\/09\/DSC06428.jpg 2000w\" sizes=\"(max-width: 1024px) 100vw, 1024px\" \/><\/a><figcaption class=\"blocks-gallery-item__caption\">Spice Souk<\/figcaption><\/figure><\/li><li class=\"blocks-gallery-item\"><figure><a href=\"http:\/\/aventuresetcocotiers.fr\/wp-content\/uploads\/2016\/09\/DSC06432.jpg\"><img loading=\"lazy\" width=\"1024\" height=\"682\" src=\"http:\/\/aventuresetcocotiers.fr\/wp-content\/uploads\/2016\/09\/DSC06432-1024x682.jpg\" alt=\" \" data-id=\"188\" data-full-url=\"http:\/\/aventuresetcocotiers.fr\/wp-content\/uploads\/2016\/09\/DSC06432.jpg\" data-link=\"http:\/\/aventuresetcocotiers.fr\/dsc06432\/\" class=\"wp-image-188\" srcset=\"https:\/\/aventuresetcocotiers.fr\/wp-content\/uploads\/2016\/09\/DSC06432-1024x682.jpg 1024w, https:\/\/aventuresetcocotiers.fr\/wp-content\/uploads\/2016\/09\/DSC06432-300x200.jpg 300w, https:\/\/aventuresetcocotiers.fr\/wp-content\/uploads\/2016\/09\/DSC06432-768x512.jpg 768w, https:\/\/aventuresetcocotiers.fr\/wp-content\/uploads\/2016\/09\/DSC06432.jpg 2000w\" sizes=\"(max-width: 1024px) 100vw, 1024px\" \/><\/a><figcaption class=\"blocks-gallery-item__caption\">Creek<\/figcaption><\/figure><\/li><li class=\"blocks-gallery-item\"><figure><a href=\"http:\/\/aventuresetcocotiers.fr\/wp-content\/uploads\/2016\/09\/DSC06870.jpg\"><img loading=\"lazy\" width=\"1024\" height=\"682\" src=\"http:\/\/aventuresetcocotiers.fr\/wp-content\/uploads\/2016\/09\/DSC06870-1024x682.jpg\" alt=\" \" data-id=\"189\" data-full-url=\"http:\/\/aventuresetcocotiers.fr\/wp-content\/uploads\/2016\/09\/DSC06870.jpg\" data-link=\"http:\/\/aventuresetcocotiers.fr\/dsc06870\/\" class=\"wp-image-189\" srcset=\"https:\/\/aventuresetcocotiers.fr\/wp-content\/uploads\/2016\/09\/DSC06870-1024x682.jpg 1024w, https:\/\/aventuresetcocotiers.fr\/wp-content\/uploads\/2016\/09\/DSC06870-300x200.jpg 300w, https:\/\/aventuresetcocotiers.fr\/wp-content\/uploads\/2016\/09\/DSC06870-768x512.jpg 768w, https:\/\/aventuresetcocotiers.fr\/wp-content\/uploads\/2016\/09\/DSC06870.jpg 2000w\" sizes=\"(max-width: 1024px) 100vw, 1024px\" \/><\/a><figcaption class=\"blocks-gallery-item__caption\">D\u00e9sert<\/figcaption><\/figure><\/li><li class=\"blocks-gallery-item\"><figure><a href=\"http:\/\/aventuresetcocotiers.fr\/wp-content\/uploads\/2016\/09\/DSC06906.jpg\"><img loading=\"lazy\" width=\"1024\" height=\"682\" src=\"http:\/\/aventuresetcocotiers.fr\/wp-content\/uploads\/2016\/09\/DSC06906-1024x682.jpg\" alt=\" \" data-id=\"190\" data-full-url=\"http:\/\/aventuresetcocotiers.fr\/wp-content\/uploads\/2016\/09\/DSC06906.jpg\" data-link=\"http:\/\/aventuresetcocotiers.fr\/dsc06906\/\" class=\"wp-image-190\" srcset=\"https:\/\/aventuresetcocotiers.fr\/wp-content\/uploads\/2016\/09\/DSC06906-1024x682.jpg 1024w, https:\/\/aventuresetcocotiers.fr\/wp-content\/uploads\/2016\/09\/DSC06906-300x200.jpg 300w, https:\/\/aventuresetcocotiers.fr\/wp-content\/uploads\/2016\/09\/DSC06906-768x512.jpg 768w, https:\/\/aventuresetcocotiers.fr\/wp-content\/uploads\/2016\/09\/DSC06906.jpg 2000w\" sizes=\"(max-width: 1024px) 100vw, 1024px\" \/><\/a><figcaption class=\"blocks-gallery-item__caption\">D\u00e9sert<\/figcaption><\/figure><\/li><li class=\"blocks-gallery-item\"><figure><a href=\"http:\/\/aventuresetcocotiers.fr\/wp-content\/uploads\/2016\/09\/DSC06945.jpg\"><img loading=\"lazy\" width=\"1024\" height=\"682\" src=\"http:\/\/aventuresetcocotiers.fr\/wp-content\/uploads\/2016\/09\/DSC06945-1024x682.jpg\" alt=\" \" data-id=\"191\" data-full-url=\"http:\/\/aventuresetcocotiers.fr\/wp-content\/uploads\/2016\/09\/DSC06945.jpg\" data-link=\"http:\/\/aventuresetcocotiers.fr\/dsc06945\/\" class=\"wp-image-191\" srcset=\"https:\/\/aventuresetcocotiers.fr\/wp-content\/uploads\/2016\/09\/DSC06945-1024x682.jpg 1024w, https:\/\/aventuresetcocotiers.fr\/wp-content\/uploads\/2016\/09\/DSC06945-300x200.jpg 300w, https:\/\/aventuresetcocotiers.fr\/wp-content\/uploads\/2016\/09\/DSC06945-768x512.jpg 768w, https:\/\/aventuresetcocotiers.fr\/wp-content\/uploads\/2016\/09\/DSC06945.jpg 2000w\" sizes=\"(max-width: 1024px) 100vw, 1024px\" \/><\/a><figcaption class=\"blocks-gallery-item__caption\">D\u00e9sert<\/figcaption><\/figure><\/li><li class=\"blocks-gallery-item\"><figure><a href=\"http:\/\/aventuresetcocotiers.fr\/wp-content\/uploads\/2016\/09\/DSC06986.jpg\"><img loading=\"lazy\" width=\"1024\" height=\"682\" src=\"http:\/\/aventuresetcocotiers.fr\/wp-content\/uploads\/2016\/09\/DSC06986-1024x682.jpg\" alt=\" \" data-id=\"192\" data-full-url=\"http:\/\/aventuresetcocotiers.fr\/wp-content\/uploads\/2016\/09\/DSC06986.jpg\" data-link=\"http:\/\/aventuresetcocotiers.fr\/dsc06986\/\" class=\"wp-image-192\" srcset=\"https:\/\/aventuresetcocotiers.fr\/wp-content\/uploads\/2016\/09\/DSC06986-1024x682.jpg 1024w, https:\/\/aventuresetcocotiers.fr\/wp-content\/uploads\/2016\/09\/DSC06986-300x200.jpg 300w, https:\/\/aventuresetcocotiers.fr\/wp-content\/uploads\/2016\/09\/DSC06986-768x512.jpg 768w, https:\/\/aventuresetcocotiers.fr\/wp-content\/uploads\/2016\/09\/DSC06986.jpg 2000w\" sizes=\"(max-width: 1024px) 100vw, 1024px\" \/><\/a><figcaption class=\"blocks-gallery-item__caption\">Vue depuis le m\u00e9tro<\/figcaption><\/figure><\/li><li class=\"blocks-gallery-item\"><figure><a href=\"http:\/\/aventuresetcocotiers.fr\/wp-content\/uploads\/2016\/09\/DSC06350.jpg\"><img loading=\"lazy\" width=\"1024\" height=\"682\" src=\"http:\/\/aventuresetcocotiers.fr\/wp-content\/uploads\/2016\/09\/DSC06350-1024x682.jpg\" alt=\" \" data-id=\"194\" data-full-url=\"http:\/\/aventuresetcocotiers.fr\/wp-content\/uploads\/2016\/09\/DSC06350.jpg\" data-link=\"http:\/\/aventuresetcocotiers.fr\/dsc06350\/\" class=\"wp-image-194\" srcset=\"https:\/\/aventuresetcocotiers.fr\/wp-content\/uploads\/2016\/09\/DSC06350-1024x682.jpg 1024w, https:\/\/aventuresetcocotiers.fr\/wp-content\/uploads\/2016\/09\/DSC06350-300x200.jpg 300w, https:\/\/aventuresetcocotiers.fr\/wp-content\/uploads\/2016\/09\/DSC06350-768x512.jpg 768w, https:\/\/aventuresetcocotiers.fr\/wp-content\/uploads\/2016\/09\/DSC06350.jpg 2000w\" sizes=\"(max-width: 1024px) 100vw, 1024px\" \/><\/a><figcaption class=\"blocks-gallery-item__caption\">DUBA\u00cf<\/figcaption><\/figure><\/li><\/ul><\/figure>\n<\/div><\/div>\n\n\n\n<p style=\"font-size:15px\"><br><\/p>\n","protected":false},"excerpt":{"rendered":"<p>Voici mon TOP 5 des choses \u00e0 faire \/ \u00e0 voir \u00e0 Duba\u00ef : 1 &#8211; Fontaines de Duba\u00ef : un spectacle son et lumi\u00e8re au pied de Burj Khalifa, toutes les 30 minutes avec \u00e0 chaque fois une nouvelle musique. 2 &#8211; Burj Khalifa 124\u00e8me \u00e9tage : une super vue depuis la plus haute [&hellip;]<\/p>\n","protected":false},"author":1,"featured_media":0,"parent":2129,"menu_order":0,"comment_status":"open","ping_status":"closed","template":"","meta":[],"yoast_head":"<!-- This site is optimized with the Yoast SEO plugin v15.2.1 - https:\/\/yoast.com\/wordpress\/plugins\/seo\/ -->\n<title>Mon top 5 \u00e0 d\u00e9couvrir \u00e0 Duba\u00ef |<\/title>\n<meta name=\"robots\" content=\"index, follow, max-snippet:-1, max-image-preview:large, max-video-preview:-1\" \/>\n<link rel=\"canonical\" href=\"https:\/\/aventuresetcocotiers.fr\/index.php\/voyage-moyen-orient\/emirats-arabes-unis-sejour-dubai\/dubai-mon-top-5\/\" \/>\n<meta property=\"og:locale\" content=\"fr_FR\" \/>\n<meta property=\"og:type\" content=\"article\" \/>\n<meta property=\"og:title\" content=\"Mon top 5 \u00e0 d\u00e9couvrir \u00e0 Duba\u00ef |\" \/>\n<meta property=\"og:description\" content=\"Voici mon TOP 5 des choses \u00e0 faire \/ \u00e0 voir \u00e0 Duba\u00ef : 1 &#8211; Fontaines de Duba\u00ef : un spectacle son et lumi\u00e8re au pied de Burj Khalifa, toutes les 30 minutes avec \u00e0 chaque fois une nouvelle musique. 2 &#8211; Burj Khalifa 124\u00e8me \u00e9tage : une super vue depuis la plus haute [&hellip;]\" \/>\n<meta property=\"og:url\" content=\"https:\/\/aventuresetcocotiers.fr\/index.php\/voyage-moyen-orient\/emirats-arabes-unis-sejour-dubai\/dubai-mon-top-5\/\" \/>\n<meta property=\"article:modified_time\" content=\"2021-11-21T11:47:02+00:00\" \/>\n<meta property=\"og:image\" content=\"http:\/\/aventuresetcocotiers.fr\/wp-content\/uploads\/2016\/09\/DSC06003-1024x682.jpg\" \/>\n<meta name=\"twitter:card\" content=\"summary\" \/>\n<meta name=\"twitter:label1\" content=\"\u00c9crit par\">\n\t<meta name=\"twitter:data1\" content=\"admin2603\">\n\t<meta name=\"twitter:label2\" content=\"Dur\u00e9e de lecture est.\">\n\t<meta name=\"twitter:data2\" content=\"1 minute\">\n<script type=\"application\/ld+json\" class=\"yoast-schema-graph\">{\"@context\":\"https:\/\/schema.org\",\"@graph\":[{\"@type\":\"WebSite\",\"@id\":\"https:\/\/aventuresetcocotiers.fr\/#website\",\"url\":\"https:\/\/aventuresetcocotiers.fr\/\",\"name\":\"\",\"description\":\"\",\"potentialAction\":[{\"@type\":\"SearchAction\",\"target\":\"https:\/\/aventuresetcocotiers.fr\/?s={search_term_string}\",\"query-input\":\"required name=search_term_string\"}],\"inLanguage\":\"fr-FR\"},{\"@type\":\"ImageObject\",\"@id\":\"https:\/\/aventuresetcocotiers.fr\/index.php\/voyage-moyen-orient\/emirats-arabes-unis-sejour-dubai\/dubai-mon-top-5\/#primaryimage\",\"inLanguage\":\"fr-FR\",\"url\":\"http:\/\/aventuresetcocotiers.fr\/wp-content\/uploads\/2016\/09\/DSC06003-1024x682.jpg\"},{\"@type\":\"WebPage\",\"@id\":\"https:\/\/aventuresetcocotiers.fr\/index.php\/voyage-moyen-orient\/emirats-arabes-unis-sejour-dubai\/dubai-mon-top-5\/#webpage\",\"url\":\"https:\/\/aventuresetcocotiers.fr\/index.php\/voyage-moyen-orient\/emirats-arabes-unis-sejour-dubai\/dubai-mon-top-5\/\",\"name\":\"Mon top 5 \\u00e0 d\\u00e9couvrir \\u00e0 Duba\\u00ef |\",\"isPartOf\":{\"@id\":\"https:\/\/aventuresetcocotiers.fr\/#website\"},\"primaryImageOfPage\":{\"@id\":\"https:\/\/aventuresetcocotiers.fr\/index.php\/voyage-moyen-orient\/emirats-arabes-unis-sejour-dubai\/dubai-mon-top-5\/#primaryimage\"},\"datePublished\":\"2020-11-11T17:43:46+00:00\",\"dateModified\":\"2021-11-21T11:47:02+00:00\",\"breadcrumb\":{\"@id\":\"https:\/\/aventuresetcocotiers.fr\/index.php\/voyage-moyen-orient\/emirats-arabes-unis-sejour-dubai\/dubai-mon-top-5\/#breadcrumb\"},\"inLanguage\":\"fr-FR\",\"potentialAction\":[{\"@type\":\"ReadAction\",\"target\":[\"https:\/\/aventuresetcocotiers.fr\/index.php\/voyage-moyen-orient\/emirats-arabes-unis-sejour-dubai\/dubai-mon-top-5\/\"]}]},{\"@type\":\"BreadcrumbList\",\"@id\":\"https:\/\/aventuresetcocotiers.fr\/index.php\/voyage-moyen-orient\/emirats-arabes-unis-sejour-dubai\/dubai-mon-top-5\/#breadcrumb\",\"itemListElement\":[{\"@type\":\"ListItem\",\"position\":1,\"item\":{\"@type\":\"WebPage\",\"@id\":\"http:\/\/aventuresetcocotiers.fr\/\",\"url\":\"http:\/\/aventuresetcocotiers.fr\/\",\"name\":\"Accueil\"}},{\"@type\":\"ListItem\",\"position\":2,\"item\":{\"@type\":\"WebPage\",\"@id\":\"https:\/\/aventuresetcocotiers.fr\/index.php\/voyage-moyen-orient\/\",\"url\":\"https:\/\/aventuresetcocotiers.fr\/index.php\/voyage-moyen-orient\/\",\"name\":\"Moyen-Orient\"}},{\"@type\":\"ListItem\",\"position\":3,\"item\":{\"@type\":\"WebPage\",\"@id\":\"https:\/\/aventuresetcocotiers.fr\/index.php\/voyage-moyen-orient\/emirats-arabes-unis-sejour-dubai\/\",\"url\":\"https:\/\/aventuresetcocotiers.fr\/index.php\/voyage-moyen-orient\/emirats-arabes-unis-sejour-dubai\/\",\"name\":\"Emirats Arabes Unis &#8211; Duba\\u00ef\"}},{\"@type\":\"ListItem\",\"position\":4,\"item\":{\"@type\":\"WebPage\",\"@id\":\"https:\/\/aventuresetcocotiers.fr\/index.php\/voyage-moyen-orient\/emirats-arabes-unis-sejour-dubai\/dubai-mon-top-5\/\",\"url\":\"https:\/\/aventuresetcocotiers.fr\/index.php\/voyage-moyen-orient\/emirats-arabes-unis-sejour-dubai\/dubai-mon-top-5\/\",\"name\":\"Mon top 5 \\u00e0 d\\u00e9couvrir \\u00e0 Duba\\u00ef\"}}]}]}<\/script>\n<!-- \/ Yoast SEO plugin. -->","_links":{"self":[{"href":"https:\/\/aventuresetcocotiers.fr\/index.php\/wp-json\/wp\/v2\/pages\/2140"}],"collection":[{"href":"https:\/\/aventuresetcocotiers.fr\/index.php\/wp-json\/wp\/v2\/pages"}],"about":[{"href":"https:\/\/aventuresetcocotiers.fr\/index.php\/wp-json\/wp\/v2\/types\/page"}],"author":[{"embeddable":true,"href":"https:\/\/aventuresetcocotiers.fr\/index.php\/wp-json\/wp\/v2\/users\/1"}],"replies":[{"embeddable":true,"href":"https:\/\/aventuresetcocotiers.fr\/index.php\/wp-json\/wp\/v2\/comments?post=2140"}],"version-history":[{"count":3,"href":"https:\/\/aventuresetcocotiers.fr\/index.php\/wp-json\/wp\/v2\/pages\/2140\/revisions"}],"predecessor-version":[{"id":2728,"href":"https:\/\/aventuresetcocotiers.fr\/index.php\/wp-json\/wp\/v2\/pages\/2140\/revisions\/2728"}],"up":[{"embeddable":true,"href":"https:\/\/aventuresetcocotiers.fr\/index.php\/wp-json\/wp\/v2\/pages\/2129"}],"wp:attachment":[{"href":"https:\/\/aventuresetcocotiers.fr\/index.php\/wp-json\/wp\/v2\/media?parent=2140"}],"curies":[{"name":"wp","href":"https:\/\/api.w.org\/{rel}","templated":true}]}}