{"id":2184,"date":"2020-11-11T20:46:36","date_gmt":"2020-11-11T19:46:36","guid":{"rendered":"http:\/\/aventuresetcocotiers.fr\/?page_id=2184"},"modified":"2020-11-11T21:15:20","modified_gmt":"2020-11-11T20:15:20","slug":"voyage-oman","status":"publish","type":"page","link":"https:\/\/aventuresetcocotiers.fr\/index.php\/voyage-moyen-orient\/voyage-oman\/","title":{"rendered":"Oman"},"content":{"rendered":"\n<p style=\"font-size:15px\">Oman, le pays des milles et une nuits est une destination encore m\u00e9connue du reste du monde. D&rsquo;ailleurs quand j&rsquo;ai dit qu&rsquo;on allait \u00e0 Oman, on m&rsquo;a beaucoup demand\u00e9 o\u00f9 se situait le pays et surtout pourquoi aller l\u00e0 bas.<\/p>\n\n\n\n<p style=\"font-size:15px\">Pourquoi aller l\u00e0-bas ? Pour d\u00e9couvrir un petit paradis aux paysages uniques !! Parce que oui, \u00e0 Oman on voit des montagnes arides, un d\u00e9sert de dunes orang\u00e9es, des petits villages authentiques, des plages de sable blanc, des wadis,&#8230;<\/p>\n\n\n\n<p style=\"font-size:15px\">Je r\u00eavais depuis quelques temps d&rsquo;aller dans ce pays, retrouver des airs de Moyen Orient que j&rsquo;avais tant aim\u00e9 en Jordanie. Le sultanat \u00e0 \u00e9t\u00e9 \u00e0 la hauteur de mes attentes, le pays est tout simplement magnifique.<\/p>\n\n\n\n<p style=\"font-size:15px\">Nous avons voyag\u00e9 \u00e0 Oman en <strong>mars 2018<\/strong>, une tr\u00e8s bonne p\u00e9riode pour voyager ici, juste avant la chaleur intense de l&rsquo;\u00e9t\u00e9.<\/p>\n\n\n\n<p style=\"font-size:15px\">Le Sultanat se visite plut\u00f4t en autotour. On peut choisir de le faire avec une tente, ou avec des h\u00f4tels \u00e0 chaque \u00e9tapes (option que l&rsquo;on a choisi). C\u00f4t\u00e9 conduite, c&rsquo;est tr\u00e8s simple : on roule \u00e0 droite, les panneaux sont traduits, les routes sont en tr\u00e8s bon \u00e9tat. Vous pouvez comme nous, pour faciliter les trajets, acheter une carte sim (qu&rsquo;on peut acheter \u00e0 l&rsquo;a\u00e9roport ou en supermarch\u00e9) avec internet pour rouler avec une application comme Waze. Le pays est tr\u00e8s facile \u00e0 d\u00e9couvrir, la majorit\u00e9 des omanais parlent tr\u00e8s bien anglais. Pour info, comptez 5 OMR pour une carte sim avec 2go d&rsquo;internet.<\/p>\n\n\n\n<figure class=\"wp-block-image size-full\"><a href=\"https:\/\/aventuresetcocotiers.fr\/index.php\/voyage-moyen-orient\/voyage-oman\/oman-itineraire-10-jours\/\"><img loading=\"lazy\" width=\"2000\" height=\"508\" src=\"https:\/\/aventuresetcocotiers.fr\/wp-content\/uploads\/2020\/11\/Mon-itineraire-oman.jpg\" alt=\"\" class=\"wp-image-2187\" srcset=\"https:\/\/aventuresetcocotiers.fr\/wp-content\/uploads\/2020\/11\/Mon-itineraire-oman.jpg 2000w, https:\/\/aventuresetcocotiers.fr\/wp-content\/uploads\/2020\/11\/Mon-itineraire-oman-300x76.jpg 300w, https:\/\/aventuresetcocotiers.fr\/wp-content\/uploads\/2020\/11\/Mon-itineraire-oman-1024x260.jpg 1024w, https:\/\/aventuresetcocotiers.fr\/wp-content\/uploads\/2020\/11\/Mon-itineraire-oman-768x195.jpg 768w, https:\/\/aventuresetcocotiers.fr\/wp-content\/uploads\/2020\/11\/Mon-itineraire-oman-1536x390.jpg 1536w\" sizes=\"(max-width: 2000px) 100vw, 2000px\" \/><\/a><\/figure>\n\n\n\n<figure class=\"wp-block-image size-full\"><a href=\"https:\/\/aventuresetcocotiers.fr\/index.php\/voyage-moyen-orient\/voyage-oman\/oman-mon-top-5\/\"><img loading=\"lazy\" width=\"2000\" height=\"515\" src=\"https:\/\/aventuresetcocotiers.fr\/wp-content\/uploads\/2020\/11\/Mon-top-5-Oman.jpg\" alt=\"\" class=\"wp-image-2188\" srcset=\"https:\/\/aventuresetcocotiers.fr\/wp-content\/uploads\/2020\/11\/Mon-top-5-Oman.jpg 2000w, https:\/\/aventuresetcocotiers.fr\/wp-content\/uploads\/2020\/11\/Mon-top-5-Oman-300x77.jpg 300w, https:\/\/aventuresetcocotiers.fr\/wp-content\/uploads\/2020\/11\/Mon-top-5-Oman-1024x264.jpg 1024w, https:\/\/aventuresetcocotiers.fr\/wp-content\/uploads\/2020\/11\/Mon-top-5-Oman-768x198.jpg 768w, https:\/\/aventuresetcocotiers.fr\/wp-content\/uploads\/2020\/11\/Mon-top-5-Oman-1536x396.jpg 1536w\" sizes=\"(max-width: 2000px) 100vw, 2000px\" \/><\/a><\/figure>\n\n\n\n<figure class=\"wp-block-image size-full\"><a href=\"https:\/\/aventuresetcocotiers.fr\/index.php\/voyage-moyen-orient\/voyage-oman\/oman-les-bonnes-adresses\/\"><img loading=\"lazy\" width=\"2000\" height=\"510\" src=\"https:\/\/aventuresetcocotiers.fr\/wp-content\/uploads\/2020\/11\/Bonnes-adresses-oman.jpg\" alt=\"\" class=\"wp-image-2185\" srcset=\"https:\/\/aventuresetcocotiers.fr\/wp-content\/uploads\/2020\/11\/Bonnes-adresses-oman.jpg 2000w, https:\/\/aventuresetcocotiers.fr\/wp-content\/uploads\/2020\/11\/Bonnes-adresses-oman-300x77.jpg 300w, https:\/\/aventuresetcocotiers.fr\/wp-content\/uploads\/2020\/11\/Bonnes-adresses-oman-1024x261.jpg 1024w, https:\/\/aventuresetcocotiers.fr\/wp-content\/uploads\/2020\/11\/Bonnes-adresses-oman-768x196.jpg 768w, https:\/\/aventuresetcocotiers.fr\/wp-content\/uploads\/2020\/11\/Bonnes-adresses-oman-1536x392.jpg 1536w\" sizes=\"(max-width: 2000px) 100vw, 2000px\" \/><\/a><\/figure>\n\n\n\n<figure class=\"wp-block-image size-full\"><a href=\"https:\/\/aventuresetcocotiers.fr\/index.php\/voyage-moyen-orient\/voyage-oman\/oman-budget\/\"><img loading=\"lazy\" width=\"2000\" height=\"515\" src=\"https:\/\/aventuresetcocotiers.fr\/wp-content\/uploads\/2020\/11\/Budget-oman.jpg\" alt=\"\" class=\"wp-image-2186\" srcset=\"https:\/\/aventuresetcocotiers.fr\/wp-content\/uploads\/2020\/11\/Budget-oman.jpg 2000w, https:\/\/aventuresetcocotiers.fr\/wp-content\/uploads\/2020\/11\/Budget-oman-300x77.jpg 300w, https:\/\/aventuresetcocotiers.fr\/wp-content\/uploads\/2020\/11\/Budget-oman-1024x264.jpg 1024w, https:\/\/aventuresetcocotiers.fr\/wp-content\/uploads\/2020\/11\/Budget-oman-768x198.jpg 768w, https:\/\/aventuresetcocotiers.fr\/wp-content\/uploads\/2020\/11\/Budget-oman-1536x396.jpg 1536w\" sizes=\"(max-width: 2000px) 100vw, 2000px\" \/><\/a><\/figure>\n","protected":false},"excerpt":{"rendered":"<p>Oman, le pays des milles et une nuits est une destination encore m\u00e9connue du reste du monde. D&rsquo;ailleurs quand j&rsquo;ai dit qu&rsquo;on allait \u00e0 Oman, on m&rsquo;a beaucoup demand\u00e9 o\u00f9 se situait le pays et surtout pourquoi aller l\u00e0 bas. Pourquoi aller l\u00e0-bas ? Pour d\u00e9couvrir un petit paradis aux paysages uniques !! Parce que [&hellip;]<\/p>\n","protected":false},"author":1,"featured_media":0,"parent":121,"menu_order":0,"comment_status":"closed","ping_status":"closed","template":"template-full.php","meta":[],"yoast_head":"<!-- This site is optimized with the Yoast SEO plugin v15.2.1 - https:\/\/yoast.com\/wordpress\/plugins\/seo\/ -->\n<title>Oman |<\/title>\n<meta name=\"robots\" content=\"index, follow, max-snippet:-1, max-image-preview:large, max-video-preview:-1\" \/>\n<link rel=\"canonical\" href=\"https:\/\/aventuresetcocotiers.fr\/index.php\/voyage-moyen-orient\/voyage-oman\/\" \/>\n<meta property=\"og:locale\" content=\"fr_FR\" \/>\n<meta property=\"og:type\" content=\"article\" \/>\n<meta property=\"og:title\" content=\"Oman |\" \/>\n<meta property=\"og:description\" content=\"Oman, le pays des milles et une nuits est une destination encore m\u00e9connue du reste du monde. D&rsquo;ailleurs quand j&rsquo;ai dit qu&rsquo;on allait \u00e0 Oman, on m&rsquo;a beaucoup demand\u00e9 o\u00f9 se situait le pays et surtout pourquoi aller l\u00e0 bas. Pourquoi aller l\u00e0-bas ? Pour d\u00e9couvrir un petit paradis aux paysages uniques !! Parce que [&hellip;]\" \/>\n<meta property=\"og:url\" content=\"https:\/\/aventuresetcocotiers.fr\/index.php\/voyage-moyen-orient\/voyage-oman\/\" \/>\n<meta property=\"article:modified_time\" content=\"2020-11-11T20:15:20+00:00\" \/>\n<meta property=\"og:image\" content=\"https:\/\/aventuresetcocotiers.fr\/wp-content\/uploads\/2020\/11\/Mon-itineraire-oman.jpg\" \/>\n<meta name=\"twitter:card\" content=\"summary\" \/>\n<meta name=\"twitter:label1\" content=\"\u00c9crit par\">\n\t<meta name=\"twitter:data1\" content=\"admin2603\">\n\t<meta name=\"twitter:label2\" content=\"Dur\u00e9e de lecture est.\">\n\t<meta name=\"twitter:data2\" content=\"1 minute\">\n<script type=\"application\/ld+json\" class=\"yoast-schema-graph\">{\"@context\":\"https:\/\/schema.org\",\"@graph\":[{\"@type\":\"WebSite\",\"@id\":\"https:\/\/aventuresetcocotiers.fr\/#website\",\"url\":\"https:\/\/aventuresetcocotiers.fr\/\",\"name\":\"\",\"description\":\"\",\"potentialAction\":[{\"@type\":\"SearchAction\",\"target\":\"https:\/\/aventuresetcocotiers.fr\/?s={search_term_string}\",\"query-input\":\"required name=search_term_string\"}],\"inLanguage\":\"fr-FR\"},{\"@type\":\"ImageObject\",\"@id\":\"https:\/\/aventuresetcocotiers.fr\/index.php\/voyage-moyen-orient\/voyage-oman\/#primaryimage\",\"inLanguage\":\"fr-FR\",\"url\":\"https:\/\/aventuresetcocotiers.fr\/wp-content\/uploads\/2020\/11\/Mon-itineraire-oman.jpg\"},{\"@type\":\"WebPage\",\"@id\":\"https:\/\/aventuresetcocotiers.fr\/index.php\/voyage-moyen-orient\/voyage-oman\/#webpage\",\"url\":\"https:\/\/aventuresetcocotiers.fr\/index.php\/voyage-moyen-orient\/voyage-oman\/\",\"name\":\"Oman |\",\"isPartOf\":{\"@id\":\"https:\/\/aventuresetcocotiers.fr\/#website\"},\"primaryImageOfPage\":{\"@id\":\"https:\/\/aventuresetcocotiers.fr\/index.php\/voyage-moyen-orient\/voyage-oman\/#primaryimage\"},\"datePublished\":\"2020-11-11T19:46:36+00:00\",\"dateModified\":\"2020-11-11T20:15:20+00:00\",\"breadcrumb\":{\"@id\":\"https:\/\/aventuresetcocotiers.fr\/index.php\/voyage-moyen-orient\/voyage-oman\/#breadcrumb\"},\"inLanguage\":\"fr-FR\",\"potentialAction\":[{\"@type\":\"ReadAction\",\"target\":[\"https:\/\/aventuresetcocotiers.fr\/index.php\/voyage-moyen-orient\/voyage-oman\/\"]}]},{\"@type\":\"BreadcrumbList\",\"@id\":\"https:\/\/aventuresetcocotiers.fr\/index.php\/voyage-moyen-orient\/voyage-oman\/#breadcrumb\",\"itemListElement\":[{\"@type\":\"ListItem\",\"position\":1,\"item\":{\"@type\":\"WebPage\",\"@id\":\"http:\/\/aventuresetcocotiers.fr\/\",\"url\":\"http:\/\/aventuresetcocotiers.fr\/\",\"name\":\"Accueil\"}},{\"@type\":\"ListItem\",\"position\":2,\"item\":{\"@type\":\"WebPage\",\"@id\":\"https:\/\/aventuresetcocotiers.fr\/index.php\/voyage-moyen-orient\/\",\"url\":\"https:\/\/aventuresetcocotiers.fr\/index.php\/voyage-moyen-orient\/\",\"name\":\"Moyen-Orient\"}},{\"@type\":\"ListItem\",\"position\":3,\"item\":{\"@type\":\"WebPage\",\"@id\":\"https:\/\/aventuresetcocotiers.fr\/index.php\/voyage-moyen-orient\/voyage-oman\/\",\"url\":\"https:\/\/aventuresetcocotiers.fr\/index.php\/voyage-moyen-orient\/voyage-oman\/\",\"name\":\"Oman\"}}]}]}<\/script>\n<!-- \/ Yoast SEO plugin. -->","_links":{"self":[{"href":"https:\/\/aventuresetcocotiers.fr\/index.php\/wp-json\/wp\/v2\/pages\/2184"}],"collection":[{"href":"https:\/\/aventuresetcocotiers.fr\/index.php\/wp-json\/wp\/v2\/pages"}],"about":[{"href":"https:\/\/aventuresetcocotiers.fr\/index.php\/wp-json\/wp\/v2\/types\/page"}],"author":[{"embeddable":true,"href":"https:\/\/aventuresetcocotiers.fr\/index.php\/wp-json\/wp\/v2\/users\/1"}],"replies":[{"embeddable":true,"href":"https:\/\/aventuresetcocotiers.fr\/index.php\/wp-json\/wp\/v2\/comments?post=2184"}],"version-history":[{"count":5,"href":"https:\/\/aventuresetcocotiers.fr\/index.php\/wp-json\/wp\/v2\/pages\/2184\/revisions"}],"predecessor-version":[{"id":2202,"href":"https:\/\/aventuresetcocotiers.fr\/index.php\/wp-json\/wp\/v2\/pages\/2184\/revisions\/2202"}],"up":[{"embeddable":true,"href":"https:\/\/aventuresetcocotiers.fr\/index.php\/wp-json\/wp\/v2\/pages\/121"}],"wp:attachment":[{"href":"https:\/\/aventuresetcocotiers.fr\/index.php\/wp-json\/wp\/v2\/media?parent=2184"}],"curies":[{"name":"wp","href":"https:\/\/api.w.org\/{rel}","templated":true}]}}