{"id":2209,"date":"2020-11-11T22:01:49","date_gmt":"2020-11-11T21:01:49","guid":{"rendered":"http:\/\/aventuresetcocotiers.fr\/?page_id=2209"},"modified":"2020-11-11T22:30:33","modified_gmt":"2020-11-11T21:30:33","slug":"turquie-voyage-istanbul","status":"publish","type":"page","link":"https:\/\/aventuresetcocotiers.fr\/index.php\/voyage-moyen-orient\/turquie-voyage-istanbul\/","title":{"rendered":"Turquie &#8211; Istanbul"},"content":{"rendered":"\n<p style=\"font-size:15px\">Istanbul, une ville fascinante !<\/p>\n\n\n\n<p style=\"font-size:15px\">Istanbul fascine par sa culture et son architecture. Cette ville vous offre une multitude de choses \u00e0 faire : ses mus\u00e9es, ses mosqu\u00e9es, ses bazars, ses quartiers color\u00e9s,\u2026 Il faut bien une bonne semaine pour visiter les principaux sites.<\/p>\n\n\n\n<p style=\"font-size:15px\">Istanbul fait partie des villes les plus impressionnantes \u00e0 visiter. On se sent compl\u00e8tement d\u00e9pays\u00e9 par sa culture, sa gastronomie et ses monuments. Une ville \u00e0 cheval entre Europe et Asie qui nous en met plein la vue !<\/p>\n\n\n\n<p style=\"font-size:15px\">Nous avons voyag\u00e9 \u00e0 Istanbul fin <strong>mai 2015<\/strong>, une tr\u00e8s bonne p\u00e9riode pour avoir du beau temps et des bonnes temp\u00e9ratures !<\/p>\n\n\n\n<figure class=\"wp-block-image size-full\"><a href=\"https:\/\/aventuresetcocotiers.fr\/index.php\/voyage-moyen-orient\/turquie-voyage-istanbul\/istanbul-sejour-8-jours\/\"><img loading=\"lazy\" width=\"2000\" height=\"513\" src=\"https:\/\/aventuresetcocotiers.fr\/wp-content\/uploads\/2020\/11\/Mon-itineraire-Istanbul.jpg\" alt=\"\" class=\"wp-image-2212\" srcset=\"https:\/\/aventuresetcocotiers.fr\/wp-content\/uploads\/2020\/11\/Mon-itineraire-Istanbul.jpg 2000w, https:\/\/aventuresetcocotiers.fr\/wp-content\/uploads\/2020\/11\/Mon-itineraire-Istanbul-300x77.jpg 300w, https:\/\/aventuresetcocotiers.fr\/wp-content\/uploads\/2020\/11\/Mon-itineraire-Istanbul-1024x263.jpg 1024w, https:\/\/aventuresetcocotiers.fr\/wp-content\/uploads\/2020\/11\/Mon-itineraire-Istanbul-768x197.jpg 768w, https:\/\/aventuresetcocotiers.fr\/wp-content\/uploads\/2020\/11\/Mon-itineraire-Istanbul-1536x394.jpg 1536w\" sizes=\"(max-width: 2000px) 100vw, 2000px\" \/><\/a><\/figure>\n\n\n\n<figure class=\"wp-block-image size-full\"><a href=\"https:\/\/aventuresetcocotiers.fr\/index.php\/voyage-moyen-orient\/turquie-voyage-istanbul\/istanbul-mon-top-5\/\"><img loading=\"lazy\" width=\"2000\" height=\"515\" src=\"https:\/\/aventuresetcocotiers.fr\/wp-content\/uploads\/2020\/11\/Mon-top-5-Istanbul.jpg\" alt=\"\" class=\"wp-image-2213\" srcset=\"https:\/\/aventuresetcocotiers.fr\/wp-content\/uploads\/2020\/11\/Mon-top-5-Istanbul.jpg 2000w, https:\/\/aventuresetcocotiers.fr\/wp-content\/uploads\/2020\/11\/Mon-top-5-Istanbul-300x77.jpg 300w, https:\/\/aventuresetcocotiers.fr\/wp-content\/uploads\/2020\/11\/Mon-top-5-Istanbul-1024x264.jpg 1024w, https:\/\/aventuresetcocotiers.fr\/wp-content\/uploads\/2020\/11\/Mon-top-5-Istanbul-768x198.jpg 768w, https:\/\/aventuresetcocotiers.fr\/wp-content\/uploads\/2020\/11\/Mon-top-5-Istanbul-1536x396.jpg 1536w\" sizes=\"(max-width: 2000px) 100vw, 2000px\" \/><\/a><\/figure>\n\n\n\n<figure class=\"wp-block-image size-full\"><a href=\"https:\/\/aventuresetcocotiers.fr\/index.php\/voyage-moyen-orient\/turquie-voyage-istanbul\/istanbul-les-bonnes-adresses\/\"><img loading=\"lazy\" width=\"2000\" height=\"514\" src=\"https:\/\/aventuresetcocotiers.fr\/wp-content\/uploads\/2020\/11\/Bonnes-adresses-Istanbul.jpg\" alt=\"\" class=\"wp-image-2210\" srcset=\"https:\/\/aventuresetcocotiers.fr\/wp-content\/uploads\/2020\/11\/Bonnes-adresses-Istanbul.jpg 2000w, https:\/\/aventuresetcocotiers.fr\/wp-content\/uploads\/2020\/11\/Bonnes-adresses-Istanbul-300x77.jpg 300w, https:\/\/aventuresetcocotiers.fr\/wp-content\/uploads\/2020\/11\/Bonnes-adresses-Istanbul-1024x263.jpg 1024w, https:\/\/aventuresetcocotiers.fr\/wp-content\/uploads\/2020\/11\/Bonnes-adresses-Istanbul-768x197.jpg 768w, https:\/\/aventuresetcocotiers.fr\/wp-content\/uploads\/2020\/11\/Bonnes-adresses-Istanbul-1536x395.jpg 1536w\" sizes=\"(max-width: 2000px) 100vw, 2000px\" \/><\/a><\/figure>\n\n\n\n<figure class=\"wp-block-image size-full\"><a href=\"https:\/\/aventuresetcocotiers.fr\/index.php\/voyage-moyen-orient\/turquie-voyage-istanbul\/istanbul-budget\/\"><img loading=\"lazy\" width=\"2000\" height=\"515\" src=\"https:\/\/aventuresetcocotiers.fr\/wp-content\/uploads\/2020\/11\/Budget-istanbul.jpg\" alt=\"\" class=\"wp-image-2211\" srcset=\"https:\/\/aventuresetcocotiers.fr\/wp-content\/uploads\/2020\/11\/Budget-istanbul.jpg 2000w, https:\/\/aventuresetcocotiers.fr\/wp-content\/uploads\/2020\/11\/Budget-istanbul-300x77.jpg 300w, https:\/\/aventuresetcocotiers.fr\/wp-content\/uploads\/2020\/11\/Budget-istanbul-1024x264.jpg 1024w, https:\/\/aventuresetcocotiers.fr\/wp-content\/uploads\/2020\/11\/Budget-istanbul-768x198.jpg 768w, https:\/\/aventuresetcocotiers.fr\/wp-content\/uploads\/2020\/11\/Budget-istanbul-1536x396.jpg 1536w\" sizes=\"(max-width: 2000px) 100vw, 2000px\" \/><\/a><\/figure>\n","protected":false},"excerpt":{"rendered":"<p>Istanbul, une ville fascinante ! Istanbul fascine par sa culture et son architecture. Cette ville vous offre une multitude de choses \u00e0 faire : ses mus\u00e9es, ses mosqu\u00e9es, ses bazars, ses quartiers color\u00e9s,\u2026 Il faut bien une bonne semaine pour visiter les principaux sites. Istanbul fait partie des villes les plus impressionnantes \u00e0 visiter. On [&hellip;]<\/p>\n","protected":false},"author":1,"featured_media":0,"parent":121,"menu_order":0,"comment_status":"closed","ping_status":"closed","template":"template-full.php","meta":[],"yoast_head":"<!-- This site is optimized with the Yoast SEO plugin v15.2.1 - https:\/\/yoast.com\/wordpress\/plugins\/seo\/ -->\n<title>Turquie - Istanbul |<\/title>\n<meta name=\"robots\" content=\"index, follow, max-snippet:-1, max-image-preview:large, max-video-preview:-1\" \/>\n<link rel=\"canonical\" href=\"https:\/\/aventuresetcocotiers.fr\/index.php\/voyage-moyen-orient\/turquie-voyage-istanbul\/\" \/>\n<meta property=\"og:locale\" content=\"fr_FR\" \/>\n<meta property=\"og:type\" content=\"article\" \/>\n<meta property=\"og:title\" content=\"Turquie - Istanbul |\" \/>\n<meta property=\"og:description\" content=\"Istanbul, une ville fascinante ! Istanbul fascine par sa culture et son architecture. Cette ville vous offre une multitude de choses \u00e0 faire : ses mus\u00e9es, ses mosqu\u00e9es, ses bazars, ses quartiers color\u00e9s,\u2026 Il faut bien une bonne semaine pour visiter les principaux sites. Istanbul fait partie des villes les plus impressionnantes \u00e0 visiter. On [&hellip;]\" \/>\n<meta property=\"og:url\" content=\"https:\/\/aventuresetcocotiers.fr\/index.php\/voyage-moyen-orient\/turquie-voyage-istanbul\/\" \/>\n<meta property=\"article:modified_time\" content=\"2020-11-11T21:30:33+00:00\" \/>\n<meta property=\"og:image\" content=\"https:\/\/aventuresetcocotiers.fr\/wp-content\/uploads\/2020\/11\/Mon-itineraire-Istanbul.jpg\" \/>\n<meta name=\"twitter:card\" content=\"summary\" \/>\n<meta name=\"twitter:label1\" content=\"\u00c9crit par\">\n\t<meta name=\"twitter:data1\" content=\"admin2603\">\n\t<meta name=\"twitter:label2\" content=\"Dur\u00e9e de lecture est.\">\n\t<meta name=\"twitter:data2\" content=\"0 minute\">\n<script type=\"application\/ld+json\" class=\"yoast-schema-graph\">{\"@context\":\"https:\/\/schema.org\",\"@graph\":[{\"@type\":\"WebSite\",\"@id\":\"https:\/\/aventuresetcocotiers.fr\/#website\",\"url\":\"https:\/\/aventuresetcocotiers.fr\/\",\"name\":\"\",\"description\":\"\",\"potentialAction\":[{\"@type\":\"SearchAction\",\"target\":\"https:\/\/aventuresetcocotiers.fr\/?s={search_term_string}\",\"query-input\":\"required name=search_term_string\"}],\"inLanguage\":\"fr-FR\"},{\"@type\":\"ImageObject\",\"@id\":\"https:\/\/aventuresetcocotiers.fr\/index.php\/voyage-moyen-orient\/turquie-voyage-istanbul\/#primaryimage\",\"inLanguage\":\"fr-FR\",\"url\":\"https:\/\/aventuresetcocotiers.fr\/wp-content\/uploads\/2020\/11\/Mon-itineraire-Istanbul.jpg\",\"width\":2000,\"height\":513},{\"@type\":\"WebPage\",\"@id\":\"https:\/\/aventuresetcocotiers.fr\/index.php\/voyage-moyen-orient\/turquie-voyage-istanbul\/#webpage\",\"url\":\"https:\/\/aventuresetcocotiers.fr\/index.php\/voyage-moyen-orient\/turquie-voyage-istanbul\/\",\"name\":\"Turquie - Istanbul |\",\"isPartOf\":{\"@id\":\"https:\/\/aventuresetcocotiers.fr\/#website\"},\"primaryImageOfPage\":{\"@id\":\"https:\/\/aventuresetcocotiers.fr\/index.php\/voyage-moyen-orient\/turquie-voyage-istanbul\/#primaryimage\"},\"datePublished\":\"2020-11-11T21:01:49+00:00\",\"dateModified\":\"2020-11-11T21:30:33+00:00\",\"breadcrumb\":{\"@id\":\"https:\/\/aventuresetcocotiers.fr\/index.php\/voyage-moyen-orient\/turquie-voyage-istanbul\/#breadcrumb\"},\"inLanguage\":\"fr-FR\",\"potentialAction\":[{\"@type\":\"ReadAction\",\"target\":[\"https:\/\/aventuresetcocotiers.fr\/index.php\/voyage-moyen-orient\/turquie-voyage-istanbul\/\"]}]},{\"@type\":\"BreadcrumbList\",\"@id\":\"https:\/\/aventuresetcocotiers.fr\/index.php\/voyage-moyen-orient\/turquie-voyage-istanbul\/#breadcrumb\",\"itemListElement\":[{\"@type\":\"ListItem\",\"position\":1,\"item\":{\"@type\":\"WebPage\",\"@id\":\"http:\/\/aventuresetcocotiers.fr\/\",\"url\":\"http:\/\/aventuresetcocotiers.fr\/\",\"name\":\"Accueil\"}},{\"@type\":\"ListItem\",\"position\":2,\"item\":{\"@type\":\"WebPage\",\"@id\":\"https:\/\/aventuresetcocotiers.fr\/index.php\/voyage-moyen-orient\/\",\"url\":\"https:\/\/aventuresetcocotiers.fr\/index.php\/voyage-moyen-orient\/\",\"name\":\"Moyen-Orient\"}},{\"@type\":\"ListItem\",\"position\":3,\"item\":{\"@type\":\"WebPage\",\"@id\":\"https:\/\/aventuresetcocotiers.fr\/index.php\/voyage-moyen-orient\/turquie-voyage-istanbul\/\",\"url\":\"https:\/\/aventuresetcocotiers.fr\/index.php\/voyage-moyen-orient\/turquie-voyage-istanbul\/\",\"name\":\"Turquie &#8211; Istanbul\"}}]}]}<\/script>\n<!-- \/ Yoast SEO plugin. -->","_links":{"self":[{"href":"https:\/\/aventuresetcocotiers.fr\/index.php\/wp-json\/wp\/v2\/pages\/2209"}],"collection":[{"href":"https:\/\/aventuresetcocotiers.fr\/index.php\/wp-json\/wp\/v2\/pages"}],"about":[{"href":"https:\/\/aventuresetcocotiers.fr\/index.php\/wp-json\/wp\/v2\/types\/page"}],"author":[{"embeddable":true,"href":"https:\/\/aventuresetcocotiers.fr\/index.php\/wp-json\/wp\/v2\/users\/1"}],"replies":[{"embeddable":true,"href":"https:\/\/aventuresetcocotiers.fr\/index.php\/wp-json\/wp\/v2\/comments?post=2209"}],"version-history":[{"count":5,"href":"https:\/\/aventuresetcocotiers.fr\/index.php\/wp-json\/wp\/v2\/pages\/2209\/revisions"}],"predecessor-version":[{"id":2229,"href":"https:\/\/aventuresetcocotiers.fr\/index.php\/wp-json\/wp\/v2\/pages\/2209\/revisions\/2229"}],"up":[{"embeddable":true,"href":"https:\/\/aventuresetcocotiers.fr\/index.php\/wp-json\/wp\/v2\/pages\/121"}],"wp:attachment":[{"href":"https:\/\/aventuresetcocotiers.fr\/index.php\/wp-json\/wp\/v2\/media?parent=2209"}],"curies":[{"name":"wp","href":"https:\/\/api.w.org\/{rel}","templated":true}]}}