{"id":2445,"date":"2021-08-25T21:03:12","date_gmt":"2021-08-25T20:03:12","guid":{"rendered":"http:\/\/aventuresetcocotiers.fr\/?page_id=2445"},"modified":"2021-10-24T15:42:44","modified_gmt":"2021-10-24T14:42:44","slug":"voyage-zanzibar","status":"publish","type":"page","link":"https:\/\/aventuresetcocotiers.fr\/index.php\/voyages-ocean-indien\/voyage-zanzibar\/","title":{"rendered":"Zanzibar"},"content":{"rendered":"\n<p style=\"font-size:15px\">Au milieu de cette crise Covid, j&rsquo;ai recherch\u00e9 une destination un peu plus longue dur\u00e9e (par rapport \u00e0 mes habitudes de voyages), et une destination qui me coupe compl\u00e8tement du monde et de ses probl\u00e8mes. <br>Depuis quelques ann\u00e9es j&rsquo;avais en t\u00eate de participer \u00e0 un projet d&rsquo;\u00e9co-volontariat mais sans jamais vraiment rechercher plus loin. J&rsquo;ai donc pris les choses en main, j&rsquo;ai recherch\u00e9 un peu partout \u00e0 travers le monde les diff\u00e9rents projets et fait du tri parmi les destinations ouvertes et ferm\u00e9es \u00e0 cause de ce fichu covid (oui je sais, on dit LA covid mais je ne m&rsquo;y fais pas du tout alors ici on reste au masculin !).<br>Ma recherche de projet \u00e9co-volontariat s&rsquo;orientait principalement vers la cause animale &#8211; j&rsquo;aime les humains bien-s\u00fbre, mais je suis beaucoup moins \u00e0 l&rsquo;aise avec eux alors pas pour cette fois. Passionn\u00e9e des oc\u00e9ans et fascin\u00e9e par les tortues (marines ou terrestres je suis tout simplement amoureuse de cet animal), j&rsquo;ai trouv\u00e9 le projet parfait pour moi : Mnarani Aquarium \u00e0 Zanzibar. <br>C&rsquo;est donc le choix du projet qui m&rsquo;a pouss\u00e9 vers Zanzibar, et quel choix magnifique !<br><br>Je ne sais pas vous, mais moi je connais finalement tr\u00e8s peu de monde qui connait Zanzibar. G\u00e9n\u00e9ralement ce sont les jeunes mari\u00e9s qui ont fait un combin\u00e9 Tanzanie \/ Zanzibar, et le reste ne sait pas vraiment o\u00f9 se situe cette destination. Zanzibar est donc un archipel de plusieurs \u00eeles mais g\u00e9n\u00e9ralement quand on parle de Zanzibar on pense \u00e0 l&rsquo;\u00eele principale d&rsquo;Unguja (les autres \u00eeles sont tr\u00e8s peu connues et tr\u00e8s sauvages : Tumbatu, Mnemba, Pemba, &#8230;). <br>Zanzibar est donc connue pour ses belles plages de sable blanc et son magnifique lagon. Je confirme tout \u00e7a, mais on va aller un peu plus loin ensemble, vous allez voir, Zanzibar c&rsquo;est bien plus encore.<\/p>\n\n\n\n<p style=\"font-size:15px\">Pour d\u00e9couvrir Zanzibar, je recommande 8-10 jours sur place. On peut alors alterner entre plages et visites. Et si vous \u00eates plongeurs, vous pouvez partir encore un peu plus longtemps pour vraiment d\u00e9connecter et prendre le temps de bien vous reposer et bien d\u00e9couvrir.<\/p>\n\n\n\n<p style=\"font-size:15px\">Ce voyage \u00e0 Zanzibar \u00e9tait donc tr\u00e8s sp\u00e9cial pour moi avec ma participation au projet d&rsquo;\u00e9covolontariat avec les tortues marines au sein de l&rsquo;association Mnarani Aquarium (je vous expliquerai tout en d\u00e9tail dans le <a href=\"https:\/\/aventuresetcocotiers.fr\/index.php\/voyages-ocean-indien\/voyage-zanzibar\/voyage-decouverte-plongee-et-ecovolontariat-a-zanzibar\/\">programme <\/a>du voyage); mais pas que. Nous avons voulu profiter de ce voyage \u00e0 Zanzibar pour nous lancer dans la plong\u00e9e sous-marine et passer notre niveau 1 Padi Open Water. <\/p>\n\n\n\n<p style=\"font-size:15px\">Nous avons voyag\u00e9 en <strong>janvier-f\u00e9vrier 2021<\/strong>. A cette p\u00e9riode, le climat est top pour visiter, pour profiter des plages : chaud, et peu voir pas du tout de pr\u00e9cipitations. <\/p>\n\n\n\n<p style=\"font-size:15px\">Ce voyage \u00e0 Zanzibar a \u00e9t\u00e9 un \u00e9norme coup de c\u0153ur. J&rsquo;ai d&rsquo;ailleurs eu beaucoup de mal \u00e0 me lancer et \u00e0 \u00e9crire mon article car c&rsquo;est un peu comme admettre que c&rsquo;est termin\u00e9 et que la page se tourne &#8230; <br>Mais aujourd&rsquo;hui j&rsquo;ai envie de vous raconter tout \u00e7a et de me dire que cette exp\u00e9rience peut aussi \u00eatre le d\u00e9but de nombreuses autres (j&rsquo;esp\u00e8re) tout au long de ma vie !<\/p>\n\n\n\n<figure class=\"wp-block-image size-large\"><a href=\"https:\/\/aventuresetcocotiers.fr\/index.php\/voyages-ocean-indien\/voyage-zanzibar\/voyage-decouverte-plongee-et-ecovolontariat-a-zanzibar\/\"><img loading=\"lazy\" width=\"1024\" height=\"263\" src=\"http:\/\/aventuresetcocotiers.fr\/wp-content\/uploads\/2021\/08\/Zanzibar-itineraire-1024x263.jpg\" alt=\"\" class=\"wp-image-2479\" srcset=\"https:\/\/aventuresetcocotiers.fr\/wp-content\/uploads\/2021\/08\/Zanzibar-itineraire-1024x263.jpg 1024w, https:\/\/aventuresetcocotiers.fr\/wp-content\/uploads\/2021\/08\/Zanzibar-itineraire-300x77.jpg 300w, https:\/\/aventuresetcocotiers.fr\/wp-content\/uploads\/2021\/08\/Zanzibar-itineraire-768x197.jpg 768w, https:\/\/aventuresetcocotiers.fr\/wp-content\/uploads\/2021\/08\/Zanzibar-itineraire-1536x394.jpg 1536w, https:\/\/aventuresetcocotiers.fr\/wp-content\/uploads\/2021\/08\/Zanzibar-itineraire.jpg 2000w\" sizes=\"(max-width: 1024px) 100vw, 1024px\" \/><\/a><\/figure>\n\n\n\n<figure class=\"wp-block-image size-large\"><a href=\"http:\/\/aventuresetcocotiers.fr\/index.php\/voyages-ocean-indien\/voyage-zanzibar\/mon-top-5-a-decouvrir-a-zanzibar\/\"><img loading=\"lazy\" width=\"1024\" height=\"258\" src=\"http:\/\/aventuresetcocotiers.fr\/wp-content\/uploads\/2021\/08\/Zanzibar-Mon-top-5-1024x258.jpg\" alt=\"\" class=\"wp-image-2480\" srcset=\"https:\/\/aventuresetcocotiers.fr\/wp-content\/uploads\/2021\/08\/Zanzibar-Mon-top-5-1024x258.jpg 1024w, https:\/\/aventuresetcocotiers.fr\/wp-content\/uploads\/2021\/08\/Zanzibar-Mon-top-5-300x76.jpg 300w, https:\/\/aventuresetcocotiers.fr\/wp-content\/uploads\/2021\/08\/Zanzibar-Mon-top-5-768x194.jpg 768w, https:\/\/aventuresetcocotiers.fr\/wp-content\/uploads\/2021\/08\/Zanzibar-Mon-top-5-1536x387.jpg 1536w, https:\/\/aventuresetcocotiers.fr\/wp-content\/uploads\/2021\/08\/Zanzibar-Mon-top-5.jpg 2000w\" sizes=\"(max-width: 1024px) 100vw, 1024px\" \/><\/a><\/figure>\n\n\n\n<figure class=\"wp-block-image size-large\"><a href=\"http:\/\/aventuresetcocotiers.fr\/index.php\/voyages-ocean-indien\/voyage-zanzibar\/les-bonnes-adresses-de-zanzibar\/\"><img loading=\"lazy\" width=\"1024\" height=\"261\" src=\"http:\/\/aventuresetcocotiers.fr\/wp-content\/uploads\/2021\/08\/Zanzibar-Bonnes-adresses-1024x261.jpg\" alt=\"\" class=\"wp-image-2477\" srcset=\"https:\/\/aventuresetcocotiers.fr\/wp-content\/uploads\/2021\/08\/Zanzibar-Bonnes-adresses-1024x261.jpg 1024w, https:\/\/aventuresetcocotiers.fr\/wp-content\/uploads\/2021\/08\/Zanzibar-Bonnes-adresses-300x77.jpg 300w, https:\/\/aventuresetcocotiers.fr\/wp-content\/uploads\/2021\/08\/Zanzibar-Bonnes-adresses-768x196.jpg 768w, https:\/\/aventuresetcocotiers.fr\/wp-content\/uploads\/2021\/08\/Zanzibar-Bonnes-adresses-1536x392.jpg 1536w, https:\/\/aventuresetcocotiers.fr\/wp-content\/uploads\/2021\/08\/Zanzibar-Bonnes-adresses.jpg 2000w\" sizes=\"(max-width: 1024px) 100vw, 1024px\" \/><\/a><\/figure>\n\n\n\n<figure class=\"wp-block-image size-large\"><a href=\"http:\/\/aventuresetcocotiers.fr\/index.php\/voyages-ocean-indien\/voyage-zanzibar\/budget-zanzibar\/\"><img loading=\"lazy\" width=\"1024\" height=\"265\" src=\"http:\/\/aventuresetcocotiers.fr\/wp-content\/uploads\/2021\/08\/Zanzibar-Budget-1024x265.jpg\" alt=\"\" class=\"wp-image-2478\" srcset=\"https:\/\/aventuresetcocotiers.fr\/wp-content\/uploads\/2021\/08\/Zanzibar-Budget-1024x265.jpg 1024w, https:\/\/aventuresetcocotiers.fr\/wp-content\/uploads\/2021\/08\/Zanzibar-Budget-300x78.jpg 300w, https:\/\/aventuresetcocotiers.fr\/wp-content\/uploads\/2021\/08\/Zanzibar-Budget-768x199.jpg 768w, https:\/\/aventuresetcocotiers.fr\/wp-content\/uploads\/2021\/08\/Zanzibar-Budget-1536x397.jpg 1536w, https:\/\/aventuresetcocotiers.fr\/wp-content\/uploads\/2021\/08\/Zanzibar-Budget.jpg 2000w\" sizes=\"(max-width: 1024px) 100vw, 1024px\" \/><\/a><\/figure>\n","protected":false},"excerpt":{"rendered":"<p>Au milieu de cette crise Covid, j&rsquo;ai recherch\u00e9 une destination un peu plus longue dur\u00e9e (par rapport \u00e0 mes habitudes de voyages), et une destination qui me coupe compl\u00e8tement du monde et de ses probl\u00e8mes. Depuis quelques ann\u00e9es j&rsquo;avais en t\u00eate de participer \u00e0 un projet d&rsquo;\u00e9co-volontariat mais sans jamais vraiment rechercher plus loin. J&rsquo;ai [&hellip;]<\/p>\n","protected":false},"author":1,"featured_media":0,"parent":1217,"menu_order":0,"comment_status":"closed","ping_status":"closed","template":"template-full.php","meta":[],"yoast_head":"<!-- This site is optimized with the Yoast SEO plugin v15.2.1 - https:\/\/yoast.com\/wordpress\/plugins\/seo\/ -->\n<title>Zanzibar |<\/title>\n<meta name=\"robots\" content=\"index, follow, max-snippet:-1, max-image-preview:large, max-video-preview:-1\" \/>\n<link rel=\"canonical\" href=\"https:\/\/aventuresetcocotiers.fr\/index.php\/voyages-ocean-indien\/voyage-zanzibar\/\" \/>\n<meta property=\"og:locale\" content=\"fr_FR\" \/>\n<meta property=\"og:type\" content=\"article\" \/>\n<meta property=\"og:title\" content=\"Zanzibar |\" \/>\n<meta property=\"og:description\" content=\"Au milieu de cette crise Covid, j&rsquo;ai recherch\u00e9 une destination un peu plus longue dur\u00e9e (par rapport \u00e0 mes habitudes de voyages), et une destination qui me coupe compl\u00e8tement du monde et de ses probl\u00e8mes. Depuis quelques ann\u00e9es j&rsquo;avais en t\u00eate de participer \u00e0 un projet d&rsquo;\u00e9co-volontariat mais sans jamais vraiment rechercher plus loin. J&rsquo;ai [&hellip;]\" \/>\n<meta property=\"og:url\" content=\"https:\/\/aventuresetcocotiers.fr\/index.php\/voyages-ocean-indien\/voyage-zanzibar\/\" \/>\n<meta property=\"article:modified_time\" content=\"2021-10-24T14:42:44+00:00\" \/>\n<meta property=\"og:image\" content=\"http:\/\/aventuresetcocotiers.fr\/wp-content\/uploads\/2021\/08\/Zanzibar-itineraire-1024x263.jpg\" \/>\n<meta name=\"twitter:card\" content=\"summary\" \/>\n<meta name=\"twitter:label1\" content=\"\u00c9crit par\">\n\t<meta name=\"twitter:data1\" content=\"admin2603\">\n\t<meta name=\"twitter:label2\" content=\"Dur\u00e9e de lecture est.\">\n\t<meta name=\"twitter:data2\" content=\"2 minutes\">\n<script type=\"application\/ld+json\" class=\"yoast-schema-graph\">{\"@context\":\"https:\/\/schema.org\",\"@graph\":[{\"@type\":\"WebSite\",\"@id\":\"https:\/\/aventuresetcocotiers.fr\/#website\",\"url\":\"https:\/\/aventuresetcocotiers.fr\/\",\"name\":\"\",\"description\":\"\",\"potentialAction\":[{\"@type\":\"SearchAction\",\"target\":\"https:\/\/aventuresetcocotiers.fr\/?s={search_term_string}\",\"query-input\":\"required name=search_term_string\"}],\"inLanguage\":\"fr-FR\"},{\"@type\":\"ImageObject\",\"@id\":\"https:\/\/aventuresetcocotiers.fr\/index.php\/voyages-ocean-indien\/voyage-zanzibar\/#primaryimage\",\"inLanguage\":\"fr-FR\",\"url\":\"http:\/\/aventuresetcocotiers.fr\/wp-content\/uploads\/2021\/08\/Zanzibar-itineraire-1024x263.jpg\"},{\"@type\":\"WebPage\",\"@id\":\"https:\/\/aventuresetcocotiers.fr\/index.php\/voyages-ocean-indien\/voyage-zanzibar\/#webpage\",\"url\":\"https:\/\/aventuresetcocotiers.fr\/index.php\/voyages-ocean-indien\/voyage-zanzibar\/\",\"name\":\"Zanzibar |\",\"isPartOf\":{\"@id\":\"https:\/\/aventuresetcocotiers.fr\/#website\"},\"primaryImageOfPage\":{\"@id\":\"https:\/\/aventuresetcocotiers.fr\/index.php\/voyages-ocean-indien\/voyage-zanzibar\/#primaryimage\"},\"datePublished\":\"2021-08-25T20:03:12+00:00\",\"dateModified\":\"2021-10-24T14:42:44+00:00\",\"breadcrumb\":{\"@id\":\"https:\/\/aventuresetcocotiers.fr\/index.php\/voyages-ocean-indien\/voyage-zanzibar\/#breadcrumb\"},\"inLanguage\":\"fr-FR\",\"potentialAction\":[{\"@type\":\"ReadAction\",\"target\":[\"https:\/\/aventuresetcocotiers.fr\/index.php\/voyages-ocean-indien\/voyage-zanzibar\/\"]}]},{\"@type\":\"BreadcrumbList\",\"@id\":\"https:\/\/aventuresetcocotiers.fr\/index.php\/voyages-ocean-indien\/voyage-zanzibar\/#breadcrumb\",\"itemListElement\":[{\"@type\":\"ListItem\",\"position\":1,\"item\":{\"@type\":\"WebPage\",\"@id\":\"http:\/\/aventuresetcocotiers.fr\/\",\"url\":\"http:\/\/aventuresetcocotiers.fr\/\",\"name\":\"Accueil\"}},{\"@type\":\"ListItem\",\"position\":2,\"item\":{\"@type\":\"WebPage\",\"@id\":\"https:\/\/aventuresetcocotiers.fr\/index.php\/voyages-ocean-indien\/\",\"url\":\"https:\/\/aventuresetcocotiers.fr\/index.php\/voyages-ocean-indien\/\",\"name\":\"Oc\\u00e9an Indien\"}},{\"@type\":\"ListItem\",\"position\":3,\"item\":{\"@type\":\"WebPage\",\"@id\":\"https:\/\/aventuresetcocotiers.fr\/index.php\/voyages-ocean-indien\/voyage-zanzibar\/\",\"url\":\"https:\/\/aventuresetcocotiers.fr\/index.php\/voyages-ocean-indien\/voyage-zanzibar\/\",\"name\":\"Zanzibar\"}}]}]}<\/script>\n<!-- \/ Yoast SEO plugin. -->","_links":{"self":[{"href":"https:\/\/aventuresetcocotiers.fr\/index.php\/wp-json\/wp\/v2\/pages\/2445"}],"collection":[{"href":"https:\/\/aventuresetcocotiers.fr\/index.php\/wp-json\/wp\/v2\/pages"}],"about":[{"href":"https:\/\/aventuresetcocotiers.fr\/index.php\/wp-json\/wp\/v2\/types\/page"}],"author":[{"embeddable":true,"href":"https:\/\/aventuresetcocotiers.fr\/index.php\/wp-json\/wp\/v2\/users\/1"}],"replies":[{"embeddable":true,"href":"https:\/\/aventuresetcocotiers.fr\/index.php\/wp-json\/wp\/v2\/comments?post=2445"}],"version-history":[{"count":11,"href":"https:\/\/aventuresetcocotiers.fr\/index.php\/wp-json\/wp\/v2\/pages\/2445\/revisions"}],"predecessor-version":[{"id":2560,"href":"https:\/\/aventuresetcocotiers.fr\/index.php\/wp-json\/wp\/v2\/pages\/2445\/revisions\/2560"}],"up":[{"embeddable":true,"href":"https:\/\/aventuresetcocotiers.fr\/index.php\/wp-json\/wp\/v2\/pages\/1217"}],"wp:attachment":[{"href":"https:\/\/aventuresetcocotiers.fr\/index.php\/wp-json\/wp\/v2\/media?parent=2445"}],"curies":[{"name":"wp","href":"https:\/\/api.w.org\/{rel}","templated":true}]}}