{"id":2548,"date":"2021-10-24T15:22:46","date_gmt":"2021-10-24T14:22:46","guid":{"rendered":"http:\/\/aventuresetcocotiers.fr\/?page_id=2548"},"modified":"2022-01-16T16:11:22","modified_gmt":"2022-01-16T15:11:22","slug":"budget-zanzibar","status":"publish","type":"page","link":"https:\/\/aventuresetcocotiers.fr\/index.php\/voyages-ocean-indien\/voyage-zanzibar\/budget-zanzibar\/","title":{"rendered":"Budget s\u00e9jour \u00e0 Zanzibar"},"content":{"rendered":"\n<p style=\"font-size:15px\">Un petit d\u00e9tail\u00a0de mes d\u00e9penses sur place pour vous donner une id\u00e9e des prix \/ de budget \u00e0 pr\u00e9voir sur place pour Zanzibar. Prix 2021.<br>Les prix indiqu\u00e9s sont en Shilling Tanzanien (TZS) ou Dollar am\u00e9ricain (USD). En janvier 2021, les taux de change \u00e9tait d&rsquo;environ 1 EUR = 2681 TZS et 1 EUR = 1,21 USD.<br><\/p>\n\n\n<h4 class=\"fonts-plugin-block\" style=\"font-weight: normal;font-size: 15px;color: #8ad8c2;\"><strong>VISAS <\/strong>(prix par personne)<\/h4>\n\n\n<p style=\"font-size:15px\">Visa tourisme\u00a0:  50 USD<br>Visa travail : 460 000 TZS<\/p>\n\n\n<h4 class=\"fonts-plugin-block\" style=\"font-weight: normal;font-size: 15px;color: #8ad8c2;\"><strong>VOLS<\/strong> (prix par personne)<\/h4>\n\n\n<p style=\"font-size:15px\">Vols Paris &gt; Zanzibar (Qatar Airways)&nbsp;:  598 \u20ac<\/p>\n\n\n\n<h4 class=\"has-text-color\" style=\"font-size:15px;color:#8ad8c2\"><strong><strong>HOTELS <\/strong>(prix <\/strong>total<strong>)<\/strong><\/h4>\n\n\n\n<p style=\"font-size:15px\">Kholle House : 91 USD<br>Sunshine Marine Lodge (demi-pension, incluant PADI open water cours pour 2 : 2102 \u20ac<\/p>\n\n\n<h4 class=\"fonts-plugin-block\" style=\"font-weight: normal;font-size: 15px;color: #8ad8c2;\"><strong>TRANSFERTS<\/strong> (prix total)<\/h4>\n\n\n<p style=\"font-size:15px\">Transfert priv\u00e9 a\u00e9roport &gt; centre Stone Town : 15 USD<br>Transfert priv\u00e9 centre Stone Town &gt; h\u00f4tel Sunshine Marine Lodge : 50 USD<br>Transfert priv\u00e9 centre Stone Town &gt; a\u00e9roport : 50 USD<br>Transferts priv\u00e9s aller-retour h\u00f4tel Sunshine Marine Lodge &gt; Nungwi : 70 000 TZS<br>Dala Dala de Nungwi \u00e0 Stone Town : 2500 TZS<\/p>\n\n\n<h4 class=\"fonts-plugin-block\" style=\"font-weight: normal;font-size: 15px;color: #8ad8c2;\"><strong>VISITES &amp; ACTIVITES<\/strong> (prix par personne)<\/h4>\n\n\n<p style=\"font-size:15px\">Eglise Anglicane et le March\u00e9 aux Esclaves: 10 USD<br>Prison Island (demi-journ\u00e9e) : &#8230; \u20ac<br>Croisi\u00e8re au coucher de soleil : &#8230; \u20ac<br>Journ\u00e9e avec chauffeur vers Josani \/ Jambiani (total) : 50 USD <br>For\u00eat de Josani : 10 USD<br>Kusa Cave : 10 USD<br>Open Water PADI &#8211; th\u00e9orie en ligne : 185 \u20ac<br>Plong\u00e9es Sunshine Marine Lodge (2 plong\u00e9es x 2 plongeurs) : 231 USD<\/p>\n\n\n<h4 class=\"fonts-plugin-block\" style=\"font-weight: normal;font-size: 15px;color: #8ad8c2;\"><strong>RESTAURANTS<\/strong> (prix total pour 2 personnes)<\/h4>\n\n\n<p style=\"font-size:15px\">Ma Shaa Allah&nbsp; (2 portions riz + 2 portion chicken massala + 1 portion l\u00e9gumes) : 8 USD<br>Curry House (1 entr\u00e9e + 1 plat + eau) : 23750 TZS<br>Sunshine Marine Lodge restaurant (2 plats p\u00e2tes + eau) : 19 USD <br>The rock (2 cocktails, 1 entr\u00e9e, 2 plats, 1 dessert) : 93 USD<br><br><br><br><\/p>\n\n\n\n<p style=\"font-size:15px\">Pour cette destination, je vais vous donner un total pour la partie s\u00e9jour 10 jours \/ 9 nuits puis un total pour la partie \u00e9covolontariat. <br>Au total, pour 2 personnes, pour un s\u00e9jour de 10 jours \/ 9 nuits notre budget a \u00e9t\u00e9 de : 1195 \u20ac de vols pour deux + 2184 \u20ac pour deux d&rsquo;h\u00e9bergements incluant le PADI Open Water (cours) + 243 \u20ac de repas, boissons, et autres petits plaisirs + 564 \u20ac PADI open water (th\u00e9orie) et plong\u00e9es \u00e0 deux + 486 \u20ac de visites, transferts et d\u00e9penses diverses. <br>Soit environ&nbsp;<strong>2336 \u20ac\/personne<\/strong>&nbsp;en ajoutant toutes les autres petites d\u00e9penses.<br><br>Et pour moi, la partie \u00e9covolontariat a co\u00fbt\u00e9 : 172 \u20ac Visa travail + 530 \u20ac h\u00e9bergement et repas avec l&rsquo;association Mnarani + 200 \u20ac environ de repas, boissons, visites, transferts et d\u00e9penses diverses (hors plong\u00e9es). Soit un total d&rsquo;environ <strong>902 \u20ac<\/strong>.<br><br><br>Nous avons mang\u00e9 plut\u00f4t \u00e9conomique \u00e0 Stone Town et ensuite nous avons bien profit\u00e9 du restaurant de l&rsquo;h\u00f4tel Sunshine Marine Lodge sans vraiment faire attention au budget. Nous avons s\u00e9lectionn\u00e9 des h\u00e9bergements de bon rapport qualit\u00e9\/prix. C&rsquo;\u00e9tait clairement un voyage plaisir \ud83d\ude42<\/p>\n","protected":false},"excerpt":{"rendered":"<p>Un petit d\u00e9tail\u00a0de mes d\u00e9penses sur place pour vous donner une id\u00e9e des prix \/ de budget \u00e0 pr\u00e9voir sur place pour Zanzibar. Prix 2021.Les prix indiqu\u00e9s sont en Shilling Tanzanien (TZS) ou Dollar am\u00e9ricain (USD). En janvier 2021, les taux de change \u00e9tait d&rsquo;environ 1 EUR = 2681 TZS et 1 EUR = 1,21 [&hellip;]<\/p>\n","protected":false},"author":1,"featured_media":0,"parent":2445,"menu_order":0,"comment_status":"open","ping_status":"closed","template":"","meta":[],"yoast_head":"<!-- This site is optimized with the Yoast SEO plugin v15.2.1 - https:\/\/yoast.com\/wordpress\/plugins\/seo\/ -->\n<title>Budget s\u00e9jour \u00e0 Zanzibar |<\/title>\n<meta name=\"robots\" content=\"index, follow, max-snippet:-1, max-image-preview:large, max-video-preview:-1\" \/>\n<link rel=\"canonical\" href=\"https:\/\/aventuresetcocotiers.fr\/index.php\/voyages-ocean-indien\/voyage-zanzibar\/budget-zanzibar\/\" \/>\n<meta property=\"og:locale\" content=\"fr_FR\" \/>\n<meta property=\"og:type\" content=\"article\" \/>\n<meta property=\"og:title\" content=\"Budget s\u00e9jour \u00e0 Zanzibar |\" \/>\n<meta property=\"og:description\" content=\"Un petit d\u00e9tail\u00a0de mes d\u00e9penses sur place pour vous donner une id\u00e9e des prix \/ de budget \u00e0 pr\u00e9voir sur place pour Zanzibar. Prix 2021.Les prix indiqu\u00e9s sont en Shilling Tanzanien (TZS) ou Dollar am\u00e9ricain (USD). En janvier 2021, les taux de change \u00e9tait d&rsquo;environ 1 EUR = 2681 TZS et 1 EUR = 1,21 [&hellip;]\" \/>\n<meta property=\"og:url\" content=\"https:\/\/aventuresetcocotiers.fr\/index.php\/voyages-ocean-indien\/voyage-zanzibar\/budget-zanzibar\/\" \/>\n<meta property=\"article:modified_time\" content=\"2022-01-16T15:11:22+00:00\" \/>\n<meta name=\"twitter:card\" content=\"summary\" \/>\n<meta name=\"twitter:label1\" content=\"\u00c9crit par\">\n\t<meta name=\"twitter:data1\" content=\"admin2603\">\n\t<meta name=\"twitter:label2\" content=\"Dur\u00e9e de lecture est.\">\n\t<meta name=\"twitter:data2\" content=\"2 minutes\">\n<script type=\"application\/ld+json\" class=\"yoast-schema-graph\">{\"@context\":\"https:\/\/schema.org\",\"@graph\":[{\"@type\":\"WebSite\",\"@id\":\"https:\/\/aventuresetcocotiers.fr\/#website\",\"url\":\"https:\/\/aventuresetcocotiers.fr\/\",\"name\":\"\",\"description\":\"\",\"potentialAction\":[{\"@type\":\"SearchAction\",\"target\":\"https:\/\/aventuresetcocotiers.fr\/?s={search_term_string}\",\"query-input\":\"required name=search_term_string\"}],\"inLanguage\":\"fr-FR\"},{\"@type\":\"WebPage\",\"@id\":\"https:\/\/aventuresetcocotiers.fr\/index.php\/voyages-ocean-indien\/voyage-zanzibar\/budget-zanzibar\/#webpage\",\"url\":\"https:\/\/aventuresetcocotiers.fr\/index.php\/voyages-ocean-indien\/voyage-zanzibar\/budget-zanzibar\/\",\"name\":\"Budget s\\u00e9jour \\u00e0 Zanzibar |\",\"isPartOf\":{\"@id\":\"https:\/\/aventuresetcocotiers.fr\/#website\"},\"datePublished\":\"2021-10-24T14:22:46+00:00\",\"dateModified\":\"2022-01-16T15:11:22+00:00\",\"breadcrumb\":{\"@id\":\"https:\/\/aventuresetcocotiers.fr\/index.php\/voyages-ocean-indien\/voyage-zanzibar\/budget-zanzibar\/#breadcrumb\"},\"inLanguage\":\"fr-FR\",\"potentialAction\":[{\"@type\":\"ReadAction\",\"target\":[\"https:\/\/aventuresetcocotiers.fr\/index.php\/voyages-ocean-indien\/voyage-zanzibar\/budget-zanzibar\/\"]}]},{\"@type\":\"BreadcrumbList\",\"@id\":\"https:\/\/aventuresetcocotiers.fr\/index.php\/voyages-ocean-indien\/voyage-zanzibar\/budget-zanzibar\/#breadcrumb\",\"itemListElement\":[{\"@type\":\"ListItem\",\"position\":1,\"item\":{\"@type\":\"WebPage\",\"@id\":\"http:\/\/aventuresetcocotiers.fr\/\",\"url\":\"http:\/\/aventuresetcocotiers.fr\/\",\"name\":\"Accueil\"}},{\"@type\":\"ListItem\",\"position\":2,\"item\":{\"@type\":\"WebPage\",\"@id\":\"https:\/\/aventuresetcocotiers.fr\/index.php\/voyages-ocean-indien\/\",\"url\":\"https:\/\/aventuresetcocotiers.fr\/index.php\/voyages-ocean-indien\/\",\"name\":\"Oc\\u00e9an Indien\"}},{\"@type\":\"ListItem\",\"position\":3,\"item\":{\"@type\":\"WebPage\",\"@id\":\"https:\/\/aventuresetcocotiers.fr\/index.php\/voyages-ocean-indien\/voyage-zanzibar\/\",\"url\":\"https:\/\/aventuresetcocotiers.fr\/index.php\/voyages-ocean-indien\/voyage-zanzibar\/\",\"name\":\"Zanzibar\"}},{\"@type\":\"ListItem\",\"position\":4,\"item\":{\"@type\":\"WebPage\",\"@id\":\"https:\/\/aventuresetcocotiers.fr\/index.php\/voyages-ocean-indien\/voyage-zanzibar\/budget-zanzibar\/\",\"url\":\"https:\/\/aventuresetcocotiers.fr\/index.php\/voyages-ocean-indien\/voyage-zanzibar\/budget-zanzibar\/\",\"name\":\"Budget s\\u00e9jour \\u00e0 Zanzibar\"}}]}]}<\/script>\n<!-- \/ Yoast SEO plugin. -->","_links":{"self":[{"href":"https:\/\/aventuresetcocotiers.fr\/index.php\/wp-json\/wp\/v2\/pages\/2548"}],"collection":[{"href":"https:\/\/aventuresetcocotiers.fr\/index.php\/wp-json\/wp\/v2\/pages"}],"about":[{"href":"https:\/\/aventuresetcocotiers.fr\/index.php\/wp-json\/wp\/v2\/types\/page"}],"author":[{"embeddable":true,"href":"https:\/\/aventuresetcocotiers.fr\/index.php\/wp-json\/wp\/v2\/users\/1"}],"replies":[{"embeddable":true,"href":"https:\/\/aventuresetcocotiers.fr\/index.php\/wp-json\/wp\/v2\/comments?post=2548"}],"version-history":[{"count":6,"href":"https:\/\/aventuresetcocotiers.fr\/index.php\/wp-json\/wp\/v2\/pages\/2548\/revisions"}],"predecessor-version":[{"id":2900,"href":"https:\/\/aventuresetcocotiers.fr\/index.php\/wp-json\/wp\/v2\/pages\/2548\/revisions\/2900"}],"up":[{"embeddable":true,"href":"https:\/\/aventuresetcocotiers.fr\/index.php\/wp-json\/wp\/v2\/pages\/2445"}],"wp:attachment":[{"href":"https:\/\/aventuresetcocotiers.fr\/index.php\/wp-json\/wp\/v2\/media?parent=2548"}],"curies":[{"name":"wp","href":"https:\/\/api.w.org\/{rel}","templated":true}]}}