{"id":2837,"date":"2022-01-08T14:29:08","date_gmt":"2022-01-08T13:29:08","guid":{"rendered":"http:\/\/aventuresetcocotiers.fr\/?page_id=2837"},"modified":"2022-01-09T12:46:53","modified_gmt":"2022-01-09T11:46:53","slug":"budget-8-jours-en-egypte","status":"publish","type":"page","link":"https:\/\/aventuresetcocotiers.fr\/index.php\/voyage-decouverte-en-afrique\/egypte-voyage-plongee-decouverte-soma-bay-louxor\/budget-8-jours-en-egypte\/","title":{"rendered":"Budget 8 jours en Egypte"},"content":{"rendered":"\n<div class=\"wp-block-image\"><figure class=\"alignleft size-full\"><img loading=\"lazy\" width=\"1280\" height=\"720\" src=\"http:\/\/aventuresetcocotiers.fr\/wp-content\/uploads\/2022\/01\/Bilan-budget-Egypte-8-jours.jpg\" alt=\"\" class=\"wp-image-2861\" srcset=\"https:\/\/aventuresetcocotiers.fr\/wp-content\/uploads\/2022\/01\/Bilan-budget-Egypte-8-jours.jpg 1280w, https:\/\/aventuresetcocotiers.fr\/wp-content\/uploads\/2022\/01\/Bilan-budget-Egypte-8-jours-300x169.jpg 300w, https:\/\/aventuresetcocotiers.fr\/wp-content\/uploads\/2022\/01\/Bilan-budget-Egypte-8-jours-1024x576.jpg 1024w, https:\/\/aventuresetcocotiers.fr\/wp-content\/uploads\/2022\/01\/Bilan-budget-Egypte-8-jours-768x432.jpg 768w\" sizes=\"(max-width: 1280px) 100vw, 1280px\" \/><\/figure><\/div>\n\n\n\n<p style=\"font-size:15px\">Et voici dans le d\u00e9tail mes d\u00e9penses pour vous donner une id\u00e9e des prix \/ de budget \u00e0 pr\u00e9voir pour l&rsquo;Egypte. Prix 2021. Les prix indiqu\u00e9s sont en Livres Egyptiennes (LE). En juin 2021, le taux de change \u00e9tait de 1\u20ac = 19 LE.<\/p>\n\n\n\n<h4 class=\"has-text-color\" style=\"font-size:15px;color:#8ad8c2\">VOLS &amp; VISA ( prix par personne)<\/h4>\n\n\n\n<p style=\"font-size:15px\">Vols Gen\u00e8ve > Hurghada (Easy Jet)\u00a0: 274 \u20ac<br>Visa : 29 \u20ac<br>Test PCR h\u00f4tel Sofitel Louxor : 71 \u20ac<\/p>\n\n\n\n<h4 class=\"has-text-color\" style=\"font-size:15px;color:#8ad8c2\">HOTELS (prix par chambre et par nuit)<\/h4>\n\n\n\n<p style=\"font-size:15px\">The Breakers &#8211; demi-pension : 117 \u20ac<br>Pavillon Winter Louxor &#8211; petit-d\u00e9jeuner : 53 \u20ac<br>Skyview Suites  &#8211; h\u00e9bergement seul : 49 \u20ac<\/p>\n\n\n\n<h4 class=\"has-text-color\" style=\"font-size:15px;color:#8ad8c2\">VISITES \/ ACTIVITES (prix par personne)<\/h4>\n\n\n\n<p style=\"font-size:15px\">Orca Club &#8211; &nbsp;6 plong\u00e9es (2 house reef + 4 en bateau) :  339 \u20ac<br>Temple de Karnak&nbsp;: 100 LE (promotion)<br>Guide Temple de Karnak 2h : 400 LE au total<br>Vall\u00e9e des Rois : 170 LE (promotion)<br>Temple Hatshepsut&nbsp;: 70 LE (promotion)<br>Temple des millions d&rsquo;ann\u00e9es de Rams\u00e8s III (Medinet Habu)&nbsp;: 50 LE (promotion)<br>Vall\u00e9e des Reines : 50 LE (promotion)<br>Temple de Louxor : 80 LE (promotion)<br>Balade en Felouque 1h (total bateau pourboires inclus) : 130 LE<\/p>\n\n\n\n<h4 class=\"has-text-color\" style=\"font-size:15px;color:#8ad8c2\">TRANSPORTS (prix total)<\/h4>\n\n\n\n<p style=\"font-size:15px\">Transfert chauffeur priv\u00e9 a\u00e9roport &gt; Soma Bay : 290 LE<br>Transfert chauffeur priv\u00e9 Soma Bay &gt; Louxor (pourboires inclus) : 1780 LE<br>Taxi Louxor centre &gt; Temple de Karnak aller-retour : 200 LE<br>Journ\u00e9e taxi + guide Rive Ouest Louxor (pourboires inclus) : 1400 LE <br>Mini balade en cal\u00e8che Louxor centre : 20 LE<br>Transfert chauffeur priv\u00e9 Louxor &gt; Hurghada : 1700 LE<br>Uber Hurghada centre &gt; a\u00e9roport : 80 LE<\/p>\n\n\n\n<h4 class=\"has-text-color\" style=\"font-size:15px;color:#8ad8c2\">RESTAURANT (prix par personne)<\/h4>\n\n\n\n<p style=\"font-size:15px\">Bi\u00e8re The Breakers 50cl : 79 LE<br>Eau 1,5L : 10 &#8211; 15 LE<br>Soda : 20 LE<br>D\u00e9jeuner bateau journ\u00e9e plong\u00e9e : 160 LE<br>Cocktail The Breakers : 139 LE<br>Restaurant Sofitel Louxor d\u00e9jeuner (1 jus fruit + 1 shawarma) : 205 LE<br>Restaurant Sofitel Louxor d\u00eener (1 plat) : 355 LE<br>Restaurant Maratonga (1 soda + 1 plat) : 182 LE<br>Restaurant Al Sahaby Lane (Mezzes \u00e0 partager) : 98 LE<\/p>\n","protected":false},"excerpt":{"rendered":"<p>Et voici dans le d\u00e9tail mes d\u00e9penses pour vous donner une id\u00e9e des prix \/ de budget \u00e0 pr\u00e9voir pour l&rsquo;Egypte. Prix 2021. Les prix indiqu\u00e9s sont en Livres Egyptiennes (LE). En juin 2021, le taux de change \u00e9tait de 1\u20ac = 19 LE. VOLS &amp; VISA ( prix par personne) Vols Gen\u00e8ve > Hurghada [&hellip;]<\/p>\n","protected":false},"author":1,"featured_media":0,"parent":2578,"menu_order":0,"comment_status":"open","ping_status":"closed","template":"","meta":[],"yoast_head":"<!-- This site is optimized with the Yoast SEO plugin v15.2.1 - https:\/\/yoast.com\/wordpress\/plugins\/seo\/ -->\n<title>Budget 8 jours en Egypte |<\/title>\n<meta name=\"robots\" content=\"index, follow, max-snippet:-1, max-image-preview:large, max-video-preview:-1\" \/>\n<link rel=\"canonical\" href=\"https:\/\/aventuresetcocotiers.fr\/index.php\/voyage-decouverte-en-afrique\/egypte-voyage-plongee-decouverte-soma-bay-louxor\/budget-8-jours-en-egypte\/\" \/>\n<meta property=\"og:locale\" content=\"fr_FR\" \/>\n<meta property=\"og:type\" content=\"article\" \/>\n<meta property=\"og:title\" content=\"Budget 8 jours en Egypte |\" \/>\n<meta property=\"og:description\" content=\"Et voici dans le d\u00e9tail mes d\u00e9penses pour vous donner une id\u00e9e des prix \/ de budget \u00e0 pr\u00e9voir pour l&rsquo;Egypte. Prix 2021. Les prix indiqu\u00e9s sont en Livres Egyptiennes (LE). En juin 2021, le taux de change \u00e9tait de 1\u20ac = 19 LE. VOLS &amp; VISA ( prix par personne) Vols Gen\u00e8ve &gt; Hurghada [&hellip;]\" \/>\n<meta property=\"og:url\" content=\"https:\/\/aventuresetcocotiers.fr\/index.php\/voyage-decouverte-en-afrique\/egypte-voyage-plongee-decouverte-soma-bay-louxor\/budget-8-jours-en-egypte\/\" \/>\n<meta property=\"article:modified_time\" content=\"2022-01-09T11:46:53+00:00\" \/>\n<meta property=\"og:image\" content=\"http:\/\/aventuresetcocotiers.fr\/wp-content\/uploads\/2022\/01\/Bilan-budget-Egypte-8-jours.jpg\" \/>\n<meta name=\"twitter:card\" content=\"summary\" \/>\n<meta name=\"twitter:label1\" content=\"\u00c9crit par\">\n\t<meta name=\"twitter:data1\" content=\"admin2603\">\n\t<meta name=\"twitter:label2\" content=\"Dur\u00e9e de lecture est.\">\n\t<meta name=\"twitter:data2\" content=\"1 minute\">\n<script type=\"application\/ld+json\" class=\"yoast-schema-graph\">{\"@context\":\"https:\/\/schema.org\",\"@graph\":[{\"@type\":\"WebSite\",\"@id\":\"https:\/\/aventuresetcocotiers.fr\/#website\",\"url\":\"https:\/\/aventuresetcocotiers.fr\/\",\"name\":\"\",\"description\":\"\",\"potentialAction\":[{\"@type\":\"SearchAction\",\"target\":\"https:\/\/aventuresetcocotiers.fr\/?s={search_term_string}\",\"query-input\":\"required name=search_term_string\"}],\"inLanguage\":\"fr-FR\"},{\"@type\":\"ImageObject\",\"@id\":\"https:\/\/aventuresetcocotiers.fr\/index.php\/voyage-decouverte-en-afrique\/egypte-voyage-plongee-decouverte-soma-bay-louxor\/budget-8-jours-en-egypte\/#primaryimage\",\"inLanguage\":\"fr-FR\",\"url\":\"http:\/\/aventuresetcocotiers.fr\/wp-content\/uploads\/2022\/01\/Bilan-budget-Egypte-8-jours.jpg\"},{\"@type\":\"WebPage\",\"@id\":\"https:\/\/aventuresetcocotiers.fr\/index.php\/voyage-decouverte-en-afrique\/egypte-voyage-plongee-decouverte-soma-bay-louxor\/budget-8-jours-en-egypte\/#webpage\",\"url\":\"https:\/\/aventuresetcocotiers.fr\/index.php\/voyage-decouverte-en-afrique\/egypte-voyage-plongee-decouverte-soma-bay-louxor\/budget-8-jours-en-egypte\/\",\"name\":\"Budget 8 jours en Egypte |\",\"isPartOf\":{\"@id\":\"https:\/\/aventuresetcocotiers.fr\/#website\"},\"primaryImageOfPage\":{\"@id\":\"https:\/\/aventuresetcocotiers.fr\/index.php\/voyage-decouverte-en-afrique\/egypte-voyage-plongee-decouverte-soma-bay-louxor\/budget-8-jours-en-egypte\/#primaryimage\"},\"datePublished\":\"2022-01-08T13:29:08+00:00\",\"dateModified\":\"2022-01-09T11:46:53+00:00\",\"breadcrumb\":{\"@id\":\"https:\/\/aventuresetcocotiers.fr\/index.php\/voyage-decouverte-en-afrique\/egypte-voyage-plongee-decouverte-soma-bay-louxor\/budget-8-jours-en-egypte\/#breadcrumb\"},\"inLanguage\":\"fr-FR\",\"potentialAction\":[{\"@type\":\"ReadAction\",\"target\":[\"https:\/\/aventuresetcocotiers.fr\/index.php\/voyage-decouverte-en-afrique\/egypte-voyage-plongee-decouverte-soma-bay-louxor\/budget-8-jours-en-egypte\/\"]}]},{\"@type\":\"BreadcrumbList\",\"@id\":\"https:\/\/aventuresetcocotiers.fr\/index.php\/voyage-decouverte-en-afrique\/egypte-voyage-plongee-decouverte-soma-bay-louxor\/budget-8-jours-en-egypte\/#breadcrumb\",\"itemListElement\":[{\"@type\":\"ListItem\",\"position\":1,\"item\":{\"@type\":\"WebPage\",\"@id\":\"http:\/\/aventuresetcocotiers.fr\/\",\"url\":\"http:\/\/aventuresetcocotiers.fr\/\",\"name\":\"Accueil\"}},{\"@type\":\"ListItem\",\"position\":2,\"item\":{\"@type\":\"WebPage\",\"@id\":\"https:\/\/aventuresetcocotiers.fr\/index.php\/voyage-decouverte-en-afrique\/\",\"url\":\"https:\/\/aventuresetcocotiers.fr\/index.php\/voyage-decouverte-en-afrique\/\",\"name\":\"Afrique\"}},{\"@type\":\"ListItem\",\"position\":3,\"item\":{\"@type\":\"WebPage\",\"@id\":\"https:\/\/aventuresetcocotiers.fr\/index.php\/voyage-decouverte-en-afrique\/egypte-voyage-plongee-decouverte-soma-bay-louxor\/\",\"url\":\"https:\/\/aventuresetcocotiers.fr\/index.php\/voyage-decouverte-en-afrique\/egypte-voyage-plongee-decouverte-soma-bay-louxor\/\",\"name\":\"Egypte &#8211; Soma Bay &#038; Louxor\"}},{\"@type\":\"ListItem\",\"position\":4,\"item\":{\"@type\":\"WebPage\",\"@id\":\"https:\/\/aventuresetcocotiers.fr\/index.php\/voyage-decouverte-en-afrique\/egypte-voyage-plongee-decouverte-soma-bay-louxor\/budget-8-jours-en-egypte\/\",\"url\":\"https:\/\/aventuresetcocotiers.fr\/index.php\/voyage-decouverte-en-afrique\/egypte-voyage-plongee-decouverte-soma-bay-louxor\/budget-8-jours-en-egypte\/\",\"name\":\"Budget 8 jours en Egypte\"}}]}]}<\/script>\n<!-- \/ Yoast SEO plugin. -->","_links":{"self":[{"href":"https:\/\/aventuresetcocotiers.fr\/index.php\/wp-json\/wp\/v2\/pages\/2837"}],"collection":[{"href":"https:\/\/aventuresetcocotiers.fr\/index.php\/wp-json\/wp\/v2\/pages"}],"about":[{"href":"https:\/\/aventuresetcocotiers.fr\/index.php\/wp-json\/wp\/v2\/types\/page"}],"author":[{"embeddable":true,"href":"https:\/\/aventuresetcocotiers.fr\/index.php\/wp-json\/wp\/v2\/users\/1"}],"replies":[{"embeddable":true,"href":"https:\/\/aventuresetcocotiers.fr\/index.php\/wp-json\/wp\/v2\/comments?post=2837"}],"version-history":[{"count":9,"href":"https:\/\/aventuresetcocotiers.fr\/index.php\/wp-json\/wp\/v2\/pages\/2837\/revisions"}],"predecessor-version":[{"id":2867,"href":"https:\/\/aventuresetcocotiers.fr\/index.php\/wp-json\/wp\/v2\/pages\/2837\/revisions\/2867"}],"up":[{"embeddable":true,"href":"https:\/\/aventuresetcocotiers.fr\/index.php\/wp-json\/wp\/v2\/pages\/2578"}],"wp:attachment":[{"href":"https:\/\/aventuresetcocotiers.fr\/index.php\/wp-json\/wp\/v2\/media?parent=2837"}],"curies":[{"name":"wp","href":"https:\/\/api.w.org\/{rel}","templated":true}]}}