{"id":2905,"date":"2022-03-24T23:17:46","date_gmt":"2022-03-24T22:17:46","guid":{"rendered":"http:\/\/aventuresetcocotiers.fr\/?page_id=2905"},"modified":"2022-04-10T11:24:36","modified_gmt":"2022-04-10T10:24:36","slug":"espagne-iles-canaries-lanzarote-la-palma-et-fuerteventura","status":"publish","type":"page","link":"https:\/\/aventuresetcocotiers.fr\/index.php\/voyage-europe\/espagne-iles-canaries-lanzarote-la-palma-et-fuerteventura\/","title":{"rendered":"Iles Canaries (Lanzarote, La Palma et Fuerteventura)"},"content":{"rendered":"\n<p style=\"font-size:15px\">Pour notre voyage en <strong>septembre 2021<\/strong>, avec tout ce qu&rsquo;il se passait dans le monde (tout le bordel d\u00fb au covid quoi), nous avons choisi une destination en derni\u00e8re minute et surtout une destination \u00ab\u00a0simple\u00a0\u00bb : les Canaries.<\/p>\n\n\n\n<p style=\"font-size:15px\">Une fois la destination choisie, nous avons d\u00fb faire des choix&#8230; 14 jours c&rsquo;est une belle dur\u00e9e mais chaque \u00eele est diff\u00e9rente et toutes nous faisaient tr\u00e8s envie. On a jet\u00e9 notre d\u00e9volu sur un combin\u00e9 Lanzarote, La Palma et Fuerteventura. <br>Lanzarote, terres de volcans totalement d\u00e9sertique, un paysage lunaire de dingue que j&rsquo;avais pu apercevoir il y a quelques ann\u00e9es lors d&rsquo;un voyage pour le travail. <br>La Palma, toute aussi volcanique mais avec bien plus de v\u00e9g\u00e9tation. C&rsquo;est l&rsquo;\u00eele rando par excellence. Ce sera aussi notre plus gros coup de c\u0153ur. <br>Fuerteventura, \u00eele totalement d\u00e9sertique et \u00eele de sable, ce choix a \u00e9t\u00e9 fait pour la fin du voyage pour retrouver des amis le temps d&rsquo;un weekend.<\/p>\n\n\n\n<p style=\"font-size:15px\">Au total sur les 14 jours, nous avons fait 6 jours sur Lanzarote, 6 jours sur La Palma, et 2 jours sur Fuerteventura. Une r\u00e9partition que je valide aujourd&rsquo;hui. Fuerteventura aurait bien m\u00e9rit\u00e9 2 jours de plus mais sans regret pour mes deux pr\u00e9f\u00e9r\u00e9es que sont Lanzarote et La Palma.<\/p>\n\n\n\n<p style=\"font-size:15px\">Entre chaque \u00eele, nous avons opt\u00e9 pour l&rsquo;avion pour optimiser les temps de trajet (mais pas le budget !). Nous avons choisi Binter (il y a aussi Canaryfly), les vols sont tr\u00e8s courts et bien confortables. Le site <a href=\"https:\/\/www.salutilescanaries.com\/voyager-entre-les-iles\/\">salutilescanaries<\/a> sera une bonne source pour vous aider \u00e0 organiser votre combin\u00e9.<\/p>\n\n\n\n<p style=\"font-size:15px\">En septembre, le climat est tr\u00e8s bon aux Canaries. Grand soleil, chaleur juste comme il faut, voir un tout petit peu trop chaud pour la rando mais largement faisable.<\/p>\n\n\n\n<figure class=\"wp-block-image size-large\"><a href=\"http:\/\/aventuresetcocotiers.fr\/index.php\/voyage-europe\/espagne-iles-canaries-lanzarote-la-palma-et-fuerteventura\/les-iles-canaries-en-deux-semaines-lanzarote-la-palma-fuerteventura\/\"><img loading=\"lazy\" width=\"1024\" height=\"258\" src=\"http:\/\/aventuresetcocotiers.fr\/wp-content\/uploads\/2022\/03\/Mon-itineraire-Canaries-1024x258.jpg\" alt=\"\" class=\"wp-image-2906\" srcset=\"https:\/\/aventuresetcocotiers.fr\/wp-content\/uploads\/2022\/03\/Mon-itineraire-Canaries-1024x258.jpg 1024w, https:\/\/aventuresetcocotiers.fr\/wp-content\/uploads\/2022\/03\/Mon-itineraire-Canaries-300x76.jpg 300w, https:\/\/aventuresetcocotiers.fr\/wp-content\/uploads\/2022\/03\/Mon-itineraire-Canaries-768x194.jpg 768w, https:\/\/aventuresetcocotiers.fr\/wp-content\/uploads\/2022\/03\/Mon-itineraire-Canaries-1536x387.jpg 1536w, https:\/\/aventuresetcocotiers.fr\/wp-content\/uploads\/2022\/03\/Mon-itineraire-Canaries.jpg 2000w\" sizes=\"(max-width: 1024px) 100vw, 1024px\" \/><\/a><\/figure>\n\n\n\n<figure class=\"wp-block-image size-large\"><a href=\"http:\/\/aventuresetcocotiers.fr\/index.php\/voyage-europe\/espagne-iles-canaries-lanzarote-la-palma-et-fuerteventura\/mon-top-5-a-decouvrir-aux-canaries\/\"><img loading=\"lazy\" width=\"1024\" height=\"258\" src=\"http:\/\/aventuresetcocotiers.fr\/wp-content\/uploads\/2022\/03\/Mon-top-5-Canaries-1024x258.jpg\" alt=\"\" class=\"wp-image-2907\" srcset=\"https:\/\/aventuresetcocotiers.fr\/wp-content\/uploads\/2022\/03\/Mon-top-5-Canaries-1024x258.jpg 1024w, https:\/\/aventuresetcocotiers.fr\/wp-content\/uploads\/2022\/03\/Mon-top-5-Canaries-300x76.jpg 300w, https:\/\/aventuresetcocotiers.fr\/wp-content\/uploads\/2022\/03\/Mon-top-5-Canaries-768x194.jpg 768w, https:\/\/aventuresetcocotiers.fr\/wp-content\/uploads\/2022\/03\/Mon-top-5-Canaries-1536x387.jpg 1536w, https:\/\/aventuresetcocotiers.fr\/wp-content\/uploads\/2022\/03\/Mon-top-5-Canaries.jpg 2000w\" sizes=\"(max-width: 1024px) 100vw, 1024px\" \/><\/a><\/figure>\n\n\n\n<figure class=\"wp-block-image size-large\"><a href=\"http:\/\/aventuresetcocotiers.fr\/index.php\/voyage-europe\/espagne-iles-canaries-lanzarote-la-palma-et-fuerteventura\/les-bonnes-adresses-aux-iles-canaries-lanzarote-la-palma-et-fuerteventura\/\"><img loading=\"lazy\" width=\"1024\" height=\"258\" src=\"http:\/\/aventuresetcocotiers.fr\/wp-content\/uploads\/2022\/03\/Bonnes-adresses-Canaries-1024x258.jpg\" alt=\"\" class=\"wp-image-2908\" srcset=\"https:\/\/aventuresetcocotiers.fr\/wp-content\/uploads\/2022\/03\/Bonnes-adresses-Canaries-1024x258.jpg 1024w, https:\/\/aventuresetcocotiers.fr\/wp-content\/uploads\/2022\/03\/Bonnes-adresses-Canaries-300x76.jpg 300w, https:\/\/aventuresetcocotiers.fr\/wp-content\/uploads\/2022\/03\/Bonnes-adresses-Canaries-768x194.jpg 768w, https:\/\/aventuresetcocotiers.fr\/wp-content\/uploads\/2022\/03\/Bonnes-adresses-Canaries-1536x387.jpg 1536w, https:\/\/aventuresetcocotiers.fr\/wp-content\/uploads\/2022\/03\/Bonnes-adresses-Canaries.jpg 2000w\" sizes=\"(max-width: 1024px) 100vw, 1024px\" \/><\/a><\/figure>\n\n\n\n<figure class=\"wp-block-image size-large\"><a href=\"http:\/\/aventuresetcocotiers.fr\/index.php\/voyage-europe\/espagne-iles-canaries-lanzarote-la-palma-et-fuerteventura\/budget-14-jours-iles-canaries\/\"><img loading=\"lazy\" width=\"1024\" height=\"258\" src=\"http:\/\/aventuresetcocotiers.fr\/wp-content\/uploads\/2022\/03\/Budget-Canaries-1024x258.jpg\" alt=\"\" class=\"wp-image-2909\" srcset=\"https:\/\/aventuresetcocotiers.fr\/wp-content\/uploads\/2022\/03\/Budget-Canaries-1024x258.jpg 1024w, https:\/\/aventuresetcocotiers.fr\/wp-content\/uploads\/2022\/03\/Budget-Canaries-300x76.jpg 300w, https:\/\/aventuresetcocotiers.fr\/wp-content\/uploads\/2022\/03\/Budget-Canaries-768x194.jpg 768w, https:\/\/aventuresetcocotiers.fr\/wp-content\/uploads\/2022\/03\/Budget-Canaries-1536x387.jpg 1536w, https:\/\/aventuresetcocotiers.fr\/wp-content\/uploads\/2022\/03\/Budget-Canaries.jpg 2000w\" sizes=\"(max-width: 1024px) 100vw, 1024px\" \/><\/a><\/figure>\n","protected":false},"excerpt":{"rendered":"<p>Pour notre voyage en septembre 2021, avec tout ce qu&rsquo;il se passait dans le monde (tout le bordel d\u00fb au covid quoi), nous avons choisi une destination en derni\u00e8re minute et surtout une destination \u00ab\u00a0simple\u00a0\u00bb : les Canaries. Une fois la destination choisie, nous avons d\u00fb faire des choix&#8230; 14 jours c&rsquo;est une belle dur\u00e9e [&hellip;]<\/p>\n","protected":false},"author":1,"featured_media":0,"parent":1881,"menu_order":0,"comment_status":"closed","ping_status":"closed","template":"template-full.php","meta":[],"yoast_head":"<!-- This site is optimized with the Yoast SEO plugin v15.2.1 - https:\/\/yoast.com\/wordpress\/plugins\/seo\/ -->\n<title>Iles Canaries (Lanzarote, La Palma et Fuerteventura) |<\/title>\n<meta name=\"robots\" content=\"index, follow, max-snippet:-1, max-image-preview:large, max-video-preview:-1\" \/>\n<link rel=\"canonical\" href=\"https:\/\/aventuresetcocotiers.fr\/index.php\/voyage-europe\/espagne-iles-canaries-lanzarote-la-palma-et-fuerteventura\/\" \/>\n<meta property=\"og:locale\" content=\"fr_FR\" \/>\n<meta property=\"og:type\" content=\"article\" \/>\n<meta property=\"og:title\" content=\"Iles Canaries (Lanzarote, La Palma et Fuerteventura) |\" \/>\n<meta property=\"og:description\" content=\"Pour notre voyage en septembre 2021, avec tout ce qu&rsquo;il se passait dans le monde (tout le bordel d\u00fb au covid quoi), nous avons choisi une destination en derni\u00e8re minute et surtout une destination \u00ab\u00a0simple\u00a0\u00bb : les Canaries. Une fois la destination choisie, nous avons d\u00fb faire des choix&#8230; 14 jours c&rsquo;est une belle dur\u00e9e [&hellip;]\" \/>\n<meta property=\"og:url\" content=\"https:\/\/aventuresetcocotiers.fr\/index.php\/voyage-europe\/espagne-iles-canaries-lanzarote-la-palma-et-fuerteventura\/\" \/>\n<meta property=\"article:modified_time\" content=\"2022-04-10T10:24:36+00:00\" \/>\n<meta property=\"og:image\" content=\"http:\/\/aventuresetcocotiers.fr\/wp-content\/uploads\/2022\/03\/Mon-itineraire-Canaries-1024x258.jpg\" \/>\n<meta name=\"twitter:card\" content=\"summary\" \/>\n<meta name=\"twitter:label1\" content=\"\u00c9crit par\">\n\t<meta name=\"twitter:data1\" content=\"admin2603\">\n\t<meta name=\"twitter:label2\" content=\"Dur\u00e9e de lecture est.\">\n\t<meta name=\"twitter:data2\" content=\"1 minute\">\n<script type=\"application\/ld+json\" class=\"yoast-schema-graph\">{\"@context\":\"https:\/\/schema.org\",\"@graph\":[{\"@type\":\"WebSite\",\"@id\":\"https:\/\/aventuresetcocotiers.fr\/#website\",\"url\":\"https:\/\/aventuresetcocotiers.fr\/\",\"name\":\"\",\"description\":\"\",\"potentialAction\":[{\"@type\":\"SearchAction\",\"target\":\"https:\/\/aventuresetcocotiers.fr\/?s={search_term_string}\",\"query-input\":\"required name=search_term_string\"}],\"inLanguage\":\"fr-FR\"},{\"@type\":\"ImageObject\",\"@id\":\"https:\/\/aventuresetcocotiers.fr\/index.php\/voyage-europe\/espagne-iles-canaries-lanzarote-la-palma-et-fuerteventura\/#primaryimage\",\"inLanguage\":\"fr-FR\",\"url\":\"http:\/\/aventuresetcocotiers.fr\/wp-content\/uploads\/2022\/03\/Mon-itineraire-Canaries-1024x258.jpg\"},{\"@type\":\"WebPage\",\"@id\":\"https:\/\/aventuresetcocotiers.fr\/index.php\/voyage-europe\/espagne-iles-canaries-lanzarote-la-palma-et-fuerteventura\/#webpage\",\"url\":\"https:\/\/aventuresetcocotiers.fr\/index.php\/voyage-europe\/espagne-iles-canaries-lanzarote-la-palma-et-fuerteventura\/\",\"name\":\"Iles Canaries (Lanzarote, La Palma et Fuerteventura) |\",\"isPartOf\":{\"@id\":\"https:\/\/aventuresetcocotiers.fr\/#website\"},\"primaryImageOfPage\":{\"@id\":\"https:\/\/aventuresetcocotiers.fr\/index.php\/voyage-europe\/espagne-iles-canaries-lanzarote-la-palma-et-fuerteventura\/#primaryimage\"},\"datePublished\":\"2022-03-24T22:17:46+00:00\",\"dateModified\":\"2022-04-10T10:24:36+00:00\",\"breadcrumb\":{\"@id\":\"https:\/\/aventuresetcocotiers.fr\/index.php\/voyage-europe\/espagne-iles-canaries-lanzarote-la-palma-et-fuerteventura\/#breadcrumb\"},\"inLanguage\":\"fr-FR\",\"potentialAction\":[{\"@type\":\"ReadAction\",\"target\":[\"https:\/\/aventuresetcocotiers.fr\/index.php\/voyage-europe\/espagne-iles-canaries-lanzarote-la-palma-et-fuerteventura\/\"]}]},{\"@type\":\"BreadcrumbList\",\"@id\":\"https:\/\/aventuresetcocotiers.fr\/index.php\/voyage-europe\/espagne-iles-canaries-lanzarote-la-palma-et-fuerteventura\/#breadcrumb\",\"itemListElement\":[{\"@type\":\"ListItem\",\"position\":1,\"item\":{\"@type\":\"WebPage\",\"@id\":\"http:\/\/aventuresetcocotiers.fr\/\",\"url\":\"http:\/\/aventuresetcocotiers.fr\/\",\"name\":\"Accueil\"}},{\"@type\":\"ListItem\",\"position\":2,\"item\":{\"@type\":\"WebPage\",\"@id\":\"https:\/\/aventuresetcocotiers.fr\/index.php\/voyage-europe\/\",\"url\":\"https:\/\/aventuresetcocotiers.fr\/index.php\/voyage-europe\/\",\"name\":\"Europe\"}},{\"@type\":\"ListItem\",\"position\":3,\"item\":{\"@type\":\"WebPage\",\"@id\":\"https:\/\/aventuresetcocotiers.fr\/index.php\/voyage-europe\/espagne-iles-canaries-lanzarote-la-palma-et-fuerteventura\/\",\"url\":\"https:\/\/aventuresetcocotiers.fr\/index.php\/voyage-europe\/espagne-iles-canaries-lanzarote-la-palma-et-fuerteventura\/\",\"name\":\"Iles Canaries (Lanzarote, La Palma et Fuerteventura)\"}}]}]}<\/script>\n<!-- \/ Yoast SEO plugin. -->","_links":{"self":[{"href":"https:\/\/aventuresetcocotiers.fr\/index.php\/wp-json\/wp\/v2\/pages\/2905"}],"collection":[{"href":"https:\/\/aventuresetcocotiers.fr\/index.php\/wp-json\/wp\/v2\/pages"}],"about":[{"href":"https:\/\/aventuresetcocotiers.fr\/index.php\/wp-json\/wp\/v2\/types\/page"}],"author":[{"embeddable":true,"href":"https:\/\/aventuresetcocotiers.fr\/index.php\/wp-json\/wp\/v2\/users\/1"}],"replies":[{"embeddable":true,"href":"https:\/\/aventuresetcocotiers.fr\/index.php\/wp-json\/wp\/v2\/comments?post=2905"}],"version-history":[{"count":7,"href":"https:\/\/aventuresetcocotiers.fr\/index.php\/wp-json\/wp\/v2\/pages\/2905\/revisions"}],"predecessor-version":[{"id":3001,"href":"https:\/\/aventuresetcocotiers.fr\/index.php\/wp-json\/wp\/v2\/pages\/2905\/revisions\/3001"}],"up":[{"embeddable":true,"href":"https:\/\/aventuresetcocotiers.fr\/index.php\/wp-json\/wp\/v2\/pages\/1881"}],"wp:attachment":[{"href":"https:\/\/aventuresetcocotiers.fr\/index.php\/wp-json\/wp\/v2\/media?parent=2905"}],"curies":[{"name":"wp","href":"https:\/\/api.w.org\/{rel}","templated":true}]}}