{"id":2998,"date":"2022-04-10T11:23:54","date_gmt":"2022-04-10T10:23:54","guid":{"rendered":"http:\/\/aventuresetcocotiers.fr\/?page_id=2998"},"modified":"2022-04-10T12:41:59","modified_gmt":"2022-04-10T11:41:59","slug":"budget-14-jours-iles-canaries","status":"publish","type":"page","link":"https:\/\/aventuresetcocotiers.fr\/index.php\/voyage-europe\/espagne-iles-canaries-lanzarote-la-palma-et-fuerteventura\/budget-14-jours-iles-canaries\/","title":{"rendered":"Budget 14 jours Iles Canaries"},"content":{"rendered":"\n<div class=\"wp-block-image\"><figure class=\"alignleft size-large\"><img loading=\"lazy\" width=\"1024\" height=\"576\" src=\"http:\/\/aventuresetcocotiers.fr\/wp-content\/uploads\/2022\/04\/Bilan-budget-Canaries-14-jours-1024x576.jpg\" alt=\"\" class=\"wp-image-2999\" srcset=\"https:\/\/aventuresetcocotiers.fr\/wp-content\/uploads\/2022\/04\/Bilan-budget-Canaries-14-jours-1024x576.jpg 1024w, https:\/\/aventuresetcocotiers.fr\/wp-content\/uploads\/2022\/04\/Bilan-budget-Canaries-14-jours-300x169.jpg 300w, https:\/\/aventuresetcocotiers.fr\/wp-content\/uploads\/2022\/04\/Bilan-budget-Canaries-14-jours-768x432.jpg 768w, https:\/\/aventuresetcocotiers.fr\/wp-content\/uploads\/2022\/04\/Bilan-budget-Canaries-14-jours.jpg 1280w\" sizes=\"(max-width: 1024px) 100vw, 1024px\" \/><\/figure><\/div>\n\n\n\n<p style=\"font-size:15px\">Et voici dans le d\u00e9tail mes d\u00e9penses pour vous donner une id\u00e9e des prix \/ de budget \u00e0 pr\u00e9voir pour les Iles Canaries. Prix 2021. <br>Ce voyage a \u00e9t\u00e9 pour nous l&rsquo;un des plus chers, tout en \u00e9tant proche de la France. Plusieurs explications : r\u00e9servation en derni\u00e8re minute (1 semaine avant le d\u00e9part) donc forc\u00e9ment des billets d&rsquo;avion assez co\u00fbteux. Entre les \u00eeles nous avons choisi le transport le plus confortable et le plus rapide : l&rsquo;avion, mais aussi le plus cher du coup. Nous avons beaucoup altern\u00e9 entre resto et repas courses, sans non plus se priver (je pense qu&rsquo;on \u00e9tait presque \u00e0 1 resto par jour). C\u00f4t\u00e9 activit\u00e9s, nous nous sommes fait plaisir avec de la plong\u00e9e \u00e0 Lanzarote.<br>Nous avons tout de m\u00eame s\u00e9lectionn\u00e9 des h\u00e9bergements de bon rapport qualit\u00e9\/prix type appartement pour toujours avoir une kitchenette.<\/p>\n\n\n\n<h4 class=\"has-text-color\" style=\"font-size:15px;color:#8ad8c2\">VOLS &amp; VISA ( prix par personne)<\/h4>\n\n\n\n<p style=\"font-size:15px\">Vol Lyon &gt; Lanzarote (Easy Jet)&nbsp;: 70 \u20ac<br>Vol Lanzarote &gt; La Palma (Binter)&nbsp;: 115 \u20ac<br>Vol La Palma &gt; Fuerteventura (Binter)&nbsp;: 86 \u20ac<br>Vol Fuerteventura &gt; Barcelone (Ryanair)&nbsp;: 65 \u20ac<br>Vol Barcelone &gt; Lyon (Easyjet)&nbsp;: 87,5 \u20ac<\/p>\n\n\n\n<h4 class=\"has-text-color\" style=\"font-size:15px;color:#8ad8c2\">HOTELS (prix par chambre et par nuit)<\/h4>\n\n\n\n<p style=\"font-size:15px\">Apartamentos Llamar (Lanzarote) : 265 \u20ac<br>Airbnb (La Palma) : 327 \u20ac<br>Airbnb (Fuerteventura) : 200 \u20ac<\/p>\n\n\n\n<h4 class=\"has-text-color\" style=\"font-size:15px;color:#8ad8c2\">VISITES \/ ACTIVITES (prix par personne)<\/h4>\n\n\n\n<p style=\"font-size:15px\">Jardin de Cactus (Lanzarote) :  7,5 \u20ac<br>Cuevo de Los Verdes (Lanzarote)&nbsp;: 10 \u20ac<br>Location Fatbike (La Graciosa) : 15 \u20ac<br>Dawn Dive Academy &#8211; &nbsp;2 plong\u00e9es (dont le Museo Atlantico) : 112,5 \u20ac<br>Papagayo&nbsp;: 3 \u20ac<br>Volcan San Antonio (La Palma) : 10 \u20ac<br>Observation des \u00e9toiles (La Palma) : 30 \u20ac<\/p>\n\n\n\n<h4 class=\"has-text-color\" style=\"font-size:15px;color:#8ad8c2\">TRANSPORTS (prix total)<\/h4>\n\n\n\n<p style=\"font-size:15px\">Location petite voiture (Lanzarote) : 312 \u20ac<br>Ferry aller-retour La Graciosa : 41,6\u20ac (-20% la veille)<br>Location petite voiture (La Palma) : 182 \u20ac<br>Taxi partag\u00e9 randonn\u00e9e Los Tilos : 35 \u20ac pour deux places<br>Taxi priv\u00e9 randonn\u00e9e Routas de los Volcanes : 38 \u20ac<br>Location petite voiture (Fuerteventura) : 105 \u20ac<br>Essence (au total &#8211; toutes \u00eeles confondues) : 122 \u20ac<\/p>\n\n\n\n<h4 class=\"has-text-color\" style=\"font-size:15px;color:#8ad8c2\">RESTAURANT (prix par personne)<\/h4>\n\n\n\n<p style=\"font-size:15px\">Bar El Chupedero (2 verres vin rouge + eau gazeuse) : 5 \u20ac<br>Restaurant La Bodega Cascada Puerto Del Carmen (tapas) : 16 \u20ac<br>Restaurant Lomo Alto (plat lomo alto): 24 \u20ac<br>Restaurant Citurna Casual Food : 16 \u20ac<br>Restaurant Los Argentinos (viande au poids) : 20 \u20ac<br>Restaurant Bodegon Tamanca (tapas et vin) : 22 \u20ac<br><\/p>\n","protected":false},"excerpt":{"rendered":"<p>Et voici dans le d\u00e9tail mes d\u00e9penses pour vous donner une id\u00e9e des prix \/ de budget \u00e0 pr\u00e9voir pour les Iles Canaries. Prix 2021. Ce voyage a \u00e9t\u00e9 pour nous l&rsquo;un des plus chers, tout en \u00e9tant proche de la France. Plusieurs explications : r\u00e9servation en derni\u00e8re minute (1 semaine avant le d\u00e9part) donc [&hellip;]<\/p>\n","protected":false},"author":1,"featured_media":0,"parent":2905,"menu_order":0,"comment_status":"open","ping_status":"closed","template":"","meta":[],"yoast_head":"<!-- This site is optimized with the Yoast SEO plugin v15.2.1 - https:\/\/yoast.com\/wordpress\/plugins\/seo\/ -->\n<title>Budget 14 jours Iles Canaries |<\/title>\n<meta name=\"robots\" content=\"index, follow, max-snippet:-1, max-image-preview:large, max-video-preview:-1\" \/>\n<link rel=\"canonical\" href=\"https:\/\/aventuresetcocotiers.fr\/index.php\/voyage-europe\/espagne-iles-canaries-lanzarote-la-palma-et-fuerteventura\/budget-14-jours-iles-canaries\/\" \/>\n<meta property=\"og:locale\" content=\"fr_FR\" \/>\n<meta property=\"og:type\" content=\"article\" \/>\n<meta property=\"og:title\" content=\"Budget 14 jours Iles Canaries |\" \/>\n<meta property=\"og:description\" content=\"Et voici dans le d\u00e9tail mes d\u00e9penses pour vous donner une id\u00e9e des prix \/ de budget \u00e0 pr\u00e9voir pour les Iles Canaries. Prix 2021. Ce voyage a \u00e9t\u00e9 pour nous l&rsquo;un des plus chers, tout en \u00e9tant proche de la France. Plusieurs explications : r\u00e9servation en derni\u00e8re minute (1 semaine avant le d\u00e9part) donc [&hellip;]\" \/>\n<meta property=\"og:url\" content=\"https:\/\/aventuresetcocotiers.fr\/index.php\/voyage-europe\/espagne-iles-canaries-lanzarote-la-palma-et-fuerteventura\/budget-14-jours-iles-canaries\/\" \/>\n<meta property=\"article:modified_time\" content=\"2022-04-10T11:41:59+00:00\" \/>\n<meta property=\"og:image\" content=\"http:\/\/aventuresetcocotiers.fr\/wp-content\/uploads\/2022\/04\/Bilan-budget-Canaries-14-jours-1024x576.jpg\" \/>\n<meta name=\"twitter:card\" content=\"summary\" \/>\n<meta name=\"twitter:label1\" content=\"\u00c9crit par\">\n\t<meta name=\"twitter:data1\" content=\"admin2603\">\n\t<meta name=\"twitter:label2\" content=\"Dur\u00e9e de lecture est.\">\n\t<meta name=\"twitter:data2\" content=\"1 minute\">\n<script type=\"application\/ld+json\" class=\"yoast-schema-graph\">{\"@context\":\"https:\/\/schema.org\",\"@graph\":[{\"@type\":\"WebSite\",\"@id\":\"https:\/\/aventuresetcocotiers.fr\/#website\",\"url\":\"https:\/\/aventuresetcocotiers.fr\/\",\"name\":\"\",\"description\":\"\",\"potentialAction\":[{\"@type\":\"SearchAction\",\"target\":\"https:\/\/aventuresetcocotiers.fr\/?s={search_term_string}\",\"query-input\":\"required name=search_term_string\"}],\"inLanguage\":\"fr-FR\"},{\"@type\":\"ImageObject\",\"@id\":\"https:\/\/aventuresetcocotiers.fr\/index.php\/voyage-europe\/espagne-iles-canaries-lanzarote-la-palma-et-fuerteventura\/budget-14-jours-iles-canaries\/#primaryimage\",\"inLanguage\":\"fr-FR\",\"url\":\"http:\/\/aventuresetcocotiers.fr\/wp-content\/uploads\/2022\/04\/Bilan-budget-Canaries-14-jours-1024x576.jpg\"},{\"@type\":\"WebPage\",\"@id\":\"https:\/\/aventuresetcocotiers.fr\/index.php\/voyage-europe\/espagne-iles-canaries-lanzarote-la-palma-et-fuerteventura\/budget-14-jours-iles-canaries\/#webpage\",\"url\":\"https:\/\/aventuresetcocotiers.fr\/index.php\/voyage-europe\/espagne-iles-canaries-lanzarote-la-palma-et-fuerteventura\/budget-14-jours-iles-canaries\/\",\"name\":\"Budget 14 jours Iles Canaries |\",\"isPartOf\":{\"@id\":\"https:\/\/aventuresetcocotiers.fr\/#website\"},\"primaryImageOfPage\":{\"@id\":\"https:\/\/aventuresetcocotiers.fr\/index.php\/voyage-europe\/espagne-iles-canaries-lanzarote-la-palma-et-fuerteventura\/budget-14-jours-iles-canaries\/#primaryimage\"},\"datePublished\":\"2022-04-10T10:23:54+00:00\",\"dateModified\":\"2022-04-10T11:41:59+00:00\",\"breadcrumb\":{\"@id\":\"https:\/\/aventuresetcocotiers.fr\/index.php\/voyage-europe\/espagne-iles-canaries-lanzarote-la-palma-et-fuerteventura\/budget-14-jours-iles-canaries\/#breadcrumb\"},\"inLanguage\":\"fr-FR\",\"potentialAction\":[{\"@type\":\"ReadAction\",\"target\":[\"https:\/\/aventuresetcocotiers.fr\/index.php\/voyage-europe\/espagne-iles-canaries-lanzarote-la-palma-et-fuerteventura\/budget-14-jours-iles-canaries\/\"]}]},{\"@type\":\"BreadcrumbList\",\"@id\":\"https:\/\/aventuresetcocotiers.fr\/index.php\/voyage-europe\/espagne-iles-canaries-lanzarote-la-palma-et-fuerteventura\/budget-14-jours-iles-canaries\/#breadcrumb\",\"itemListElement\":[{\"@type\":\"ListItem\",\"position\":1,\"item\":{\"@type\":\"WebPage\",\"@id\":\"http:\/\/aventuresetcocotiers.fr\/\",\"url\":\"http:\/\/aventuresetcocotiers.fr\/\",\"name\":\"Accueil\"}},{\"@type\":\"ListItem\",\"position\":2,\"item\":{\"@type\":\"WebPage\",\"@id\":\"https:\/\/aventuresetcocotiers.fr\/index.php\/voyage-europe\/\",\"url\":\"https:\/\/aventuresetcocotiers.fr\/index.php\/voyage-europe\/\",\"name\":\"Europe\"}},{\"@type\":\"ListItem\",\"position\":3,\"item\":{\"@type\":\"WebPage\",\"@id\":\"https:\/\/aventuresetcocotiers.fr\/index.php\/voyage-europe\/espagne-iles-canaries-lanzarote-la-palma-et-fuerteventura\/\",\"url\":\"https:\/\/aventuresetcocotiers.fr\/index.php\/voyage-europe\/espagne-iles-canaries-lanzarote-la-palma-et-fuerteventura\/\",\"name\":\"Iles Canaries (Lanzarote, La Palma et Fuerteventura)\"}},{\"@type\":\"ListItem\",\"position\":4,\"item\":{\"@type\":\"WebPage\",\"@id\":\"https:\/\/aventuresetcocotiers.fr\/index.php\/voyage-europe\/espagne-iles-canaries-lanzarote-la-palma-et-fuerteventura\/budget-14-jours-iles-canaries\/\",\"url\":\"https:\/\/aventuresetcocotiers.fr\/index.php\/voyage-europe\/espagne-iles-canaries-lanzarote-la-palma-et-fuerteventura\/budget-14-jours-iles-canaries\/\",\"name\":\"Budget 14 jours Iles Canaries\"}}]}]}<\/script>\n<!-- \/ Yoast SEO plugin. -->","_links":{"self":[{"href":"https:\/\/aventuresetcocotiers.fr\/index.php\/wp-json\/wp\/v2\/pages\/2998"}],"collection":[{"href":"https:\/\/aventuresetcocotiers.fr\/index.php\/wp-json\/wp\/v2\/pages"}],"about":[{"href":"https:\/\/aventuresetcocotiers.fr\/index.php\/wp-json\/wp\/v2\/types\/page"}],"author":[{"embeddable":true,"href":"https:\/\/aventuresetcocotiers.fr\/index.php\/wp-json\/wp\/v2\/users\/1"}],"replies":[{"embeddable":true,"href":"https:\/\/aventuresetcocotiers.fr\/index.php\/wp-json\/wp\/v2\/comments?post=2998"}],"version-history":[{"count":2,"href":"https:\/\/aventuresetcocotiers.fr\/index.php\/wp-json\/wp\/v2\/pages\/2998\/revisions"}],"predecessor-version":[{"id":3016,"href":"https:\/\/aventuresetcocotiers.fr\/index.php\/wp-json\/wp\/v2\/pages\/2998\/revisions\/3016"}],"up":[{"embeddable":true,"href":"https:\/\/aventuresetcocotiers.fr\/index.php\/wp-json\/wp\/v2\/pages\/2905"}],"wp:attachment":[{"href":"https:\/\/aventuresetcocotiers.fr\/index.php\/wp-json\/wp\/v2\/media?parent=2998"}],"curies":[{"name":"wp","href":"https:\/\/api.w.org\/{rel}","templated":true}]}}