{"id":3085,"date":"2023-12-13T17:35:44","date_gmt":"2023-12-13T16:35:44","guid":{"rendered":"http:\/\/aventuresetcocotiers.fr\/?page_id=3085"},"modified":"2024-02-18T14:41:03","modified_gmt":"2024-02-18T13:41:03","slug":"voyage-cambodge","status":"publish","type":"page","link":"https:\/\/aventuresetcocotiers.fr\/index.php\/voyage-asie\/voyage-cambodge\/","title":{"rendered":"Cambodge"},"content":{"rendered":"\n<p style=\"font-size:15px\">Quand on pense au Cambodge on pense tr\u00e8s souvent aux Temples d&rsquo;Angkor. C&rsquo;est vrai que Angkor c&rsquo;est incroyable, mais il y a tellement plus \u00e0 d\u00e9couvrir au Cambodge, tellement plus de mots qui d\u00e9finissent ce pays. On dit que c&rsquo;est le pays du sourire, et c&rsquo;est vrai, j&rsquo;ai rarement vu des gens aussi accueillants, chaleureux. Ici, chaque enfant que vous croiserez sur votre chemin vous fera coucou&#8230; c&rsquo;est un pays \u00e9mouvant. <\/p>\n\n\n\n<p style=\"font-size:15px\">Nous sommes parties entre amies, \u00e0 3. Notre voyage de 15 jours au total combinait culture, nature et plages. Nous avons commenc\u00e9 par la r\u00e9gion du Mondolkiri, puis la r\u00e9gion de Siem Reap et enfin les \u00eeles du Sud (Koh Rong Sanloem et Koh Rong), et c&rsquo;\u00e9tait juste parfait ! Nous avons fait le choix de ne pas faire Kratie, ni Battambang, question de temps et question de go\u00fbts. C\u00f4t\u00e9 s\u00e9curit\u00e9, tout s&rsquo;est tr\u00e8s bien pass\u00e9, jamais sentie d&rsquo;ins\u00e9curit\u00e9 nul part en \u00e9tant 3 filles.<\/p>\n\n\n\n<p style=\"font-size:15px\">En 15 jours on d\u00e9couvre d\u00e9j\u00e0 pas mal de r\u00e9gions du Cambodge, mais pour d\u00e9couvrir le pays encore mieux je pense qu&rsquo;il faudrait partir 3 semaines \/ 1 mois pour aller dans les endroits les plus recul\u00e9s. Car oui, au Cambodge, tous les trajets ne sont pas toujours faciles. D\u00e8s que vous roulerez quelques kilom\u00e8tres sur le sol cambodgien, vous comprendrez pourquoi. Les routes ne sont pas toujours en super bon \u00e9tat, et beaucoup d&rsquo;endroits sont inaccessibles ou alors accessibles mais il faudra vouloir passer de longues heures, journ\u00e9es, nuits sur la route&#8230; Pour vous d\u00e9placer, privil\u00e9giez les bus de nuits ou les minivans sur les longues distances, plut\u00f4t confortables et en bon \u00e9tat. Pour nous tout s&rsquo;est bien pass\u00e9 c\u00f4t\u00e9 transport, mais nous avions lu avant de partir que parfois certains avaient de mauvaises exp\u00e9riences avec des v\u00e9hicules qui tombaient en panne en cours de route, ou alors des v\u00e9hicule blind\u00e9s (plus que blind\u00e9s) o\u00f9 on se retrouve avec la poule du voisin sur les genoux. Soyez pr\u00eat \u00e0 tout, vous \u00eates au Cambodge ! Nous avons choisi les compagnies de bus Vireak Buntham Transportation (VET) et Giant Ibis et avons presque tout r\u00e9serv\u00e9 avant le d\u00e9part pour ne pas risquer de ne pas avoir de disponibilit\u00e9s au dernier moment pour les gros trajets.<\/p>\n\n\n\n<p style=\"font-size:15px\">Nous avons voyag\u00e9 en <strong>mars 2023<\/strong>, une tr\u00e8s bonne p\u00e9riode c\u00f4t\u00e9 climat. J&rsquo;avais \u00e9galement d\u00e9couvert une premi\u00e8re fois le Cambodge en 2010, mais vraiment tr\u00e8s rapidement donc \u00e7a ne compte pas vraiment, c&rsquo;\u00e9tait en novembre et de m\u00e9moire c\u00f4t\u00e9 m\u00e9t\u00e9o \u00e7a allait aussi.<\/p>\n\n\n\n<figure class=\"wp-block-image size-full\"><a href=\"https:\/\/aventuresetcocotiers.fr\/index.php\/voyage-asie\/voyage-cambodge\/itineraire-decouverte-15-jours-au-cambodge\/\"><img loading=\"lazy\" width=\"2000\" height=\"512\" src=\"https:\/\/aventuresetcocotiers.fr\/wp-content\/uploads\/2023\/12\/Itineraire-Cambodge.jpg\" alt=\"\" class=\"wp-image-3086\" srcset=\"https:\/\/aventuresetcocotiers.fr\/wp-content\/uploads\/2023\/12\/Itineraire-Cambodge.jpg 2000w, https:\/\/aventuresetcocotiers.fr\/wp-content\/uploads\/2023\/12\/Itineraire-Cambodge-300x77.jpg 300w, https:\/\/aventuresetcocotiers.fr\/wp-content\/uploads\/2023\/12\/Itineraire-Cambodge-1024x262.jpg 1024w, https:\/\/aventuresetcocotiers.fr\/wp-content\/uploads\/2023\/12\/Itineraire-Cambodge-768x197.jpg 768w, https:\/\/aventuresetcocotiers.fr\/wp-content\/uploads\/2023\/12\/Itineraire-Cambodge-1536x393.jpg 1536w\" sizes=\"(max-width: 2000px) 100vw, 2000px\" \/><\/a><\/figure>\n\n\n\n<figure class=\"wp-block-image size-full\"><a href=\"https:\/\/aventuresetcocotiers.fr\/index.php\/mon-top-5-a-decouvrir-au-cambodge\/\"><img loading=\"lazy\" width=\"2000\" height=\"518\" src=\"https:\/\/aventuresetcocotiers.fr\/wp-content\/uploads\/2023\/12\/Top-5-Cambodge.jpg\" alt=\"\" class=\"wp-image-3087\" srcset=\"https:\/\/aventuresetcocotiers.fr\/wp-content\/uploads\/2023\/12\/Top-5-Cambodge.jpg 2000w, https:\/\/aventuresetcocotiers.fr\/wp-content\/uploads\/2023\/12\/Top-5-Cambodge-300x78.jpg 300w, https:\/\/aventuresetcocotiers.fr\/wp-content\/uploads\/2023\/12\/Top-5-Cambodge-1024x265.jpg 1024w, https:\/\/aventuresetcocotiers.fr\/wp-content\/uploads\/2023\/12\/Top-5-Cambodge-768x199.jpg 768w, https:\/\/aventuresetcocotiers.fr\/wp-content\/uploads\/2023\/12\/Top-5-Cambodge-1536x398.jpg 1536w\" sizes=\"(max-width: 2000px) 100vw, 2000px\" \/><\/a><\/figure>\n\n\n\n<figure class=\"wp-block-image size-full\"><a href=\"https:\/\/aventuresetcocotiers.fr\/index.php\/voyage-asie\/voyage-cambodge\/les-bonnes-adresses-au-cambodge\/\"><img loading=\"lazy\" width=\"2000\" height=\"510\" src=\"https:\/\/aventuresetcocotiers.fr\/wp-content\/uploads\/2023\/12\/Bonnes-adresses-Cambodge.jpg\" alt=\"\" class=\"wp-image-3088\" srcset=\"https:\/\/aventuresetcocotiers.fr\/wp-content\/uploads\/2023\/12\/Bonnes-adresses-Cambodge.jpg 2000w, https:\/\/aventuresetcocotiers.fr\/wp-content\/uploads\/2023\/12\/Bonnes-adresses-Cambodge-300x77.jpg 300w, https:\/\/aventuresetcocotiers.fr\/wp-content\/uploads\/2023\/12\/Bonnes-adresses-Cambodge-1024x261.jpg 1024w, https:\/\/aventuresetcocotiers.fr\/wp-content\/uploads\/2023\/12\/Bonnes-adresses-Cambodge-768x196.jpg 768w, https:\/\/aventuresetcocotiers.fr\/wp-content\/uploads\/2023\/12\/Bonnes-adresses-Cambodge-1536x392.jpg 1536w\" sizes=\"(max-width: 2000px) 100vw, 2000px\" \/><\/a><\/figure>\n\n\n\n<figure class=\"wp-block-image size-full\"><a href=\"https:\/\/aventuresetcocotiers.fr\/index.php\/budget-15-jours-au-cambodge\/\"><img loading=\"lazy\" width=\"2000\" height=\"509\" src=\"https:\/\/aventuresetcocotiers.fr\/wp-content\/uploads\/2023\/12\/Budge-Cambodge.jpg\" alt=\"\" class=\"wp-image-3089\" srcset=\"https:\/\/aventuresetcocotiers.fr\/wp-content\/uploads\/2023\/12\/Budge-Cambodge.jpg 2000w, https:\/\/aventuresetcocotiers.fr\/wp-content\/uploads\/2023\/12\/Budge-Cambodge-300x76.jpg 300w, https:\/\/aventuresetcocotiers.fr\/wp-content\/uploads\/2023\/12\/Budge-Cambodge-1024x261.jpg 1024w, https:\/\/aventuresetcocotiers.fr\/wp-content\/uploads\/2023\/12\/Budge-Cambodge-768x195.jpg 768w, https:\/\/aventuresetcocotiers.fr\/wp-content\/uploads\/2023\/12\/Budge-Cambodge-1536x391.jpg 1536w\" sizes=\"(max-width: 2000px) 100vw, 2000px\" \/><\/a><\/figure>\n","protected":false},"excerpt":{"rendered":"<p>Quand on pense au Cambodge on pense tr\u00e8s souvent aux Temples d&rsquo;Angkor. C&rsquo;est vrai que Angkor c&rsquo;est incroyable, mais il y a tellement plus \u00e0 d\u00e9couvrir au Cambodge, tellement plus de mots qui d\u00e9finissent ce pays. On dit que c&rsquo;est le pays du sourire, et c&rsquo;est vrai, j&rsquo;ai rarement vu des gens aussi accueillants, chaleureux. [&hellip;]<\/p>\n","protected":false},"author":1,"featured_media":0,"parent":89,"menu_order":0,"comment_status":"closed","ping_status":"closed","template":"template-full.php","meta":[],"yoast_head":"<!-- This site is optimized with the Yoast SEO plugin v15.2.1 - https:\/\/yoast.com\/wordpress\/plugins\/seo\/ -->\n<title>Cambodge |<\/title>\n<meta name=\"robots\" content=\"index, follow, max-snippet:-1, max-image-preview:large, max-video-preview:-1\" \/>\n<link rel=\"canonical\" href=\"http:\/\/aventuresetcocotiers.fr\/index.php\/voyage-asie\/voyage-cambodge\/\" \/>\n<meta property=\"og:locale\" content=\"fr_FR\" \/>\n<meta property=\"og:type\" content=\"article\" \/>\n<meta property=\"og:title\" content=\"Cambodge |\" \/>\n<meta property=\"og:description\" content=\"Quand on pense au Cambodge on pense tr\u00e8s souvent aux Temples d&rsquo;Angkor. C&rsquo;est vrai que Angkor c&rsquo;est incroyable, mais il y a tellement plus \u00e0 d\u00e9couvrir au Cambodge, tellement plus de mots qui d\u00e9finissent ce pays. On dit que c&rsquo;est le pays du sourire, et c&rsquo;est vrai, j&rsquo;ai rarement vu des gens aussi accueillants, chaleureux. [&hellip;]\" \/>\n<meta property=\"og:url\" content=\"http:\/\/aventuresetcocotiers.fr\/index.php\/voyage-asie\/voyage-cambodge\/\" \/>\n<meta property=\"article:modified_time\" content=\"2024-02-18T13:41:03+00:00\" \/>\n<meta property=\"og:image\" content=\"https:\/\/aventuresetcocotiers.fr\/wp-content\/uploads\/2023\/12\/Itineraire-Cambodge.jpg\" \/>\n<meta name=\"twitter:card\" content=\"summary\" \/>\n<meta name=\"twitter:label1\" content=\"\u00c9crit par\">\n\t<meta name=\"twitter:data1\" content=\"admin2603\">\n\t<meta name=\"twitter:label2\" content=\"Dur\u00e9e de lecture est.\">\n\t<meta name=\"twitter:data2\" content=\"2 minutes\">\n<script type=\"application\/ld+json\" class=\"yoast-schema-graph\">{\"@context\":\"https:\/\/schema.org\",\"@graph\":[{\"@type\":\"WebSite\",\"@id\":\"https:\/\/aventuresetcocotiers.fr\/#website\",\"url\":\"https:\/\/aventuresetcocotiers.fr\/\",\"name\":\"\",\"description\":\"\",\"potentialAction\":[{\"@type\":\"SearchAction\",\"target\":\"https:\/\/aventuresetcocotiers.fr\/?s={search_term_string}\",\"query-input\":\"required name=search_term_string\"}],\"inLanguage\":\"fr-FR\"},{\"@type\":\"ImageObject\",\"@id\":\"http:\/\/aventuresetcocotiers.fr\/index.php\/voyage-asie\/voyage-cambodge\/#primaryimage\",\"inLanguage\":\"fr-FR\",\"url\":\"https:\/\/aventuresetcocotiers.fr\/wp-content\/uploads\/2023\/12\/Itineraire-Cambodge.jpg\"},{\"@type\":\"WebPage\",\"@id\":\"http:\/\/aventuresetcocotiers.fr\/index.php\/voyage-asie\/voyage-cambodge\/#webpage\",\"url\":\"http:\/\/aventuresetcocotiers.fr\/index.php\/voyage-asie\/voyage-cambodge\/\",\"name\":\"Cambodge |\",\"isPartOf\":{\"@id\":\"https:\/\/aventuresetcocotiers.fr\/#website\"},\"primaryImageOfPage\":{\"@id\":\"http:\/\/aventuresetcocotiers.fr\/index.php\/voyage-asie\/voyage-cambodge\/#primaryimage\"},\"datePublished\":\"2023-12-13T16:35:44+00:00\",\"dateModified\":\"2024-02-18T13:41:03+00:00\",\"breadcrumb\":{\"@id\":\"http:\/\/aventuresetcocotiers.fr\/index.php\/voyage-asie\/voyage-cambodge\/#breadcrumb\"},\"inLanguage\":\"fr-FR\",\"potentialAction\":[{\"@type\":\"ReadAction\",\"target\":[\"http:\/\/aventuresetcocotiers.fr\/index.php\/voyage-asie\/voyage-cambodge\/\"]}]},{\"@type\":\"BreadcrumbList\",\"@id\":\"http:\/\/aventuresetcocotiers.fr\/index.php\/voyage-asie\/voyage-cambodge\/#breadcrumb\",\"itemListElement\":[{\"@type\":\"ListItem\",\"position\":1,\"item\":{\"@type\":\"WebPage\",\"@id\":\"http:\/\/aventuresetcocotiers.fr\/\",\"url\":\"http:\/\/aventuresetcocotiers.fr\/\",\"name\":\"Accueil\"}},{\"@type\":\"ListItem\",\"position\":2,\"item\":{\"@type\":\"WebPage\",\"@id\":\"http:\/\/aventuresetcocotiers.fr\/index.php\/voyage-asie\/\",\"url\":\"http:\/\/aventuresetcocotiers.fr\/index.php\/voyage-asie\/\",\"name\":\"Asie\"}},{\"@type\":\"ListItem\",\"position\":3,\"item\":{\"@type\":\"WebPage\",\"@id\":\"http:\/\/aventuresetcocotiers.fr\/index.php\/voyage-asie\/voyage-cambodge\/\",\"url\":\"http:\/\/aventuresetcocotiers.fr\/index.php\/voyage-asie\/voyage-cambodge\/\",\"name\":\"Cambodge\"}}]}]}<\/script>\n<!-- \/ Yoast SEO plugin. -->","_links":{"self":[{"href":"https:\/\/aventuresetcocotiers.fr\/index.php\/wp-json\/wp\/v2\/pages\/3085"}],"collection":[{"href":"https:\/\/aventuresetcocotiers.fr\/index.php\/wp-json\/wp\/v2\/pages"}],"about":[{"href":"https:\/\/aventuresetcocotiers.fr\/index.php\/wp-json\/wp\/v2\/types\/page"}],"author":[{"embeddable":true,"href":"https:\/\/aventuresetcocotiers.fr\/index.php\/wp-json\/wp\/v2\/users\/1"}],"replies":[{"embeddable":true,"href":"https:\/\/aventuresetcocotiers.fr\/index.php\/wp-json\/wp\/v2\/comments?post=3085"}],"version-history":[{"count":11,"href":"https:\/\/aventuresetcocotiers.fr\/index.php\/wp-json\/wp\/v2\/pages\/3085\/revisions"}],"predecessor-version":[{"id":3188,"href":"https:\/\/aventuresetcocotiers.fr\/index.php\/wp-json\/wp\/v2\/pages\/3085\/revisions\/3188"}],"up":[{"embeddable":true,"href":"https:\/\/aventuresetcocotiers.fr\/index.php\/wp-json\/wp\/v2\/pages\/89"}],"wp:attachment":[{"href":"https:\/\/aventuresetcocotiers.fr\/index.php\/wp-json\/wp\/v2\/media?parent=3085"}],"curies":[{"name":"wp","href":"https:\/\/api.w.org\/{rel}","templated":true}]}}