{"id":3185,"date":"2024-02-18T14:40:13","date_gmt":"2024-02-18T13:40:13","guid":{"rendered":"http:\/\/aventuresetcocotiers.fr\/?page_id=3185"},"modified":"2026-01-11T17:10:27","modified_gmt":"2026-01-11T16:10:27","slug":"budget-15-jours-au-cambodge","status":"publish","type":"page","link":"https:\/\/aventuresetcocotiers.fr\/index.php\/voyage-asie\/voyage-cambodge\/budget-15-jours-au-cambodge\/","title":{"rendered":"Budget 15 jours au Cambodge"},"content":{"rendered":"\n<div class=\"wp-block-image\"><figure class=\"alignleft size-large\"><img loading=\"lazy\" width=\"1024\" height=\"576\" src=\"http:\/\/aventuresetcocotiers.fr\/wp-content\/uploads\/2024\/02\/Bilan-budget-Cambodge-15-jours-1024x576.jpg\" alt=\"\" class=\"wp-image-3186\" srcset=\"https:\/\/aventuresetcocotiers.fr\/wp-content\/uploads\/2024\/02\/Bilan-budget-Cambodge-15-jours-1024x576.jpg 1024w, https:\/\/aventuresetcocotiers.fr\/wp-content\/uploads\/2024\/02\/Bilan-budget-Cambodge-15-jours-300x169.jpg 300w, https:\/\/aventuresetcocotiers.fr\/wp-content\/uploads\/2024\/02\/Bilan-budget-Cambodge-15-jours-768x432.jpg 768w, https:\/\/aventuresetcocotiers.fr\/wp-content\/uploads\/2024\/02\/Bilan-budget-Cambodge-15-jours.jpg 1280w\" sizes=\"(max-width: 1024px) 100vw, 1024px\" \/><\/figure><\/div>\n\n\n\n<p style=\"font-size:15px\"><br>Voici en d\u00e9tail mes d\u00e9penses pour vous donner une id\u00e9e des prix \/ de budget \u00e0 pr\u00e9voir pour le Cambodge. Prix 2023<br>Les prix indiqu\u00e9s sont en Riel Cambodgien (KHR) ou en Dollar Am\u00e9ricain (USD). En mars 2023, le taux de change \u00e9tait de 1\u20ac = 4300 KHR.<\/p>\n\n\n\n<h4 class=\"has-text-color\" style=\"font-size:15px;color:#8ad8c2\">VOLS (prix par personne)<\/h4>\n\n\n\n<p style=\"font-size:15px\">Vols Paris &gt; Phnom Penh (Cathay Pacific)&nbsp;: 800 \u20ac<br>Train Lyon &gt; Paris aller-retour : 104 \u20ac<\/p>\n\n\n\n<h4 class=\"has-text-color\" style=\"font-size:15px;color:#8ad8c2\">DIVERS (prix par personne)<\/h4>\n\n\n\n<p style=\"font-size:15px\">Visa&nbsp;: 36 USD<br>Carte Sim : 10 USD<\/p>\n\n\n\n<h4 class=\"has-text-color\" style=\"font-size:15px;color:#8ad8c2\">HOTELS (prix par chambre et par nuit)<\/h4>\n\n\n\n<p style=\"font-size:15px\">Mad Monkey Phnom Penh &#8211; lit en dortoir mixte 12 personnes : 7 USD<br>Mad Monkey Phnom Penh &#8211; lit en dortoir femmes 6 personnes : 10 USD<br>Mondolkiri Pizza Bungalow (4 nuits) &#8211; chambre triple : 160 USD<br>Mad Monkey Siem Reap (3 nuits) &#8211; chambre sup\u00e9rieure triple : 73 USD<br>Lazy Beach bungalow Koh Rong Samloem (2 nuits) &#8211; bungalow triple : 130 USD<br>The Nest Koh Rong (3 nuits) &#8211; bungalow triple : 124 USD<\/p>\n\n\n\n<h4 class=\"has-text-color\" style=\"font-size:15px;color:#8ad8c2\">VISITES \/ ACTIVITES (prix par personne)<\/h4>\n\n\n\n<p style=\"font-size:15px\">Angkor Pass 3 jours&nbsp;: 62 USD<br>Mondulkiri Project (journ\u00e9e Elephants)&nbsp;: 50 USD<br>Mondulkiri Project (journ\u00e9e trek) : 35 USD<br>Visite Phnom Penh avec Mad Monkey : 6USD <br>Cascade Bou Sra + arr\u00eat point de vue avec Tuk Tuk : 14 USD<br>Tuk Tuk journ\u00e9e Angkor Grand Tour Bantey Srei : 9 USD<br>Kampong Kleang bateau : 27 USD<br>Tuk tuk journ\u00e9e Bang Melea + Kampong Kleang : 19 USD<br>Tuk Tuk journ\u00e9e Angkor petit circuit : 10 USD<br>Excursion bateau Three Brothers Koh Rong : 14 USD<br>Mus\u00e9e du G\u00e9nocide Tuol Sleng \u00e0 Phnom Penh : 5 USD<\/p>\n\n\n\n<h4 class=\"has-text-color\" style=\"font-size:15px;color:#8ad8c2\">TRANSPORTS (prix total)<\/h4>\n\n\n\n<p style=\"font-size:15px\">Tuk Tuk a\u00e9roport &gt; Mad Monkey Pnhom Penh : 9USD<br>Tuk Tuk Mad Monkey Pnhom Penh vers terminal bus&nbsp;: 5 USD<br>Bus de nuit Phnom Penh &gt; Mondolkiri Virak Buntham Express : 12,65 USD<br>Bus Mondolkiri &gt; Siem Reap Virak Buntham Express : 23,10 USD<br>Tuk tuk Mad Monkey Siem Reap vers bus : 3 USD<br>Bus Siem Reap &gt; Sihanoukville Giant Ibis : 28 USD<br>Tuk tuk Sihanoukville bus vers ferry : 6 USD<br>Ferry Sihanoukville &gt; Koh Rong Samloem &gt; Sihanoukville : 25 USD<br>Bateau taxi Koh Rong Samloem vers Koh Rong : 10 USD<br>Scooter Koh Touch vers The Nest&nbsp;: 3 USD<br>Taxi ferry vers bus \u00e0 Sihanoukville&nbsp;: 6 USD<br>Bus Sihanoukville &gt; Phnom Penh : 15 USD<br>Tuktuk bus vers Mad Monkey Phnom Penh : 20 000 KHR<br>Tuk tuk Mad Monkey Phnom Penh vers mus\u00e9e : 3 USD<br>Tuk tuk du Mus\u00e9e  vers le Palais Royal : 3 USD<br>Tuk tuk Mad Monkey vers l&rsquo;a\u00e9roport : 9 USD<\/p>\n\n\n\n<h4 class=\"has-text-color\" style=\"font-size:15px;color:#8ad8c2\">RESTAURANT (prix par personne)<\/h4>\n\n\n\n<p style=\"font-size:15px\">Petit-d\u00e9jeuner Mad Monkey : 5 USD<br>Restaurant Bambou Caf\u00e9 (1 plat + 1 boisson) : 4,5 USD<br>Restaurant Nick (1 plat amok + eau) : 3,5 USD<br>Restaurant Madam Moch (1 plat lok lak) : 16 000 KHR<br>Restaurant Christa : 5,7 USD<br>Restaurant Onederz Koh Rong Samloem : 4 USD<br>D\u00e9jeuner Big Easy Koh Rong Samloem (1 plat fried rice) : 4,75 USD<br>Restaurant Bunnan Coconut Beach (1 plat amok) : 23400 KHR<br>The Nest (1 cocktail + 1 plat) : 36 400 KHR<br>Bi\u00e8re The Nest : 6000 KHR<br>Bi\u00e8re Mad Monkey : 2 USD<br>Grande bouteille d&rsquo;eau : 0,30 USD ou 1000 KHR<\/p>\n\n\n\n<p style=\"font-size:15px\"><br><\/p>\n","protected":false},"excerpt":{"rendered":"<p>Voici en d\u00e9tail mes d\u00e9penses pour vous donner une id\u00e9e des prix \/ de budget \u00e0 pr\u00e9voir pour le Cambodge. Prix 2023Les prix indiqu\u00e9s sont en Riel Cambodgien (KHR) ou en Dollar Am\u00e9ricain (USD). En mars 2023, le taux de change \u00e9tait de 1\u20ac = 4300 KHR. VOLS (prix par personne) Vols Paris &gt; Phnom [&hellip;]<\/p>\n","protected":false},"author":1,"featured_media":0,"parent":3085,"menu_order":0,"comment_status":"open","ping_status":"closed","template":"","meta":[],"yoast_head":"<!-- This site is optimized with the Yoast SEO plugin v15.2.1 - https:\/\/yoast.com\/wordpress\/plugins\/seo\/ -->\n<title>Budget 15 jours au Cambodge |<\/title>\n<meta name=\"robots\" content=\"index, follow, max-snippet:-1, max-image-preview:large, max-video-preview:-1\" \/>\n<link rel=\"canonical\" href=\"http:\/\/aventuresetcocotiers.fr\/index.php\/voyage-asie\/voyage-cambodge\/budget-15-jours-au-cambodge\/\" \/>\n<meta property=\"og:locale\" content=\"fr_FR\" \/>\n<meta property=\"og:type\" content=\"article\" \/>\n<meta property=\"og:title\" content=\"Budget 15 jours au Cambodge |\" \/>\n<meta property=\"og:description\" content=\"Voici en d\u00e9tail mes d\u00e9penses pour vous donner une id\u00e9e des prix \/ de budget \u00e0 pr\u00e9voir pour le Cambodge. Prix 2023Les prix indiqu\u00e9s sont en Riel Cambodgien (KHR) ou en Dollar Am\u00e9ricain (USD). En mars 2023, le taux de change \u00e9tait de 1\u20ac = 4300 KHR. VOLS (prix par personne) Vols Paris &gt; Phnom [&hellip;]\" \/>\n<meta property=\"og:url\" content=\"http:\/\/aventuresetcocotiers.fr\/index.php\/voyage-asie\/voyage-cambodge\/budget-15-jours-au-cambodge\/\" \/>\n<meta property=\"article:modified_time\" content=\"2026-01-11T16:10:27+00:00\" \/>\n<meta property=\"og:image\" content=\"http:\/\/aventuresetcocotiers.fr\/wp-content\/uploads\/2024\/02\/Bilan-budget-Cambodge-15-jours-1024x576.jpg\" \/>\n<meta name=\"twitter:card\" content=\"summary\" \/>\n<meta name=\"twitter:label1\" content=\"\u00c9crit par\">\n\t<meta name=\"twitter:data1\" content=\"admin2603\">\n\t<meta name=\"twitter:label2\" content=\"Dur\u00e9e de lecture est.\">\n\t<meta name=\"twitter:data2\" content=\"2 minutes\">\n<script type=\"application\/ld+json\" class=\"yoast-schema-graph\">{\"@context\":\"https:\/\/schema.org\",\"@graph\":[{\"@type\":\"WebSite\",\"@id\":\"https:\/\/aventuresetcocotiers.fr\/#website\",\"url\":\"https:\/\/aventuresetcocotiers.fr\/\",\"name\":\"\",\"description\":\"\",\"potentialAction\":[{\"@type\":\"SearchAction\",\"target\":\"https:\/\/aventuresetcocotiers.fr\/?s={search_term_string}\",\"query-input\":\"required name=search_term_string\"}],\"inLanguage\":\"fr-FR\"},{\"@type\":\"ImageObject\",\"@id\":\"http:\/\/aventuresetcocotiers.fr\/index.php\/voyage-asie\/voyage-cambodge\/budget-15-jours-au-cambodge\/#primaryimage\",\"inLanguage\":\"fr-FR\",\"url\":\"http:\/\/aventuresetcocotiers.fr\/wp-content\/uploads\/2024\/02\/Bilan-budget-Cambodge-15-jours-1024x576.jpg\"},{\"@type\":\"WebPage\",\"@id\":\"http:\/\/aventuresetcocotiers.fr\/index.php\/voyage-asie\/voyage-cambodge\/budget-15-jours-au-cambodge\/#webpage\",\"url\":\"http:\/\/aventuresetcocotiers.fr\/index.php\/voyage-asie\/voyage-cambodge\/budget-15-jours-au-cambodge\/\",\"name\":\"Budget 15 jours au Cambodge |\",\"isPartOf\":{\"@id\":\"https:\/\/aventuresetcocotiers.fr\/#website\"},\"primaryImageOfPage\":{\"@id\":\"http:\/\/aventuresetcocotiers.fr\/index.php\/voyage-asie\/voyage-cambodge\/budget-15-jours-au-cambodge\/#primaryimage\"},\"datePublished\":\"2024-02-18T13:40:13+00:00\",\"dateModified\":\"2026-01-11T16:10:27+00:00\",\"breadcrumb\":{\"@id\":\"http:\/\/aventuresetcocotiers.fr\/index.php\/voyage-asie\/voyage-cambodge\/budget-15-jours-au-cambodge\/#breadcrumb\"},\"inLanguage\":\"fr-FR\",\"potentialAction\":[{\"@type\":\"ReadAction\",\"target\":[\"http:\/\/aventuresetcocotiers.fr\/index.php\/voyage-asie\/voyage-cambodge\/budget-15-jours-au-cambodge\/\"]}]},{\"@type\":\"BreadcrumbList\",\"@id\":\"http:\/\/aventuresetcocotiers.fr\/index.php\/voyage-asie\/voyage-cambodge\/budget-15-jours-au-cambodge\/#breadcrumb\",\"itemListElement\":[{\"@type\":\"ListItem\",\"position\":1,\"item\":{\"@type\":\"WebPage\",\"@id\":\"http:\/\/aventuresetcocotiers.fr\/\",\"url\":\"http:\/\/aventuresetcocotiers.fr\/\",\"name\":\"Accueil\"}},{\"@type\":\"ListItem\",\"position\":2,\"item\":{\"@type\":\"WebPage\",\"@id\":\"http:\/\/aventuresetcocotiers.fr\/index.php\/voyage-asie\/\",\"url\":\"http:\/\/aventuresetcocotiers.fr\/index.php\/voyage-asie\/\",\"name\":\"Asie\"}},{\"@type\":\"ListItem\",\"position\":3,\"item\":{\"@type\":\"WebPage\",\"@id\":\"http:\/\/aventuresetcocotiers.fr\/index.php\/voyage-asie\/voyage-cambodge\/\",\"url\":\"http:\/\/aventuresetcocotiers.fr\/index.php\/voyage-asie\/voyage-cambodge\/\",\"name\":\"Cambodge\"}},{\"@type\":\"ListItem\",\"position\":4,\"item\":{\"@type\":\"WebPage\",\"@id\":\"http:\/\/aventuresetcocotiers.fr\/index.php\/voyage-asie\/voyage-cambodge\/budget-15-jours-au-cambodge\/\",\"url\":\"http:\/\/aventuresetcocotiers.fr\/index.php\/voyage-asie\/voyage-cambodge\/budget-15-jours-au-cambodge\/\",\"name\":\"Budget 15 jours au Cambodge\"}}]}]}<\/script>\n<!-- \/ Yoast SEO plugin. -->","_links":{"self":[{"href":"https:\/\/aventuresetcocotiers.fr\/index.php\/wp-json\/wp\/v2\/pages\/3185"}],"collection":[{"href":"https:\/\/aventuresetcocotiers.fr\/index.php\/wp-json\/wp\/v2\/pages"}],"about":[{"href":"https:\/\/aventuresetcocotiers.fr\/index.php\/wp-json\/wp\/v2\/types\/page"}],"author":[{"embeddable":true,"href":"https:\/\/aventuresetcocotiers.fr\/index.php\/wp-json\/wp\/v2\/users\/1"}],"replies":[{"embeddable":true,"href":"https:\/\/aventuresetcocotiers.fr\/index.php\/wp-json\/wp\/v2\/comments?post=3185"}],"version-history":[{"count":3,"href":"https:\/\/aventuresetcocotiers.fr\/index.php\/wp-json\/wp\/v2\/pages\/3185\/revisions"}],"predecessor-version":[{"id":3303,"href":"https:\/\/aventuresetcocotiers.fr\/index.php\/wp-json\/wp\/v2\/pages\/3185\/revisions\/3303"}],"up":[{"embeddable":true,"href":"https:\/\/aventuresetcocotiers.fr\/index.php\/wp-json\/wp\/v2\/pages\/3085"}],"wp:attachment":[{"href":"https:\/\/aventuresetcocotiers.fr\/index.php\/wp-json\/wp\/v2\/media?parent=3185"}],"curies":[{"name":"wp","href":"https:\/\/api.w.org\/{rel}","templated":true}]}}