{"id":3204,"date":"2025-01-20T20:24:57","date_gmt":"2025-01-20T19:24:57","guid":{"rendered":"http:\/\/aventuresetcocotiers.fr\/?page_id=3204"},"modified":"2026-01-11T18:40:09","modified_gmt":"2026-01-11T17:40:09","slug":"voyage-philippines","status":"publish","type":"page","link":"https:\/\/aventuresetcocotiers.fr\/index.php\/voyage-asie\/voyage-philippines\/","title":{"rendered":"Philippines"},"content":{"rendered":"\n<p style=\"font-size:15px\">Depuis plusieurs ann\u00e9es je r\u00eavais d&rsquo;aller aux Philippines pour d\u00e9couvrir ses paysages paradisiaques. En 2024 je me suis lanc\u00e9e, il \u00e9tait temps pour moi de r\u00e9aliser ce r\u00eave et de partir d\u00e9couvrir ce magnifique pays. <\/p>\n\n\n\n<p style=\"font-size:15px\">Au d\u00e9part, j&rsquo;avais pr\u00e9vu ce voyage seule, une premi\u00e8re pour moi. Cette destination \u00e9tait id\u00e9ale pour un voyage en solo : un pays s\u00fbr pour une femme seule, tout le monde parle super bien anglais, et je peux faire de la plong\u00e9e. Mais ce voyage je ne l&rsquo;ai finalement pas fait seule, au fil d&rsquo;une conversation sur les futurs projets voyage, une amie s&rsquo;est dit \u00ab\u00a0pourquoi pas, je n&rsquo;ai jamais \u00e9t\u00e9 en Asie !\u00a0\u00bb. C\u00f4t\u00e9 dates, Coralie n&rsquo;\u00e9tait pas disponible pour partir en m\u00eame temps que moi, alors le projet s&rsquo;est dessin\u00e9 avec une premi\u00e8re \u00eele en solo, puis 2 autres \u00eeles \u00e0 deux. <\/p>\n\n\n\n<p style=\"font-size:15px\">Le choix des \u00eeles n&rsquo;est pas simple du tout aux Philippines. Toutes ont l&rsquo;air magnifiques, on a envie d&rsquo;aller partout. Mais on comprend vite (enfin vite&#8230; apr\u00e8s des heures et des heures de recherche) que ce ne sera pas possible car m\u00eame si deux \u00eeles ont l&rsquo;air proches, le manque de moyens de transport peut vite faire d\u00e9faut et on se retrouver \u00e0 passer 1 journ\u00e9e dans les transferts. On a donc fait les choix d&rsquo;\u00eeles apr\u00e8s recherches des liaisons en avion ou bateau pour que ce soit le plus optimis\u00e9 possible. J&rsquo;ai donc commenc\u00e9 mon voyage par Cebu (a\u00e9roport international) mais juste pour 1 nuit de transit. Je suis ensuite partie \u00e0 Bohol en solo pour 3 nuits. Apr\u00e8s Bohol, j&rsquo;ai r\u00e9cup\u00e9r\u00e9 Co \u00e0 Cebu et nous sommes ensuite parties \u00e0 El Nido (5 nuits) et Coron (4 nuits). On terminera par 1 nuit \u00e0 Manille pour le transit entre les \u00eeles et le vol international. En 16 jours, d\u00e9couvrir 3 \u00eeles me paraissait bien, j&rsquo;ai appris \u00e0 ne pas vouloir tout faire ou trop en faire en voyage au risque de ne rien faire correctement. Mais oui, j&rsquo;avoue avoir \u00e9t\u00e9 triste de ne pas avoir eu le temps de faire les \u00eeles de Siargao, Siquijor ou encore les rizi\u00e8res de Banaue. Concr\u00e8tement, je sais d\u00e9j\u00e0 que je peux repartir aux Philippines 15 jours minimum avec un programme tout trac\u00e9. El Nido et Coron c&rsquo;\u00e9tait pour moi le grand r\u00eave des Philippines, l&rsquo;image carte postale de paysages paradisiaques avec les formations rocheuses et le lagon bleu, c&rsquo;\u00e9tait donc pour moi une \u00e9vidence d&rsquo;aller sur ces \u00eeles, m\u00eame si j&rsquo;ai eu une petit appr\u00e9hension que ce soit trop r\u00e9p\u00e9titif (mais je vous en parle plus dans le programme). <\/p>\n\n\n\n<p style=\"font-size:15px\">Nous avons voyag\u00e9 en <strong>mai 2024<\/strong>, c&rsquo;est encore la bonne saison pour ces \u00eeles au niveau climat. Nous n&rsquo;avons pas eu de pluie du tout, par contre il a bien fait chaud. Je suis arriv\u00e9e aux Philippines quand on parlait depuis quelques jours de l&rsquo;\u00e9norme vague de chaleur qui frappait le pays. Au final, j&rsquo;ai juste eu bien chaud \u00e0 Bohol et quand Co est arriv\u00e9e il faisait encore bien chaud mais c&rsquo;\u00e9tait d\u00e9j\u00e0 mieux du c\u00f4t\u00e9 de Palawan. <\/p>\n\n\n\n<figure class=\"wp-block-image size-full\"><a href=\"https:\/\/aventuresetcocotiers.fr\/index.php\/voyage-asie\/voyage-philippines\/philippines-itineraire-16-jours\/\"><img loading=\"lazy\" width=\"2000\" height=\"518\" src=\"https:\/\/aventuresetcocotiers.fr\/wp-content\/uploads\/2025\/01\/Mon-itineraire-philippines.jpg\" alt=\"\" class=\"wp-image-3217\" srcset=\"https:\/\/aventuresetcocotiers.fr\/wp-content\/uploads\/2025\/01\/Mon-itineraire-philippines.jpg 2000w, https:\/\/aventuresetcocotiers.fr\/wp-content\/uploads\/2025\/01\/Mon-itineraire-philippines-300x78.jpg 300w, https:\/\/aventuresetcocotiers.fr\/wp-content\/uploads\/2025\/01\/Mon-itineraire-philippines-1024x265.jpg 1024w, https:\/\/aventuresetcocotiers.fr\/wp-content\/uploads\/2025\/01\/Mon-itineraire-philippines-768x199.jpg 768w, https:\/\/aventuresetcocotiers.fr\/wp-content\/uploads\/2025\/01\/Mon-itineraire-philippines-1536x398.jpg 1536w\" sizes=\"(max-width: 2000px) 100vw, 2000px\" \/><\/a><\/figure>\n\n\n\n<figure class=\"wp-block-image size-full\"><a href=\"https:\/\/aventuresetcocotiers.fr\/index.php\/voyage-asie\/voyage-philippines\/mon-top-5-philippines-2\/\"><img loading=\"lazy\" width=\"2000\" height=\"514\" src=\"https:\/\/aventuresetcocotiers.fr\/wp-content\/uploads\/2025\/01\/mon-top-5-philippines.jpg\" alt=\"\" class=\"wp-image-3214\" srcset=\"https:\/\/aventuresetcocotiers.fr\/wp-content\/uploads\/2025\/01\/mon-top-5-philippines.jpg 2000w, https:\/\/aventuresetcocotiers.fr\/wp-content\/uploads\/2025\/01\/mon-top-5-philippines-300x77.jpg 300w, https:\/\/aventuresetcocotiers.fr\/wp-content\/uploads\/2025\/01\/mon-top-5-philippines-1024x263.jpg 1024w, https:\/\/aventuresetcocotiers.fr\/wp-content\/uploads\/2025\/01\/mon-top-5-philippines-768x197.jpg 768w, https:\/\/aventuresetcocotiers.fr\/wp-content\/uploads\/2025\/01\/mon-top-5-philippines-1536x395.jpg 1536w\" sizes=\"(max-width: 2000px) 100vw, 2000px\" \/><\/a><\/figure>\n\n\n\n<figure class=\"wp-block-image size-full\"><a href=\"https:\/\/aventuresetcocotiers.fr\/index.php\/voyage-asie\/voyage-philippines\/philippines-les-bonnes-adresses\/\"><img loading=\"lazy\" width=\"2000\" height=\"515\" src=\"https:\/\/aventuresetcocotiers.fr\/wp-content\/uploads\/2025\/01\/Bonnes-adresses-philippines.jpg\" alt=\"\" class=\"wp-image-3215\" srcset=\"https:\/\/aventuresetcocotiers.fr\/wp-content\/uploads\/2025\/01\/Bonnes-adresses-philippines.jpg 2000w, https:\/\/aventuresetcocotiers.fr\/wp-content\/uploads\/2025\/01\/Bonnes-adresses-philippines-300x77.jpg 300w, https:\/\/aventuresetcocotiers.fr\/wp-content\/uploads\/2025\/01\/Bonnes-adresses-philippines-1024x264.jpg 1024w, https:\/\/aventuresetcocotiers.fr\/wp-content\/uploads\/2025\/01\/Bonnes-adresses-philippines-768x198.jpg 768w, https:\/\/aventuresetcocotiers.fr\/wp-content\/uploads\/2025\/01\/Bonnes-adresses-philippines-1536x396.jpg 1536w\" sizes=\"(max-width: 2000px) 100vw, 2000px\" \/><\/a><\/figure>\n\n\n\n<figure class=\"wp-block-image size-full\"><a href=\"https:\/\/aventuresetcocotiers.fr\/index.php\/voyage-asie\/voyage-philippines\/budget-16-jours-aux-philippines\/\"><img loading=\"lazy\" width=\"2000\" height=\"518\" src=\"https:\/\/aventuresetcocotiers.fr\/wp-content\/uploads\/2025\/01\/Budget-philippines.jpg\" alt=\"\" class=\"wp-image-3216\" srcset=\"https:\/\/aventuresetcocotiers.fr\/wp-content\/uploads\/2025\/01\/Budget-philippines.jpg 2000w, https:\/\/aventuresetcocotiers.fr\/wp-content\/uploads\/2025\/01\/Budget-philippines-300x78.jpg 300w, https:\/\/aventuresetcocotiers.fr\/wp-content\/uploads\/2025\/01\/Budget-philippines-1024x265.jpg 1024w, https:\/\/aventuresetcocotiers.fr\/wp-content\/uploads\/2025\/01\/Budget-philippines-768x199.jpg 768w, https:\/\/aventuresetcocotiers.fr\/wp-content\/uploads\/2025\/01\/Budget-philippines-1536x398.jpg 1536w\" sizes=\"(max-width: 2000px) 100vw, 2000px\" \/><\/a><\/figure>\n","protected":false},"excerpt":{"rendered":"<p>Depuis plusieurs ann\u00e9es je r\u00eavais d&rsquo;aller aux Philippines pour d\u00e9couvrir ses paysages paradisiaques. En 2024 je me suis lanc\u00e9e, il \u00e9tait temps pour moi de r\u00e9aliser ce r\u00eave et de partir d\u00e9couvrir ce magnifique pays. Au d\u00e9part, j&rsquo;avais pr\u00e9vu ce voyage seule, une premi\u00e8re pour moi. Cette destination \u00e9tait id\u00e9ale pour un voyage en solo [&hellip;]<\/p>\n","protected":false},"author":1,"featured_media":0,"parent":89,"menu_order":0,"comment_status":"closed","ping_status":"closed","template":"template-full.php","meta":[],"yoast_head":"<!-- This site is optimized with the Yoast SEO plugin v15.2.1 - https:\/\/yoast.com\/wordpress\/plugins\/seo\/ -->\n<title>Philippines |<\/title>\n<meta name=\"robots\" content=\"index, follow, max-snippet:-1, max-image-preview:large, max-video-preview:-1\" \/>\n<link rel=\"canonical\" href=\"http:\/\/aventuresetcocotiers.fr\/index.php\/voyage-asie\/voyage-philippines\/\" \/>\n<meta property=\"og:locale\" content=\"fr_FR\" \/>\n<meta property=\"og:type\" content=\"article\" \/>\n<meta property=\"og:title\" content=\"Philippines |\" \/>\n<meta property=\"og:description\" content=\"Depuis plusieurs ann\u00e9es je r\u00eavais d&rsquo;aller aux Philippines pour d\u00e9couvrir ses paysages paradisiaques. En 2024 je me suis lanc\u00e9e, il \u00e9tait temps pour moi de r\u00e9aliser ce r\u00eave et de partir d\u00e9couvrir ce magnifique pays. Au d\u00e9part, j&rsquo;avais pr\u00e9vu ce voyage seule, une premi\u00e8re pour moi. Cette destination \u00e9tait id\u00e9ale pour un voyage en solo [&hellip;]\" \/>\n<meta property=\"og:url\" content=\"http:\/\/aventuresetcocotiers.fr\/index.php\/voyage-asie\/voyage-philippines\/\" \/>\n<meta property=\"article:modified_time\" content=\"2026-01-11T17:40:09+00:00\" \/>\n<meta property=\"og:image\" content=\"https:\/\/aventuresetcocotiers.fr\/wp-content\/uploads\/2025\/01\/Mon-itineraire-philippines.jpg\" \/>\n<meta name=\"twitter:card\" content=\"summary\" \/>\n<meta name=\"twitter:label1\" content=\"\u00c9crit par\">\n\t<meta name=\"twitter:data1\" content=\"admin2603\">\n\t<meta name=\"twitter:label2\" content=\"Dur\u00e9e de lecture est.\">\n\t<meta name=\"twitter:data2\" content=\"2 minutes\">\n<script type=\"application\/ld+json\" class=\"yoast-schema-graph\">{\"@context\":\"https:\/\/schema.org\",\"@graph\":[{\"@type\":\"WebSite\",\"@id\":\"https:\/\/aventuresetcocotiers.fr\/#website\",\"url\":\"https:\/\/aventuresetcocotiers.fr\/\",\"name\":\"\",\"description\":\"\",\"potentialAction\":[{\"@type\":\"SearchAction\",\"target\":\"https:\/\/aventuresetcocotiers.fr\/?s={search_term_string}\",\"query-input\":\"required name=search_term_string\"}],\"inLanguage\":\"fr-FR\"},{\"@type\":\"ImageObject\",\"@id\":\"http:\/\/aventuresetcocotiers.fr\/index.php\/voyage-asie\/voyage-philippines\/#primaryimage\",\"inLanguage\":\"fr-FR\",\"url\":\"https:\/\/aventuresetcocotiers.fr\/wp-content\/uploads\/2025\/01\/Mon-itineraire-philippines.jpg\"},{\"@type\":\"WebPage\",\"@id\":\"http:\/\/aventuresetcocotiers.fr\/index.php\/voyage-asie\/voyage-philippines\/#webpage\",\"url\":\"http:\/\/aventuresetcocotiers.fr\/index.php\/voyage-asie\/voyage-philippines\/\",\"name\":\"Philippines |\",\"isPartOf\":{\"@id\":\"https:\/\/aventuresetcocotiers.fr\/#website\"},\"primaryImageOfPage\":{\"@id\":\"http:\/\/aventuresetcocotiers.fr\/index.php\/voyage-asie\/voyage-philippines\/#primaryimage\"},\"datePublished\":\"2025-01-20T19:24:57+00:00\",\"dateModified\":\"2026-01-11T17:40:09+00:00\",\"breadcrumb\":{\"@id\":\"http:\/\/aventuresetcocotiers.fr\/index.php\/voyage-asie\/voyage-philippines\/#breadcrumb\"},\"inLanguage\":\"fr-FR\",\"potentialAction\":[{\"@type\":\"ReadAction\",\"target\":[\"http:\/\/aventuresetcocotiers.fr\/index.php\/voyage-asie\/voyage-philippines\/\"]}]},{\"@type\":\"BreadcrumbList\",\"@id\":\"http:\/\/aventuresetcocotiers.fr\/index.php\/voyage-asie\/voyage-philippines\/#breadcrumb\",\"itemListElement\":[{\"@type\":\"ListItem\",\"position\":1,\"item\":{\"@type\":\"WebPage\",\"@id\":\"http:\/\/aventuresetcocotiers.fr\/\",\"url\":\"http:\/\/aventuresetcocotiers.fr\/\",\"name\":\"Accueil\"}},{\"@type\":\"ListItem\",\"position\":2,\"item\":{\"@type\":\"WebPage\",\"@id\":\"http:\/\/aventuresetcocotiers.fr\/index.php\/voyage-asie\/\",\"url\":\"http:\/\/aventuresetcocotiers.fr\/index.php\/voyage-asie\/\",\"name\":\"Asie\"}},{\"@type\":\"ListItem\",\"position\":3,\"item\":{\"@type\":\"WebPage\",\"@id\":\"http:\/\/aventuresetcocotiers.fr\/index.php\/voyage-asie\/voyage-philippines\/\",\"url\":\"http:\/\/aventuresetcocotiers.fr\/index.php\/voyage-asie\/voyage-philippines\/\",\"name\":\"Philippines\"}}]}]}<\/script>\n<!-- \/ Yoast SEO plugin. -->","_links":{"self":[{"href":"https:\/\/aventuresetcocotiers.fr\/index.php\/wp-json\/wp\/v2\/pages\/3204"}],"collection":[{"href":"https:\/\/aventuresetcocotiers.fr\/index.php\/wp-json\/wp\/v2\/pages"}],"about":[{"href":"https:\/\/aventuresetcocotiers.fr\/index.php\/wp-json\/wp\/v2\/types\/page"}],"author":[{"embeddable":true,"href":"https:\/\/aventuresetcocotiers.fr\/index.php\/wp-json\/wp\/v2\/users\/1"}],"replies":[{"embeddable":true,"href":"https:\/\/aventuresetcocotiers.fr\/index.php\/wp-json\/wp\/v2\/comments?post=3204"}],"version-history":[{"count":9,"href":"https:\/\/aventuresetcocotiers.fr\/index.php\/wp-json\/wp\/v2\/pages\/3204\/revisions"}],"predecessor-version":[{"id":3306,"href":"https:\/\/aventuresetcocotiers.fr\/index.php\/wp-json\/wp\/v2\/pages\/3204\/revisions\/3306"}],"up":[{"embeddable":true,"href":"https:\/\/aventuresetcocotiers.fr\/index.php\/wp-json\/wp\/v2\/pages\/89"}],"wp:attachment":[{"href":"https:\/\/aventuresetcocotiers.fr\/index.php\/wp-json\/wp\/v2\/media?parent=3204"}],"curies":[{"name":"wp","href":"https:\/\/api.w.org\/{rel}","templated":true}]}}