{"id":3302,"date":"2026-01-11T18:39:38","date_gmt":"2026-01-11T17:39:38","guid":{"rendered":"http:\/\/aventuresetcocotiers.fr\/?page_id=3302"},"modified":"2026-01-11T18:41:02","modified_gmt":"2026-01-11T17:41:02","slug":"budget-16-jours-aux-philippines","status":"publish","type":"page","link":"https:\/\/aventuresetcocotiers.fr\/index.php\/voyage-asie\/voyage-philippines\/budget-16-jours-aux-philippines\/","title":{"rendered":"Budget 16 jours aux Philippines"},"content":{"rendered":"\n<div class=\"wp-block-image\"><figure class=\"alignleft size-large\"><img loading=\"lazy\" width=\"1024\" height=\"576\" src=\"http:\/\/aventuresetcocotiers.fr\/wp-content\/uploads\/2026\/01\/Budget-Philippines-16-jours-1024x576.jpg\" alt=\"\" class=\"wp-image-3304\" srcset=\"https:\/\/aventuresetcocotiers.fr\/wp-content\/uploads\/2026\/01\/Budget-Philippines-16-jours-1024x576.jpg 1024w, https:\/\/aventuresetcocotiers.fr\/wp-content\/uploads\/2026\/01\/Budget-Philippines-16-jours-300x169.jpg 300w, https:\/\/aventuresetcocotiers.fr\/wp-content\/uploads\/2026\/01\/Budget-Philippines-16-jours-768x432.jpg 768w, https:\/\/aventuresetcocotiers.fr\/wp-content\/uploads\/2026\/01\/Budget-Philippines-16-jours.jpg 1280w\" sizes=\"(max-width: 1024px) 100vw, 1024px\" \/><\/figure><\/div>\n\n\n\n<p style=\"font-size:15px\"><br>Voici en d\u00e9tail mes d\u00e9penses pour vous donner une id\u00e9e des prix \/ de budget \u00e0 pr\u00e9voir pour les Philippines. Prix 2024<br>Les prix indiqu\u00e9s sont en Peso Philippin (PHP). En mai 2024, le taux de change \u00e9tait de 1\u20ac = 63,4 PHP.<\/p>\n\n\n\n<h4 class=\"has-text-color\" style=\"font-size:15px;color:#8ad8c2\">VOLS (prix par personne)<\/h4>\n\n\n\n<p style=\"font-size:15px\">Vols Lyon &gt; Cebu aller et Manille &gt; Lyon retour (Emirates)&nbsp;: 1058 \u20ac<br>Vols Cebu &gt; El Nido aller simple (Air Swift)&nbsp;: 135 \u20ac<br>Vols El Nido &gt; Coron aller simple (Air Swift)&nbsp;: 66 \u20ac<br>Vols Coron &gt; Manille aller simple (Cebu Pacific)&nbsp;: 110 \u20ac<\/p>\n\n\n\n<h4 class=\"has-text-color\" style=\"font-size:15px;color:#8ad8c2\">DIVERS (prix par personne)<\/h4>\n\n\n\n<p style=\"font-size:15px\">Carte Sim : 550 PHP<\/p>\n\n\n\n<h4 class=\"has-text-color\" style=\"font-size:15px;color:#8ad8c2\">HOTELS (prix par chambre et par nuit)<\/h4>\n\n\n\n<p style=\"font-size:15px\">Little Norway Guesthouse Cebu :&nbsp;1044 PHP<br>Unk\u2019s&nbsp;Homestay Bohol : 5824 PHP<br>Hotel Vivien\u2019s&nbsp;Cabu : 39 \u20ac<br>Hotel Focus Room El Nido : 549 \u20ac<br>Hotel Funny Lion Coron : 576 \u20ac<br>Belamy House Manille : 48 \u20ac<\/p>\n\n\n\n<h4 class=\"has-text-color\" style=\"font-size:15px;color:#8ad8c2\">VISITES \/ ACTIVITES (prix par personne)<\/h4>\n\n\n\n<p style=\"font-size:15px\">Kayak \u00e0 Bohol (mangrove et lucioles, avec Kayakasia)&nbsp;: 3950 PHP<br>Sortie 2 plong\u00e9es \u00e0 Balicasag (avec Piratas Dive Club) : 3750 PHP<br>Sortie 2 plong\u00e9es \u00e0 Pamilacan (avec Piratas Dive Club) : 4000 PHP<br>Lobok Ecotourism combo zipline &amp; cable car : 700 PHP<br>Tarsier sanctuary : 150 PHP<br>Island Hopping El Nido Tour A en groupe (UMI Tour) : 1750 PHP<br>Island Hopping El Nido Tour C en priv\u00e9 pour 2 personnes (El Nido Paradise) : 5000 PHP<br>Sortie 2 plong\u00e9es \u00e0 Sibaltan et transfert aller-retour El Nido inclus (avec Dive Sibaltan) : 6000 PHP<br>Location d&rsquo;un kayak \u00e0 Corong Corong : 200 PHP<br>Excursion Siete Pecados snorkeling et Mont Tapya, transport inclus : 750 PHP<br>Island Hopping Super Ultimate Coron en priv\u00e9 pour 2 personnes : 4100 PHP<br>Kayakasia journ\u00e9e \u00e0 Coron : 4000 PHP<\/p>\n\n\n\n<h4 class=\"has-text-color\" style=\"font-size:15px;color:#8ad8c2\">TRANSPORTS (prix total)<\/h4>\n\n\n\n<p style=\"font-size:15px\">Grab ou taxi a\u00e9roport Cebu &gt; port Cebu : 340 PHP<br>Bateau aller-retour Cebu &gt; Tagbilaran&nbsp;(Ocean Jet) : 1760 PHP<br>Transfert port de Tagbilaran vers Panglao : 400 PHP<br>Tricycle a\u00e9roport El Nido &gt; H\u00f4tel Focus : 350 PHP<br>Tricycle Coron a\u00e9roport &gt; H\u00f4tel Lion 120 PHP<br>Grab Manille&nbsp;a\u00e9roport &gt; H\u00f4tel Belamy : 300-360 PHP<\/p>\n\n\n\n<h4 class=\"has-text-color\" style=\"font-size:15px;color:#8ad8c2\">RESTAURANT (prix par personne)<\/h4>\n\n\n\n<p style=\"font-size:15px\">Petit-d\u00e9jeuner (donuts + caf\u00e9) : 117 PHP<br>Restaurant (1 plat, 1 boisson) : en moyenne entre 450 et 600 PHP<br>Jus de Calamansi frais : 150 PHP<br>Coca : 50 PHP<br>Bouteille d&rsquo;eau : 20 PHP<\/p>\n\n\n\n<p style=\"font-size:15px\"><br><\/p>\n","protected":false},"excerpt":{"rendered":"<p>Voici en d\u00e9tail mes d\u00e9penses pour vous donner une id\u00e9e des prix \/ de budget \u00e0 pr\u00e9voir pour les Philippines. Prix 2024Les prix indiqu\u00e9s sont en Peso Philippin (PHP). En mai 2024, le taux de change \u00e9tait de 1\u20ac = 63,4 PHP. VOLS (prix par personne) Vols Lyon &gt; Cebu aller et Manille &gt; Lyon [&hellip;]<\/p>\n","protected":false},"author":1,"featured_media":0,"parent":3204,"menu_order":0,"comment_status":"open","ping_status":"closed","template":"","meta":[],"yoast_head":"<!-- This site is optimized with the Yoast SEO plugin v15.2.1 - https:\/\/yoast.com\/wordpress\/plugins\/seo\/ -->\n<title>Budget 16 jours aux Philippines |<\/title>\n<meta name=\"robots\" content=\"index, follow, max-snippet:-1, max-image-preview:large, max-video-preview:-1\" \/>\n<link rel=\"canonical\" href=\"http:\/\/aventuresetcocotiers.fr\/index.php\/voyage-asie\/voyage-philippines\/budget-16-jours-aux-philippines\/\" \/>\n<meta property=\"og:locale\" content=\"fr_FR\" \/>\n<meta property=\"og:type\" content=\"article\" \/>\n<meta property=\"og:title\" content=\"Budget 16 jours aux Philippines |\" \/>\n<meta property=\"og:description\" content=\"Voici en d\u00e9tail mes d\u00e9penses pour vous donner une id\u00e9e des prix \/ de budget \u00e0 pr\u00e9voir pour les Philippines. Prix 2024Les prix indiqu\u00e9s sont en Peso Philippin (PHP). En mai 2024, le taux de change \u00e9tait de 1\u20ac = 63,4 PHP. VOLS (prix par personne) Vols Lyon &gt; Cebu aller et Manille &gt; Lyon [&hellip;]\" \/>\n<meta property=\"og:url\" content=\"http:\/\/aventuresetcocotiers.fr\/index.php\/voyage-asie\/voyage-philippines\/budget-16-jours-aux-philippines\/\" \/>\n<meta property=\"article:modified_time\" content=\"2026-01-11T17:41:02+00:00\" \/>\n<meta property=\"og:image\" content=\"http:\/\/aventuresetcocotiers.fr\/wp-content\/uploads\/2026\/01\/Budget-Philippines-16-jours-1024x576.jpg\" \/>\n<meta name=\"twitter:card\" content=\"summary\" \/>\n<meta name=\"twitter:label1\" content=\"\u00c9crit par\">\n\t<meta name=\"twitter:data1\" content=\"admin2603\">\n\t<meta name=\"twitter:label2\" content=\"Dur\u00e9e de lecture est.\">\n\t<meta name=\"twitter:data2\" content=\"1 minute\">\n<script type=\"application\/ld+json\" class=\"yoast-schema-graph\">{\"@context\":\"https:\/\/schema.org\",\"@graph\":[{\"@type\":\"WebSite\",\"@id\":\"https:\/\/aventuresetcocotiers.fr\/#website\",\"url\":\"https:\/\/aventuresetcocotiers.fr\/\",\"name\":\"\",\"description\":\"\",\"potentialAction\":[{\"@type\":\"SearchAction\",\"target\":\"https:\/\/aventuresetcocotiers.fr\/?s={search_term_string}\",\"query-input\":\"required name=search_term_string\"}],\"inLanguage\":\"fr-FR\"},{\"@type\":\"ImageObject\",\"@id\":\"http:\/\/aventuresetcocotiers.fr\/index.php\/voyage-asie\/voyage-philippines\/budget-16-jours-aux-philippines\/#primaryimage\",\"inLanguage\":\"fr-FR\",\"url\":\"http:\/\/aventuresetcocotiers.fr\/wp-content\/uploads\/2026\/01\/Budget-Philippines-16-jours-1024x576.jpg\"},{\"@type\":\"WebPage\",\"@id\":\"http:\/\/aventuresetcocotiers.fr\/index.php\/voyage-asie\/voyage-philippines\/budget-16-jours-aux-philippines\/#webpage\",\"url\":\"http:\/\/aventuresetcocotiers.fr\/index.php\/voyage-asie\/voyage-philippines\/budget-16-jours-aux-philippines\/\",\"name\":\"Budget 16 jours aux Philippines |\",\"isPartOf\":{\"@id\":\"https:\/\/aventuresetcocotiers.fr\/#website\"},\"primaryImageOfPage\":{\"@id\":\"http:\/\/aventuresetcocotiers.fr\/index.php\/voyage-asie\/voyage-philippines\/budget-16-jours-aux-philippines\/#primaryimage\"},\"datePublished\":\"2026-01-11T17:39:38+00:00\",\"dateModified\":\"2026-01-11T17:41:02+00:00\",\"breadcrumb\":{\"@id\":\"http:\/\/aventuresetcocotiers.fr\/index.php\/voyage-asie\/voyage-philippines\/budget-16-jours-aux-philippines\/#breadcrumb\"},\"inLanguage\":\"fr-FR\",\"potentialAction\":[{\"@type\":\"ReadAction\",\"target\":[\"http:\/\/aventuresetcocotiers.fr\/index.php\/voyage-asie\/voyage-philippines\/budget-16-jours-aux-philippines\/\"]}]},{\"@type\":\"BreadcrumbList\",\"@id\":\"http:\/\/aventuresetcocotiers.fr\/index.php\/voyage-asie\/voyage-philippines\/budget-16-jours-aux-philippines\/#breadcrumb\",\"itemListElement\":[{\"@type\":\"ListItem\",\"position\":1,\"item\":{\"@type\":\"WebPage\",\"@id\":\"http:\/\/aventuresetcocotiers.fr\/\",\"url\":\"http:\/\/aventuresetcocotiers.fr\/\",\"name\":\"Accueil\"}},{\"@type\":\"ListItem\",\"position\":2,\"item\":{\"@type\":\"WebPage\",\"@id\":\"http:\/\/aventuresetcocotiers.fr\/index.php\/voyage-asie\/\",\"url\":\"http:\/\/aventuresetcocotiers.fr\/index.php\/voyage-asie\/\",\"name\":\"Asie\"}},{\"@type\":\"ListItem\",\"position\":3,\"item\":{\"@type\":\"WebPage\",\"@id\":\"http:\/\/aventuresetcocotiers.fr\/index.php\/voyage-asie\/voyage-philippines\/\",\"url\":\"http:\/\/aventuresetcocotiers.fr\/index.php\/voyage-asie\/voyage-philippines\/\",\"name\":\"Philippines\"}},{\"@type\":\"ListItem\",\"position\":4,\"item\":{\"@type\":\"WebPage\",\"@id\":\"http:\/\/aventuresetcocotiers.fr\/index.php\/voyage-asie\/voyage-philippines\/budget-16-jours-aux-philippines\/\",\"url\":\"http:\/\/aventuresetcocotiers.fr\/index.php\/voyage-asie\/voyage-philippines\/budget-16-jours-aux-philippines\/\",\"name\":\"Budget 16 jours aux Philippines\"}}]}]}<\/script>\n<!-- \/ Yoast SEO plugin. -->","_links":{"self":[{"href":"https:\/\/aventuresetcocotiers.fr\/index.php\/wp-json\/wp\/v2\/pages\/3302"}],"collection":[{"href":"https:\/\/aventuresetcocotiers.fr\/index.php\/wp-json\/wp\/v2\/pages"}],"about":[{"href":"https:\/\/aventuresetcocotiers.fr\/index.php\/wp-json\/wp\/v2\/types\/page"}],"author":[{"embeddable":true,"href":"https:\/\/aventuresetcocotiers.fr\/index.php\/wp-json\/wp\/v2\/users\/1"}],"replies":[{"embeddable":true,"href":"https:\/\/aventuresetcocotiers.fr\/index.php\/wp-json\/wp\/v2\/comments?post=3302"}],"version-history":[{"count":2,"href":"https:\/\/aventuresetcocotiers.fr\/index.php\/wp-json\/wp\/v2\/pages\/3302\/revisions"}],"predecessor-version":[{"id":3307,"href":"https:\/\/aventuresetcocotiers.fr\/index.php\/wp-json\/wp\/v2\/pages\/3302\/revisions\/3307"}],"up":[{"embeddable":true,"href":"https:\/\/aventuresetcocotiers.fr\/index.php\/wp-json\/wp\/v2\/pages\/3204"}],"wp:attachment":[{"href":"https:\/\/aventuresetcocotiers.fr\/index.php\/wp-json\/wp\/v2\/media?parent=3302"}],"curies":[{"name":"wp","href":"https:\/\/api.w.org\/{rel}","templated":true}]}}