{"id":39,"date":"2016-08-25T08:57:56","date_gmt":"2016-08-25T07:57:56","guid":{"rendered":"http:\/\/aventuresetcocotiers.fr\/?page_id=39"},"modified":"2026-01-11T18:48:11","modified_gmt":"2026-01-11T17:48:11","slug":"blog-voyage-a-propos","status":"publish","type":"page","link":"https:\/\/aventuresetcocotiers.fr\/index.php\/blog-voyage-a-propos\/","title":{"rendered":"A propos"},"content":{"rendered":"\n<p>Bienvenue sur Aventures et cocotiers, un blog voyage cr\u00e9\u00e9 pour partager avec vous ma passion pour les voyages.<\/p>\n\n\n\n<p><strong>M\u00e9lodie<\/strong>, 35 ans, Lyonnaise, passionn\u00e9e de voyages depuis toujours. Tellement passionn\u00e9e que j&rsquo;en ai fait mon m\u00e9tier.<\/p>\n\n\n\n<p>Je me rappelle de mon premier voyage \u00e0 l&rsquo;\u00e9tranger comme si c&rsquo;\u00e9tait hier. Voyage avec le coll\u00e8ge, en 4\u00e8me, destination : Irlande. Il n&rsquo;y a pas de mots pour d\u00e9crire ce que j&rsquo;ai ressenti sur les routes du Connemara, sur cette plage des Iles d&rsquo;Aran&#8230; la certitude que depuis ce jour, j&rsquo;irais d\u00e9couvrir le monde. Alors merci maman pour ce premier voyage qui a chang\u00e9 ma vie !<\/p>\n\n\n\n<p>Les voyages, c&rsquo;est pour moi une grande passion, une obsession. Si je ne suis pas en voyage, je suis en train de pr\u00e9parer le prochain. C&rsquo;est le bonheur \u00e0 l&rsquo;\u00e9tat pur, sans eux, je ne suis plus vraiment moi.<\/p>\n\n\n\n<p>Pendant plusieurs ann\u00e9es, tous mes voyages \u00e9taient accompagn\u00e9s de Julien. Aujourd&rsquo;hui, je voyage principalement avec des amis et je d\u00e9couvre petit \u00e0 petit le voyage seule.<\/p>\n\n\n\n<p>J&rsquo;ai d\u00e9cid\u00e9 de cr\u00e9er mon blog voyage pour partager avec vous ma passion, et pour partager avec vous des informations qui peuvent vous \u00eatre utiles dans la pr\u00e9paration de vos voyages.<br>Etant conseill\u00e8re voyage, je ne peux que vous recommander de r\u00e9server vos voyages avec une agence (Internet c&rsquo;est bien, mais il suffit d&rsquo;une fois une mauvaise exp\u00e9rience pour comprendre qu&rsquo;on est finalement totalement seul avec son probl\u00e8me sans aucune aide). Le blog est ici pour vous aider \u00e0 conna\u00eetre le co\u00fbt d&rsquo;un voyage apr\u00e8s toutes les d\u00e9penses sur place, pour vous aider \u00e0 choisir votre itin\u00e9raire et vous donner quelques conseils visites et autres.<\/p>\n\n\n\n<p>J&rsquo;ai organis\u00e9 ce blog en plusieurs parties :<br>Une pr\u00e9sentation rapide de la destination et de mon voyage<br>Le programme d\u00e9taill\u00e9 du voyage<br>Un TOP 5 pour partager avec vous mes coups de coeur<br>Les bonnes adresses pour partager avec vous mes adresses pr\u00e9f\u00e9r\u00e9es<br>Une partie budget pour vous aider \u00e0 anticiper le co\u00fbt du voyage<\/p>\n\n\n\n<p>Bonne lecture ! <\/p>\n\n\n\n<div class=\"wp-block-image is-style-default\"><figure class=\"aligncenter size-large\"><img loading=\"lazy\" width=\"919\" height=\"1024\" src=\"http:\/\/aventuresetcocotiers.fr\/wp-content\/uploads\/2023\/04\/IMG-20220926-WA0069-919x1024.jpg\" alt=\"\" class=\"wp-image-3033\" srcset=\"https:\/\/aventuresetcocotiers.fr\/wp-content\/uploads\/2023\/04\/IMG-20220926-WA0069-919x1024.jpg 919w, https:\/\/aventuresetcocotiers.fr\/wp-content\/uploads\/2023\/04\/IMG-20220926-WA0069-269x300.jpg 269w, https:\/\/aventuresetcocotiers.fr\/wp-content\/uploads\/2023\/04\/IMG-20220926-WA0069-768x856.jpg 768w, https:\/\/aventuresetcocotiers.fr\/wp-content\/uploads\/2023\/04\/IMG-20220926-WA0069.jpg 960w\" sizes=\"(max-width: 919px) 100vw, 919px\" \/><\/figure><\/div>\n","protected":false},"excerpt":{"rendered":"<p>Bienvenue sur Aventures et cocotiers, un blog voyage cr\u00e9\u00e9 pour partager avec vous ma passion pour les voyages. M\u00e9lodie, 35 ans, Lyonnaise, passionn\u00e9e de voyages depuis toujours. Tellement passionn\u00e9e que j&rsquo;en ai fait mon m\u00e9tier. Je me rappelle de mon premier voyage \u00e0 l&rsquo;\u00e9tranger comme si c&rsquo;\u00e9tait hier. Voyage avec le coll\u00e8ge, en 4\u00e8me, destination [&hellip;]<\/p>\n","protected":false},"author":1,"featured_media":0,"parent":0,"menu_order":0,"comment_status":"closed","ping_status":"closed","template":"template-full.php","meta":[],"yoast_head":"<!-- This site is optimized with the Yoast SEO plugin v15.2.1 - https:\/\/yoast.com\/wordpress\/plugins\/seo\/ -->\n<title>A propos |<\/title>\n<meta name=\"robots\" content=\"index, follow, max-snippet:-1, max-image-preview:large, max-video-preview:-1\" \/>\n<link rel=\"canonical\" href=\"http:\/\/aventuresetcocotiers.fr\/index.php\/blog-voyage-a-propos\/\" \/>\n<meta property=\"og:locale\" content=\"fr_FR\" \/>\n<meta property=\"og:type\" content=\"article\" \/>\n<meta property=\"og:title\" content=\"A propos |\" \/>\n<meta property=\"og:description\" content=\"Bienvenue sur Aventures et cocotiers, un blog voyage cr\u00e9\u00e9 pour partager avec vous ma passion pour les voyages. M\u00e9lodie, 35 ans, Lyonnaise, passionn\u00e9e de voyages depuis toujours. Tellement passionn\u00e9e que j&rsquo;en ai fait mon m\u00e9tier. Je me rappelle de mon premier voyage \u00e0 l&rsquo;\u00e9tranger comme si c&rsquo;\u00e9tait hier. Voyage avec le coll\u00e8ge, en 4\u00e8me, destination [&hellip;]\" \/>\n<meta property=\"og:url\" content=\"http:\/\/aventuresetcocotiers.fr\/index.php\/blog-voyage-a-propos\/\" \/>\n<meta property=\"article:modified_time\" content=\"2026-01-11T17:48:11+00:00\" \/>\n<meta property=\"og:image\" content=\"http:\/\/aventuresetcocotiers.fr\/wp-content\/uploads\/2023\/04\/IMG-20220926-WA0069-919x1024.jpg\" \/>\n<meta name=\"twitter:card\" content=\"summary\" \/>\n<meta name=\"twitter:label1\" content=\"\u00c9crit par\">\n\t<meta name=\"twitter:data1\" content=\"admin2603\">\n\t<meta name=\"twitter:label2\" content=\"Dur\u00e9e de lecture est.\">\n\t<meta name=\"twitter:data2\" content=\"1 minute\">\n<script type=\"application\/ld+json\" class=\"yoast-schema-graph\">{\"@context\":\"https:\/\/schema.org\",\"@graph\":[{\"@type\":\"WebSite\",\"@id\":\"https:\/\/aventuresetcocotiers.fr\/#website\",\"url\":\"https:\/\/aventuresetcocotiers.fr\/\",\"name\":\"\",\"description\":\"\",\"potentialAction\":[{\"@type\":\"SearchAction\",\"target\":\"https:\/\/aventuresetcocotiers.fr\/?s={search_term_string}\",\"query-input\":\"required name=search_term_string\"}],\"inLanguage\":\"fr-FR\"},{\"@type\":\"ImageObject\",\"@id\":\"http:\/\/aventuresetcocotiers.fr\/index.php\/blog-voyage-a-propos\/#primaryimage\",\"inLanguage\":\"fr-FR\",\"url\":\"http:\/\/aventuresetcocotiers.fr\/wp-content\/uploads\/2023\/04\/IMG-20220926-WA0069-919x1024.jpg\"},{\"@type\":\"WebPage\",\"@id\":\"http:\/\/aventuresetcocotiers.fr\/index.php\/blog-voyage-a-propos\/#webpage\",\"url\":\"http:\/\/aventuresetcocotiers.fr\/index.php\/blog-voyage-a-propos\/\",\"name\":\"A propos |\",\"isPartOf\":{\"@id\":\"https:\/\/aventuresetcocotiers.fr\/#website\"},\"primaryImageOfPage\":{\"@id\":\"http:\/\/aventuresetcocotiers.fr\/index.php\/blog-voyage-a-propos\/#primaryimage\"},\"datePublished\":\"2016-08-25T07:57:56+00:00\",\"dateModified\":\"2026-01-11T17:48:11+00:00\",\"breadcrumb\":{\"@id\":\"http:\/\/aventuresetcocotiers.fr\/index.php\/blog-voyage-a-propos\/#breadcrumb\"},\"inLanguage\":\"fr-FR\",\"potentialAction\":[{\"@type\":\"ReadAction\",\"target\":[\"http:\/\/aventuresetcocotiers.fr\/index.php\/blog-voyage-a-propos\/\"]}]},{\"@type\":\"BreadcrumbList\",\"@id\":\"http:\/\/aventuresetcocotiers.fr\/index.php\/blog-voyage-a-propos\/#breadcrumb\",\"itemListElement\":[{\"@type\":\"ListItem\",\"position\":1,\"item\":{\"@type\":\"WebPage\",\"@id\":\"http:\/\/aventuresetcocotiers.fr\/\",\"url\":\"http:\/\/aventuresetcocotiers.fr\/\",\"name\":\"Accueil\"}},{\"@type\":\"ListItem\",\"position\":2,\"item\":{\"@type\":\"WebPage\",\"@id\":\"http:\/\/aventuresetcocotiers.fr\/index.php\/blog-voyage-a-propos\/\",\"url\":\"http:\/\/aventuresetcocotiers.fr\/index.php\/blog-voyage-a-propos\/\",\"name\":\"A propos\"}}]}]}<\/script>\n<!-- \/ Yoast SEO plugin. -->","_links":{"self":[{"href":"https:\/\/aventuresetcocotiers.fr\/index.php\/wp-json\/wp\/v2\/pages\/39"}],"collection":[{"href":"https:\/\/aventuresetcocotiers.fr\/index.php\/wp-json\/wp\/v2\/pages"}],"about":[{"href":"https:\/\/aventuresetcocotiers.fr\/index.php\/wp-json\/wp\/v2\/types\/page"}],"author":[{"embeddable":true,"href":"https:\/\/aventuresetcocotiers.fr\/index.php\/wp-json\/wp\/v2\/users\/1"}],"replies":[{"embeddable":true,"href":"https:\/\/aventuresetcocotiers.fr\/index.php\/wp-json\/wp\/v2\/comments?post=39"}],"version-history":[{"count":54,"href":"https:\/\/aventuresetcocotiers.fr\/index.php\/wp-json\/wp\/v2\/pages\/39\/revisions"}],"predecessor-version":[{"id":3309,"href":"https:\/\/aventuresetcocotiers.fr\/index.php\/wp-json\/wp\/v2\/pages\/39\/revisions\/3309"}],"wp:attachment":[{"href":"https:\/\/aventuresetcocotiers.fr\/index.php\/wp-json\/wp\/v2\/media?parent=39"}],"curies":[{"name":"wp","href":"https:\/\/api.w.org\/{rel}","templated":true}]}}