{"id":639,"date":"2017-02-20T17:12:38","date_gmt":"2017-02-20T16:12:38","guid":{"rendered":"http:\/\/aventuresetcocotiers.fr\/?page_id=639"},"modified":"2017-02-25T12:11:22","modified_gmt":"2017-02-25T11:11:22","slug":"check-list-bagage","status":"publish","type":"page","link":"https:\/\/aventuresetcocotiers.fr\/index.php\/check-list-bagage\/","title":{"rendered":"Check list bagage"},"content":{"rendered":"<\/style>\n<p><img loading=\"lazy\" class=\"alignleft size-thumbnail wp-image-702\" src=\"http:\/\/aventuresetcocotiers.fr\/wp-content\/uploads\/2017\/02\/suitcase-with-stickers-150x150.jpg\" alt=\"\" width=\"160\" height=\"160\" srcset=\"https:\/\/aventuresetcocotiers.fr\/wp-content\/uploads\/2017\/02\/suitcase-with-stickers-150x150.jpg 150w, https:\/\/aventuresetcocotiers.fr\/wp-content\/uploads\/2017\/02\/suitcase-with-stickers-365x365.jpg 365w, https:\/\/aventuresetcocotiers.fr\/wp-content\/uploads\/2017\/02\/suitcase-with-stickers-500x500.jpg 500w\" sizes=\"(max-width: 160px) 100vw, 160px\" \/><\/p>\n<p>Vous aussi il vous faut plusieurs journ\u00e9es pour faire votre bagage pour \u00eatre s\u00fbre de ne rien oublier ? (moi)<br \/>\nVous aussi vous aimez faire votre bagage \u00e0 la derni\u00e8re minute sans trop r\u00e9fl\u00e9chir et perdre du temps ? (monsieur)<br \/>\nVous vous reconnaissez ? &#8230;<\/p>\n<p>J&rsquo;ai pr\u00e9par\u00e9 pour vous une super check list bagage pour vous aider !<\/p>\n<p>Cette liste est adapt\u00e9e aux voyages nature ou citadin, voyages courts ou longs, et \u00e0 toutes les saisons !<\/p>\n<div style=\"height:50px;display:block;\"> <\/div>\n<p><FONT size=\"5\"><span style=\"color: #eb6559;\"><strong>BAGAGE A MAIN<\/strong><\/FONT><\/span><br \/>\n<HR width=\"50%\"><\/p>\n<p><span style=\"color: #eb6559;\">PAPERASSE<\/span><br \/>\n<input name=\"choix1\" type=\"checkbox\" value=\"1\" \/> Carte d&rsquo;identit\u00e9 \/ Passeport (selon les formalit\u00e9s de votre destination)<br \/>\n<input name=\"choix2\" type=\"checkbox\" value=\"2\" \/> Permis de conduite (si location de voiture)<br \/>\n<input name=\"choix3\" type=\"checkbox\" value=\"3\" \/> Carte bancaire<br \/>\n<input name=\"choix4\" type=\"checkbox\" value=\"4\" \/> Des esp\u00e8ces (euros et devises \u00e9trang\u00e8res si vous en prenez d&rsquo;avance)<br \/>\n<input name=\"choix5\" type=\"checkbox\" value=\"5\" \/> R\u00e9servation de vols<br \/>\n<input name=\"choix6\" type=\"checkbox\" value=\"6\" \/> R\u00e9servations d&rsquo;h\u00e9bergements<br \/>\n<input name=\"choix7\" type=\"checkbox\" value=\"7\" \/> Guide de voyage<br \/>\n<\/p>\n<p><span style=\"color: #eb6559;\">LOISIRS<\/span><br \/>\n<input name=\"choix1\" type=\"checkbox\" value=\"1\" \/> T\u00e9l\u00e9phone portable&#8230;<br \/>\n<input name=\"choix2\" type=\"checkbox\" value=\"2\" \/> Et son chargeur<br \/>\n<input name=\"choix3\" type=\"checkbox\" value=\"3\" \/> Appareil photo&#8230;<br \/>\n<input name=\"choix4\" type=\"checkbox\" value=\"4\" \/> Et son chargeur<br \/>\n<input name=\"choix5\" type=\"checkbox\" value=\"5\" \/> Et sa carte m\u00e9moire<br \/>\n<input name=\"choix6\" type=\"checkbox\" value=\"6\" \/> Go pro&#8230;<br \/>\n<input name=\"choix7\" type=\"checkbox\" value=\"7\" \/> Et son chargeur<br \/>\n<input name=\"choix8\" type=\"checkbox\" value=\"8\" \/> Et sa carte m\u00e9moire<br \/>\n<input name=\"choix6\" type=\"checkbox\" value=\"6\" \/> De la musique<br \/>\n<input name=\"choix9\" type=\"checkbox\" value=\"9\" \/> Des \u00e9couteurs<br \/>\n<input name=\"choix10\" type=\"checkbox\" value=\"10\" \/> Liseuse (vous pourrez emmener un max de livres pour un tout petit poids)<br \/>\n<\/p>\n<p><span style=\"color: #eb6559;\">UN PEU DE CONFORT<\/span><br \/>\n<input name=\"choix1\" type=\"checkbox\" value=\"1\" \/> Lunettes de soleil<br \/>\n<input name=\"choix2\" type=\"checkbox\" value=\"2\" \/> Coussin de voyage<br \/>\n<input name=\"choix3\" type=\"checkbox\" value=\"3\" \/> Bouchons d&rsquo;oreille<br \/>\n<input name=\"choix4\" type=\"checkbox\" value=\"4\" \/> Masque pour dormir<br \/>\n<input name=\"choix5\" type=\"checkbox\" value=\"5\" \/> Une veste chaude<br \/>\n<\/p>\n<div style=\"height:50px;display:block;\"> <\/div>\n<p><FONT size=\"5\"><span style=\"color: #eb6559;\"><strong>BAGAGE EN SOUTE<\/strong><\/FONT><\/span><br \/>\n<HR width=\"50%\"><\/p>\n<p><span style=\"color: #eb6559;\">V\u00caTEMENTS<\/span><br \/>\n<input name=\"choix1\" type=\"checkbox\" value=\"1\" \/> T-shirt \/ Pull (selon votre destination)<br \/>\n<input name=\"choix2\" type=\"checkbox\" value=\"2\" \/> Short \/ Pantalon (selon votre destination)<br \/>\n<input name=\"choix3\" type=\"checkbox\" value=\"3\" \/> Tenue de soir\u00e9e<br \/>\n<input name=\"choix4\" type=\"checkbox\" value=\"4\" \/> Sous-v\u00eatements<br \/>\n<input name=\"choix5\" type=\"checkbox\" value=\"5\" \/> Chaussettes<br \/>\n<input name=\"choix6\" type=\"checkbox\" value=\"6\" \/> Tenue pour la nuit<br \/>\n<input name=\"choix7\" type=\"checkbox\" value=\"7\" \/> Foulard (toujours utile pour entrer dans un monument religieux ou pour se prot\u00e9ger du soleil)<br \/>\n<input name=\"choix8\" type=\"checkbox\" value=\"8\" \/> Chaussures (de marches, de soir\u00e9e, tong, tennis, &#8230; \u00e0 adapter selon votre voyage)<br \/>\n<\/p>\n<p><span style=\"color: #eb6559;\">SELON LE CLIMAT<\/span><br \/>\n<input name=\"choix1\" type=\"checkbox\" value=\"1\" \/> Equipement soleil (chapeau, cr\u00e8me solaire, maillot de bain)<br \/>\n<input name=\"choix2\" type=\"checkbox\" value=\"2\" \/> Equipement froid (pour les destinations hiver : gants, bonnet, \u00e9charpe)<br \/>\n<input name=\"choix3\" type=\"checkbox\" value=\"3\" \/> Equipement imperm\u00e9able (pour les destinations humides : poncho, housse de sac ou sac \u00e9tanche, pantalon imperm\u00e9able)<br \/>\n<\/p>\n<p><span style=\"color: #eb6559;\">TROUSSE DE TOILETTE<\/span><br \/>\n<input name=\"choix1\" type=\"checkbox\" value=\"1\" \/> Brosse \u00e0 dent<br \/>\n<input name=\"choix2\" type=\"checkbox\" value=\"2\" \/> Dentifrice<br \/>\n<input name=\"choix3\" type=\"checkbox\" value=\"3\" \/> Gel douche<br \/>\n<input name=\"choix4\" type=\"checkbox\" value=\"4\" \/> Shampoing (et pour les longs voyages, il existe des shampoing dur pour all\u00e9ger le bagage)<br \/>\n<input name=\"choix5\" type=\"checkbox\" value=\"5\" \/> D\u00e9odorant<br \/>\n<input name=\"choix6\" type=\"checkbox\" value=\"6\" \/> Cotons \/ Contons tige<br \/>\n<input name=\"choix7\" type=\"checkbox\" value=\"7\" \/> Cr\u00e8me hydratante<br \/>\n<input name=\"choix8\" type=\"checkbox\" value=\"8\" \/> Maquillage<br \/>\n<input name=\"choix9\" type=\"checkbox\" value=\"9\" \/> D\u00e9maquillant<br \/>\n<input name=\"choix10\" type=\"checkbox\" value=\"10\" \/> Brosse \u00e0 cheveux \/ peigne<br \/>\n<input name=\"choix11\" type=\"checkbox\" value=\"11\" \/> Tondeuse \/ rasoir<br \/>\n<input name=\"choix12\" type=\"checkbox\" value=\"12\" \/> Coupe ongles<br \/>\n<input name=\"choix12\" type=\"checkbox\" value=\"12\" \/> Protections p\u00e9riodiques et autres (pilule,&#8230;)<br \/>\n<\/p>\n<p><span style=\"color: #eb6559;\">LES PETITS TRUCS PRATIQUES<\/span><br \/>\n<input name=\"choix1\" type=\"checkbox\" value=\"1\" \/> Adaptateur prises<br \/>\n<input name=\"choix2\" type=\"checkbox\" value=\"2\" \/> Gel antibact\u00e9rien<br \/>\n<input name=\"choix3\" type=\"checkbox\" value=\"3\" \/> Lessive liquide (pour les longs voyages)<br \/>\n<input name=\"choix4\" type=\"checkbox\" value=\"4\" \/> Cadenas pour votre sac<br \/>\n<input name=\"choix5\" type=\"checkbox\" value=\"5\" \/> Duvet (selon o\u00f9 vous dormez)<br \/>\n<\/p>\n<p><span style=\"color: #eb6559;\">PHARMACIE<\/span><br \/>\n<input name=\"choix1\" type=\"checkbox\" value=\"1\" \/> Pansements<br \/>\n<input name=\"choix2\" type=\"checkbox\" value=\"2\" \/> D\u00e9sinfectant<br \/>\n<input name=\"choix3\" type=\"checkbox\" value=\"3\" \/> Cicatrisant<br \/>\n<input name=\"choix5\" type=\"checkbox\" value=\"5\" \/> Paire de petits ciseaux<br \/>\n<input name=\"choix6\" type=\"checkbox\" value=\"6\" \/> Pince \u00e0 \u00e9piler<br \/>\n<input name=\"choix7\" type=\"checkbox\" value=\"7\" \/> Anti moustique<br \/>\n<input name=\"choix8\" type=\"checkbox\" value=\"8\" \/> Pommade pour apaiser les piq\u00fbres<br \/>\n<input name=\"choix9\" type=\"checkbox\" value=\"9\" \/> Pommade pour apaiser les br\u00fblures et coups de soleil<br \/>\n<input name=\"choix10\" type=\"checkbox\" value=\"10\" \/> M\u00e9dicament pour douleur et fi\u00e8vre<br \/>\n<input name=\"choix11\" type=\"checkbox\" value=\"11\" \/> M\u00e9dicament pour mal de ventre<br \/>\n<input name=\"choix12\" type=\"checkbox\" value=\"12\" \/> M\u00e9dicament pour mal de transport<\/p>\n<div style=\"height:50px;display:block;\"> <\/div>\n<p>Pour ceux qui pr\u00e9f\u00e8rent une feuille et un stylo, j&rsquo;ai cr\u00e9\u00e9 une <a href=\"http:\/\/aventuresetcocotiers.fr\/wp-content\/uploads\/2017\/02\/Check-List-bagage.jpg\"><span style=\"color:#8ad8c2;\">check list \u00e0 imprimer<\/span><\/a><\/p>\n","protected":false},"excerpt":{"rendered":"<p>Vous aussi il vous faut plusieurs journ\u00e9es pour faire votre bagage pour \u00eatre s\u00fbre de ne rien oublier ? (moi) Vous aussi vous aimez faire votre bagage \u00e0 la derni\u00e8re minute sans trop r\u00e9fl\u00e9chir et perdre du temps ? (monsieur) Vous vous reconnaissez ? &#8230; J&rsquo;ai pr\u00e9par\u00e9 pour vous une super check list bagage pour [&hellip;]<\/p>\n","protected":false},"author":1,"featured_media":0,"parent":0,"menu_order":0,"comment_status":"closed","ping_status":"closed","template":"template-full.php","meta":[],"yoast_head":"<!-- This site is optimized with the Yoast SEO plugin v15.2.1 - https:\/\/yoast.com\/wordpress\/plugins\/seo\/ -->\n<title>Check list bagage |<\/title>\n<meta name=\"robots\" content=\"index, follow, max-snippet:-1, max-image-preview:large, max-video-preview:-1\" \/>\n<link rel=\"canonical\" href=\"https:\/\/aventuresetcocotiers.fr\/index.php\/check-list-bagage\/\" \/>\n<meta property=\"og:locale\" content=\"fr_FR\" \/>\n<meta property=\"og:type\" content=\"article\" \/>\n<meta property=\"og:title\" content=\"Check list bagage |\" \/>\n<meta property=\"og:description\" content=\"Vous aussi il vous faut plusieurs journ\u00e9es pour faire votre bagage pour \u00eatre s\u00fbre de ne rien oublier ? (moi) Vous aussi vous aimez faire votre bagage \u00e0 la derni\u00e8re minute sans trop r\u00e9fl\u00e9chir et perdre du temps ? (monsieur) Vous vous reconnaissez ? &#8230; J&rsquo;ai pr\u00e9par\u00e9 pour vous une super check list bagage pour [&hellip;]\" \/>\n<meta property=\"og:url\" content=\"https:\/\/aventuresetcocotiers.fr\/index.php\/check-list-bagage\/\" \/>\n<meta property=\"article:modified_time\" content=\"2017-02-25T11:11:22+00:00\" \/>\n<meta property=\"og:image\" content=\"http:\/\/aventuresetcocotiers.fr\/wp-content\/uploads\/2017\/02\/suitcase-with-stickers-150x150.jpg\" \/>\n<meta name=\"twitter:card\" content=\"summary\" \/>\n<meta name=\"twitter:label1\" content=\"\u00c9crit par\">\n\t<meta name=\"twitter:data1\" content=\"admin2603\">\n\t<meta name=\"twitter:label2\" content=\"Dur\u00e9e de lecture est.\">\n\t<meta name=\"twitter:data2\" content=\"2 minutes\">\n<script type=\"application\/ld+json\" class=\"yoast-schema-graph\">{\"@context\":\"https:\/\/schema.org\",\"@graph\":[{\"@type\":\"WebSite\",\"@id\":\"https:\/\/aventuresetcocotiers.fr\/#website\",\"url\":\"https:\/\/aventuresetcocotiers.fr\/\",\"name\":\"\",\"description\":\"\",\"potentialAction\":[{\"@type\":\"SearchAction\",\"target\":\"https:\/\/aventuresetcocotiers.fr\/?s={search_term_string}\",\"query-input\":\"required name=search_term_string\"}],\"inLanguage\":\"fr-FR\"},{\"@type\":\"ImageObject\",\"@id\":\"https:\/\/aventuresetcocotiers.fr\/index.php\/check-list-bagage\/#primaryimage\",\"inLanguage\":\"fr-FR\",\"url\":\"http:\/\/aventuresetcocotiers.fr\/wp-content\/uploads\/2017\/02\/suitcase-with-stickers-150x150.jpg\"},{\"@type\":\"WebPage\",\"@id\":\"https:\/\/aventuresetcocotiers.fr\/index.php\/check-list-bagage\/#webpage\",\"url\":\"https:\/\/aventuresetcocotiers.fr\/index.php\/check-list-bagage\/\",\"name\":\"Check list bagage |\",\"isPartOf\":{\"@id\":\"https:\/\/aventuresetcocotiers.fr\/#website\"},\"primaryImageOfPage\":{\"@id\":\"https:\/\/aventuresetcocotiers.fr\/index.php\/check-list-bagage\/#primaryimage\"},\"datePublished\":\"2017-02-20T16:12:38+00:00\",\"dateModified\":\"2017-02-25T11:11:22+00:00\",\"breadcrumb\":{\"@id\":\"https:\/\/aventuresetcocotiers.fr\/index.php\/check-list-bagage\/#breadcrumb\"},\"inLanguage\":\"fr-FR\",\"potentialAction\":[{\"@type\":\"ReadAction\",\"target\":[\"https:\/\/aventuresetcocotiers.fr\/index.php\/check-list-bagage\/\"]}]},{\"@type\":\"BreadcrumbList\",\"@id\":\"https:\/\/aventuresetcocotiers.fr\/index.php\/check-list-bagage\/#breadcrumb\",\"itemListElement\":[{\"@type\":\"ListItem\",\"position\":1,\"item\":{\"@type\":\"WebPage\",\"@id\":\"http:\/\/aventuresetcocotiers.fr\/\",\"url\":\"http:\/\/aventuresetcocotiers.fr\/\",\"name\":\"Accueil\"}},{\"@type\":\"ListItem\",\"position\":2,\"item\":{\"@type\":\"WebPage\",\"@id\":\"https:\/\/aventuresetcocotiers.fr\/index.php\/check-list-bagage\/\",\"url\":\"https:\/\/aventuresetcocotiers.fr\/index.php\/check-list-bagage\/\",\"name\":\"Check list bagage\"}}]}]}<\/script>\n<!-- \/ Yoast SEO plugin. -->","_links":{"self":[{"href":"https:\/\/aventuresetcocotiers.fr\/index.php\/wp-json\/wp\/v2\/pages\/639"}],"collection":[{"href":"https:\/\/aventuresetcocotiers.fr\/index.php\/wp-json\/wp\/v2\/pages"}],"about":[{"href":"https:\/\/aventuresetcocotiers.fr\/index.php\/wp-json\/wp\/v2\/types\/page"}],"author":[{"embeddable":true,"href":"https:\/\/aventuresetcocotiers.fr\/index.php\/wp-json\/wp\/v2\/users\/1"}],"replies":[{"embeddable":true,"href":"https:\/\/aventuresetcocotiers.fr\/index.php\/wp-json\/wp\/v2\/comments?post=639"}],"version-history":[{"count":118,"href":"https:\/\/aventuresetcocotiers.fr\/index.php\/wp-json\/wp\/v2\/pages\/639\/revisions"}],"predecessor-version":[{"id":814,"href":"https:\/\/aventuresetcocotiers.fr\/index.php\/wp-json\/wp\/v2\/pages\/639\/revisions\/814"}],"wp:attachment":[{"href":"https:\/\/aventuresetcocotiers.fr\/index.php\/wp-json\/wp\/v2\/media?parent=639"}],"curies":[{"name":"wp","href":"https:\/\/api.w.org\/{rel}","templated":true}]}}