{"id":711,"date":"2017-02-20T17:26:08","date_gmt":"2017-02-20T16:26:08","guid":{"rendered":"http:\/\/aventuresetcocotiers.fr\/?page_id=711"},"modified":"2017-02-20T17:26:08","modified_gmt":"2017-02-20T16:26:08","slug":"trucs-et-astuces","status":"publish","type":"page","link":"https:\/\/aventuresetcocotiers.fr\/index.php\/trucs-et-astuces\/","title":{"rendered":"Trucs et Astuces"},"content":{"rendered":"<p><span style=\"color: #7a7a7a;\"><\/p>\n<p style=\"text-align: justify;\">\n<style> a:link { color: #8ad8c2; } \n<\/style>\n<p>Comment voyager mieux et moins cher ? <\/p>\n<p>J&rsquo;ai pr\u00e9par\u00e9 pour vous quelques trucs et astuces pour vous aider \u00e0 \u00eatre au top de l&rsquo;organisation de voyages !<\/p>\n<p><i class=\"fa fa-slack\"style=\"color: #eb6559;\"><\/i> <span style=\"color: #eb6559;\">COMMENT BIEN PREPARER SON VOYAGE ?<\/span><br \/>\nUn petit guide \u00e9tape par \u00e9tape pour vous aider \u00e0 organiser votre voyage.<\/p>\n<p><i class=\"fa fa-slack\"style=\"color: #eb6559;\"><\/i> <span style=\"color: #eb6559;\">CHECK LIST BAGAGE<\/span><br \/>\nUne petite <a href=\"https:\/\/aventuresetcocotiers.fr\/index.php\/check-list-bagage\/\" target=\"_blank\">liste<\/a> toute pr\u00eate pour vous aider \u00e0 pr\u00e9parer vos bagages, vous n&rsquo;avez plus qu&rsquo;\u00e0 cocher !<\/p>\n","protected":false},"excerpt":{"rendered":"<p>Comment voyager mieux et moins cher ? J&rsquo;ai pr\u00e9par\u00e9 pour vous quelques trucs et astuces pour vous aider \u00e0 \u00eatre au top de l&rsquo;organisation de voyages ! COMMENT BIEN PREPARER SON VOYAGE ? Un petit guide \u00e9tape par \u00e9tape pour vous aider \u00e0 organiser votre voyage. CHECK LIST BAGAGE Une petite liste toute pr\u00eate pour [&hellip;]<\/p>\n","protected":false},"author":1,"featured_media":0,"parent":0,"menu_order":0,"comment_status":"closed","ping_status":"closed","template":"template-full.php","meta":[],"yoast_head":"<!-- This site is optimized with the Yoast SEO plugin v15.2.1 - https:\/\/yoast.com\/wordpress\/plugins\/seo\/ -->\n<title>Trucs et Astuces |<\/title>\n<meta name=\"robots\" content=\"index, follow, max-snippet:-1, max-image-preview:large, max-video-preview:-1\" \/>\n<link rel=\"canonical\" href=\"https:\/\/aventuresetcocotiers.fr\/index.php\/trucs-et-astuces\/\" \/>\n<meta property=\"og:locale\" content=\"fr_FR\" \/>\n<meta property=\"og:type\" content=\"article\" \/>\n<meta property=\"og:title\" content=\"Trucs et Astuces |\" \/>\n<meta property=\"og:description\" content=\"Comment voyager mieux et moins cher ? J&rsquo;ai pr\u00e9par\u00e9 pour vous quelques trucs et astuces pour vous aider \u00e0 \u00eatre au top de l&rsquo;organisation de voyages ! COMMENT BIEN PREPARER SON VOYAGE ? Un petit guide \u00e9tape par \u00e9tape pour vous aider \u00e0 organiser votre voyage. CHECK LIST BAGAGE Une petite liste toute pr\u00eate pour [&hellip;]\" \/>\n<meta property=\"og:url\" content=\"https:\/\/aventuresetcocotiers.fr\/index.php\/trucs-et-astuces\/\" \/>\n<meta name=\"twitter:card\" content=\"summary\" \/>\n<meta name=\"twitter:label1\" content=\"\u00c9crit par\">\n\t<meta name=\"twitter:data1\" content=\"admin2603\">\n\t<meta name=\"twitter:label2\" content=\"Dur\u00e9e de lecture est.\">\n\t<meta name=\"twitter:data2\" content=\"0 minute\">\n<script type=\"application\/ld+json\" class=\"yoast-schema-graph\">{\"@context\":\"https:\/\/schema.org\",\"@graph\":[{\"@type\":\"WebSite\",\"@id\":\"https:\/\/aventuresetcocotiers.fr\/#website\",\"url\":\"https:\/\/aventuresetcocotiers.fr\/\",\"name\":\"\",\"description\":\"\",\"potentialAction\":[{\"@type\":\"SearchAction\",\"target\":\"https:\/\/aventuresetcocotiers.fr\/?s={search_term_string}\",\"query-input\":\"required name=search_term_string\"}],\"inLanguage\":\"fr-FR\"},{\"@type\":\"WebPage\",\"@id\":\"https:\/\/aventuresetcocotiers.fr\/index.php\/trucs-et-astuces\/#webpage\",\"url\":\"https:\/\/aventuresetcocotiers.fr\/index.php\/trucs-et-astuces\/\",\"name\":\"Trucs et Astuces |\",\"isPartOf\":{\"@id\":\"https:\/\/aventuresetcocotiers.fr\/#website\"},\"datePublished\":\"2017-02-20T16:26:08+00:00\",\"dateModified\":\"2017-02-20T16:26:08+00:00\",\"breadcrumb\":{\"@id\":\"https:\/\/aventuresetcocotiers.fr\/index.php\/trucs-et-astuces\/#breadcrumb\"},\"inLanguage\":\"fr-FR\",\"potentialAction\":[{\"@type\":\"ReadAction\",\"target\":[\"https:\/\/aventuresetcocotiers.fr\/index.php\/trucs-et-astuces\/\"]}]},{\"@type\":\"BreadcrumbList\",\"@id\":\"https:\/\/aventuresetcocotiers.fr\/index.php\/trucs-et-astuces\/#breadcrumb\",\"itemListElement\":[{\"@type\":\"ListItem\",\"position\":1,\"item\":{\"@type\":\"WebPage\",\"@id\":\"http:\/\/aventuresetcocotiers.fr\/\",\"url\":\"http:\/\/aventuresetcocotiers.fr\/\",\"name\":\"Accueil\"}},{\"@type\":\"ListItem\",\"position\":2,\"item\":{\"@type\":\"WebPage\",\"@id\":\"https:\/\/aventuresetcocotiers.fr\/index.php\/trucs-et-astuces\/\",\"url\":\"https:\/\/aventuresetcocotiers.fr\/index.php\/trucs-et-astuces\/\",\"name\":\"Trucs et Astuces\"}}]}]}<\/script>\n<!-- \/ Yoast SEO plugin. -->","_links":{"self":[{"href":"https:\/\/aventuresetcocotiers.fr\/index.php\/wp-json\/wp\/v2\/pages\/711"}],"collection":[{"href":"https:\/\/aventuresetcocotiers.fr\/index.php\/wp-json\/wp\/v2\/pages"}],"about":[{"href":"https:\/\/aventuresetcocotiers.fr\/index.php\/wp-json\/wp\/v2\/types\/page"}],"author":[{"embeddable":true,"href":"https:\/\/aventuresetcocotiers.fr\/index.php\/wp-json\/wp\/v2\/users\/1"}],"replies":[{"embeddable":true,"href":"https:\/\/aventuresetcocotiers.fr\/index.php\/wp-json\/wp\/v2\/comments?post=711"}],"version-history":[{"count":17,"href":"https:\/\/aventuresetcocotiers.fr\/index.php\/wp-json\/wp\/v2\/pages\/711\/revisions"}],"predecessor-version":[{"id":758,"href":"https:\/\/aventuresetcocotiers.fr\/index.php\/wp-json\/wp\/v2\/pages\/711\/revisions\/758"}],"wp:attachment":[{"href":"https:\/\/aventuresetcocotiers.fr\/index.php\/wp-json\/wp\/v2\/media?parent=711"}],"curies":[{"name":"wp","href":"https:\/\/api.w.org\/{rel}","templated":true}]}}