{"id":715,"date":"2017-02-20T18:20:10","date_gmt":"2017-02-20T17:20:10","guid":{"rendered":"http:\/\/aventuresetcocotiers.fr\/?page_id=715"},"modified":"2020-11-12T15:50:37","modified_gmt":"2020-11-12T14:50:37","slug":"tips-creation-de-voyage","status":"publish","type":"page","link":"https:\/\/aventuresetcocotiers.fr\/index.php\/tips-creation-de-voyage\/","title":{"rendered":"Cr\u00e9er son voyage"},"content":{"rendered":"<p>Je suis un peu une psychopathe de l&rsquo;organisation quand on en vient aux voyages.<\/p>\n<p>Parce que pour moi un voyage n&rsquo;est jamais assez long, j&rsquo;aime partir organis\u00e9e pour ne pas perdre une seule minute sur place \u00e0 le faire. Pour moi, rien de pire que de me retrouver sur place \u00e0 ne pas savoir quoi visiter parce que je ne connais pas la destination, \u00e0 ne pas savoir o\u00f9 dormir parce que \u00ab\u00a0on verra sur place\u00a0\u00bb,&#8230;<\/p>\n<p>Ne pas \u00eatre organis\u00e9s nous promet des situations chia**es telles que se retrouver devant un monument ferm\u00e9 ou le pire du pire, rentrer et d\u00e9couvrir qu&rsquo;on est pass\u00e9 \u00e0 c\u00f4t\u00e9 d&rsquo; un truc de OUF parce qu&rsquo;on n&rsquo;en connaissait m\u00eame pas l&rsquo;existence !<\/p>\n<p>Alors mon secret, c&rsquo;est l&rsquo;organisation !<\/p>\n<p><i class=\"fa fa-slack\" style=\"color: #eb6559;\"><\/i> <span style=\"color: #eb6559;\">CHOISIR SON VOYAGE<\/span><br \/>\nTout commence donc par le choix de son voyage. Ce choix va d\u00e9pendre de plein de choses : de vos go\u00fbts, de votre budget, de la dur\u00e9e de vos vacances, de la p\u00e9riode de vos vacances pour le climat, &#8230;<br \/>\nCe choix n&rsquo;est pas simple, surtout si vous \u00eates comme moi et que vous r\u00eavez de d\u00e9couvrir le monde entier !<br \/>\nLe climat est un \u00e9l\u00e9ment important \u00e0 prendre en compte. Il ne faut pas \u00eatre surprise par une saison des pluies ou par un hiver froid.<\/p>\n<p><i class=\"fa fa-slack\" style=\"color: #eb6559;\"><\/i> <span style=\"color: #eb6559;\">V\u00c9RIFIER LES FORMALIT\u00c9S<\/span><br \/>\nUne fois la destination s\u00e9lectionn\u00e9e, on v\u00e9rifie les formalit\u00e9s pour entrer dans le pays : passeport, visa, &#8230; et on se pr\u00e9pare pour faire le n\u00e9cessaire.<br \/>\nOn v\u00e9rifie \u00e9galement les formalit\u00e9s de sant\u00e9, savoir s&rsquo;il faut pr\u00e9voir un vaccin ou un traitement comme un anti paludisme.<br \/>\nLes formalit\u00e9s peuvent repr\u00e9senter un budget important, prenez le bien en compte.<\/p>\n<p><i class=\"fa fa-slack\" style=\"color: #eb6559;\"><\/i> <span style=\"color: #eb6559;\">R\u00c9SERVER SES VOLS<\/span><br \/>\nUne longue recherche vous attends. Si vos dates sont fixes, ce sera bien s\u00fbr beaucoup plus rapide. Si vos dates de vacances sont flexibles, vous allez pouvoir comparer selon les jours de d\u00e9parts, selon les p\u00e9riodes de voyage.<br \/>\nJe prends toujours mes vols longtemps en avance mais il n&rsquo;y a pas vraiment de p\u00e9riode de r\u00e9servation id\u00e9ale. Mon meilleur conseil ici : <strong>faites appel \u00e0 une agence de voyages<\/strong> ! Oui, c&rsquo;est un service payant, mais quel gain de temps ! L&rsquo;agence est l\u00e0 pour comparer toutes les dates et toutes les compagnies rien que pour vous. Le co\u00fbt du service est donc vite rentabilis\u00e9 avec un achat au meilleur prix. Et surtout, l&rsquo;agence de voyage est l\u00e0 pour vous en cas de probl\u00e8me avant d\u00e9part, pendant le voyage ou au retour, et elle assurera pour vous toutes la partie litige (encore un \u00e9norme gain de temps pour vous).<\/p>\n<p><i class=\"fa fa-slack\" style=\"color: #eb6559;\"><\/i> <span style=\"color: #eb6559;\">TO DO LIST<\/span><br \/>\nUne fois la destination choisie, cette \u00e9tape consiste \u00e0 noter tout ce que l&rsquo;on souhaite voir : monuments, sites naturels, mus\u00e9es, &#8230; On note tout tout tout ! Pour l&rsquo;instant on ne se pr\u00e9occupe pas de la dur\u00e9e de son voyage, on ne regarde que ses envies et coups de c\u0153ur.<br \/>\nCette partie est la plus longue, c&rsquo;est celle qui demande le plus de temps&#8230; mais c&rsquo;est aussi la plus passionnante ! Si vous avez fait appel \u00e0 une agence de voyages, n&rsquo;h\u00e9sitez pas \u00e0 demander de l&rsquo;aide, c&rsquo;est aussi un \u00e9norme gain de temps pour vous.<br \/>\nL&rsquo;outil id\u00e9al pour vous aider dans vos recherches sera bien s\u00fbre un guide voyage, et surtout internet. Avec les forums et blog, internet c&rsquo;est une vrai mine d&rsquo;or !<\/p>\n<p><i class=\"fa fa-slack\" style=\"color: #eb6559;\"><\/i> <span style=\"color: #eb6559;\">LA SELECTION<\/span><br \/>\nC&rsquo;est maintenant le moment de faire des choix. On peut rarement tout faire en un voyage, \u00e0 moins de partir tr\u00e8s longtemps. Alors une fois qu&rsquo;on a s\u00e9lectionn\u00e9 tout ce que l&rsquo;on aimerait voir, on retient que ce qui est faisable pour la dur\u00e9e de son voyage. On \u00e9limine aussi ce qui est hors budget et bien s\u00fbre ce qui nous int\u00e9resse le moins.<br \/>\nJ&rsquo;ai d\u00fb faire ces choix difficiles pour tous mes voyages :<br \/>\nLa <a href=\"https:\/\/aventuresetcocotiers.fr\/index.php\/voyage-moyen-orient\/voyage-jordanie\/\"><span style=\"color: #8ad8c2;\">Jordanie<\/span><\/a> o\u00f9 je n&rsquo;ai pas pu d\u00e9couvrir les ch\u00e2teaux du d\u00e9sert<br \/>\nLa <a href=\"https:\/\/aventuresetcocotiers.fr\/index.php\/voyage-asie\/voyage-chine-guangxi\/\"><span style=\"color: #8ad8c2;\">Chine<\/span><\/a> o\u00f9 je n&rsquo;ai pas vu la Grande Muraille (bon en m\u00eame temps vu la taille du pays&#8230;)<br \/>\nLa <a href=\"https:\/\/aventuresetcocotiers.fr\/index.php\/voyage-asie\/voyage-thailande\/\"><span style=\"color: #8ad8c2;\">Tha\u00eflande<\/span><\/a> o\u00f9 je ne suis pas all\u00e9 du c\u00f4t\u00e9 du Kanchanaburi et du c\u00f4t\u00e9 de Chiang Rai<br \/>\nL&rsquo;<a href=\"https:\/\/aventuresetcocotiers.fr\/index.php\/voyage-europe\/voyage-islande\/\"><span style=\"color: #8ad8c2;\">Islande<\/span><\/a> o\u00f9 je n&rsquo;ai pas pu voir le Landmannalaugar, Myvatn et le nord<br \/>\n&#8230;<\/p>\n<p><i class=\"fa fa-slack\" style=\"color: #eb6559;\"><\/i> <span style=\"color: #eb6559;\">CHOISIR UN ITINERAIRE<\/span><br \/>\nS&rsquo;il s&rsquo;agit de la d\u00e9couverte d&rsquo;une ville, on essaie de r\u00e9unir les visites par quartiers pour ne pas perdre trop de temps dans les transports.<br \/>\nSi on part \u00e0 la d\u00e9couverte d&rsquo;une r\u00e9gion, d&rsquo;un pays, on rep\u00e8re sur une carte les diff\u00e9rents points. On s&rsquo;organise par rapport aux moyens de transports entre chaque villes : train, avion, bus.<br \/>\nPar exemple en Tha\u00eflande, j&rsquo;ai choisi une arriv\u00e9e Bangkok, un vol direct de Bangkok vers Krabi, un vol direct de Krabi \u00e0 Chiang Mai et un train de nuit entre Chiang Mai et Bangkok. C&rsquo;\u00e9tait pour moi la meilleur optimisation des temps de trajet.<\/p>\n<p><i class=\"fa fa-slack\" style=\"color: #eb6559;\"><\/i> <span style=\"color: #eb6559;\">MA\u00ceTRISER SON BUDGET<\/span><br \/>\nUne fois la s\u00e9lection faite, on met en avant le budget pr\u00e9vu. Tous les prix des visites son indiqu\u00e9s dans les guides, le budget repas \u00e9galement. Une fois l&rsquo;itin\u00e9raire choisi, on peut regarder les prix des vols, trains, bus. Avec les guides, on a aussi une id\u00e9e du budget \u00e0 pr\u00e9voir pour les h\u00e9bergements.<br \/>\nSi finalement le budget est plus \u00e9lev\u00e9 que pr\u00e9vu, on fait de nouveaux choix ou on met un petit peu plus dans la cagnotte.<\/p>\n<p><i class=\"fa fa-slack\" style=\"color: #eb6559;\"><\/i> <span style=\"color: #eb6559;\">R\u00c9SERVER SES H\u00c9BERGEMENTS<\/span><br \/>\nOn connait maintenant son budget total, alors c&rsquo;est parti pour la r\u00e9servation de ses h\u00e9bergements ! C&rsquo;est encore une \u00e9tape o\u00f9 l&rsquo;<strong>agence de voyages<\/strong> serait un \u00e9norme plus pour vous. Pourquoi ? Parce qu&rsquo;elle connait bien les h\u00f4tels qu&rsquo;elle vend (les visites m\u00eames parfois), qu&rsquo;elle \u00e0 des retours r\u00e9guliers de ses clients donc une certaine garantie de qualit\u00e9, et parce que souvent vous aurez le m\u00eame tarif avec ou sans agence&#8230; alors pourquoi se priver de ce service ?<br \/>\nCertains aiment partir sans aucune r\u00e9servation d&rsquo;h\u00f4tels pour se laisser la libert\u00e9 de bouger une fois sur place selon les coups de c\u0153ur. Pourquoi pas, mais attention, tout cela prend du temps une fois sur place !<br \/>\nLe choix du quartier est un point essentiel lorsque l&rsquo;on r\u00e9serve ses h\u00e9bergements. Pour ma part, j&rsquo;aime \u00eatre au plus pr\u00e8s du centre historique, au plus pr\u00e8s des visites. J&rsquo;aime marcher et d\u00e9couvrir \u00e0 pied, j&rsquo;aime donc \u00eatre en plein centre. Les quartiers excentr\u00e9s peuvent \u00eatre \u00e9galement tr\u00e8s agr\u00e9ables en voyage, plus immersifs et souvent moins chers.<\/p>\n<p><i class=\"fa fa-slack\" style=\"color: #eb6559;\"><\/i> <span style=\"color: #eb6559;\">SE PR\u00c9PARER UN MINI GUIDE<\/span><br \/>\nJe note toujours toutes mes recherches dans un documents que je garde ensuite sur moi en voyage. Cela me permet de gagner du temps quand je visite une ville. On met donc en \u00e9vidence les visites regroup\u00e9s par quartier, par r\u00e9gion. Et on met en \u00e9vidence le budget et les jours\/horaires de visites.<br \/>\nEn plus de ma\u00eetriser son temps, on ma\u00eetrise son budget.<br \/>\nUne fois sur place, il ne nous reste plus qu&rsquo;\u00e0 sortir ses petites notes, son guide, et de partir \u00e0 l&rsquo;aventure.<br \/>\nOn pense \u00e9galement \u00e0 scanner sa carte d&rsquo;identit\u00e9 \/ passeport et de le garder sur soit (mail) pour l&rsquo;avoir au cas o\u00f9.<\/p>\n","protected":false},"excerpt":{"rendered":"<p>Je suis un peu une psychopathe de l&rsquo;organisation quand on en vient aux voyages. Parce que pour moi un voyage n&rsquo;est jamais assez long, j&rsquo;aime partir organis\u00e9e pour ne pas perdre une seule minute sur place \u00e0 le faire. Pour moi, rien de pire que de me retrouver sur place \u00e0 ne pas savoir quoi [&hellip;]<\/p>\n","protected":false},"author":1,"featured_media":0,"parent":0,"menu_order":0,"comment_status":"closed","ping_status":"closed","template":"template-full.php","meta":[],"yoast_head":"<!-- This site is optimized with the Yoast SEO plugin v15.2.1 - https:\/\/yoast.com\/wordpress\/plugins\/seo\/ -->\n<title>Cr\u00e9er son voyage |<\/title>\n<meta name=\"robots\" content=\"index, follow, max-snippet:-1, max-image-preview:large, max-video-preview:-1\" \/>\n<link rel=\"canonical\" href=\"https:\/\/aventuresetcocotiers.fr\/index.php\/tips-creation-de-voyage\/\" \/>\n<meta property=\"og:locale\" content=\"fr_FR\" \/>\n<meta property=\"og:type\" content=\"article\" \/>\n<meta property=\"og:title\" content=\"Cr\u00e9er son voyage |\" \/>\n<meta property=\"og:description\" content=\"Je suis un peu une psychopathe de l&rsquo;organisation quand on en vient aux voyages. Parce que pour moi un voyage n&rsquo;est jamais assez long, j&rsquo;aime partir organis\u00e9e pour ne pas perdre une seule minute sur place \u00e0 le faire. Pour moi, rien de pire que de me retrouver sur place \u00e0 ne pas savoir quoi [&hellip;]\" \/>\n<meta property=\"og:url\" content=\"https:\/\/aventuresetcocotiers.fr\/index.php\/tips-creation-de-voyage\/\" \/>\n<meta property=\"article:modified_time\" content=\"2020-11-12T14:50:37+00:00\" \/>\n<meta name=\"twitter:card\" content=\"summary\" \/>\n<meta name=\"twitter:label1\" content=\"\u00c9crit par\">\n\t<meta name=\"twitter:data1\" content=\"admin2603\">\n\t<meta name=\"twitter:label2\" content=\"Dur\u00e9e de lecture est.\">\n\t<meta name=\"twitter:data2\" content=\"5 minutes\">\n<script type=\"application\/ld+json\" class=\"yoast-schema-graph\">{\"@context\":\"https:\/\/schema.org\",\"@graph\":[{\"@type\":\"WebSite\",\"@id\":\"https:\/\/aventuresetcocotiers.fr\/#website\",\"url\":\"https:\/\/aventuresetcocotiers.fr\/\",\"name\":\"\",\"description\":\"\",\"potentialAction\":[{\"@type\":\"SearchAction\",\"target\":\"https:\/\/aventuresetcocotiers.fr\/?s={search_term_string}\",\"query-input\":\"required name=search_term_string\"}],\"inLanguage\":\"fr-FR\"},{\"@type\":\"WebPage\",\"@id\":\"https:\/\/aventuresetcocotiers.fr\/index.php\/tips-creation-de-voyage\/#webpage\",\"url\":\"https:\/\/aventuresetcocotiers.fr\/index.php\/tips-creation-de-voyage\/\",\"name\":\"Cr\\u00e9er son voyage |\",\"isPartOf\":{\"@id\":\"https:\/\/aventuresetcocotiers.fr\/#website\"},\"datePublished\":\"2017-02-20T17:20:10+00:00\",\"dateModified\":\"2020-11-12T14:50:37+00:00\",\"breadcrumb\":{\"@id\":\"https:\/\/aventuresetcocotiers.fr\/index.php\/tips-creation-de-voyage\/#breadcrumb\"},\"inLanguage\":\"fr-FR\",\"potentialAction\":[{\"@type\":\"ReadAction\",\"target\":[\"https:\/\/aventuresetcocotiers.fr\/index.php\/tips-creation-de-voyage\/\"]}]},{\"@type\":\"BreadcrumbList\",\"@id\":\"https:\/\/aventuresetcocotiers.fr\/index.php\/tips-creation-de-voyage\/#breadcrumb\",\"itemListElement\":[{\"@type\":\"ListItem\",\"position\":1,\"item\":{\"@type\":\"WebPage\",\"@id\":\"http:\/\/aventuresetcocotiers.fr\/\",\"url\":\"http:\/\/aventuresetcocotiers.fr\/\",\"name\":\"Accueil\"}},{\"@type\":\"ListItem\",\"position\":2,\"item\":{\"@type\":\"WebPage\",\"@id\":\"https:\/\/aventuresetcocotiers.fr\/index.php\/tips-creation-de-voyage\/\",\"url\":\"https:\/\/aventuresetcocotiers.fr\/index.php\/tips-creation-de-voyage\/\",\"name\":\"Cr\\u00e9er son voyage\"}}]}]}<\/script>\n<!-- \/ Yoast SEO plugin. -->","_links":{"self":[{"href":"https:\/\/aventuresetcocotiers.fr\/index.php\/wp-json\/wp\/v2\/pages\/715"}],"collection":[{"href":"https:\/\/aventuresetcocotiers.fr\/index.php\/wp-json\/wp\/v2\/pages"}],"about":[{"href":"https:\/\/aventuresetcocotiers.fr\/index.php\/wp-json\/wp\/v2\/types\/page"}],"author":[{"embeddable":true,"href":"https:\/\/aventuresetcocotiers.fr\/index.php\/wp-json\/wp\/v2\/users\/1"}],"replies":[{"embeddable":true,"href":"https:\/\/aventuresetcocotiers.fr\/index.php\/wp-json\/wp\/v2\/comments?post=715"}],"version-history":[{"count":24,"href":"https:\/\/aventuresetcocotiers.fr\/index.php\/wp-json\/wp\/v2\/pages\/715\/revisions"}],"predecessor-version":[{"id":2613,"href":"https:\/\/aventuresetcocotiers.fr\/index.php\/wp-json\/wp\/v2\/pages\/715\/revisions\/2613"}],"wp:attachment":[{"href":"https:\/\/aventuresetcocotiers.fr\/index.php\/wp-json\/wp\/v2\/media?parent=715"}],"curies":[{"name":"wp","href":"https:\/\/api.w.org\/{rel}","templated":true}]}}